{"id":40062,"date":"2026-03-04T21:44:50","date_gmt":"2026-03-04T21:44:50","guid":{"rendered":"https:\/\/collectin.eu\/?post_type=product&#038;p=40062"},"modified":"2026-04-08T10:22:18","modified_gmt":"2026-04-08T10:22:18","slug":"lego-71413-super-mario-series-6","status":"publish","type":"product","link":"https:\/\/collectin.eu\/en\/product\/lego-71413-super-mario-series-6\/","title":{"rendered":"LEGO\u00ae 71413 Super Mario, Series 6"},"content":{"rendered":"<p>\u201eLEGO Super Mario\u201c \u017eaidimo rinkiniai perkelia \u201eSuper Mario\u2122\u201c persona\u017eus \u012f real\u0173 pasaul\u012f. Pradiniai ir papildomi rinkiniai suteikia konstruotojams galimyb\u0119 pl\u0117sti, perkonstruoti ir kurti vis naujus lygius.<\/p>\n<ul>\n<li>Kolekciniai \u201eLEGO\u00ae Super Mario\u2122\u201c persona\u017eai. I\u0161pl\u0117skite vaik\u0173 interaktyvaus \u017eaidimo galimybes su Persona\u017e\u0173 rinkiniu\u00a0\u2013 6 serija (71413). Kiekvienoje pakuot\u0117je yra paslaptingas konstruojamas persona\u017eas su veiksmo \u017eyma<\/li>\n<li>8\u00a0persona\u017eai, kuriuos galima surinkti, sukonstruoti ir su jais \u017eaisti. Birdo, \u017ealias Toad, Ice Bro, Bramball, 2\u00a0kat\u0117s Goomba vienoje pakuot\u0117je, Bluperis (su 3\u00a0ma\u017eyliais Bluperiais), Sumo Bro ir Spike<\/li>\n<li>Pradinio rinkinio papildymas. Interaktyviam \u017eaidimui reikalingas vienas i\u0161 pradini\u0173 rinkini\u0173 su LEGO\u00ae Mario\u2122 (71360), LEGO\u00ae Luigi\u2122 (71387) arba LEGO\u00ae Persikut\u0117s\u2122 (71403) fig\u016br\u0117le<\/li>\n<li>Kiekvienoje pakuot\u0117je smulk\u0173 modelis. Vaikai gali naudoti model\u012f kaip eksponavimo stov\u0105 arba juo papildyti sukurtus lygius. Pamatykite, kaip LEGO\u00ae Mario\u2122, LEGO\u00ae Luigi\u2122 arba LEGO\u00ae Persikut\u0117\u2122 reaguoja \u012f persona\u017eus<\/li>\n<\/ul>","protected":false},"excerpt":{"rendered":"<p>\u201eLEGO Super Mario\u201c \u017eaidimo rinkiniai perkelia \u201eSuper Mario\u2122\u201c persona\u017eus \u012f real\u0173 pasaul\u012f. Pradiniai ir papildomi rinkiniai suteikia konstruotojams galimyb\u0119 pl\u0117sti,<\/p>","protected":false},"featured_media":40063,"comment_status":"open","ping_status":"closed","template":"","meta":[],"product_brand":[423],"product_cat":[677,406,665],"product_tag":[],"class_list":{"0":"post-40062","1":"product","2":"type-product","3":"status-publish","4":"has-post-thumbnail","6":"product_brand-lego","7":"product_cat-lego-konstruktoriai","8":"product_cat-lego","9":"product_cat-lego-minifigures","11":"first","12":"instock","13":"taxable","14":"shipping-taxable","15":"purchasable","16":"product-type-simple"},"yoast_head":"<!-- This site is optimized with the Yoast SEO plugin v25.9 - https:\/\/yoast.com\/wordpress\/plugins\/seo\/ -->\n<title>LEGO\u00ae 71413 Super Mario, Series 6 - Collectin.eu<\/title>\n<meta name=\"description\" content=\"Padovanokite vaikams nauj\u0173 \u017eaidimo galimybi\u0173 su kolekciniu \u017eaislu\u00a0\u2013 \u201eLEGO\u00ae Super Mario\u2122\u201c Persona\u017e\u0173 pakuo\u010di\u0173 6\u00a0serija (71413).\" \/>\n<meta name=\"robots\" content=\"index, follow, max-snippet:-1, max-image-preview:large, max-video-preview:-1\" \/>\n<link rel=\"canonical\" href=\"https:\/\/collectin.eu\/en\/product\/lego-71413-super-mario-series-6\/\" \/>\n<meta property=\"og:locale\" content=\"en_US\" \/>\n<meta property=\"og:type\" content=\"article\" \/>\n<meta property=\"og:title\" content=\"LEGO\u00ae 71413 Super Mario, Series 6 - Collectin.eu\" \/>\n<meta property=\"og:description\" content=\"Padovanokite vaikams nauj\u0173 \u017eaidimo galimybi\u0173 su kolekciniu \u017eaislu\u00a0\u2013 \u201eLEGO\u00ae Super Mario\u2122\u201c Persona\u017e\u0173 pakuo\u010di\u0173 6\u00a0serija (71413).\" \/>\n<meta property=\"og:url\" content=\"https:\/\/collectin.eu\/en\/product\/lego-71413-super-mario-series-6\/\" \/>\n<meta property=\"og:site_name\" content=\"Collectin.eu\" \/>\n<meta property=\"article:modified_time\" content=\"2026-04-08T10:22:18+00:00\" \/>\n<meta property=\"og:image\" content=\"http:\/\/collectin.eu\/wp-content\/uploads\/2026\/03\/Untitled-design-2026-03-04T234202.451.png\" \/>\n\t<meta property=\"og:image:width\" content=\"1080\" \/>\n\t<meta property=\"og:image:height\" content=\"1080\" \/>\n\t<meta property=\"og:image:type\" content=\"image\/png\" \/>\n<meta name=\"twitter:card\" content=\"summary_large_image\" \/>\n<meta name=\"twitter:label1\" content=\"Est. reading time\" \/>\n\t<meta name=\"twitter:data1\" content=\"1 minute\" \/>\n<script type=\"application\/ld+json\" class=\"yoast-schema-graph\">{\"@context\":\"https:\/\/schema.org\",\"@graph\":[{\"@type\":\"WebPage\",\"@id\":\"https:\/\/collectin.eu\/produktas\/lego-71413-super-mario-series-6\/\",\"url\":\"https:\/\/collectin.eu\/produktas\/lego-71413-super-mario-series-6\/\",\"name\":\"LEGO\u00ae 71413 Super Mario, Series 6 - Collectin.eu\",\"isPartOf\":{\"@id\":\"https:\/\/collectin.eu\/#website\"},\"primaryImageOfPage\":{\"@id\":\"https:\/\/collectin.eu\/produktas\/lego-71413-super-mario-series-6\/#primaryimage\"},\"image\":{\"@id\":\"https:\/\/collectin.eu\/produktas\/lego-71413-super-mario-series-6\/#primaryimage\"},\"thumbnailUrl\":\"https:\/\/collectin.eu\/wp-content\/uploads\/2026\/03\/Untitled-design-2026-03-04T234202.451.png\",\"datePublished\":\"2026-03-04T21:44:50+00:00\",\"dateModified\":\"2026-04-08T10:22:18+00:00\",\"description\":\"Padovanokite vaikams nauj\u0173 \u017eaidimo galimybi\u0173 su kolekciniu \u017eaislu\u00a0\u2013 \u201eLEGO\u00ae Super Mario\u2122\u201c Persona\u017e\u0173 pakuo\u010di\u0173 6\u00a0serija (71413).\",\"breadcrumb\":{\"@id\":\"https:\/\/collectin.eu\/produktas\/lego-71413-super-mario-series-6\/#breadcrumb\"},\"inLanguage\":\"en-US\",\"potentialAction\":[{\"@type\":\"ReadAction\",\"target\":[\"https:\/\/collectin.eu\/produktas\/lego-71413-super-mario-series-6\/\"]}]},{\"@type\":\"ImageObject\",\"inLanguage\":\"en-US\",\"@id\":\"https:\/\/collectin.eu\/produktas\/lego-71413-super-mario-series-6\/#primaryimage\",\"url\":\"https:\/\/collectin.eu\/wp-content\/uploads\/2026\/03\/Untitled-design-2026-03-04T234202.451.png\",\"contentUrl\":\"https:\/\/collectin.eu\/wp-content\/uploads\/2026\/03\/Untitled-design-2026-03-04T234202.451.png\",\"width\":1080,\"height\":1080},{\"@type\":\"BreadcrumbList\",\"@id\":\"https:\/\/collectin.eu\/produktas\/lego-71413-super-mario-series-6\/#breadcrumb\",\"itemListElement\":[{\"@type\":\"ListItem\",\"position\":1,\"name\":\"Home\",\"item\":\"https:\/\/collectin.eu\/\"},{\"@type\":\"ListItem\",\"position\":2,\"name\":\"Parduotuv\u0117\",\"item\":\"https:\/\/collectin.eu\/parduotuve\/\"},{\"@type\":\"ListItem\",\"position\":3,\"name\":\"LEGO\u00ae 71413 Super Mario, Series 6\"}]},{\"@type\":\"WebSite\",\"@id\":\"https:\/\/collectin.eu\/#website\",\"url\":\"https:\/\/collectin.eu\/\",\"name\":\"Collectin.eu\",\"description\":\"\",\"potentialAction\":[{\"@type\":\"SearchAction\",\"target\":{\"@type\":\"EntryPoint\",\"urlTemplate\":\"https:\/\/collectin.eu\/?s={search_term_string}\"},\"query-input\":{\"@type\":\"PropertyValueSpecification\",\"valueRequired\":true,\"valueName\":\"search_term_string\"}}],\"inLanguage\":\"en-US\"}]}<\/script>\n<!-- \/ Yoast SEO plugin. -->","yoast_head_json":{"title":"LEGO\u00ae 71413 Super Mario, Series 6 - Collectin.eu","description":"Padovanokite vaikams nauj\u0173 \u017eaidimo galimybi\u0173 su kolekciniu \u017eaislu\u00a0\u2013 \u201eLEGO\u00ae Super Mario\u2122\u201c Persona\u017e\u0173 pakuo\u010di\u0173 6\u00a0serija (71413).","robots":{"index":"index","follow":"follow","max-snippet":"max-snippet:-1","max-image-preview":"max-image-preview:large","max-video-preview":"max-video-preview:-1"},"canonical":"https:\/\/collectin.eu\/en\/product\/lego-71413-super-mario-series-6\/","og_locale":"en_US","og_type":"article","og_title":"LEGO\u00ae 71413 Super Mario, Series 6 - Collectin.eu","og_description":"Padovanokite vaikams nauj\u0173 \u017eaidimo galimybi\u0173 su kolekciniu \u017eaislu\u00a0\u2013 \u201eLEGO\u00ae Super Mario\u2122\u201c Persona\u017e\u0173 pakuo\u010di\u0173 6\u00a0serija (71413).","og_url":"https:\/\/collectin.eu\/en\/product\/lego-71413-super-mario-series-6\/","og_site_name":"Collectin.eu","article_modified_time":"2026-04-08T10:22:18+00:00","og_image":[{"width":1080,"height":1080,"url":"http:\/\/collectin.eu\/wp-content\/uploads\/2026\/03\/Untitled-design-2026-03-04T234202.451.png","type":"image\/png"}],"twitter_card":"summary_large_image","twitter_misc":{"Est. reading time":"1 minute"},"schema":{"@context":"https:\/\/schema.org","@graph":[{"@type":"WebPage","@id":"https:\/\/collectin.eu\/produktas\/lego-71413-super-mario-series-6\/","url":"https:\/\/collectin.eu\/produktas\/lego-71413-super-mario-series-6\/","name":"LEGO\u00ae 71413 Super Mario, Series 6 - Collectin.eu","isPartOf":{"@id":"https:\/\/collectin.eu\/#website"},"primaryImageOfPage":{"@id":"https:\/\/collectin.eu\/produktas\/lego-71413-super-mario-series-6\/#primaryimage"},"image":{"@id":"https:\/\/collectin.eu\/produktas\/lego-71413-super-mario-series-6\/#primaryimage"},"thumbnailUrl":"https:\/\/collectin.eu\/wp-content\/uploads\/2026\/03\/Untitled-design-2026-03-04T234202.451.png","datePublished":"2026-03-04T21:44:50+00:00","dateModified":"2026-04-08T10:22:18+00:00","description":"Padovanokite vaikams nauj\u0173 \u017eaidimo galimybi\u0173 su kolekciniu \u017eaislu\u00a0\u2013 \u201eLEGO\u00ae Super Mario\u2122\u201c Persona\u017e\u0173 pakuo\u010di\u0173 6\u00a0serija (71413).","breadcrumb":{"@id":"https:\/\/collectin.eu\/produktas\/lego-71413-super-mario-series-6\/#breadcrumb"},"inLanguage":"en-US","potentialAction":[{"@type":"ReadAction","target":["https:\/\/collectin.eu\/produktas\/lego-71413-super-mario-series-6\/"]}]},{"@type":"ImageObject","inLanguage":"en-US","@id":"https:\/\/collectin.eu\/produktas\/lego-71413-super-mario-series-6\/#primaryimage","url":"https:\/\/collectin.eu\/wp-content\/uploads\/2026\/03\/Untitled-design-2026-03-04T234202.451.png","contentUrl":"https:\/\/collectin.eu\/wp-content\/uploads\/2026\/03\/Untitled-design-2026-03-04T234202.451.png","width":1080,"height":1080},{"@type":"BreadcrumbList","@id":"https:\/\/collectin.eu\/produktas\/lego-71413-super-mario-series-6\/#breadcrumb","itemListElement":[{"@type":"ListItem","position":1,"name":"Home","item":"https:\/\/collectin.eu\/"},{"@type":"ListItem","position":2,"name":"Parduotuv\u0117","item":"https:\/\/collectin.eu\/parduotuve\/"},{"@type":"ListItem","position":3,"name":"LEGO\u00ae 71413 Super Mario, Series 6"}]},{"@type":"WebSite","@id":"https:\/\/collectin.eu\/#website","url":"https:\/\/collectin.eu\/","name":"Collectin.eu","description":"","potentialAction":[{"@type":"SearchAction","target":{"@type":"EntryPoint","urlTemplate":"https:\/\/collectin.eu\/?s={search_term_string}"},"query-input":{"@type":"PropertyValueSpecification","valueRequired":true,"valueName":"search_term_string"}}],"inLanguage":"en-US"}]}},"jetpack_sharing_enabled":true,"_links":{"self":[{"href":"https:\/\/collectin.eu\/en\/wp-json\/wp\/v2\/product\/40062","targetHints":{"allow":["GET"]}}],"collection":[{"href":"https:\/\/collectin.eu\/en\/wp-json\/wp\/v2\/product"}],"about":[{"href":"https:\/\/collectin.eu\/en\/wp-json\/wp\/v2\/types\/product"}],"replies":[{"embeddable":true,"href":"https:\/\/collectin.eu\/en\/wp-json\/wp\/v2\/comments?post=40062"}],"version-history":[{"count":2,"href":"https:\/\/collectin.eu\/en\/wp-json\/wp\/v2\/product\/40062\/revisions"}],"predecessor-version":[{"id":40456,"href":"https:\/\/collectin.eu\/en\/wp-json\/wp\/v2\/product\/40062\/revisions\/40456"}],"wp:featuredmedia":[{"embeddable":true,"href":"https:\/\/collectin.eu\/en\/wp-json\/wp\/v2\/media\/40063"}],"wp:attachment":[{"href":"https:\/\/collectin.eu\/en\/wp-json\/wp\/v2\/media?parent=40062"}],"wp:term":[{"taxonomy":"product_brand","embeddable":true,"href":"https:\/\/collectin.eu\/en\/wp-json\/wp\/v2\/product_brand?post=40062"},{"taxonomy":"product_cat","embeddable":true,"href":"https:\/\/collectin.eu\/en\/wp-json\/wp\/v2\/product_cat?post=40062"},{"taxonomy":"product_tag","embeddable":true,"href":"https:\/\/collectin.eu\/en\/wp-json\/wp\/v2\/product_tag?post=40062"}],"curies":[{"name":"wp","href":"https:\/\/api.w.org\/{rel}","templated":true}]}}