{"id":40066,"date":"2026-03-04T21:48:52","date_gmt":"2026-03-04T21:48:52","guid":{"rendered":"https:\/\/collectin.eu\/?post_type=product&#038;p=40066"},"modified":"2026-04-08T10:22:18","modified_gmt":"2026-04-08T10:22:18","slug":"lego-71038-minifigure-disney-100","status":"publish","type":"product","link":"https:\/\/collectin.eu\/en\/product\/lego-71038-minifigure-disney-100\/","title":{"rendered":"LEGO\u00ae 71038 Minifigure, Disney 100"},"content":{"rendered":"<p>Visi 18 LEGO minifig\u016br\u0117li\u0173 \u201eDisney\u201c persona\u017e\u0173 supakuoti paslaptinguose u\u017eklijuotuose mai\u0161eliuose kartu su pridedamu bent 1 \u0161auniu priedu ir informaciniu kolekcininko lapeliu. Tai puiki dovana, \u012fkv\u0117psianti vaik\u0173 vaizduot\u0119 ir suteiksianti daugyb\u0119 smagi\u0173 \u017eaidimo akimirk\u0173.<\/p>\n<ul>\n<li>Netik\u0117ti persona\u017eai. Vaikai gali m\u0117gautis magi\u0161ku \u201eDisney\u201c pasauliu su \u0161iais LEGO\u00ae minifig\u016br\u0117li\u0173 \u201eDisney 100\u201c (71038) persona\u017eais. Kiekvienoje nepermatomoje pakuot\u0117je yra netik\u0117tas persona\u017eas<\/li>\n<li>Kolekcin\u0117 pramoga pakuot\u0117je. LEGO\u00ae gerb\u0117jai gali pasinerti \u012f nostalgij\u0105 ir papildyti savo kolekcij\u0105 1 i\u0161 18 \u201eDisney\u201c persona\u017e\u0173, kur\u012f ras kiekvienoje pakuot\u0117je kartu su 1 ar daugiau pried\u0173 ir kolekcininko lapeliu<\/li>\n<li>I\u0161radingas \u017eaidimas. Su \u0161iomis minifig\u016br\u0117l\u0117mis vaikai nuo 5 met\u0173 atkurs \u017eymias \u201eDisney\u201c film\u0173 scenas ar kurs savo istorijas<\/li>\n<li>Smagi dovana. \u0160ios ilgaam\u017e\u0117s \u201eLEGO\u00ae | Disney\u201c minifig\u016br\u0117l\u0117s \u2013 puiki dovana vaikams ar suaugusiesiems gimtadienio arba \u0161ven\u010di\u0173 proga ar netik\u0117ta staigmena, prapl\u0117sianti j\u0173 kolekcij\u0105<\/li>\n<\/ul>","protected":false},"excerpt":{"rendered":"<p>Visi 18 LEGO minifig\u016br\u0117li\u0173 \u201eDisney\u201c persona\u017e\u0173 supakuoti paslaptinguose u\u017eklijuotuose mai\u0161eliuose kartu su pridedamu bent 1 \u0161auniu priedu ir informaciniu kolekcininko<\/p>","protected":false},"featured_media":40067,"comment_status":"open","ping_status":"closed","template":"","meta":[],"product_brand":[423],"product_cat":[677,406,665],"product_tag":[],"class_list":{"0":"post-40066","1":"product","2":"type-product","3":"status-publish","4":"has-post-thumbnail","6":"product_brand-lego","7":"product_cat-lego-konstruktoriai","8":"product_cat-lego","9":"product_cat-lego-minifigures","11":"first","12":"instock","13":"taxable","14":"shipping-taxable","15":"purchasable","16":"product-type-simple"},"yoast_head":"<!-- This site is optimized with the Yoast SEO plugin v25.9 - https:\/\/yoast.com\/wordpress\/plugins\/seo\/ -->\n<title>LEGO\u00ae 71038 Minifigure, Disney 100 - Collectin.eu<\/title>\n<meta name=\"description\" content=\"\u201eDisney\u201c gerb\u0117jai apsid\u017eiaugs gal\u0117dami atsiduoti nostalgijai ir surinkti \u0161\u012f fantasti\u0161k\u0105 legendini\u0173 film\u0173 persona\u017e\u0173 rinkin\u012f.\" \/>\n<meta name=\"robots\" content=\"index, follow, max-snippet:-1, max-image-preview:large, max-video-preview:-1\" \/>\n<link rel=\"canonical\" href=\"https:\/\/collectin.eu\/en\/product\/lego-71038-minifigure-disney-100\/\" \/>\n<meta property=\"og:locale\" content=\"en_US\" \/>\n<meta property=\"og:type\" content=\"article\" \/>\n<meta property=\"og:title\" content=\"LEGO\u00ae 71038 Minifigure, Disney 100 - Collectin.eu\" \/>\n<meta property=\"og:description\" content=\"\u201eDisney\u201c gerb\u0117jai apsid\u017eiaugs gal\u0117dami atsiduoti nostalgijai ir surinkti \u0161\u012f fantasti\u0161k\u0105 legendini\u0173 film\u0173 persona\u017e\u0173 rinkin\u012f.\" \/>\n<meta property=\"og:url\" content=\"https:\/\/collectin.eu\/en\/product\/lego-71038-minifigure-disney-100\/\" \/>\n<meta property=\"og:site_name\" content=\"Collectin.eu\" \/>\n<meta property=\"article:modified_time\" content=\"2026-04-08T10:22:18+00:00\" \/>\n<meta property=\"og:image\" content=\"http:\/\/collectin.eu\/wp-content\/uploads\/2026\/03\/Untitled-design-2026-03-04T234617.171.png\" \/>\n\t<meta property=\"og:image:width\" content=\"1080\" \/>\n\t<meta property=\"og:image:height\" content=\"1080\" \/>\n\t<meta property=\"og:image:type\" content=\"image\/png\" \/>\n<meta name=\"twitter:card\" content=\"summary_large_image\" \/>\n<meta name=\"twitter:label1\" content=\"Est. reading time\" \/>\n\t<meta name=\"twitter:data1\" content=\"1 minute\" \/>\n<script type=\"application\/ld+json\" class=\"yoast-schema-graph\">{\"@context\":\"https:\/\/schema.org\",\"@graph\":[{\"@type\":\"WebPage\",\"@id\":\"https:\/\/collectin.eu\/produktas\/lego-71038-minifigure-disney-100\/\",\"url\":\"https:\/\/collectin.eu\/produktas\/lego-71038-minifigure-disney-100\/\",\"name\":\"LEGO\u00ae 71038 Minifigure, Disney 100 - Collectin.eu\",\"isPartOf\":{\"@id\":\"https:\/\/collectin.eu\/#website\"},\"primaryImageOfPage\":{\"@id\":\"https:\/\/collectin.eu\/produktas\/lego-71038-minifigure-disney-100\/#primaryimage\"},\"image\":{\"@id\":\"https:\/\/collectin.eu\/produktas\/lego-71038-minifigure-disney-100\/#primaryimage\"},\"thumbnailUrl\":\"https:\/\/collectin.eu\/wp-content\/uploads\/2026\/03\/Untitled-design-2026-03-04T234617.171.png\",\"datePublished\":\"2026-03-04T21:48:52+00:00\",\"dateModified\":\"2026-04-08T10:22:18+00:00\",\"description\":\"\u201eDisney\u201c gerb\u0117jai apsid\u017eiaugs gal\u0117dami atsiduoti nostalgijai ir surinkti \u0161\u012f fantasti\u0161k\u0105 legendini\u0173 film\u0173 persona\u017e\u0173 rinkin\u012f.\",\"breadcrumb\":{\"@id\":\"https:\/\/collectin.eu\/produktas\/lego-71038-minifigure-disney-100\/#breadcrumb\"},\"inLanguage\":\"en-US\",\"potentialAction\":[{\"@type\":\"ReadAction\",\"target\":[\"https:\/\/collectin.eu\/produktas\/lego-71038-minifigure-disney-100\/\"]}]},{\"@type\":\"ImageObject\",\"inLanguage\":\"en-US\",\"@id\":\"https:\/\/collectin.eu\/produktas\/lego-71038-minifigure-disney-100\/#primaryimage\",\"url\":\"https:\/\/collectin.eu\/wp-content\/uploads\/2026\/03\/Untitled-design-2026-03-04T234617.171.png\",\"contentUrl\":\"https:\/\/collectin.eu\/wp-content\/uploads\/2026\/03\/Untitled-design-2026-03-04T234617.171.png\",\"width\":1080,\"height\":1080},{\"@type\":\"BreadcrumbList\",\"@id\":\"https:\/\/collectin.eu\/produktas\/lego-71038-minifigure-disney-100\/#breadcrumb\",\"itemListElement\":[{\"@type\":\"ListItem\",\"position\":1,\"name\":\"Home\",\"item\":\"https:\/\/collectin.eu\/\"},{\"@type\":\"ListItem\",\"position\":2,\"name\":\"Parduotuv\u0117\",\"item\":\"https:\/\/collectin.eu\/parduotuve\/\"},{\"@type\":\"ListItem\",\"position\":3,\"name\":\"LEGO\u00ae 71038 Minifigure, Disney 100\"}]},{\"@type\":\"WebSite\",\"@id\":\"https:\/\/collectin.eu\/#website\",\"url\":\"https:\/\/collectin.eu\/\",\"name\":\"Collectin.eu\",\"description\":\"\",\"potentialAction\":[{\"@type\":\"SearchAction\",\"target\":{\"@type\":\"EntryPoint\",\"urlTemplate\":\"https:\/\/collectin.eu\/?s={search_term_string}\"},\"query-input\":{\"@type\":\"PropertyValueSpecification\",\"valueRequired\":true,\"valueName\":\"search_term_string\"}}],\"inLanguage\":\"en-US\"}]}<\/script>\n<!-- \/ Yoast SEO plugin. -->","yoast_head_json":{"title":"LEGO\u00ae 71038 Minifigure, Disney 100 - Collectin.eu","description":"\u201eDisney\u201c gerb\u0117jai apsid\u017eiaugs gal\u0117dami atsiduoti nostalgijai ir surinkti \u0161\u012f fantasti\u0161k\u0105 legendini\u0173 film\u0173 persona\u017e\u0173 rinkin\u012f.","robots":{"index":"index","follow":"follow","max-snippet":"max-snippet:-1","max-image-preview":"max-image-preview:large","max-video-preview":"max-video-preview:-1"},"canonical":"https:\/\/collectin.eu\/en\/product\/lego-71038-minifigure-disney-100\/","og_locale":"en_US","og_type":"article","og_title":"LEGO\u00ae 71038 Minifigure, Disney 100 - Collectin.eu","og_description":"\u201eDisney\u201c gerb\u0117jai apsid\u017eiaugs gal\u0117dami atsiduoti nostalgijai ir surinkti \u0161\u012f fantasti\u0161k\u0105 legendini\u0173 film\u0173 persona\u017e\u0173 rinkin\u012f.","og_url":"https:\/\/collectin.eu\/en\/product\/lego-71038-minifigure-disney-100\/","og_site_name":"Collectin.eu","article_modified_time":"2026-04-08T10:22:18+00:00","og_image":[{"width":1080,"height":1080,"url":"http:\/\/collectin.eu\/wp-content\/uploads\/2026\/03\/Untitled-design-2026-03-04T234617.171.png","type":"image\/png"}],"twitter_card":"summary_large_image","twitter_misc":{"Est. reading time":"1 minute"},"schema":{"@context":"https:\/\/schema.org","@graph":[{"@type":"WebPage","@id":"https:\/\/collectin.eu\/produktas\/lego-71038-minifigure-disney-100\/","url":"https:\/\/collectin.eu\/produktas\/lego-71038-minifigure-disney-100\/","name":"LEGO\u00ae 71038 Minifigure, Disney 100 - Collectin.eu","isPartOf":{"@id":"https:\/\/collectin.eu\/#website"},"primaryImageOfPage":{"@id":"https:\/\/collectin.eu\/produktas\/lego-71038-minifigure-disney-100\/#primaryimage"},"image":{"@id":"https:\/\/collectin.eu\/produktas\/lego-71038-minifigure-disney-100\/#primaryimage"},"thumbnailUrl":"https:\/\/collectin.eu\/wp-content\/uploads\/2026\/03\/Untitled-design-2026-03-04T234617.171.png","datePublished":"2026-03-04T21:48:52+00:00","dateModified":"2026-04-08T10:22:18+00:00","description":"\u201eDisney\u201c gerb\u0117jai apsid\u017eiaugs gal\u0117dami atsiduoti nostalgijai ir surinkti \u0161\u012f fantasti\u0161k\u0105 legendini\u0173 film\u0173 persona\u017e\u0173 rinkin\u012f.","breadcrumb":{"@id":"https:\/\/collectin.eu\/produktas\/lego-71038-minifigure-disney-100\/#breadcrumb"},"inLanguage":"en-US","potentialAction":[{"@type":"ReadAction","target":["https:\/\/collectin.eu\/produktas\/lego-71038-minifigure-disney-100\/"]}]},{"@type":"ImageObject","inLanguage":"en-US","@id":"https:\/\/collectin.eu\/produktas\/lego-71038-minifigure-disney-100\/#primaryimage","url":"https:\/\/collectin.eu\/wp-content\/uploads\/2026\/03\/Untitled-design-2026-03-04T234617.171.png","contentUrl":"https:\/\/collectin.eu\/wp-content\/uploads\/2026\/03\/Untitled-design-2026-03-04T234617.171.png","width":1080,"height":1080},{"@type":"BreadcrumbList","@id":"https:\/\/collectin.eu\/produktas\/lego-71038-minifigure-disney-100\/#breadcrumb","itemListElement":[{"@type":"ListItem","position":1,"name":"Home","item":"https:\/\/collectin.eu\/"},{"@type":"ListItem","position":2,"name":"Parduotuv\u0117","item":"https:\/\/collectin.eu\/parduotuve\/"},{"@type":"ListItem","position":3,"name":"LEGO\u00ae 71038 Minifigure, Disney 100"}]},{"@type":"WebSite","@id":"https:\/\/collectin.eu\/#website","url":"https:\/\/collectin.eu\/","name":"Collectin.eu","description":"","potentialAction":[{"@type":"SearchAction","target":{"@type":"EntryPoint","urlTemplate":"https:\/\/collectin.eu\/?s={search_term_string}"},"query-input":{"@type":"PropertyValueSpecification","valueRequired":true,"valueName":"search_term_string"}}],"inLanguage":"en-US"}]}},"jetpack_sharing_enabled":true,"_links":{"self":[{"href":"https:\/\/collectin.eu\/en\/wp-json\/wp\/v2\/product\/40066","targetHints":{"allow":["GET"]}}],"collection":[{"href":"https:\/\/collectin.eu\/en\/wp-json\/wp\/v2\/product"}],"about":[{"href":"https:\/\/collectin.eu\/en\/wp-json\/wp\/v2\/types\/product"}],"replies":[{"embeddable":true,"href":"https:\/\/collectin.eu\/en\/wp-json\/wp\/v2\/comments?post=40066"}],"version-history":[{"count":2,"href":"https:\/\/collectin.eu\/en\/wp-json\/wp\/v2\/product\/40066\/revisions"}],"predecessor-version":[{"id":40457,"href":"https:\/\/collectin.eu\/en\/wp-json\/wp\/v2\/product\/40066\/revisions\/40457"}],"wp:featuredmedia":[{"embeddable":true,"href":"https:\/\/collectin.eu\/en\/wp-json\/wp\/v2\/media\/40067"}],"wp:attachment":[{"href":"https:\/\/collectin.eu\/en\/wp-json\/wp\/v2\/media?parent=40066"}],"wp:term":[{"taxonomy":"product_brand","embeddable":true,"href":"https:\/\/collectin.eu\/en\/wp-json\/wp\/v2\/product_brand?post=40066"},{"taxonomy":"product_cat","embeddable":true,"href":"https:\/\/collectin.eu\/en\/wp-json\/wp\/v2\/product_cat?post=40066"},{"taxonomy":"product_tag","embeddable":true,"href":"https:\/\/collectin.eu\/en\/wp-json\/wp\/v2\/product_tag?post=40066"}],"curies":[{"name":"wp","href":"https:\/\/api.w.org\/{rel}","templated":true}]}}