{"id":40078,"date":"2026-03-04T21:59:56","date_gmt":"2026-03-04T21:59:56","guid":{"rendered":"https:\/\/collectin.eu\/?post_type=product&#038;p=40078"},"modified":"2026-04-08T10:22:17","modified_gmt":"2026-04-08T10:22:17","slug":"lego-71037-minifigure-series-24","status":"publish","type":"product","link":"https:\/\/collectin.eu\/en\/product\/lego-71037-minifigure-series-24\/","title":{"rendered":"LEGO\u00ae 71037 Minifigure, Series 24"},"content":{"rendered":"<p>Puiki dovana LEGO gerb\u0117jams! Visos 12\u00a0LEGO minifig\u016br\u0117li\u0173 yra pasiruo\u0161usios veiksmo kupinoms istorijoms. Kiekviena minifig\u016br\u0117l\u0117 yra supakuota sandariame paslaptingame mai\u0161elyje, kuriame yra bent vienas priedas ir lankstinukas su informacija kolekcionieriui. Ma\u017ea, bet patvari dovana suteiks vaikams ne vien\u0105 d\u017eiaugsmo valand\u0105.<\/p>\n<ul>\n<li>Netik\u0117ti persona\u017eai. LEGO\u00ae minifig\u016br\u0117li\u0173 24\u00a0serijos (71037) persona\u017eai nukels vaikus \u012f nesibaigian\u010di\u0173 nuotyki\u0173 pasaul\u012f. Kiekviename paslaptingame mai\u0161elyje yra netik\u0117ta minifig\u016br\u0117l\u0117<\/li>\n<li>Kolekcin\u0117s minifig\u016br\u0117l\u0117s. LEGO\u00ae gerb\u0117jai gali papildyti savo kolekcij\u0105 1 i\u0161 12\u00a0persona\u017e\u0173 i\u0161 kiekvieno mai\u0161elio. Prie j\u0173 pridedama po vien\u0105 pried\u0105 ir kolekcionieriaus lapelis<\/li>\n<li>K\u016brybi\u0161kas \u017eaidimas. \u0160is minifig\u016br\u0117li\u0173 rinkinys skatina 5\u00a0met\u0173 ir vyresnius vaikus pasitelkti savo vaizduot\u0119 vaidinant veiksmo kupinas istorijas pavieniui arba kartu su draugais<\/li>\n<li>Dovana LEGO\u00ae gerb\u0117jams. \u0160ios i\u0161skirtin\u0117s riboto leidimo minifig\u016br\u0117l\u0117s yra patvari dovana atlygio nusipelniusiam vaikui<\/li>\n<\/ul>","protected":false},"excerpt":{"rendered":"<p>Puiki dovana LEGO gerb\u0117jams! Visos 12\u00a0LEGO minifig\u016br\u0117li\u0173 yra pasiruo\u0161usios veiksmo kupinoms istorijoms. Kiekviena minifig\u016br\u0117l\u0117 yra supakuota sandariame paslaptingame mai\u0161elyje, kuriame<\/p>","protected":false},"featured_media":40079,"comment_status":"open","ping_status":"closed","template":"","meta":[],"product_brand":[423],"product_cat":[677,406,665],"product_tag":[],"class_list":{"0":"post-40078","1":"product","2":"type-product","3":"status-publish","4":"has-post-thumbnail","6":"product_brand-lego","7":"product_cat-lego-konstruktoriai","8":"product_cat-lego","9":"product_cat-lego-minifigures","11":"first","12":"instock","13":"taxable","14":"shipping-taxable","15":"purchasable","16":"product-type-simple"},"yoast_head":"<!-- This site is optimized with the Yoast SEO plugin v25.9 - https:\/\/yoast.com\/wordpress\/plugins\/seo\/ -->\n<title>LEGO\u00ae 71037 Minifigure, Series 24 - Collectin.eu<\/title>\n<meta name=\"description\" content=\"5\u00a0met\u0173 ir vyresni vaikai su d\u017eiaugsmu kurs smagias scenas su LEGO\u00ae minifig\u016br\u0117li\u0173 24\u00a0serijos (71037) paslaptingais mai\u0161eliais. 2023\u00a0m.\" \/>\n<meta name=\"robots\" content=\"index, follow, max-snippet:-1, max-image-preview:large, max-video-preview:-1\" \/>\n<link rel=\"canonical\" href=\"https:\/\/collectin.eu\/en\/product\/lego-71037-minifigure-series-24\/\" \/>\n<meta property=\"og:locale\" content=\"en_US\" \/>\n<meta property=\"og:type\" content=\"article\" \/>\n<meta property=\"og:title\" content=\"LEGO\u00ae 71037 Minifigure, Series 24 - Collectin.eu\" \/>\n<meta property=\"og:description\" content=\"5\u00a0met\u0173 ir vyresni vaikai su d\u017eiaugsmu kurs smagias scenas su LEGO\u00ae minifig\u016br\u0117li\u0173 24\u00a0serijos (71037) paslaptingais mai\u0161eliais. 2023\u00a0m.\" \/>\n<meta property=\"og:url\" content=\"https:\/\/collectin.eu\/en\/product\/lego-71037-minifigure-series-24\/\" \/>\n<meta property=\"og:site_name\" content=\"Collectin.eu\" \/>\n<meta property=\"article:modified_time\" content=\"2026-04-08T10:22:17+00:00\" \/>\n<meta property=\"og:image\" content=\"http:\/\/collectin.eu\/wp-content\/uploads\/2026\/03\/Untitled-design-2026-03-04T235746.885.png\" \/>\n\t<meta property=\"og:image:width\" content=\"1080\" \/>\n\t<meta property=\"og:image:height\" content=\"1080\" \/>\n\t<meta property=\"og:image:type\" content=\"image\/png\" \/>\n<meta name=\"twitter:card\" content=\"summary_large_image\" \/>\n<meta name=\"twitter:label1\" content=\"Est. reading time\" \/>\n\t<meta name=\"twitter:data1\" content=\"1 minute\" \/>\n<script type=\"application\/ld+json\" class=\"yoast-schema-graph\">{\"@context\":\"https:\/\/schema.org\",\"@graph\":[{\"@type\":\"WebPage\",\"@id\":\"https:\/\/collectin.eu\/produktas\/lego-71037-minifigure-series-24\/\",\"url\":\"https:\/\/collectin.eu\/produktas\/lego-71037-minifigure-series-24\/\",\"name\":\"LEGO\u00ae 71037 Minifigure, Series 24 - Collectin.eu\",\"isPartOf\":{\"@id\":\"https:\/\/collectin.eu\/#website\"},\"primaryImageOfPage\":{\"@id\":\"https:\/\/collectin.eu\/produktas\/lego-71037-minifigure-series-24\/#primaryimage\"},\"image\":{\"@id\":\"https:\/\/collectin.eu\/produktas\/lego-71037-minifigure-series-24\/#primaryimage\"},\"thumbnailUrl\":\"https:\/\/collectin.eu\/wp-content\/uploads\/2026\/03\/Untitled-design-2026-03-04T235746.885.png\",\"datePublished\":\"2026-03-04T21:59:56+00:00\",\"dateModified\":\"2026-04-08T10:22:17+00:00\",\"description\":\"5\u00a0met\u0173 ir vyresni vaikai su d\u017eiaugsmu kurs smagias scenas su LEGO\u00ae minifig\u016br\u0117li\u0173 24\u00a0serijos (71037) paslaptingais mai\u0161eliais. 2023\u00a0m.\",\"breadcrumb\":{\"@id\":\"https:\/\/collectin.eu\/produktas\/lego-71037-minifigure-series-24\/#breadcrumb\"},\"inLanguage\":\"en-US\",\"potentialAction\":[{\"@type\":\"ReadAction\",\"target\":[\"https:\/\/collectin.eu\/produktas\/lego-71037-minifigure-series-24\/\"]}]},{\"@type\":\"ImageObject\",\"inLanguage\":\"en-US\",\"@id\":\"https:\/\/collectin.eu\/produktas\/lego-71037-minifigure-series-24\/#primaryimage\",\"url\":\"https:\/\/collectin.eu\/wp-content\/uploads\/2026\/03\/Untitled-design-2026-03-04T235746.885.png\",\"contentUrl\":\"https:\/\/collectin.eu\/wp-content\/uploads\/2026\/03\/Untitled-design-2026-03-04T235746.885.png\",\"width\":1080,\"height\":1080},{\"@type\":\"BreadcrumbList\",\"@id\":\"https:\/\/collectin.eu\/produktas\/lego-71037-minifigure-series-24\/#breadcrumb\",\"itemListElement\":[{\"@type\":\"ListItem\",\"position\":1,\"name\":\"Home\",\"item\":\"https:\/\/collectin.eu\/\"},{\"@type\":\"ListItem\",\"position\":2,\"name\":\"Parduotuv\u0117\",\"item\":\"https:\/\/collectin.eu\/parduotuve\/\"},{\"@type\":\"ListItem\",\"position\":3,\"name\":\"LEGO\u00ae 71037 Minifigure, Series 24\"}]},{\"@type\":\"WebSite\",\"@id\":\"https:\/\/collectin.eu\/#website\",\"url\":\"https:\/\/collectin.eu\/\",\"name\":\"Collectin.eu\",\"description\":\"\",\"potentialAction\":[{\"@type\":\"SearchAction\",\"target\":{\"@type\":\"EntryPoint\",\"urlTemplate\":\"https:\/\/collectin.eu\/?s={search_term_string}\"},\"query-input\":{\"@type\":\"PropertyValueSpecification\",\"valueRequired\":true,\"valueName\":\"search_term_string\"}}],\"inLanguage\":\"en-US\"}]}<\/script>\n<!-- \/ Yoast SEO plugin. -->","yoast_head_json":{"title":"LEGO\u00ae 71037 Minifigure, Series 24 - Collectin.eu","description":"5\u00a0met\u0173 ir vyresni vaikai su d\u017eiaugsmu kurs smagias scenas su LEGO\u00ae minifig\u016br\u0117li\u0173 24\u00a0serijos (71037) paslaptingais mai\u0161eliais. 2023\u00a0m.","robots":{"index":"index","follow":"follow","max-snippet":"max-snippet:-1","max-image-preview":"max-image-preview:large","max-video-preview":"max-video-preview:-1"},"canonical":"https:\/\/collectin.eu\/en\/product\/lego-71037-minifigure-series-24\/","og_locale":"en_US","og_type":"article","og_title":"LEGO\u00ae 71037 Minifigure, Series 24 - Collectin.eu","og_description":"5\u00a0met\u0173 ir vyresni vaikai su d\u017eiaugsmu kurs smagias scenas su LEGO\u00ae minifig\u016br\u0117li\u0173 24\u00a0serijos (71037) paslaptingais mai\u0161eliais. 2023\u00a0m.","og_url":"https:\/\/collectin.eu\/en\/product\/lego-71037-minifigure-series-24\/","og_site_name":"Collectin.eu","article_modified_time":"2026-04-08T10:22:17+00:00","og_image":[{"width":1080,"height":1080,"url":"http:\/\/collectin.eu\/wp-content\/uploads\/2026\/03\/Untitled-design-2026-03-04T235746.885.png","type":"image\/png"}],"twitter_card":"summary_large_image","twitter_misc":{"Est. reading time":"1 minute"},"schema":{"@context":"https:\/\/schema.org","@graph":[{"@type":"WebPage","@id":"https:\/\/collectin.eu\/produktas\/lego-71037-minifigure-series-24\/","url":"https:\/\/collectin.eu\/produktas\/lego-71037-minifigure-series-24\/","name":"LEGO\u00ae 71037 Minifigure, Series 24 - Collectin.eu","isPartOf":{"@id":"https:\/\/collectin.eu\/#website"},"primaryImageOfPage":{"@id":"https:\/\/collectin.eu\/produktas\/lego-71037-minifigure-series-24\/#primaryimage"},"image":{"@id":"https:\/\/collectin.eu\/produktas\/lego-71037-minifigure-series-24\/#primaryimage"},"thumbnailUrl":"https:\/\/collectin.eu\/wp-content\/uploads\/2026\/03\/Untitled-design-2026-03-04T235746.885.png","datePublished":"2026-03-04T21:59:56+00:00","dateModified":"2026-04-08T10:22:17+00:00","description":"5\u00a0met\u0173 ir vyresni vaikai su d\u017eiaugsmu kurs smagias scenas su LEGO\u00ae minifig\u016br\u0117li\u0173 24\u00a0serijos (71037) paslaptingais mai\u0161eliais. 2023\u00a0m.","breadcrumb":{"@id":"https:\/\/collectin.eu\/produktas\/lego-71037-minifigure-series-24\/#breadcrumb"},"inLanguage":"en-US","potentialAction":[{"@type":"ReadAction","target":["https:\/\/collectin.eu\/produktas\/lego-71037-minifigure-series-24\/"]}]},{"@type":"ImageObject","inLanguage":"en-US","@id":"https:\/\/collectin.eu\/produktas\/lego-71037-minifigure-series-24\/#primaryimage","url":"https:\/\/collectin.eu\/wp-content\/uploads\/2026\/03\/Untitled-design-2026-03-04T235746.885.png","contentUrl":"https:\/\/collectin.eu\/wp-content\/uploads\/2026\/03\/Untitled-design-2026-03-04T235746.885.png","width":1080,"height":1080},{"@type":"BreadcrumbList","@id":"https:\/\/collectin.eu\/produktas\/lego-71037-minifigure-series-24\/#breadcrumb","itemListElement":[{"@type":"ListItem","position":1,"name":"Home","item":"https:\/\/collectin.eu\/"},{"@type":"ListItem","position":2,"name":"Parduotuv\u0117","item":"https:\/\/collectin.eu\/parduotuve\/"},{"@type":"ListItem","position":3,"name":"LEGO\u00ae 71037 Minifigure, Series 24"}]},{"@type":"WebSite","@id":"https:\/\/collectin.eu\/#website","url":"https:\/\/collectin.eu\/","name":"Collectin.eu","description":"","potentialAction":[{"@type":"SearchAction","target":{"@type":"EntryPoint","urlTemplate":"https:\/\/collectin.eu\/?s={search_term_string}"},"query-input":{"@type":"PropertyValueSpecification","valueRequired":true,"valueName":"search_term_string"}}],"inLanguage":"en-US"}]}},"jetpack_sharing_enabled":true,"_links":{"self":[{"href":"https:\/\/collectin.eu\/en\/wp-json\/wp\/v2\/product\/40078","targetHints":{"allow":["GET"]}}],"collection":[{"href":"https:\/\/collectin.eu\/en\/wp-json\/wp\/v2\/product"}],"about":[{"href":"https:\/\/collectin.eu\/en\/wp-json\/wp\/v2\/types\/product"}],"replies":[{"embeddable":true,"href":"https:\/\/collectin.eu\/en\/wp-json\/wp\/v2\/comments?post=40078"}],"version-history":[{"count":2,"href":"https:\/\/collectin.eu\/en\/wp-json\/wp\/v2\/product\/40078\/revisions"}],"predecessor-version":[{"id":40459,"href":"https:\/\/collectin.eu\/en\/wp-json\/wp\/v2\/product\/40078\/revisions\/40459"}],"wp:featuredmedia":[{"embeddable":true,"href":"https:\/\/collectin.eu\/en\/wp-json\/wp\/v2\/media\/40079"}],"wp:attachment":[{"href":"https:\/\/collectin.eu\/en\/wp-json\/wp\/v2\/media?parent=40078"}],"wp:term":[{"taxonomy":"product_brand","embeddable":true,"href":"https:\/\/collectin.eu\/en\/wp-json\/wp\/v2\/product_brand?post=40078"},{"taxonomy":"product_cat","embeddable":true,"href":"https:\/\/collectin.eu\/en\/wp-json\/wp\/v2\/product_cat?post=40078"},{"taxonomy":"product_tag","embeddable":true,"href":"https:\/\/collectin.eu\/en\/wp-json\/wp\/v2\/product_tag?post=40078"}],"curies":[{"name":"wp","href":"https:\/\/api.w.org\/{rel}","templated":true}]}}