{"id":40082,"date":"2026-03-04T22:04:45","date_gmt":"2026-03-04T22:04:45","guid":{"rendered":"https:\/\/collectin.eu\/?post_type=product&#038;p=40082"},"modified":"2026-04-08T10:22:17","modified_gmt":"2026-04-08T10:22:17","slug":"lego-71023-minifigure-the-lego-movie-2","status":"publish","type":"product","link":"https:\/\/collectin.eu\/en\/product\/lego-71023-minifigure-the-lego-movie-2\/","title":{"rendered":"LEGO\u00ae 71023 Minifigure, The LEGO Movie 2"},"content":{"rendered":"<p>2022 metais pristatyta kolekcini\u0173 minifig\u016br\u0117li\u0173 serija, priklausanti LEGO staigmen\u0173 linijai. Kiekvienoje u\u017edaroje pakuot\u0117je slepiasi viena atsitiktin\u0117 fig\u016br\u0117l\u0117 i\u0161 12 skirting\u0173 persona\u017e\u0173 kolekcijos. \u0160ios serijos veik\u0117jai i\u0161siskiria originaliais kostiumais, ry\u0161kiomis spalvomis ir teminiais priedais \u2013 nuo fantastini\u0173 b\u016btybi\u0173 iki kasdieni\u0173, bet \u017eaismingai pateikt\u0173 persona\u017e\u0173. Kiekviena fig\u016br\u0117l\u0117 turi unikali\u0173 detali\u0173, kurios papildo tiek \u017eaidim\u0105, tiek kolekcij\u0105. Rinkinys skirtas vaikams nuo 5 met\u0173, ta\u010diau d\u0117l k\u016brybi\u0161ko dizaino ir riboto leidimo jis patrauklus ir suaugusiems LEGO gerb\u0117jams bei kolekcionieriams.<\/p>","protected":false},"excerpt":{"rendered":"<p>2022 metais pristatyta kolekcini\u0173 minifig\u016br\u0117li\u0173 serija, priklausanti LEGO staigmen\u0173 linijai. Kiekvienoje u\u017edaroje pakuot\u0117je slepiasi viena atsitiktin\u0117 fig\u016br\u0117l\u0117 i\u0161 12 skirting\u0173<\/p>","protected":false},"featured_media":40083,"comment_status":"open","ping_status":"closed","template":"","meta":[],"product_brand":[423],"product_cat":[677,406,665],"product_tag":[],"class_list":{"0":"post-40082","1":"product","2":"type-product","3":"status-publish","4":"has-post-thumbnail","6":"product_brand-lego","7":"product_cat-lego-konstruktoriai","8":"product_cat-lego","9":"product_cat-lego-minifigures","11":"first","12":"instock","13":"taxable","14":"shipping-taxable","15":"purchasable","16":"product-type-simple"},"yoast_head":"<!-- This site is optimized with the Yoast SEO plugin v25.9 - https:\/\/yoast.com\/wordpress\/plugins\/seo\/ -->\n<title>LEGO\u00ae 71023 Minifigure, The LEGO Movie 2 - Collectin.eu<\/title>\n<meta name=\"description\" content=\"22-osios kolekcini\u0173 minifig\u016br\u0117li\u0173 serijos rinkinys, i\u0161leistas 2022 m. \u0160i serija priklauso populiariai LEGO kolekcini\u0173 fig\u016br\u0117li\u0173 linijai.\" \/>\n<meta name=\"robots\" content=\"index, follow, max-snippet:-1, max-image-preview:large, max-video-preview:-1\" \/>\n<link rel=\"canonical\" href=\"https:\/\/collectin.eu\/en\/product\/lego-71023-minifigure-the-lego-movie-2\/\" \/>\n<meta property=\"og:locale\" content=\"en_US\" \/>\n<meta property=\"og:type\" content=\"article\" \/>\n<meta property=\"og:title\" content=\"LEGO\u00ae 71023 Minifigure, The LEGO Movie 2 - Collectin.eu\" \/>\n<meta property=\"og:description\" content=\"22-osios kolekcini\u0173 minifig\u016br\u0117li\u0173 serijos rinkinys, i\u0161leistas 2022 m. \u0160i serija priklauso populiariai LEGO kolekcini\u0173 fig\u016br\u0117li\u0173 linijai.\" \/>\n<meta property=\"og:url\" content=\"https:\/\/collectin.eu\/en\/product\/lego-71023-minifigure-the-lego-movie-2\/\" \/>\n<meta property=\"og:site_name\" content=\"Collectin.eu\" \/>\n<meta property=\"article:modified_time\" content=\"2026-04-08T10:22:17+00:00\" \/>\n<meta property=\"og:image\" content=\"http:\/\/collectin.eu\/wp-content\/uploads\/2026\/03\/Untitled-design-2026-03-05T000201.324.png\" \/>\n\t<meta property=\"og:image:width\" content=\"1080\" \/>\n\t<meta property=\"og:image:height\" content=\"1080\" \/>\n\t<meta property=\"og:image:type\" content=\"image\/png\" \/>\n<meta name=\"twitter:card\" content=\"summary_large_image\" \/>\n<meta name=\"twitter:label1\" content=\"Est. reading time\" \/>\n\t<meta name=\"twitter:data1\" content=\"1 minute\" \/>\n<script type=\"application\/ld+json\" class=\"yoast-schema-graph\">{\"@context\":\"https:\/\/schema.org\",\"@graph\":[{\"@type\":\"WebPage\",\"@id\":\"https:\/\/collectin.eu\/produktas\/lego-71023-minifigure-the-lego-movie-2\/\",\"url\":\"https:\/\/collectin.eu\/produktas\/lego-71023-minifigure-the-lego-movie-2\/\",\"name\":\"LEGO\u00ae 71023 Minifigure, The LEGO Movie 2 - Collectin.eu\",\"isPartOf\":{\"@id\":\"https:\/\/collectin.eu\/#website\"},\"primaryImageOfPage\":{\"@id\":\"https:\/\/collectin.eu\/produktas\/lego-71023-minifigure-the-lego-movie-2\/#primaryimage\"},\"image\":{\"@id\":\"https:\/\/collectin.eu\/produktas\/lego-71023-minifigure-the-lego-movie-2\/#primaryimage\"},\"thumbnailUrl\":\"https:\/\/collectin.eu\/wp-content\/uploads\/2026\/03\/Untitled-design-2026-03-05T000201.324.png\",\"datePublished\":\"2026-03-04T22:04:45+00:00\",\"dateModified\":\"2026-04-08T10:22:17+00:00\",\"description\":\"22-osios kolekcini\u0173 minifig\u016br\u0117li\u0173 serijos rinkinys, i\u0161leistas 2022 m. \u0160i serija priklauso populiariai LEGO kolekcini\u0173 fig\u016br\u0117li\u0173 linijai.\",\"breadcrumb\":{\"@id\":\"https:\/\/collectin.eu\/produktas\/lego-71023-minifigure-the-lego-movie-2\/#breadcrumb\"},\"inLanguage\":\"en-US\",\"potentialAction\":[{\"@type\":\"ReadAction\",\"target\":[\"https:\/\/collectin.eu\/produktas\/lego-71023-minifigure-the-lego-movie-2\/\"]}]},{\"@type\":\"ImageObject\",\"inLanguage\":\"en-US\",\"@id\":\"https:\/\/collectin.eu\/produktas\/lego-71023-minifigure-the-lego-movie-2\/#primaryimage\",\"url\":\"https:\/\/collectin.eu\/wp-content\/uploads\/2026\/03\/Untitled-design-2026-03-05T000201.324.png\",\"contentUrl\":\"https:\/\/collectin.eu\/wp-content\/uploads\/2026\/03\/Untitled-design-2026-03-05T000201.324.png\",\"width\":1080,\"height\":1080},{\"@type\":\"BreadcrumbList\",\"@id\":\"https:\/\/collectin.eu\/produktas\/lego-71023-minifigure-the-lego-movie-2\/#breadcrumb\",\"itemListElement\":[{\"@type\":\"ListItem\",\"position\":1,\"name\":\"Home\",\"item\":\"https:\/\/collectin.eu\/\"},{\"@type\":\"ListItem\",\"position\":2,\"name\":\"Parduotuv\u0117\",\"item\":\"https:\/\/collectin.eu\/parduotuve\/\"},{\"@type\":\"ListItem\",\"position\":3,\"name\":\"LEGO\u00ae 71023 Minifigure, The LEGO Movie 2\"}]},{\"@type\":\"WebSite\",\"@id\":\"https:\/\/collectin.eu\/#website\",\"url\":\"https:\/\/collectin.eu\/\",\"name\":\"Collectin.eu\",\"description\":\"\",\"potentialAction\":[{\"@type\":\"SearchAction\",\"target\":{\"@type\":\"EntryPoint\",\"urlTemplate\":\"https:\/\/collectin.eu\/?s={search_term_string}\"},\"query-input\":{\"@type\":\"PropertyValueSpecification\",\"valueRequired\":true,\"valueName\":\"search_term_string\"}}],\"inLanguage\":\"en-US\"}]}<\/script>\n<!-- \/ Yoast SEO plugin. -->","yoast_head_json":{"title":"LEGO\u00ae 71023 Minifigure, The LEGO Movie 2 - Collectin.eu","description":"22-osios kolekcini\u0173 minifig\u016br\u0117li\u0173 serijos rinkinys, i\u0161leistas 2022 m. \u0160i serija priklauso populiariai LEGO kolekcini\u0173 fig\u016br\u0117li\u0173 linijai.","robots":{"index":"index","follow":"follow","max-snippet":"max-snippet:-1","max-image-preview":"max-image-preview:large","max-video-preview":"max-video-preview:-1"},"canonical":"https:\/\/collectin.eu\/en\/product\/lego-71023-minifigure-the-lego-movie-2\/","og_locale":"en_US","og_type":"article","og_title":"LEGO\u00ae 71023 Minifigure, The LEGO Movie 2 - Collectin.eu","og_description":"22-osios kolekcini\u0173 minifig\u016br\u0117li\u0173 serijos rinkinys, i\u0161leistas 2022 m. \u0160i serija priklauso populiariai LEGO kolekcini\u0173 fig\u016br\u0117li\u0173 linijai.","og_url":"https:\/\/collectin.eu\/en\/product\/lego-71023-minifigure-the-lego-movie-2\/","og_site_name":"Collectin.eu","article_modified_time":"2026-04-08T10:22:17+00:00","og_image":[{"width":1080,"height":1080,"url":"http:\/\/collectin.eu\/wp-content\/uploads\/2026\/03\/Untitled-design-2026-03-05T000201.324.png","type":"image\/png"}],"twitter_card":"summary_large_image","twitter_misc":{"Est. reading time":"1 minute"},"schema":{"@context":"https:\/\/schema.org","@graph":[{"@type":"WebPage","@id":"https:\/\/collectin.eu\/produktas\/lego-71023-minifigure-the-lego-movie-2\/","url":"https:\/\/collectin.eu\/produktas\/lego-71023-minifigure-the-lego-movie-2\/","name":"LEGO\u00ae 71023 Minifigure, The LEGO Movie 2 - Collectin.eu","isPartOf":{"@id":"https:\/\/collectin.eu\/#website"},"primaryImageOfPage":{"@id":"https:\/\/collectin.eu\/produktas\/lego-71023-minifigure-the-lego-movie-2\/#primaryimage"},"image":{"@id":"https:\/\/collectin.eu\/produktas\/lego-71023-minifigure-the-lego-movie-2\/#primaryimage"},"thumbnailUrl":"https:\/\/collectin.eu\/wp-content\/uploads\/2026\/03\/Untitled-design-2026-03-05T000201.324.png","datePublished":"2026-03-04T22:04:45+00:00","dateModified":"2026-04-08T10:22:17+00:00","description":"22-osios kolekcini\u0173 minifig\u016br\u0117li\u0173 serijos rinkinys, i\u0161leistas 2022 m. \u0160i serija priklauso populiariai LEGO kolekcini\u0173 fig\u016br\u0117li\u0173 linijai.","breadcrumb":{"@id":"https:\/\/collectin.eu\/produktas\/lego-71023-minifigure-the-lego-movie-2\/#breadcrumb"},"inLanguage":"en-US","potentialAction":[{"@type":"ReadAction","target":["https:\/\/collectin.eu\/produktas\/lego-71023-minifigure-the-lego-movie-2\/"]}]},{"@type":"ImageObject","inLanguage":"en-US","@id":"https:\/\/collectin.eu\/produktas\/lego-71023-minifigure-the-lego-movie-2\/#primaryimage","url":"https:\/\/collectin.eu\/wp-content\/uploads\/2026\/03\/Untitled-design-2026-03-05T000201.324.png","contentUrl":"https:\/\/collectin.eu\/wp-content\/uploads\/2026\/03\/Untitled-design-2026-03-05T000201.324.png","width":1080,"height":1080},{"@type":"BreadcrumbList","@id":"https:\/\/collectin.eu\/produktas\/lego-71023-minifigure-the-lego-movie-2\/#breadcrumb","itemListElement":[{"@type":"ListItem","position":1,"name":"Home","item":"https:\/\/collectin.eu\/"},{"@type":"ListItem","position":2,"name":"Parduotuv\u0117","item":"https:\/\/collectin.eu\/parduotuve\/"},{"@type":"ListItem","position":3,"name":"LEGO\u00ae 71023 Minifigure, The LEGO Movie 2"}]},{"@type":"WebSite","@id":"https:\/\/collectin.eu\/#website","url":"https:\/\/collectin.eu\/","name":"Collectin.eu","description":"","potentialAction":[{"@type":"SearchAction","target":{"@type":"EntryPoint","urlTemplate":"https:\/\/collectin.eu\/?s={search_term_string}"},"query-input":{"@type":"PropertyValueSpecification","valueRequired":true,"valueName":"search_term_string"}}],"inLanguage":"en-US"}]}},"jetpack_sharing_enabled":true,"_links":{"self":[{"href":"https:\/\/collectin.eu\/en\/wp-json\/wp\/v2\/product\/40082","targetHints":{"allow":["GET"]}}],"collection":[{"href":"https:\/\/collectin.eu\/en\/wp-json\/wp\/v2\/product"}],"about":[{"href":"https:\/\/collectin.eu\/en\/wp-json\/wp\/v2\/types\/product"}],"replies":[{"embeddable":true,"href":"https:\/\/collectin.eu\/en\/wp-json\/wp\/v2\/comments?post=40082"}],"version-history":[{"count":2,"href":"https:\/\/collectin.eu\/en\/wp-json\/wp\/v2\/product\/40082\/revisions"}],"predecessor-version":[{"id":40460,"href":"https:\/\/collectin.eu\/en\/wp-json\/wp\/v2\/product\/40082\/revisions\/40460"}],"wp:featuredmedia":[{"embeddable":true,"href":"https:\/\/collectin.eu\/en\/wp-json\/wp\/v2\/media\/40083"}],"wp:attachment":[{"href":"https:\/\/collectin.eu\/en\/wp-json\/wp\/v2\/media?parent=40082"}],"wp:term":[{"taxonomy":"product_brand","embeddable":true,"href":"https:\/\/collectin.eu\/en\/wp-json\/wp\/v2\/product_brand?post=40082"},{"taxonomy":"product_cat","embeddable":true,"href":"https:\/\/collectin.eu\/en\/wp-json\/wp\/v2\/product_cat?post=40082"},{"taxonomy":"product_tag","embeddable":true,"href":"https:\/\/collectin.eu\/en\/wp-json\/wp\/v2\/product_tag?post=40082"}],"curies":[{"name":"wp","href":"https:\/\/api.w.org\/{rel}","templated":true}]}}