{"id":40086,"date":"2026-03-04T22:08:14","date_gmt":"2026-03-04T22:08:14","guid":{"rendered":"https:\/\/collectin.eu\/?post_type=product&#038;p=40086"},"modified":"2026-04-08T10:22:17","modified_gmt":"2026-04-08T10:22:17","slug":"lego-71033-minifigure-the-muppets","status":"publish","type":"product","link":"https:\/\/collectin.eu\/en\/product\/lego-71033-minifigure-the-muppets\/","title":{"rendered":"LEGO\u00ae 71033 Minifigure, The Muppets"},"content":{"rendered":"<p>Kiekviena kruop\u0161\u010diai pagaminta ir itin detali LEGO minifig\u016br\u0117l\u0117 yra supakuota paslaptingame mai\u0161elyje ma\u017eiausiai su vienu priedu ir kolekcionieriaus lankstinuku su informacija apie persona\u017e\u0105, kad \u0161i nedidel\u0117 dovan\u0117l\u0117 priverst\u0173 nusi\u0161ypsoti kiekvien\u0105.<\/p>\n<ul>\n<li>Netik\u0117ti persona\u017eai. \u012etraukite vaikus \u012f nesibaigiant\u012f \u017eaidim\u0105 su \u0161iais \u0161auniais LEGO\u00ae Minifigures The Muppets (71033) mai\u0161eliais. Nostalgi\u0161ka netik\u0117ta dovan\u0117l\u0117 vaikams ir bet kokio am\u017eiaus gerb\u0117jams.<\/li>\n<li>Smagios kolekcin\u0117s fig\u016br\u0117l\u0117s mai\u0161elyje. Galima rasti 1 i\u0161 12 konstruojam\u0173 \u201eDisney\u201c The Muppets persona\u017e\u0173 su ma\u017eiausiai vienu priedu ir kolekcionieriaus lankstinuku. Smagus priedas bet kuriai kolekcijai.<\/li>\n<li>Bet kokio am\u017eiaus vaikams. LEGO\u00ae minifig\u016br\u0117li\u0173 persona\u017eai patinka visiems vaikams arba gerb\u0117jams nuo 5 met\u0173 am\u017eiaus ir su\u017eadina j\u0173 vaizduot\u0119 bei padeda lavinti k\u016brybi\u0161kum\u0105 ir pasitik\u0117jim\u0105 savo j\u0117gomis, \u017eaid\u017eiant pavieniui ar su draugais.<\/li>\n<li>Dovan\u0117l\u0117 be progos. \u0160ios auk\u0161tos kokyb\u0117s, riboto leidimo minifig\u016br\u0117l\u0117s ir priedai taps netik\u0117t\u0105 dovan\u0117le bet kokia proga.<\/li>\n<\/ul>","protected":false},"excerpt":{"rendered":"<p>Nud\u017eiuginkite vaik\u0105 arba Muppets gerb\u0117j\u0105 \u0161iais legendiniais LEGO\u00ae Minifigures The Muppets (71033) mai\u0161eliais vaikams nuo 5 met\u0173. \u0160i\u0105 unikali\u0105 serij\u0105 sudaro nuostabi i\u0161skirtini\u0173 \u201eDisney\u201c The Muppets persona\u017e\u0173 rinktin\u0117, skirta rinkti ir eksponuoti arba \u017eaisti pavieniui ar su draugais netik\u0117tais b\u016bdais. Vaikai ir suaug\u0119 gerb\u0117jai gali pasisveikinti su riboto leidimo i\u0161radingais persona\u017eais, \u012fskaitant Animal, Beaker, Dr. Bunsen Honeydew, Fozzie Bear, Gonzo, Janice, Varliuk\u0105 Kermit\u0105, Miss Piggy, Rowlf the Dog, Statler, The Swedish Chef ir Waldorf.<\/p>","protected":false},"featured_media":40087,"comment_status":"open","ping_status":"closed","template":"","meta":[],"product_brand":[423],"product_cat":[677,406,665],"product_tag":[],"class_list":{"0":"post-40086","1":"product","2":"type-product","3":"status-publish","4":"has-post-thumbnail","6":"product_brand-lego","7":"product_cat-lego-konstruktoriai","8":"product_cat-lego","9":"product_cat-lego-minifigures","11":"first","12":"instock","13":"taxable","14":"shipping-taxable","15":"purchasable","16":"product-type-simple"},"yoast_head":"<!-- This site is optimized with the Yoast SEO plugin v25.9 - https:\/\/yoast.com\/wordpress\/plugins\/seo\/ -->\n<title>LEGO\u00ae 71033 Minifigure, The Muppets - Collectin.eu<\/title>\n<meta name=\"description\" content=\"Nud\u017eiuginkite vaik\u0105 arba Muppets gerb\u0117j\u0105 \u0161iais legendiniais LEGO\u00ae Minifigures The Muppets (71033) mai\u0161eliais vaikams nuo 5 met\u0173.\" \/>\n<meta name=\"robots\" content=\"index, follow, max-snippet:-1, max-image-preview:large, max-video-preview:-1\" \/>\n<link rel=\"canonical\" href=\"https:\/\/collectin.eu\/en\/product\/lego-71033-minifigure-the-muppets\/\" \/>\n<meta property=\"og:locale\" content=\"en_US\" \/>\n<meta property=\"og:type\" content=\"article\" \/>\n<meta property=\"og:title\" content=\"LEGO\u00ae 71033 Minifigure, The Muppets - Collectin.eu\" \/>\n<meta property=\"og:description\" content=\"Nud\u017eiuginkite vaik\u0105 arba Muppets gerb\u0117j\u0105 \u0161iais legendiniais LEGO\u00ae Minifigures The Muppets (71033) mai\u0161eliais vaikams nuo 5 met\u0173.\" \/>\n<meta property=\"og:url\" content=\"https:\/\/collectin.eu\/en\/product\/lego-71033-minifigure-the-muppets\/\" \/>\n<meta property=\"og:site_name\" content=\"Collectin.eu\" \/>\n<meta property=\"article:modified_time\" content=\"2026-04-08T10:22:17+00:00\" \/>\n<meta property=\"og:image\" content=\"http:\/\/collectin.eu\/wp-content\/uploads\/2026\/03\/Untitled-design-2026-03-05T000604.522.png\" \/>\n\t<meta property=\"og:image:width\" content=\"1080\" \/>\n\t<meta property=\"og:image:height\" content=\"1080\" \/>\n\t<meta property=\"og:image:type\" content=\"image\/png\" \/>\n<meta name=\"twitter:card\" content=\"summary_large_image\" \/>\n<meta name=\"twitter:label1\" content=\"Est. reading time\" \/>\n\t<meta name=\"twitter:data1\" content=\"1 minute\" \/>\n<script type=\"application\/ld+json\" class=\"yoast-schema-graph\">{\"@context\":\"https:\/\/schema.org\",\"@graph\":[{\"@type\":\"WebPage\",\"@id\":\"https:\/\/collectin.eu\/produktas\/lego-71033-minifigure-the-muppets\/\",\"url\":\"https:\/\/collectin.eu\/produktas\/lego-71033-minifigure-the-muppets\/\",\"name\":\"LEGO\u00ae 71033 Minifigure, The Muppets - Collectin.eu\",\"isPartOf\":{\"@id\":\"https:\/\/collectin.eu\/#website\"},\"primaryImageOfPage\":{\"@id\":\"https:\/\/collectin.eu\/produktas\/lego-71033-minifigure-the-muppets\/#primaryimage\"},\"image\":{\"@id\":\"https:\/\/collectin.eu\/produktas\/lego-71033-minifigure-the-muppets\/#primaryimage\"},\"thumbnailUrl\":\"https:\/\/collectin.eu\/wp-content\/uploads\/2026\/03\/Untitled-design-2026-03-05T000604.522.png\",\"datePublished\":\"2026-03-04T22:08:14+00:00\",\"dateModified\":\"2026-04-08T10:22:17+00:00\",\"description\":\"Nud\u017eiuginkite vaik\u0105 arba Muppets gerb\u0117j\u0105 \u0161iais legendiniais LEGO\u00ae Minifigures The Muppets (71033) mai\u0161eliais vaikams nuo 5 met\u0173.\",\"breadcrumb\":{\"@id\":\"https:\/\/collectin.eu\/produktas\/lego-71033-minifigure-the-muppets\/#breadcrumb\"},\"inLanguage\":\"en-US\",\"potentialAction\":[{\"@type\":\"ReadAction\",\"target\":[\"https:\/\/collectin.eu\/produktas\/lego-71033-minifigure-the-muppets\/\"]}]},{\"@type\":\"ImageObject\",\"inLanguage\":\"en-US\",\"@id\":\"https:\/\/collectin.eu\/produktas\/lego-71033-minifigure-the-muppets\/#primaryimage\",\"url\":\"https:\/\/collectin.eu\/wp-content\/uploads\/2026\/03\/Untitled-design-2026-03-05T000604.522.png\",\"contentUrl\":\"https:\/\/collectin.eu\/wp-content\/uploads\/2026\/03\/Untitled-design-2026-03-05T000604.522.png\",\"width\":1080,\"height\":1080},{\"@type\":\"BreadcrumbList\",\"@id\":\"https:\/\/collectin.eu\/produktas\/lego-71033-minifigure-the-muppets\/#breadcrumb\",\"itemListElement\":[{\"@type\":\"ListItem\",\"position\":1,\"name\":\"Home\",\"item\":\"https:\/\/collectin.eu\/\"},{\"@type\":\"ListItem\",\"position\":2,\"name\":\"Parduotuv\u0117\",\"item\":\"https:\/\/collectin.eu\/parduotuve\/\"},{\"@type\":\"ListItem\",\"position\":3,\"name\":\"LEGO\u00ae 71033 Minifigure, The Muppets\"}]},{\"@type\":\"WebSite\",\"@id\":\"https:\/\/collectin.eu\/#website\",\"url\":\"https:\/\/collectin.eu\/\",\"name\":\"Collectin.eu\",\"description\":\"\",\"potentialAction\":[{\"@type\":\"SearchAction\",\"target\":{\"@type\":\"EntryPoint\",\"urlTemplate\":\"https:\/\/collectin.eu\/?s={search_term_string}\"},\"query-input\":{\"@type\":\"PropertyValueSpecification\",\"valueRequired\":true,\"valueName\":\"search_term_string\"}}],\"inLanguage\":\"en-US\"}]}<\/script>\n<!-- \/ Yoast SEO plugin. -->","yoast_head_json":{"title":"LEGO\u00ae 71033 Minifigure, The Muppets - Collectin.eu","description":"Nud\u017eiuginkite vaik\u0105 arba Muppets gerb\u0117j\u0105 \u0161iais legendiniais LEGO\u00ae Minifigures The Muppets (71033) mai\u0161eliais vaikams nuo 5 met\u0173.","robots":{"index":"index","follow":"follow","max-snippet":"max-snippet:-1","max-image-preview":"max-image-preview:large","max-video-preview":"max-video-preview:-1"},"canonical":"https:\/\/collectin.eu\/en\/product\/lego-71033-minifigure-the-muppets\/","og_locale":"en_US","og_type":"article","og_title":"LEGO\u00ae 71033 Minifigure, The Muppets - Collectin.eu","og_description":"Nud\u017eiuginkite vaik\u0105 arba Muppets gerb\u0117j\u0105 \u0161iais legendiniais LEGO\u00ae Minifigures The Muppets (71033) mai\u0161eliais vaikams nuo 5 met\u0173.","og_url":"https:\/\/collectin.eu\/en\/product\/lego-71033-minifigure-the-muppets\/","og_site_name":"Collectin.eu","article_modified_time":"2026-04-08T10:22:17+00:00","og_image":[{"width":1080,"height":1080,"url":"http:\/\/collectin.eu\/wp-content\/uploads\/2026\/03\/Untitled-design-2026-03-05T000604.522.png","type":"image\/png"}],"twitter_card":"summary_large_image","twitter_misc":{"Est. reading time":"1 minute"},"schema":{"@context":"https:\/\/schema.org","@graph":[{"@type":"WebPage","@id":"https:\/\/collectin.eu\/produktas\/lego-71033-minifigure-the-muppets\/","url":"https:\/\/collectin.eu\/produktas\/lego-71033-minifigure-the-muppets\/","name":"LEGO\u00ae 71033 Minifigure, The Muppets - Collectin.eu","isPartOf":{"@id":"https:\/\/collectin.eu\/#website"},"primaryImageOfPage":{"@id":"https:\/\/collectin.eu\/produktas\/lego-71033-minifigure-the-muppets\/#primaryimage"},"image":{"@id":"https:\/\/collectin.eu\/produktas\/lego-71033-minifigure-the-muppets\/#primaryimage"},"thumbnailUrl":"https:\/\/collectin.eu\/wp-content\/uploads\/2026\/03\/Untitled-design-2026-03-05T000604.522.png","datePublished":"2026-03-04T22:08:14+00:00","dateModified":"2026-04-08T10:22:17+00:00","description":"Nud\u017eiuginkite vaik\u0105 arba Muppets gerb\u0117j\u0105 \u0161iais legendiniais LEGO\u00ae Minifigures The Muppets (71033) mai\u0161eliais vaikams nuo 5 met\u0173.","breadcrumb":{"@id":"https:\/\/collectin.eu\/produktas\/lego-71033-minifigure-the-muppets\/#breadcrumb"},"inLanguage":"en-US","potentialAction":[{"@type":"ReadAction","target":["https:\/\/collectin.eu\/produktas\/lego-71033-minifigure-the-muppets\/"]}]},{"@type":"ImageObject","inLanguage":"en-US","@id":"https:\/\/collectin.eu\/produktas\/lego-71033-minifigure-the-muppets\/#primaryimage","url":"https:\/\/collectin.eu\/wp-content\/uploads\/2026\/03\/Untitled-design-2026-03-05T000604.522.png","contentUrl":"https:\/\/collectin.eu\/wp-content\/uploads\/2026\/03\/Untitled-design-2026-03-05T000604.522.png","width":1080,"height":1080},{"@type":"BreadcrumbList","@id":"https:\/\/collectin.eu\/produktas\/lego-71033-minifigure-the-muppets\/#breadcrumb","itemListElement":[{"@type":"ListItem","position":1,"name":"Home","item":"https:\/\/collectin.eu\/"},{"@type":"ListItem","position":2,"name":"Parduotuv\u0117","item":"https:\/\/collectin.eu\/parduotuve\/"},{"@type":"ListItem","position":3,"name":"LEGO\u00ae 71033 Minifigure, The Muppets"}]},{"@type":"WebSite","@id":"https:\/\/collectin.eu\/#website","url":"https:\/\/collectin.eu\/","name":"Collectin.eu","description":"","potentialAction":[{"@type":"SearchAction","target":{"@type":"EntryPoint","urlTemplate":"https:\/\/collectin.eu\/?s={search_term_string}"},"query-input":{"@type":"PropertyValueSpecification","valueRequired":true,"valueName":"search_term_string"}}],"inLanguage":"en-US"}]}},"jetpack_sharing_enabled":true,"_links":{"self":[{"href":"https:\/\/collectin.eu\/en\/wp-json\/wp\/v2\/product\/40086","targetHints":{"allow":["GET"]}}],"collection":[{"href":"https:\/\/collectin.eu\/en\/wp-json\/wp\/v2\/product"}],"about":[{"href":"https:\/\/collectin.eu\/en\/wp-json\/wp\/v2\/types\/product"}],"replies":[{"embeddable":true,"href":"https:\/\/collectin.eu\/en\/wp-json\/wp\/v2\/comments?post=40086"}],"version-history":[{"count":1,"href":"https:\/\/collectin.eu\/en\/wp-json\/wp\/v2\/product\/40086\/revisions"}],"predecessor-version":[{"id":40089,"href":"https:\/\/collectin.eu\/en\/wp-json\/wp\/v2\/product\/40086\/revisions\/40089"}],"wp:featuredmedia":[{"embeddable":true,"href":"https:\/\/collectin.eu\/en\/wp-json\/wp\/v2\/media\/40087"}],"wp:attachment":[{"href":"https:\/\/collectin.eu\/en\/wp-json\/wp\/v2\/media?parent=40086"}],"wp:term":[{"taxonomy":"product_brand","embeddable":true,"href":"https:\/\/collectin.eu\/en\/wp-json\/wp\/v2\/product_brand?post=40086"},{"taxonomy":"product_cat","embeddable":true,"href":"https:\/\/collectin.eu\/en\/wp-json\/wp\/v2\/product_cat?post=40086"},{"taxonomy":"product_tag","embeddable":true,"href":"https:\/\/collectin.eu\/en\/wp-json\/wp\/v2\/product_tag?post=40086"}],"curies":[{"name":"wp","href":"https:\/\/api.w.org\/{rel}","templated":true}]}}