{"id":40091,"date":"2026-03-04T22:11:55","date_gmt":"2026-03-04T22:11:55","guid":{"rendered":"https:\/\/collectin.eu\/?post_type=product&#038;p=40091"},"modified":"2026-04-08T10:22:17","modified_gmt":"2026-04-08T10:22:17","slug":"lego-71030-minifigure-looney-tunes","status":"publish","type":"product","link":"https:\/\/collectin.eu\/en\/product\/lego-71030-minifigure-looney-tunes\/","title":{"rendered":"LEGO\u00ae 71030 Minifigure, Looney Tunes"},"content":{"rendered":"<p>Kiekviena kruop\u0161\u010diai pagaminta ir itin detali LEGO minifig\u016br\u0117l\u0117 yra supakuota paslaptingame mai\u0161elyje ma\u017eiausiai su 1 priedo elementu papildomiems nuotykiams bei pramogoms ir kolekcionieriaus lankstinuku. \u0160i nedidel\u0117 dovan\u0117l\u0117 privers nusi\u0161ypsoti kiekvien\u0105.<\/p>\n<ul>\n<li>Dar daugiau \u0161auni\u0173 persona\u017e\u0173! Rinkite ir atgaivinkite prisiminimus arba pagyvinkite nesibaigiant\u012f \u017eaidim\u0105 \u0161iais \u0161auniais LEGO\u00ae Minifigures Looney Tunes\u2122 (71030) \u017eaisl\u0173 mai\u0161eliais. Smagi dovan\u0117l\u0117 vaikams ir bet kokio am\u017eiaus gerb\u0117jams.<\/li>\n<li>K\u0105 rasite mai\u0161elyje? 1 i\u0161 12 unikali\u0173, konstruojam\u0173 persona\u017e\u0173 ir ma\u017eiausia 1 pried\u0105. Tai \u2013 puikus priedas bet kuriai LEGO\u00ae kolekcijai, kuris \u012fkv\u0117ps naujam \u017eaidimui.<\/li>\n<li>LEGO\u00ae minifig\u016br\u0117li\u0173 persona\u017eai patiks visiems berniukams ar mergait\u0117ms nuo 5 met\u0173 am\u017eiaus ir su\u017eadins j\u0173 vaizduot\u0119 bei pad\u0117s jiems lavinti k\u016brybi\u0161kum\u0105 bei pasitik\u0117jim\u0105 savo j\u0117gomis, \u017eaid\u017eiant pavieniui ar su draugais.<\/li>\n<li>\u0160ios riboto leidimo, auk\u0161\u010diausios kokyb\u0117s minifig\u016br\u0117l\u0117s taps nuostabia papildoma dovana arba netik\u0117ta staigmena, kuri \u012fkv\u0117ps naujam \u017eaidimui su turimu rinkiniu.<\/li>\n<\/ul>","protected":false},"excerpt":{"rendered":"<p>Kiekviena kruop\u0161\u010diai pagaminta ir itin detali LEGO minifig\u016br\u0117l\u0117 yra supakuota paslaptingame mai\u0161elyje ma\u017eiausiai su 1 priedo elementu papildomiems nuotykiams bei<\/p>","protected":false},"featured_media":40092,"comment_status":"open","ping_status":"closed","template":"","meta":[],"product_brand":[423],"product_cat":[677,406,665],"product_tag":[],"class_list":{"0":"post-40091","1":"product","2":"type-product","3":"status-publish","4":"has-post-thumbnail","6":"product_brand-lego","7":"product_cat-lego-konstruktoriai","8":"product_cat-lego","9":"product_cat-lego-minifigures","11":"first","12":"instock","13":"taxable","14":"shipping-taxable","15":"purchasable","16":"product-type-simple"},"yoast_head":"<!-- This site is optimized with the Yoast SEO plugin v25.9 - https:\/\/yoast.com\/wordpress\/plugins\/seo\/ -->\n<title>LEGO\u00ae 71030 Minifigure, Looney Tunes - Collectin.eu<\/title>\n<meta name=\"description\" content=\"Kiekviename mai\u0161elyje vaik\u0173 ir animacini\u0173 filmuk\u0173 gerb\u0117j\u0173 laukia beproti\u0161kas veiksmas ir smag\u016bs prisiminimai!\" \/>\n<meta name=\"robots\" content=\"index, follow, max-snippet:-1, max-image-preview:large, max-video-preview:-1\" \/>\n<link rel=\"canonical\" href=\"https:\/\/collectin.eu\/en\/product\/lego-71030-minifigure-looney-tunes\/\" \/>\n<meta property=\"og:locale\" content=\"en_US\" \/>\n<meta property=\"og:type\" content=\"article\" \/>\n<meta property=\"og:title\" content=\"LEGO\u00ae 71030 Minifigure, Looney Tunes - Collectin.eu\" \/>\n<meta property=\"og:description\" content=\"Kiekviename mai\u0161elyje vaik\u0173 ir animacini\u0173 filmuk\u0173 gerb\u0117j\u0173 laukia beproti\u0161kas veiksmas ir smag\u016bs prisiminimai!\" \/>\n<meta property=\"og:url\" content=\"https:\/\/collectin.eu\/en\/product\/lego-71030-minifigure-looney-tunes\/\" \/>\n<meta property=\"og:site_name\" content=\"Collectin.eu\" \/>\n<meta property=\"article:modified_time\" content=\"2026-04-08T10:22:17+00:00\" \/>\n<meta property=\"og:image\" content=\"http:\/\/collectin.eu\/wp-content\/uploads\/2026\/03\/Untitled-design-2026-03-05T000940.527.png\" \/>\n\t<meta property=\"og:image:width\" content=\"1080\" \/>\n\t<meta property=\"og:image:height\" content=\"1080\" \/>\n\t<meta property=\"og:image:type\" content=\"image\/png\" \/>\n<meta name=\"twitter:card\" content=\"summary_large_image\" \/>\n<meta name=\"twitter:label1\" content=\"Est. reading time\" \/>\n\t<meta name=\"twitter:data1\" content=\"1 minute\" \/>\n<script type=\"application\/ld+json\" class=\"yoast-schema-graph\">{\"@context\":\"https:\/\/schema.org\",\"@graph\":[{\"@type\":\"WebPage\",\"@id\":\"https:\/\/collectin.eu\/produktas\/lego-71030-minifigure-looney-tunes\/\",\"url\":\"https:\/\/collectin.eu\/produktas\/lego-71030-minifigure-looney-tunes\/\",\"name\":\"LEGO\u00ae 71030 Minifigure, Looney Tunes - Collectin.eu\",\"isPartOf\":{\"@id\":\"https:\/\/collectin.eu\/#website\"},\"primaryImageOfPage\":{\"@id\":\"https:\/\/collectin.eu\/produktas\/lego-71030-minifigure-looney-tunes\/#primaryimage\"},\"image\":{\"@id\":\"https:\/\/collectin.eu\/produktas\/lego-71030-minifigure-looney-tunes\/#primaryimage\"},\"thumbnailUrl\":\"https:\/\/collectin.eu\/wp-content\/uploads\/2026\/03\/Untitled-design-2026-03-05T000940.527.png\",\"datePublished\":\"2026-03-04T22:11:55+00:00\",\"dateModified\":\"2026-04-08T10:22:17+00:00\",\"description\":\"Kiekviename mai\u0161elyje vaik\u0173 ir animacini\u0173 filmuk\u0173 gerb\u0117j\u0173 laukia beproti\u0161kas veiksmas ir smag\u016bs prisiminimai!\",\"breadcrumb\":{\"@id\":\"https:\/\/collectin.eu\/produktas\/lego-71030-minifigure-looney-tunes\/#breadcrumb\"},\"inLanguage\":\"en-US\",\"potentialAction\":[{\"@type\":\"ReadAction\",\"target\":[\"https:\/\/collectin.eu\/produktas\/lego-71030-minifigure-looney-tunes\/\"]}]},{\"@type\":\"ImageObject\",\"inLanguage\":\"en-US\",\"@id\":\"https:\/\/collectin.eu\/produktas\/lego-71030-minifigure-looney-tunes\/#primaryimage\",\"url\":\"https:\/\/collectin.eu\/wp-content\/uploads\/2026\/03\/Untitled-design-2026-03-05T000940.527.png\",\"contentUrl\":\"https:\/\/collectin.eu\/wp-content\/uploads\/2026\/03\/Untitled-design-2026-03-05T000940.527.png\",\"width\":1080,\"height\":1080},{\"@type\":\"BreadcrumbList\",\"@id\":\"https:\/\/collectin.eu\/produktas\/lego-71030-minifigure-looney-tunes\/#breadcrumb\",\"itemListElement\":[{\"@type\":\"ListItem\",\"position\":1,\"name\":\"Home\",\"item\":\"https:\/\/collectin.eu\/\"},{\"@type\":\"ListItem\",\"position\":2,\"name\":\"Parduotuv\u0117\",\"item\":\"https:\/\/collectin.eu\/parduotuve\/\"},{\"@type\":\"ListItem\",\"position\":3,\"name\":\"LEGO\u00ae 71030 Minifigure, Looney Tunes\"}]},{\"@type\":\"WebSite\",\"@id\":\"https:\/\/collectin.eu\/#website\",\"url\":\"https:\/\/collectin.eu\/\",\"name\":\"Collectin.eu\",\"description\":\"\",\"potentialAction\":[{\"@type\":\"SearchAction\",\"target\":{\"@type\":\"EntryPoint\",\"urlTemplate\":\"https:\/\/collectin.eu\/?s={search_term_string}\"},\"query-input\":{\"@type\":\"PropertyValueSpecification\",\"valueRequired\":true,\"valueName\":\"search_term_string\"}}],\"inLanguage\":\"en-US\"}]}<\/script>\n<!-- \/ Yoast SEO plugin. -->","yoast_head_json":{"title":"LEGO\u00ae 71030 Minifigure, Looney Tunes - Collectin.eu","description":"Kiekviename mai\u0161elyje vaik\u0173 ir animacini\u0173 filmuk\u0173 gerb\u0117j\u0173 laukia beproti\u0161kas veiksmas ir smag\u016bs prisiminimai!","robots":{"index":"index","follow":"follow","max-snippet":"max-snippet:-1","max-image-preview":"max-image-preview:large","max-video-preview":"max-video-preview:-1"},"canonical":"https:\/\/collectin.eu\/en\/product\/lego-71030-minifigure-looney-tunes\/","og_locale":"en_US","og_type":"article","og_title":"LEGO\u00ae 71030 Minifigure, Looney Tunes - Collectin.eu","og_description":"Kiekviename mai\u0161elyje vaik\u0173 ir animacini\u0173 filmuk\u0173 gerb\u0117j\u0173 laukia beproti\u0161kas veiksmas ir smag\u016bs prisiminimai!","og_url":"https:\/\/collectin.eu\/en\/product\/lego-71030-minifigure-looney-tunes\/","og_site_name":"Collectin.eu","article_modified_time":"2026-04-08T10:22:17+00:00","og_image":[{"width":1080,"height":1080,"url":"http:\/\/collectin.eu\/wp-content\/uploads\/2026\/03\/Untitled-design-2026-03-05T000940.527.png","type":"image\/png"}],"twitter_card":"summary_large_image","twitter_misc":{"Est. reading time":"1 minute"},"schema":{"@context":"https:\/\/schema.org","@graph":[{"@type":"WebPage","@id":"https:\/\/collectin.eu\/produktas\/lego-71030-minifigure-looney-tunes\/","url":"https:\/\/collectin.eu\/produktas\/lego-71030-minifigure-looney-tunes\/","name":"LEGO\u00ae 71030 Minifigure, Looney Tunes - Collectin.eu","isPartOf":{"@id":"https:\/\/collectin.eu\/#website"},"primaryImageOfPage":{"@id":"https:\/\/collectin.eu\/produktas\/lego-71030-minifigure-looney-tunes\/#primaryimage"},"image":{"@id":"https:\/\/collectin.eu\/produktas\/lego-71030-minifigure-looney-tunes\/#primaryimage"},"thumbnailUrl":"https:\/\/collectin.eu\/wp-content\/uploads\/2026\/03\/Untitled-design-2026-03-05T000940.527.png","datePublished":"2026-03-04T22:11:55+00:00","dateModified":"2026-04-08T10:22:17+00:00","description":"Kiekviename mai\u0161elyje vaik\u0173 ir animacini\u0173 filmuk\u0173 gerb\u0117j\u0173 laukia beproti\u0161kas veiksmas ir smag\u016bs prisiminimai!","breadcrumb":{"@id":"https:\/\/collectin.eu\/produktas\/lego-71030-minifigure-looney-tunes\/#breadcrumb"},"inLanguage":"en-US","potentialAction":[{"@type":"ReadAction","target":["https:\/\/collectin.eu\/produktas\/lego-71030-minifigure-looney-tunes\/"]}]},{"@type":"ImageObject","inLanguage":"en-US","@id":"https:\/\/collectin.eu\/produktas\/lego-71030-minifigure-looney-tunes\/#primaryimage","url":"https:\/\/collectin.eu\/wp-content\/uploads\/2026\/03\/Untitled-design-2026-03-05T000940.527.png","contentUrl":"https:\/\/collectin.eu\/wp-content\/uploads\/2026\/03\/Untitled-design-2026-03-05T000940.527.png","width":1080,"height":1080},{"@type":"BreadcrumbList","@id":"https:\/\/collectin.eu\/produktas\/lego-71030-minifigure-looney-tunes\/#breadcrumb","itemListElement":[{"@type":"ListItem","position":1,"name":"Home","item":"https:\/\/collectin.eu\/"},{"@type":"ListItem","position":2,"name":"Parduotuv\u0117","item":"https:\/\/collectin.eu\/parduotuve\/"},{"@type":"ListItem","position":3,"name":"LEGO\u00ae 71030 Minifigure, Looney Tunes"}]},{"@type":"WebSite","@id":"https:\/\/collectin.eu\/#website","url":"https:\/\/collectin.eu\/","name":"Collectin.eu","description":"","potentialAction":[{"@type":"SearchAction","target":{"@type":"EntryPoint","urlTemplate":"https:\/\/collectin.eu\/?s={search_term_string}"},"query-input":{"@type":"PropertyValueSpecification","valueRequired":true,"valueName":"search_term_string"}}],"inLanguage":"en-US"}]}},"jetpack_sharing_enabled":true,"_links":{"self":[{"href":"https:\/\/collectin.eu\/en\/wp-json\/wp\/v2\/product\/40091","targetHints":{"allow":["GET"]}}],"collection":[{"href":"https:\/\/collectin.eu\/en\/wp-json\/wp\/v2\/product"}],"about":[{"href":"https:\/\/collectin.eu\/en\/wp-json\/wp\/v2\/types\/product"}],"replies":[{"embeddable":true,"href":"https:\/\/collectin.eu\/en\/wp-json\/wp\/v2\/comments?post=40091"}],"version-history":[{"count":2,"href":"https:\/\/collectin.eu\/en\/wp-json\/wp\/v2\/product\/40091\/revisions"}],"predecessor-version":[{"id":40461,"href":"https:\/\/collectin.eu\/en\/wp-json\/wp\/v2\/product\/40091\/revisions\/40461"}],"wp:featuredmedia":[{"embeddable":true,"href":"https:\/\/collectin.eu\/en\/wp-json\/wp\/v2\/media\/40092"}],"wp:attachment":[{"href":"https:\/\/collectin.eu\/en\/wp-json\/wp\/v2\/media?parent=40091"}],"wp:term":[{"taxonomy":"product_brand","embeddable":true,"href":"https:\/\/collectin.eu\/en\/wp-json\/wp\/v2\/product_brand?post=40091"},{"taxonomy":"product_cat","embeddable":true,"href":"https:\/\/collectin.eu\/en\/wp-json\/wp\/v2\/product_cat?post=40091"},{"taxonomy":"product_tag","embeddable":true,"href":"https:\/\/collectin.eu\/en\/wp-json\/wp\/v2\/product_tag?post=40091"}],"curies":[{"name":"wp","href":"https:\/\/api.w.org\/{rel}","templated":true}]}}