{"id":40101,"date":"2026-03-04T22:20:59","date_gmt":"2026-03-04T22:20:59","guid":{"rendered":"https:\/\/collectin.eu\/?post_type=product&#038;p=40101"},"modified":"2026-04-08T10:22:16","modified_gmt":"2026-04-08T10:22:16","slug":"lego-71402-super-mario-series-4","status":"publish","type":"product","link":"https:\/\/collectin.eu\/en\/product\/lego-71402-super-mario-series-4\/","title":{"rendered":"LEGO\u00ae 71402 Super Mario, Series 4"},"content":{"rendered":"<p>LEGO Super Mario \u017eaidimo rinkiniai perkelia Super Mario\u2122 persona\u017eus \u012f real\u0173 pasaul\u012f. Pradiniai ir papildomi rinkiniai bei papildom\u0173 gali\u0173 paketai, suteikia konstruotojams galimyb\u0119 pl\u0117sti, perkonstruoti ir kurti vis naujus lygius.<\/p>\n<ul>\n<li>Kolekciniai LEGO\u00ae Super Mario\u2122 \u017eaisliniai persona\u017eai. Padovanokite vaikams interaktyvaus \u017eaidimo galimybi\u0173 su persona\u017e\u0173 rinkiniu \u2013 4 serija (71402). Kiekvienoje pakuot\u0117je yra po paslapting\u0105 konstruojam\u0105 persona\u017e\u0105 su veiksmo \u017eyma.<\/li>\n<li>10 persona\u017e\u0173, skirt\u0173 konstruoti, kolekcionuoti ir \u017eaisti \u2013 Mechakoopa, Para-Biddybud, Stingby, Bully, Freezie, Ant Trooper, Goombrat, Coin Coffer, Scaredy Rat ir pingvinukas.<\/li>\n<li>Interaktyviam \u017eaidimui b\u016btinas pradinis rinkinys (71360 arba 71387). \u017daidimui reikalingas vienas i\u0161 pradini\u0173 rinkini\u0173 su LEGO\u00ae Mario\u2122 (71360) ir LEGO\u00ae Luigi\u2122 (71387 rinkinyje) fig\u016br\u0117l\u0117mis.<\/li>\n<li>Kiekvienoje pakuot\u0117je po smulk\u0173 model\u012f. Vaikai gali naudoti\u00a0model\u012f kaip stov\u0105 arba juo papildyti vaik\u0173 sukurtus lygius. LEGO\u00ae Mario\u2122 arba LEGO\u00ae Luigi\u2122 skirtingai reaguoja \u012f persona\u017eus.<\/li>\n<\/ul>","protected":false},"excerpt":{"rendered":"<p>LEGO Super Mario \u017eaidimo rinkiniai perkelia Super Mario\u2122 persona\u017eus \u012f real\u0173 pasaul\u012f. Pradiniai ir papildomi rinkiniai bei papildom\u0173 gali\u0173 paketai,<\/p>","protected":false},"featured_media":40102,"comment_status":"open","ping_status":"closed","template":"","meta":[],"product_brand":[423],"product_cat":[677,406,665],"product_tag":[],"class_list":{"0":"post-40101","1":"product","2":"type-product","3":"status-publish","4":"has-post-thumbnail","6":"product_brand-lego","7":"product_cat-lego-konstruktoriai","8":"product_cat-lego","9":"product_cat-lego-minifigures","11":"first","12":"instock","13":"taxable","14":"shipping-taxable","15":"purchasable","16":"product-type-simple"},"yoast_head":"<!-- This site is optimized with the Yoast SEO plugin v25.9 - https:\/\/yoast.com\/wordpress\/plugins\/seo\/ -->\n<title>LEGO\u00ae 71402 Super Mario, Series 4 - Collectin.eu<\/title>\n<meta name=\"description\" content=\"Sukurkite lygi\u0173, kuriuose dar daugiau veiksmo su Persona\u017e\u0173 pakuote \u2013 4 serija (71402) vaikams nuo 6 met\u0173 am\u017eiaus.\" \/>\n<meta name=\"robots\" content=\"index, follow, max-snippet:-1, max-image-preview:large, max-video-preview:-1\" \/>\n<link rel=\"canonical\" href=\"https:\/\/collectin.eu\/en\/product\/lego-71402-super-mario-series-4\/\" \/>\n<meta property=\"og:locale\" content=\"en_US\" \/>\n<meta property=\"og:type\" content=\"article\" \/>\n<meta property=\"og:title\" content=\"LEGO\u00ae 71402 Super Mario, Series 4 - Collectin.eu\" \/>\n<meta property=\"og:description\" content=\"Sukurkite lygi\u0173, kuriuose dar daugiau veiksmo su Persona\u017e\u0173 pakuote \u2013 4 serija (71402) vaikams nuo 6 met\u0173 am\u017eiaus.\" \/>\n<meta property=\"og:url\" content=\"https:\/\/collectin.eu\/en\/product\/lego-71402-super-mario-series-4\/\" \/>\n<meta property=\"og:site_name\" content=\"Collectin.eu\" \/>\n<meta property=\"article:modified_time\" content=\"2026-04-08T10:22:16+00:00\" \/>\n<meta property=\"og:image\" content=\"http:\/\/collectin.eu\/wp-content\/uploads\/2026\/03\/Untitled-design-2026-03-05T001902.351.png\" \/>\n\t<meta property=\"og:image:width\" content=\"1080\" \/>\n\t<meta property=\"og:image:height\" content=\"1080\" \/>\n\t<meta property=\"og:image:type\" content=\"image\/png\" \/>\n<meta name=\"twitter:card\" content=\"summary_large_image\" \/>\n<meta name=\"twitter:label1\" content=\"Est. reading time\" \/>\n\t<meta name=\"twitter:data1\" content=\"1 minute\" \/>\n<script type=\"application\/ld+json\" class=\"yoast-schema-graph\">{\"@context\":\"https:\/\/schema.org\",\"@graph\":[{\"@type\":\"WebPage\",\"@id\":\"https:\/\/collectin.eu\/produktas\/lego-71402-super-mario-series-4\/\",\"url\":\"https:\/\/collectin.eu\/produktas\/lego-71402-super-mario-series-4\/\",\"name\":\"LEGO\u00ae 71402 Super Mario, Series 4 - Collectin.eu\",\"isPartOf\":{\"@id\":\"https:\/\/collectin.eu\/#website\"},\"primaryImageOfPage\":{\"@id\":\"https:\/\/collectin.eu\/produktas\/lego-71402-super-mario-series-4\/#primaryimage\"},\"image\":{\"@id\":\"https:\/\/collectin.eu\/produktas\/lego-71402-super-mario-series-4\/#primaryimage\"},\"thumbnailUrl\":\"https:\/\/collectin.eu\/wp-content\/uploads\/2026\/03\/Untitled-design-2026-03-05T001902.351.png\",\"datePublished\":\"2026-03-04T22:20:59+00:00\",\"dateModified\":\"2026-04-08T10:22:16+00:00\",\"description\":\"Sukurkite lygi\u0173, kuriuose dar daugiau veiksmo su Persona\u017e\u0173 pakuote \u2013 4 serija (71402) vaikams nuo 6 met\u0173 am\u017eiaus.\",\"breadcrumb\":{\"@id\":\"https:\/\/collectin.eu\/produktas\/lego-71402-super-mario-series-4\/#breadcrumb\"},\"inLanguage\":\"en-US\",\"potentialAction\":[{\"@type\":\"ReadAction\",\"target\":[\"https:\/\/collectin.eu\/produktas\/lego-71402-super-mario-series-4\/\"]}]},{\"@type\":\"ImageObject\",\"inLanguage\":\"en-US\",\"@id\":\"https:\/\/collectin.eu\/produktas\/lego-71402-super-mario-series-4\/#primaryimage\",\"url\":\"https:\/\/collectin.eu\/wp-content\/uploads\/2026\/03\/Untitled-design-2026-03-05T001902.351.png\",\"contentUrl\":\"https:\/\/collectin.eu\/wp-content\/uploads\/2026\/03\/Untitled-design-2026-03-05T001902.351.png\",\"width\":1080,\"height\":1080},{\"@type\":\"BreadcrumbList\",\"@id\":\"https:\/\/collectin.eu\/produktas\/lego-71402-super-mario-series-4\/#breadcrumb\",\"itemListElement\":[{\"@type\":\"ListItem\",\"position\":1,\"name\":\"Home\",\"item\":\"https:\/\/collectin.eu\/\"},{\"@type\":\"ListItem\",\"position\":2,\"name\":\"Parduotuv\u0117\",\"item\":\"https:\/\/collectin.eu\/parduotuve\/\"},{\"@type\":\"ListItem\",\"position\":3,\"name\":\"LEGO\u00ae 71402 Super Mario, Series 4\"}]},{\"@type\":\"WebSite\",\"@id\":\"https:\/\/collectin.eu\/#website\",\"url\":\"https:\/\/collectin.eu\/\",\"name\":\"Collectin.eu\",\"description\":\"\",\"potentialAction\":[{\"@type\":\"SearchAction\",\"target\":{\"@type\":\"EntryPoint\",\"urlTemplate\":\"https:\/\/collectin.eu\/?s={search_term_string}\"},\"query-input\":{\"@type\":\"PropertyValueSpecification\",\"valueRequired\":true,\"valueName\":\"search_term_string\"}}],\"inLanguage\":\"en-US\"}]}<\/script>\n<!-- \/ Yoast SEO plugin. -->","yoast_head_json":{"title":"LEGO\u00ae 71402 Super Mario, Series 4 - Collectin.eu","description":"Sukurkite lygi\u0173, kuriuose dar daugiau veiksmo su Persona\u017e\u0173 pakuote \u2013 4 serija (71402) vaikams nuo 6 met\u0173 am\u017eiaus.","robots":{"index":"index","follow":"follow","max-snippet":"max-snippet:-1","max-image-preview":"max-image-preview:large","max-video-preview":"max-video-preview:-1"},"canonical":"https:\/\/collectin.eu\/en\/product\/lego-71402-super-mario-series-4\/","og_locale":"en_US","og_type":"article","og_title":"LEGO\u00ae 71402 Super Mario, Series 4 - Collectin.eu","og_description":"Sukurkite lygi\u0173, kuriuose dar daugiau veiksmo su Persona\u017e\u0173 pakuote \u2013 4 serija (71402) vaikams nuo 6 met\u0173 am\u017eiaus.","og_url":"https:\/\/collectin.eu\/en\/product\/lego-71402-super-mario-series-4\/","og_site_name":"Collectin.eu","article_modified_time":"2026-04-08T10:22:16+00:00","og_image":[{"width":1080,"height":1080,"url":"http:\/\/collectin.eu\/wp-content\/uploads\/2026\/03\/Untitled-design-2026-03-05T001902.351.png","type":"image\/png"}],"twitter_card":"summary_large_image","twitter_misc":{"Est. reading time":"1 minute"},"schema":{"@context":"https:\/\/schema.org","@graph":[{"@type":"WebPage","@id":"https:\/\/collectin.eu\/produktas\/lego-71402-super-mario-series-4\/","url":"https:\/\/collectin.eu\/produktas\/lego-71402-super-mario-series-4\/","name":"LEGO\u00ae 71402 Super Mario, Series 4 - Collectin.eu","isPartOf":{"@id":"https:\/\/collectin.eu\/#website"},"primaryImageOfPage":{"@id":"https:\/\/collectin.eu\/produktas\/lego-71402-super-mario-series-4\/#primaryimage"},"image":{"@id":"https:\/\/collectin.eu\/produktas\/lego-71402-super-mario-series-4\/#primaryimage"},"thumbnailUrl":"https:\/\/collectin.eu\/wp-content\/uploads\/2026\/03\/Untitled-design-2026-03-05T001902.351.png","datePublished":"2026-03-04T22:20:59+00:00","dateModified":"2026-04-08T10:22:16+00:00","description":"Sukurkite lygi\u0173, kuriuose dar daugiau veiksmo su Persona\u017e\u0173 pakuote \u2013 4 serija (71402) vaikams nuo 6 met\u0173 am\u017eiaus.","breadcrumb":{"@id":"https:\/\/collectin.eu\/produktas\/lego-71402-super-mario-series-4\/#breadcrumb"},"inLanguage":"en-US","potentialAction":[{"@type":"ReadAction","target":["https:\/\/collectin.eu\/produktas\/lego-71402-super-mario-series-4\/"]}]},{"@type":"ImageObject","inLanguage":"en-US","@id":"https:\/\/collectin.eu\/produktas\/lego-71402-super-mario-series-4\/#primaryimage","url":"https:\/\/collectin.eu\/wp-content\/uploads\/2026\/03\/Untitled-design-2026-03-05T001902.351.png","contentUrl":"https:\/\/collectin.eu\/wp-content\/uploads\/2026\/03\/Untitled-design-2026-03-05T001902.351.png","width":1080,"height":1080},{"@type":"BreadcrumbList","@id":"https:\/\/collectin.eu\/produktas\/lego-71402-super-mario-series-4\/#breadcrumb","itemListElement":[{"@type":"ListItem","position":1,"name":"Home","item":"https:\/\/collectin.eu\/"},{"@type":"ListItem","position":2,"name":"Parduotuv\u0117","item":"https:\/\/collectin.eu\/parduotuve\/"},{"@type":"ListItem","position":3,"name":"LEGO\u00ae 71402 Super Mario, Series 4"}]},{"@type":"WebSite","@id":"https:\/\/collectin.eu\/#website","url":"https:\/\/collectin.eu\/","name":"Collectin.eu","description":"","potentialAction":[{"@type":"SearchAction","target":{"@type":"EntryPoint","urlTemplate":"https:\/\/collectin.eu\/?s={search_term_string}"},"query-input":{"@type":"PropertyValueSpecification","valueRequired":true,"valueName":"search_term_string"}}],"inLanguage":"en-US"}]}},"jetpack_sharing_enabled":true,"_links":{"self":[{"href":"https:\/\/collectin.eu\/en\/wp-json\/wp\/v2\/product\/40101","targetHints":{"allow":["GET"]}}],"collection":[{"href":"https:\/\/collectin.eu\/en\/wp-json\/wp\/v2\/product"}],"about":[{"href":"https:\/\/collectin.eu\/en\/wp-json\/wp\/v2\/types\/product"}],"replies":[{"embeddable":true,"href":"https:\/\/collectin.eu\/en\/wp-json\/wp\/v2\/comments?post=40101"}],"version-history":[{"count":2,"href":"https:\/\/collectin.eu\/en\/wp-json\/wp\/v2\/product\/40101\/revisions"}],"predecessor-version":[{"id":40463,"href":"https:\/\/collectin.eu\/en\/wp-json\/wp\/v2\/product\/40101\/revisions\/40463"}],"wp:featuredmedia":[{"embeddable":true,"href":"https:\/\/collectin.eu\/en\/wp-json\/wp\/v2\/media\/40102"}],"wp:attachment":[{"href":"https:\/\/collectin.eu\/en\/wp-json\/wp\/v2\/media?parent=40101"}],"wp:term":[{"taxonomy":"product_brand","embeddable":true,"href":"https:\/\/collectin.eu\/en\/wp-json\/wp\/v2\/product_brand?post=40101"},{"taxonomy":"product_cat","embeddable":true,"href":"https:\/\/collectin.eu\/en\/wp-json\/wp\/v2\/product_cat?post=40101"},{"taxonomy":"product_tag","embeddable":true,"href":"https:\/\/collectin.eu\/en\/wp-json\/wp\/v2\/product_tag?post=40101"}],"curies":[{"name":"wp","href":"https:\/\/api.w.org\/{rel}","templated":true}]}}