{"id":40105,"date":"2026-03-04T22:37:10","date_gmt":"2026-03-04T22:37:10","guid":{"rendered":"https:\/\/collectin.eu\/?post_type=product&#038;p=40105"},"modified":"2026-04-08T10:29:28","modified_gmt":"2026-04-08T10:29:28","slug":"2020-panini-donruss-optic-152-james-wiseman","status":"publish","type":"product","link":"https:\/\/collectin.eu\/en\/product\/2020-panini-donruss-optic-152-james-wiseman\/","title":{"rendered":"2020 Panini Donruss Optic #152 James Wiseman"},"content":{"rendered":"<p>2020\u201321 Panini Donruss Optic #152 James Wiseman yra \u0161io krep\u0161ininko naujoko sezono kortel\u0117 i\u0161 blizgiosios \u201eOptic\u201c serijos. Ji pa\u017eym\u0117ta 152 numeriu rinkinyje ir vaizduoja Wiseman \u017eaid\u017eiant\u012f u\u017e Golden State Warriors \u2013 komand\u0105, kuri j\u012f 2020 m. NBA naujok\u0173 bir\u017eoje pasirinko antruoju \u0161aukimu. \u201eDonruss Optic\u201c kortel\u0117s pasi\u017eymi chromuotu, atspindin\u010diu pavir\u0161iumi, tod\u0117l atrodo ry\u0161kesn\u0117s ir kokybi\u0161kesn\u0117s nei \u012fprastos popierin\u0117s versijos. Tai bazin\u0117 \u201eRated Rookie\u201c korta, ta\u010diau egzistuoja ir \u012fvairi\u0173 spalvot\u0173 bei retesni\u0173 paralelini\u0173 versij\u0173, kurios gali b\u016bti numeruotos ir vertingesn\u0117s. Nors standartin\u0117 \u0161ios kortel\u0117s versija da\u017eniausiai n\u0117ra labai brangi, geros b\u016bkl\u0117s ar profesionaliai \u012fvertinti egzemplioriai gali tur\u0117ti didesn\u0119 kolekcin\u0119 vert\u0119.<\/p>","protected":false},"excerpt":{"rendered":"<p>2020\u201321 Panini Donruss Optic #152 James Wiseman yra \u0161io krep\u0161ininko naujoko sezono kortel\u0117 i\u0161 blizgiosios \u201eOptic\u201c serijos. Ji pa\u017eym\u0117ta 152<\/p>","protected":false},"featured_media":40106,"comment_status":"open","ping_status":"closed","template":"","meta":[],"product_brand":[],"product_cat":[509,679,510],"product_tag":[],"class_list":{"0":"post-40105","1":"product","2":"type-product","3":"status-publish","4":"has-post-thumbnail","6":"product_cat-basketball-cards","7":"product_cat-kolekcines-korteles","8":"product_cat-sports","10":"first","11":"instock","12":"taxable","13":"shipping-taxable","14":"purchasable","15":"product-type-simple"},"yoast_head":"<!-- This site is optimized with the Yoast SEO plugin v25.9 - https:\/\/yoast.com\/wordpress\/plugins\/seo\/ -->\n<title>2020 Panini Donruss Optic #152 James Wiseman - Collectin.eu<\/title>\n<meta name=\"description\" content=\"2020\u201321 Panini Donruss Optic #152 James Wiseman \u2013 tai \u0161io \u017eaid\u0117jo naujoko (Rated Rookie) kortel\u0117 i\u0161 presti\u017ein\u0117s \u201eOptic\u201c serijos.\" \/>\n<meta name=\"robots\" content=\"index, follow, max-snippet:-1, max-image-preview:large, max-video-preview:-1\" \/>\n<link rel=\"canonical\" href=\"https:\/\/collectin.eu\/en\/product\/2020-panini-donruss-optic-152-james-wiseman\/\" \/>\n<meta property=\"og:locale\" content=\"en_US\" \/>\n<meta property=\"og:type\" content=\"article\" \/>\n<meta property=\"og:title\" content=\"2020 Panini Donruss Optic #152 James Wiseman - Collectin.eu\" \/>\n<meta property=\"og:description\" content=\"2020\u201321 Panini Donruss Optic #152 James Wiseman \u2013 tai \u0161io \u017eaid\u0117jo naujoko (Rated Rookie) kortel\u0117 i\u0161 presti\u017ein\u0117s \u201eOptic\u201c serijos.\" \/>\n<meta property=\"og:url\" content=\"https:\/\/collectin.eu\/en\/product\/2020-panini-donruss-optic-152-james-wiseman\/\" \/>\n<meta property=\"og:site_name\" content=\"Collectin.eu\" \/>\n<meta property=\"article:modified_time\" content=\"2026-04-08T10:29:28+00:00\" \/>\n<meta property=\"og:image\" content=\"http:\/\/collectin.eu\/wp-content\/uploads\/2026\/03\/Untitled-design-2026-03-05T003229.378.png\" \/>\n\t<meta property=\"og:image:width\" content=\"1080\" \/>\n\t<meta property=\"og:image:height\" content=\"1080\" \/>\n\t<meta property=\"og:image:type\" content=\"image\/png\" \/>\n<meta name=\"twitter:card\" content=\"summary_large_image\" \/>\n<meta name=\"twitter:label1\" content=\"Est. reading time\" \/>\n\t<meta name=\"twitter:data1\" content=\"1 minute\" \/>\n<script type=\"application\/ld+json\" class=\"yoast-schema-graph\">{\"@context\":\"https:\/\/schema.org\",\"@graph\":[{\"@type\":\"WebPage\",\"@id\":\"https:\/\/collectin.eu\/produktas\/2020-panini-donruss-optic-152-james-wiseman\/\",\"url\":\"https:\/\/collectin.eu\/produktas\/2020-panini-donruss-optic-152-james-wiseman\/\",\"name\":\"2020 Panini Donruss Optic #152 James Wiseman - Collectin.eu\",\"isPartOf\":{\"@id\":\"https:\/\/collectin.eu\/#website\"},\"primaryImageOfPage\":{\"@id\":\"https:\/\/collectin.eu\/produktas\/2020-panini-donruss-optic-152-james-wiseman\/#primaryimage\"},\"image\":{\"@id\":\"https:\/\/collectin.eu\/produktas\/2020-panini-donruss-optic-152-james-wiseman\/#primaryimage\"},\"thumbnailUrl\":\"https:\/\/collectin.eu\/wp-content\/uploads\/2026\/03\/Untitled-design-2026-03-05T003229.378.png\",\"datePublished\":\"2026-03-04T22:37:10+00:00\",\"dateModified\":\"2026-04-08T10:29:28+00:00\",\"description\":\"2020\u201321 Panini Donruss Optic #152 James Wiseman \u2013 tai \u0161io \u017eaid\u0117jo naujoko (Rated Rookie) kortel\u0117 i\u0161 presti\u017ein\u0117s \u201eOptic\u201c serijos.\",\"breadcrumb\":{\"@id\":\"https:\/\/collectin.eu\/produktas\/2020-panini-donruss-optic-152-james-wiseman\/#breadcrumb\"},\"inLanguage\":\"en-US\",\"potentialAction\":[{\"@type\":\"ReadAction\",\"target\":[\"https:\/\/collectin.eu\/produktas\/2020-panini-donruss-optic-152-james-wiseman\/\"]}]},{\"@type\":\"ImageObject\",\"inLanguage\":\"en-US\",\"@id\":\"https:\/\/collectin.eu\/produktas\/2020-panini-donruss-optic-152-james-wiseman\/#primaryimage\",\"url\":\"https:\/\/collectin.eu\/wp-content\/uploads\/2026\/03\/Untitled-design-2026-03-05T003229.378.png\",\"contentUrl\":\"https:\/\/collectin.eu\/wp-content\/uploads\/2026\/03\/Untitled-design-2026-03-05T003229.378.png\",\"width\":1080,\"height\":1080},{\"@type\":\"BreadcrumbList\",\"@id\":\"https:\/\/collectin.eu\/produktas\/2020-panini-donruss-optic-152-james-wiseman\/#breadcrumb\",\"itemListElement\":[{\"@type\":\"ListItem\",\"position\":1,\"name\":\"Home\",\"item\":\"https:\/\/collectin.eu\/\"},{\"@type\":\"ListItem\",\"position\":2,\"name\":\"Parduotuv\u0117\",\"item\":\"https:\/\/collectin.eu\/parduotuve\/\"},{\"@type\":\"ListItem\",\"position\":3,\"name\":\"2020 Panini Donruss Optic #152 James Wiseman\"}]},{\"@type\":\"WebSite\",\"@id\":\"https:\/\/collectin.eu\/#website\",\"url\":\"https:\/\/collectin.eu\/\",\"name\":\"Collectin.eu\",\"description\":\"\",\"potentialAction\":[{\"@type\":\"SearchAction\",\"target\":{\"@type\":\"EntryPoint\",\"urlTemplate\":\"https:\/\/collectin.eu\/?s={search_term_string}\"},\"query-input\":{\"@type\":\"PropertyValueSpecification\",\"valueRequired\":true,\"valueName\":\"search_term_string\"}}],\"inLanguage\":\"en-US\"}]}<\/script>\n<!-- \/ Yoast SEO plugin. -->","yoast_head_json":{"title":"2020 Panini Donruss Optic #152 James Wiseman - Collectin.eu","description":"2020\u201321 Panini Donruss Optic #152 James Wiseman \u2013 tai \u0161io \u017eaid\u0117jo naujoko (Rated Rookie) kortel\u0117 i\u0161 presti\u017ein\u0117s \u201eOptic\u201c serijos.","robots":{"index":"index","follow":"follow","max-snippet":"max-snippet:-1","max-image-preview":"max-image-preview:large","max-video-preview":"max-video-preview:-1"},"canonical":"https:\/\/collectin.eu\/en\/product\/2020-panini-donruss-optic-152-james-wiseman\/","og_locale":"en_US","og_type":"article","og_title":"2020 Panini Donruss Optic #152 James Wiseman - Collectin.eu","og_description":"2020\u201321 Panini Donruss Optic #152 James Wiseman \u2013 tai \u0161io \u017eaid\u0117jo naujoko (Rated Rookie) kortel\u0117 i\u0161 presti\u017ein\u0117s \u201eOptic\u201c serijos.","og_url":"https:\/\/collectin.eu\/en\/product\/2020-panini-donruss-optic-152-james-wiseman\/","og_site_name":"Collectin.eu","article_modified_time":"2026-04-08T10:29:28+00:00","og_image":[{"width":1080,"height":1080,"url":"http:\/\/collectin.eu\/wp-content\/uploads\/2026\/03\/Untitled-design-2026-03-05T003229.378.png","type":"image\/png"}],"twitter_card":"summary_large_image","twitter_misc":{"Est. reading time":"1 minute"},"schema":{"@context":"https:\/\/schema.org","@graph":[{"@type":"WebPage","@id":"https:\/\/collectin.eu\/produktas\/2020-panini-donruss-optic-152-james-wiseman\/","url":"https:\/\/collectin.eu\/produktas\/2020-panini-donruss-optic-152-james-wiseman\/","name":"2020 Panini Donruss Optic #152 James Wiseman - Collectin.eu","isPartOf":{"@id":"https:\/\/collectin.eu\/#website"},"primaryImageOfPage":{"@id":"https:\/\/collectin.eu\/produktas\/2020-panini-donruss-optic-152-james-wiseman\/#primaryimage"},"image":{"@id":"https:\/\/collectin.eu\/produktas\/2020-panini-donruss-optic-152-james-wiseman\/#primaryimage"},"thumbnailUrl":"https:\/\/collectin.eu\/wp-content\/uploads\/2026\/03\/Untitled-design-2026-03-05T003229.378.png","datePublished":"2026-03-04T22:37:10+00:00","dateModified":"2026-04-08T10:29:28+00:00","description":"2020\u201321 Panini Donruss Optic #152 James Wiseman \u2013 tai \u0161io \u017eaid\u0117jo naujoko (Rated Rookie) kortel\u0117 i\u0161 presti\u017ein\u0117s \u201eOptic\u201c serijos.","breadcrumb":{"@id":"https:\/\/collectin.eu\/produktas\/2020-panini-donruss-optic-152-james-wiseman\/#breadcrumb"},"inLanguage":"en-US","potentialAction":[{"@type":"ReadAction","target":["https:\/\/collectin.eu\/produktas\/2020-panini-donruss-optic-152-james-wiseman\/"]}]},{"@type":"ImageObject","inLanguage":"en-US","@id":"https:\/\/collectin.eu\/produktas\/2020-panini-donruss-optic-152-james-wiseman\/#primaryimage","url":"https:\/\/collectin.eu\/wp-content\/uploads\/2026\/03\/Untitled-design-2026-03-05T003229.378.png","contentUrl":"https:\/\/collectin.eu\/wp-content\/uploads\/2026\/03\/Untitled-design-2026-03-05T003229.378.png","width":1080,"height":1080},{"@type":"BreadcrumbList","@id":"https:\/\/collectin.eu\/produktas\/2020-panini-donruss-optic-152-james-wiseman\/#breadcrumb","itemListElement":[{"@type":"ListItem","position":1,"name":"Home","item":"https:\/\/collectin.eu\/"},{"@type":"ListItem","position":2,"name":"Parduotuv\u0117","item":"https:\/\/collectin.eu\/parduotuve\/"},{"@type":"ListItem","position":3,"name":"2020 Panini Donruss Optic #152 James Wiseman"}]},{"@type":"WebSite","@id":"https:\/\/collectin.eu\/#website","url":"https:\/\/collectin.eu\/","name":"Collectin.eu","description":"","potentialAction":[{"@type":"SearchAction","target":{"@type":"EntryPoint","urlTemplate":"https:\/\/collectin.eu\/?s={search_term_string}"},"query-input":{"@type":"PropertyValueSpecification","valueRequired":true,"valueName":"search_term_string"}}],"inLanguage":"en-US"}]}},"jetpack_sharing_enabled":true,"_links":{"self":[{"href":"https:\/\/collectin.eu\/en\/wp-json\/wp\/v2\/product\/40105","targetHints":{"allow":["GET"]}}],"collection":[{"href":"https:\/\/collectin.eu\/en\/wp-json\/wp\/v2\/product"}],"about":[{"href":"https:\/\/collectin.eu\/en\/wp-json\/wp\/v2\/types\/product"}],"replies":[{"embeddable":true,"href":"https:\/\/collectin.eu\/en\/wp-json\/wp\/v2\/comments?post=40105"}],"version-history":[{"count":2,"href":"https:\/\/collectin.eu\/en\/wp-json\/wp\/v2\/product\/40105\/revisions"}],"predecessor-version":[{"id":40127,"href":"https:\/\/collectin.eu\/en\/wp-json\/wp\/v2\/product\/40105\/revisions\/40127"}],"wp:featuredmedia":[{"embeddable":true,"href":"https:\/\/collectin.eu\/en\/wp-json\/wp\/v2\/media\/40106"}],"wp:attachment":[{"href":"https:\/\/collectin.eu\/en\/wp-json\/wp\/v2\/media?parent=40105"}],"wp:term":[{"taxonomy":"product_brand","embeddable":true,"href":"https:\/\/collectin.eu\/en\/wp-json\/wp\/v2\/product_brand?post=40105"},{"taxonomy":"product_cat","embeddable":true,"href":"https:\/\/collectin.eu\/en\/wp-json\/wp\/v2\/product_cat?post=40105"},{"taxonomy":"product_tag","embeddable":true,"href":"https:\/\/collectin.eu\/en\/wp-json\/wp\/v2\/product_tag?post=40105"}],"curies":[{"name":"wp","href":"https:\/\/api.w.org\/{rel}","templated":true}]}}