{"id":40110,"date":"2026-03-04T22:46:25","date_gmt":"2026-03-04T22:46:25","guid":{"rendered":"https:\/\/collectin.eu\/?post_type=product&#038;p=40110"},"modified":"2026-04-08T10:29:28","modified_gmt":"2026-04-08T10:29:28","slug":"2019-panini-prizm-red-white-blue-prizm-luka-samancic","status":"publish","type":"product","link":"https:\/\/collectin.eu\/en\/product\/2019-panini-prizm-red-white-blue-prizm-luka-samancic\/","title":{"rendered":"2019 Panini Prizm Red\/White\/Blue Prizm Luka Samancic"},"content":{"rendered":"<p>2019 Panini Prizm Red\/White\/Blue Prizm Luka \u0160amani\u0107 \u2013 tai i\u0161skirtin\u0117 kolekcin\u0117 NBA kortel\u0117, i\u0161leista 2019 met\u0173 National Basketball Association naujok\u0173 klas\u0117s sezono metu. Kortel\u0119 gamino Panini, o ji priklauso populiariai Panini Prizm serijai, gars\u0117jan\u010diai auk\u0161tos kokyb\u0117s spauda ir ry\u0161kiu \u201ePrizm\u201c efektu. Red\/White\/Blue Prizm versija pasi\u017eymi ak\u012f traukian\u010diu raudonos, baltos ir m\u0117lynos spalv\u0173 dizainu bei ribotesniu tira\u017eu, tod\u0117l yra itin vertinama kolekcionieri\u0173. Kortel\u0117je vaizduojamas Kroatijos talentas Luka \u0160amani\u0107, 2019 m. NBA naujok\u0173 bir\u017eoje pasirinktas pirmame rate, atstovaujantis jaun\u0105j\u0105 lygos kart\u0105. Tai puikus pasirinkimas tiek investuotojams, tiek krep\u0161inio aistruoliams, ie\u0161kantiems perspektyvi\u0173 \u017eaid\u0117j\u0173 korteli\u0173 savo kolekcijai.<\/p>","protected":false},"excerpt":{"rendered":"<p>2019 Panini Prizm Red\/White\/Blue Prizm Luka \u0160amani\u0107 \u2013 tai i\u0161skirtin\u0117 kolekcin\u0117 NBA kortel\u0117, i\u0161leista 2019 met\u0173 National Basketball Association naujok\u0173<\/p>","protected":false},"featured_media":40111,"comment_status":"open","ping_status":"closed","template":"","meta":[],"product_brand":[],"product_cat":[509,679,510],"product_tag":[],"class_list":{"0":"post-40110","1":"product","2":"type-product","3":"status-publish","4":"has-post-thumbnail","6":"product_cat-basketball-cards","7":"product_cat-kolekcines-korteles","8":"product_cat-sports","10":"first","11":"instock","12":"taxable","13":"shipping-taxable","14":"purchasable","15":"product-type-simple"},"yoast_head":"<!-- This site is optimized with the Yoast SEO plugin v25.9 - https:\/\/yoast.com\/wordpress\/plugins\/seo\/ -->\n<title>2019 Panini Prizm Red\/White\/Blue Prizm Luka Samancic - Collectin.eu<\/title>\n<meta name=\"description\" content=\"2019 Panini Prizm Red\/White\/Blue Prizm Luka \u0160amani\u0107 \u2013 tai i\u0161skirtin\u0117 kolekcin\u0117 NBA kortel\u0117, i\u0161leista 2019 met\u0173 National Basketball Association naujok\u0173 klas\u0117s sezono metu.\" \/>\n<meta name=\"robots\" content=\"index, follow, max-snippet:-1, max-image-preview:large, max-video-preview:-1\" \/>\n<link rel=\"canonical\" href=\"https:\/\/collectin.eu\/en\/product\/2019-panini-prizm-red-white-blue-prizm-luka-samancic\/\" \/>\n<meta property=\"og:locale\" content=\"en_US\" \/>\n<meta property=\"og:type\" content=\"article\" \/>\n<meta property=\"og:title\" content=\"2019 Panini Prizm Red\/White\/Blue Prizm Luka Samancic - Collectin.eu\" \/>\n<meta property=\"og:description\" content=\"2019 Panini Prizm Red\/White\/Blue Prizm Luka \u0160amani\u0107 \u2013 tai i\u0161skirtin\u0117 kolekcin\u0117 NBA kortel\u0117, i\u0161leista 2019 met\u0173 National Basketball Association naujok\u0173 klas\u0117s sezono metu.\" \/>\n<meta property=\"og:url\" content=\"https:\/\/collectin.eu\/en\/product\/2019-panini-prizm-red-white-blue-prizm-luka-samancic\/\" \/>\n<meta property=\"og:site_name\" content=\"Collectin.eu\" \/>\n<meta property=\"article:modified_time\" content=\"2026-04-08T10:29:28+00:00\" \/>\n<meta property=\"og:image\" content=\"http:\/\/collectin.eu\/wp-content\/uploads\/2026\/03\/Untitled-design-2026-03-05T004310.565.png\" \/>\n\t<meta property=\"og:image:width\" content=\"1080\" \/>\n\t<meta property=\"og:image:height\" content=\"1080\" \/>\n\t<meta property=\"og:image:type\" content=\"image\/png\" \/>\n<meta name=\"twitter:card\" content=\"summary_large_image\" \/>\n<meta name=\"twitter:label1\" content=\"Est. reading time\" \/>\n\t<meta name=\"twitter:data1\" content=\"1 minute\" \/>\n<script type=\"application\/ld+json\" class=\"yoast-schema-graph\">{\"@context\":\"https:\/\/schema.org\",\"@graph\":[{\"@type\":\"WebPage\",\"@id\":\"https:\/\/collectin.eu\/produktas\/2019-panini-prizm-red-white-blue-prizm-luka-samancic\/\",\"url\":\"https:\/\/collectin.eu\/produktas\/2019-panini-prizm-red-white-blue-prizm-luka-samancic\/\",\"name\":\"2019 Panini Prizm Red\/White\/Blue Prizm Luka Samancic - Collectin.eu\",\"isPartOf\":{\"@id\":\"https:\/\/collectin.eu\/#website\"},\"primaryImageOfPage\":{\"@id\":\"https:\/\/collectin.eu\/produktas\/2019-panini-prizm-red-white-blue-prizm-luka-samancic\/#primaryimage\"},\"image\":{\"@id\":\"https:\/\/collectin.eu\/produktas\/2019-panini-prizm-red-white-blue-prizm-luka-samancic\/#primaryimage\"},\"thumbnailUrl\":\"https:\/\/collectin.eu\/wp-content\/uploads\/2026\/03\/Untitled-design-2026-03-05T004310.565.png\",\"datePublished\":\"2026-03-04T22:46:25+00:00\",\"dateModified\":\"2026-04-08T10:29:28+00:00\",\"description\":\"2019 Panini Prizm Red\/White\/Blue Prizm Luka \u0160amani\u0107 \u2013 tai i\u0161skirtin\u0117 kolekcin\u0117 NBA kortel\u0117, i\u0161leista 2019 met\u0173 National Basketball Association naujok\u0173 klas\u0117s sezono metu.\",\"breadcrumb\":{\"@id\":\"https:\/\/collectin.eu\/produktas\/2019-panini-prizm-red-white-blue-prizm-luka-samancic\/#breadcrumb\"},\"inLanguage\":\"en-US\",\"potentialAction\":[{\"@type\":\"ReadAction\",\"target\":[\"https:\/\/collectin.eu\/produktas\/2019-panini-prizm-red-white-blue-prizm-luka-samancic\/\"]}]},{\"@type\":\"ImageObject\",\"inLanguage\":\"en-US\",\"@id\":\"https:\/\/collectin.eu\/produktas\/2019-panini-prizm-red-white-blue-prizm-luka-samancic\/#primaryimage\",\"url\":\"https:\/\/collectin.eu\/wp-content\/uploads\/2026\/03\/Untitled-design-2026-03-05T004310.565.png\",\"contentUrl\":\"https:\/\/collectin.eu\/wp-content\/uploads\/2026\/03\/Untitled-design-2026-03-05T004310.565.png\",\"width\":1080,\"height\":1080},{\"@type\":\"BreadcrumbList\",\"@id\":\"https:\/\/collectin.eu\/produktas\/2019-panini-prizm-red-white-blue-prizm-luka-samancic\/#breadcrumb\",\"itemListElement\":[{\"@type\":\"ListItem\",\"position\":1,\"name\":\"Home\",\"item\":\"https:\/\/collectin.eu\/\"},{\"@type\":\"ListItem\",\"position\":2,\"name\":\"Parduotuv\u0117\",\"item\":\"https:\/\/collectin.eu\/parduotuve\/\"},{\"@type\":\"ListItem\",\"position\":3,\"name\":\"2019 Panini Prizm Red\/White\/Blue Prizm Luka Samancic\"}]},{\"@type\":\"WebSite\",\"@id\":\"https:\/\/collectin.eu\/#website\",\"url\":\"https:\/\/collectin.eu\/\",\"name\":\"Collectin.eu\",\"description\":\"\",\"potentialAction\":[{\"@type\":\"SearchAction\",\"target\":{\"@type\":\"EntryPoint\",\"urlTemplate\":\"https:\/\/collectin.eu\/?s={search_term_string}\"},\"query-input\":{\"@type\":\"PropertyValueSpecification\",\"valueRequired\":true,\"valueName\":\"search_term_string\"}}],\"inLanguage\":\"en-US\"}]}<\/script>\n<!-- \/ Yoast SEO plugin. -->","yoast_head_json":{"title":"2019 Panini Prizm Red\/White\/Blue Prizm Luka Samancic - Collectin.eu","description":"2019 Panini Prizm Red\/White\/Blue Prizm Luka \u0160amani\u0107 \u2013 tai i\u0161skirtin\u0117 kolekcin\u0117 NBA kortel\u0117, i\u0161leista 2019 met\u0173 National Basketball Association naujok\u0173 klas\u0117s sezono metu.","robots":{"index":"index","follow":"follow","max-snippet":"max-snippet:-1","max-image-preview":"max-image-preview:large","max-video-preview":"max-video-preview:-1"},"canonical":"https:\/\/collectin.eu\/en\/product\/2019-panini-prizm-red-white-blue-prizm-luka-samancic\/","og_locale":"en_US","og_type":"article","og_title":"2019 Panini Prizm Red\/White\/Blue Prizm Luka Samancic - Collectin.eu","og_description":"2019 Panini Prizm Red\/White\/Blue Prizm Luka \u0160amani\u0107 \u2013 tai i\u0161skirtin\u0117 kolekcin\u0117 NBA kortel\u0117, i\u0161leista 2019 met\u0173 National Basketball Association naujok\u0173 klas\u0117s sezono metu.","og_url":"https:\/\/collectin.eu\/en\/product\/2019-panini-prizm-red-white-blue-prizm-luka-samancic\/","og_site_name":"Collectin.eu","article_modified_time":"2026-04-08T10:29:28+00:00","og_image":[{"width":1080,"height":1080,"url":"http:\/\/collectin.eu\/wp-content\/uploads\/2026\/03\/Untitled-design-2026-03-05T004310.565.png","type":"image\/png"}],"twitter_card":"summary_large_image","twitter_misc":{"Est. reading time":"1 minute"},"schema":{"@context":"https:\/\/schema.org","@graph":[{"@type":"WebPage","@id":"https:\/\/collectin.eu\/produktas\/2019-panini-prizm-red-white-blue-prizm-luka-samancic\/","url":"https:\/\/collectin.eu\/produktas\/2019-panini-prizm-red-white-blue-prizm-luka-samancic\/","name":"2019 Panini Prizm Red\/White\/Blue Prizm Luka Samancic - Collectin.eu","isPartOf":{"@id":"https:\/\/collectin.eu\/#website"},"primaryImageOfPage":{"@id":"https:\/\/collectin.eu\/produktas\/2019-panini-prizm-red-white-blue-prizm-luka-samancic\/#primaryimage"},"image":{"@id":"https:\/\/collectin.eu\/produktas\/2019-panini-prizm-red-white-blue-prizm-luka-samancic\/#primaryimage"},"thumbnailUrl":"https:\/\/collectin.eu\/wp-content\/uploads\/2026\/03\/Untitled-design-2026-03-05T004310.565.png","datePublished":"2026-03-04T22:46:25+00:00","dateModified":"2026-04-08T10:29:28+00:00","description":"2019 Panini Prizm Red\/White\/Blue Prizm Luka \u0160amani\u0107 \u2013 tai i\u0161skirtin\u0117 kolekcin\u0117 NBA kortel\u0117, i\u0161leista 2019 met\u0173 National Basketball Association naujok\u0173 klas\u0117s sezono metu.","breadcrumb":{"@id":"https:\/\/collectin.eu\/produktas\/2019-panini-prizm-red-white-blue-prizm-luka-samancic\/#breadcrumb"},"inLanguage":"en-US","potentialAction":[{"@type":"ReadAction","target":["https:\/\/collectin.eu\/produktas\/2019-panini-prizm-red-white-blue-prizm-luka-samancic\/"]}]},{"@type":"ImageObject","inLanguage":"en-US","@id":"https:\/\/collectin.eu\/produktas\/2019-panini-prizm-red-white-blue-prizm-luka-samancic\/#primaryimage","url":"https:\/\/collectin.eu\/wp-content\/uploads\/2026\/03\/Untitled-design-2026-03-05T004310.565.png","contentUrl":"https:\/\/collectin.eu\/wp-content\/uploads\/2026\/03\/Untitled-design-2026-03-05T004310.565.png","width":1080,"height":1080},{"@type":"BreadcrumbList","@id":"https:\/\/collectin.eu\/produktas\/2019-panini-prizm-red-white-blue-prizm-luka-samancic\/#breadcrumb","itemListElement":[{"@type":"ListItem","position":1,"name":"Home","item":"https:\/\/collectin.eu\/"},{"@type":"ListItem","position":2,"name":"Parduotuv\u0117","item":"https:\/\/collectin.eu\/parduotuve\/"},{"@type":"ListItem","position":3,"name":"2019 Panini Prizm Red\/White\/Blue Prizm Luka Samancic"}]},{"@type":"WebSite","@id":"https:\/\/collectin.eu\/#website","url":"https:\/\/collectin.eu\/","name":"Collectin.eu","description":"","potentialAction":[{"@type":"SearchAction","target":{"@type":"EntryPoint","urlTemplate":"https:\/\/collectin.eu\/?s={search_term_string}"},"query-input":{"@type":"PropertyValueSpecification","valueRequired":true,"valueName":"search_term_string"}}],"inLanguage":"en-US"}]}},"jetpack_sharing_enabled":true,"_links":{"self":[{"href":"https:\/\/collectin.eu\/en\/wp-json\/wp\/v2\/product\/40110","targetHints":{"allow":["GET"]}}],"collection":[{"href":"https:\/\/collectin.eu\/en\/wp-json\/wp\/v2\/product"}],"about":[{"href":"https:\/\/collectin.eu\/en\/wp-json\/wp\/v2\/types\/product"}],"replies":[{"embeddable":true,"href":"https:\/\/collectin.eu\/en\/wp-json\/wp\/v2\/comments?post=40110"}],"version-history":[{"count":3,"href":"https:\/\/collectin.eu\/en\/wp-json\/wp\/v2\/product\/40110\/revisions"}],"predecessor-version":[{"id":40126,"href":"https:\/\/collectin.eu\/en\/wp-json\/wp\/v2\/product\/40110\/revisions\/40126"}],"wp:featuredmedia":[{"embeddable":true,"href":"https:\/\/collectin.eu\/en\/wp-json\/wp\/v2\/media\/40111"}],"wp:attachment":[{"href":"https:\/\/collectin.eu\/en\/wp-json\/wp\/v2\/media?parent=40110"}],"wp:term":[{"taxonomy":"product_brand","embeddable":true,"href":"https:\/\/collectin.eu\/en\/wp-json\/wp\/v2\/product_brand?post=40110"},{"taxonomy":"product_cat","embeddable":true,"href":"https:\/\/collectin.eu\/en\/wp-json\/wp\/v2\/product_cat?post=40110"},{"taxonomy":"product_tag","embeddable":true,"href":"https:\/\/collectin.eu\/en\/wp-json\/wp\/v2\/product_tag?post=40110"}],"curies":[{"name":"wp","href":"https:\/\/api.w.org\/{rel}","templated":true}]}}