{"id":40541,"date":"2026-04-01T22:12:53","date_gmt":"2026-04-01T22:12:53","guid":{"rendered":"https:\/\/collectin.eu\/?post_type=product&#038;p=40541"},"modified":"2026-04-01T22:12:53","modified_gmt":"2026-04-01T22:12:53","slug":"minnie-mouse-disney-traditions","status":"publish","type":"product","link":"https:\/\/collectin.eu\/en\/product\/minnie-mouse-disney-traditions\/","title":{"rendered":"Minnie Mouse &#8211; Disney Traditions"},"content":{"rendered":"<p>Disney Traditions \u2013 tai kolekcin\u0117s dekoratyvin\u0117s fig\u016br\u0117l\u0117s ir dovanos, sukurtos bendradarbiaujant \u201eDisney\u201c ir menininkui Jim Shore, kurios i\u0161siskiria tuo, kad klasikiniai \u201eDisney\u201c persona\u017eai pateikiami liaudies meno stiliumi su rank\u0173 darbo \u012fsp\u016bd\u017eiu; \u0161ios fig\u016br\u0117l\u0117s da\u017eniausiai gaminamos i\u0161 specialios dervos, leid\u017eian\u010dios i\u0161gauti smulkias detales, po to jos rankomis nuda\u017eomos, tod\u0117l kiekviena gali \u0161iek tiek skirtis, o dizainui b\u016bdingi ornamentai, primenantys med\u017eio dro\u017einius, quilt ir kitus tradicinius motyvus, tod\u0117l jos atrodo tarsi i\u0161dro\u017etos i\u0161 med\u017eio; \u201eDisney Traditions\u201c kolekcijoje galima rasti \u012fvairi\u0173 persona\u017e\u0173 \u2013 nuo Mickey Mouse iki princesi\u0173 ar Stitch \u2013 taip pat skirting\u0173 dyd\u017ei\u0173 fig\u016br\u0117li\u0173, sezonini\u0173 leidim\u0173 (Kal\u0117doms, Velykoms, Helovinui) bei mini versij\u0173, tod\u0117l \u0161ios prek\u0117s da\u017eniausiai perkamos kaip dovanos, nam\u0173 dekoras arba kolekcionavimo objektai, o kai kurios riboto leidimo fig\u016br\u0117l\u0117s laikui b\u0117gant netgi gali tapti vertingesn\u0117s.<\/p>","protected":false},"excerpt":{"rendered":"<p>Disney Traditions \u2013 tai kolekcin\u0117s dekoratyvin\u0117s fig\u016br\u0117l\u0117s ir dovanos, sukurtos bendradarbiaujant \u201eDisney\u201c ir menininkui Jim Shore, kurios i\u0161siskiria tuo, kad<\/p>","protected":false},"featured_media":40542,"comment_status":"open","ping_status":"closed","template":"","meta":[],"product_brand":[425],"product_cat":[413,676],"product_tag":[],"class_list":{"0":"post-40541","1":"product","2":"type-product","3":"status-publish","4":"has-post-thumbnail","6":"product_brand-disney","7":"product_cat-disney","8":"product_cat-disney-traditions","10":"first","11":"instock","12":"taxable","13":"shipping-taxable","14":"purchasable","15":"product-type-simple"},"yoast_head":"<!-- This site is optimized with the Yoast SEO plugin v25.9 - https:\/\/yoast.com\/wordpress\/plugins\/seo\/ -->\n<title>Minnie Mouse - Disney Traditions - Collectin.eu<\/title>\n<meta name=\"description\" content=\"Disney Traditions \u2013 tai kolekcin\u0117s dekoratyvin\u0117s fig\u016br\u0117l\u0117s ir dovanos, sukurtos bendradarbiaujant \u201eDisney\u201c ir menininkui Jim Shore\" \/>\n<meta name=\"robots\" content=\"index, follow, max-snippet:-1, max-image-preview:large, max-video-preview:-1\" \/>\n<link rel=\"canonical\" href=\"https:\/\/collectin.eu\/en\/product\/minnie-mouse-disney-traditions\/\" \/>\n<meta property=\"og:locale\" content=\"en_US\" \/>\n<meta property=\"og:type\" content=\"article\" \/>\n<meta property=\"og:title\" content=\"Minnie Mouse - Disney Traditions - Collectin.eu\" \/>\n<meta property=\"og:description\" content=\"Disney Traditions \u2013 tai kolekcin\u0117s dekoratyvin\u0117s fig\u016br\u0117l\u0117s ir dovanos, sukurtos bendradarbiaujant \u201eDisney\u201c ir menininkui Jim Shore\" \/>\n<meta property=\"og:url\" content=\"https:\/\/collectin.eu\/en\/product\/minnie-mouse-disney-traditions\/\" \/>\n<meta property=\"og:site_name\" content=\"Collectin.eu\" \/>\n<meta property=\"og:image\" content=\"http:\/\/collectin.eu\/wp-content\/uploads\/2026\/04\/Untitled-design-2026-04-02T011201.962.png\" \/>\n\t<meta property=\"og:image:width\" content=\"1080\" \/>\n\t<meta property=\"og:image:height\" content=\"1080\" \/>\n\t<meta property=\"og:image:type\" content=\"image\/png\" \/>\n<meta name=\"twitter:card\" content=\"summary_large_image\" \/>\n<meta name=\"twitter:label1\" content=\"Est. reading time\" \/>\n\t<meta name=\"twitter:data1\" content=\"1 minute\" \/>\n<script type=\"application\/ld+json\" class=\"yoast-schema-graph\">{\"@context\":\"https:\/\/schema.org\",\"@graph\":[{\"@type\":\"WebPage\",\"@id\":\"https:\/\/collectin.eu\/produktas\/minnie-mouse-disney-traditions\/\",\"url\":\"https:\/\/collectin.eu\/produktas\/minnie-mouse-disney-traditions\/\",\"name\":\"Minnie Mouse - Disney Traditions - Collectin.eu\",\"isPartOf\":{\"@id\":\"https:\/\/collectin.eu\/#website\"},\"primaryImageOfPage\":{\"@id\":\"https:\/\/collectin.eu\/produktas\/minnie-mouse-disney-traditions\/#primaryimage\"},\"image\":{\"@id\":\"https:\/\/collectin.eu\/produktas\/minnie-mouse-disney-traditions\/#primaryimage\"},\"thumbnailUrl\":\"https:\/\/collectin.eu\/wp-content\/uploads\/2026\/04\/Untitled-design-2026-04-02T011201.962.png\",\"datePublished\":\"2026-04-01T22:12:53+00:00\",\"description\":\"Disney Traditions \u2013 tai kolekcin\u0117s dekoratyvin\u0117s fig\u016br\u0117l\u0117s ir dovanos, sukurtos bendradarbiaujant \u201eDisney\u201c ir menininkui Jim Shore\",\"breadcrumb\":{\"@id\":\"https:\/\/collectin.eu\/produktas\/minnie-mouse-disney-traditions\/#breadcrumb\"},\"inLanguage\":\"en-US\",\"potentialAction\":[{\"@type\":\"ReadAction\",\"target\":[\"https:\/\/collectin.eu\/produktas\/minnie-mouse-disney-traditions\/\"]}]},{\"@type\":\"ImageObject\",\"inLanguage\":\"en-US\",\"@id\":\"https:\/\/collectin.eu\/produktas\/minnie-mouse-disney-traditions\/#primaryimage\",\"url\":\"https:\/\/collectin.eu\/wp-content\/uploads\/2026\/04\/Untitled-design-2026-04-02T011201.962.png\",\"contentUrl\":\"https:\/\/collectin.eu\/wp-content\/uploads\/2026\/04\/Untitled-design-2026-04-02T011201.962.png\",\"width\":1080,\"height\":1080},{\"@type\":\"BreadcrumbList\",\"@id\":\"https:\/\/collectin.eu\/produktas\/minnie-mouse-disney-traditions\/#breadcrumb\",\"itemListElement\":[{\"@type\":\"ListItem\",\"position\":1,\"name\":\"Home\",\"item\":\"https:\/\/collectin.eu\/\"},{\"@type\":\"ListItem\",\"position\":2,\"name\":\"Parduotuv\u0117\",\"item\":\"https:\/\/collectin.eu\/parduotuve\/\"},{\"@type\":\"ListItem\",\"position\":3,\"name\":\"Minnie Mouse &#8211; Disney Traditions\"}]},{\"@type\":\"WebSite\",\"@id\":\"https:\/\/collectin.eu\/#website\",\"url\":\"https:\/\/collectin.eu\/\",\"name\":\"Collectin.eu\",\"description\":\"\",\"potentialAction\":[{\"@type\":\"SearchAction\",\"target\":{\"@type\":\"EntryPoint\",\"urlTemplate\":\"https:\/\/collectin.eu\/?s={search_term_string}\"},\"query-input\":{\"@type\":\"PropertyValueSpecification\",\"valueRequired\":true,\"valueName\":\"search_term_string\"}}],\"inLanguage\":\"en-US\"}]}<\/script>\n<!-- \/ Yoast SEO plugin. -->","yoast_head_json":{"title":"Minnie Mouse - Disney Traditions - Collectin.eu","description":"Disney Traditions \u2013 tai kolekcin\u0117s dekoratyvin\u0117s fig\u016br\u0117l\u0117s ir dovanos, sukurtos bendradarbiaujant \u201eDisney\u201c ir menininkui Jim Shore","robots":{"index":"index","follow":"follow","max-snippet":"max-snippet:-1","max-image-preview":"max-image-preview:large","max-video-preview":"max-video-preview:-1"},"canonical":"https:\/\/collectin.eu\/en\/product\/minnie-mouse-disney-traditions\/","og_locale":"en_US","og_type":"article","og_title":"Minnie Mouse - Disney Traditions - Collectin.eu","og_description":"Disney Traditions \u2013 tai kolekcin\u0117s dekoratyvin\u0117s fig\u016br\u0117l\u0117s ir dovanos, sukurtos bendradarbiaujant \u201eDisney\u201c ir menininkui Jim Shore","og_url":"https:\/\/collectin.eu\/en\/product\/minnie-mouse-disney-traditions\/","og_site_name":"Collectin.eu","og_image":[{"width":1080,"height":1080,"url":"http:\/\/collectin.eu\/wp-content\/uploads\/2026\/04\/Untitled-design-2026-04-02T011201.962.png","type":"image\/png"}],"twitter_card":"summary_large_image","twitter_misc":{"Est. reading time":"1 minute"},"schema":{"@context":"https:\/\/schema.org","@graph":[{"@type":"WebPage","@id":"https:\/\/collectin.eu\/produktas\/minnie-mouse-disney-traditions\/","url":"https:\/\/collectin.eu\/produktas\/minnie-mouse-disney-traditions\/","name":"Minnie Mouse - Disney Traditions - Collectin.eu","isPartOf":{"@id":"https:\/\/collectin.eu\/#website"},"primaryImageOfPage":{"@id":"https:\/\/collectin.eu\/produktas\/minnie-mouse-disney-traditions\/#primaryimage"},"image":{"@id":"https:\/\/collectin.eu\/produktas\/minnie-mouse-disney-traditions\/#primaryimage"},"thumbnailUrl":"https:\/\/collectin.eu\/wp-content\/uploads\/2026\/04\/Untitled-design-2026-04-02T011201.962.png","datePublished":"2026-04-01T22:12:53+00:00","description":"Disney Traditions \u2013 tai kolekcin\u0117s dekoratyvin\u0117s fig\u016br\u0117l\u0117s ir dovanos, sukurtos bendradarbiaujant \u201eDisney\u201c ir menininkui Jim Shore","breadcrumb":{"@id":"https:\/\/collectin.eu\/produktas\/minnie-mouse-disney-traditions\/#breadcrumb"},"inLanguage":"en-US","potentialAction":[{"@type":"ReadAction","target":["https:\/\/collectin.eu\/produktas\/minnie-mouse-disney-traditions\/"]}]},{"@type":"ImageObject","inLanguage":"en-US","@id":"https:\/\/collectin.eu\/produktas\/minnie-mouse-disney-traditions\/#primaryimage","url":"https:\/\/collectin.eu\/wp-content\/uploads\/2026\/04\/Untitled-design-2026-04-02T011201.962.png","contentUrl":"https:\/\/collectin.eu\/wp-content\/uploads\/2026\/04\/Untitled-design-2026-04-02T011201.962.png","width":1080,"height":1080},{"@type":"BreadcrumbList","@id":"https:\/\/collectin.eu\/produktas\/minnie-mouse-disney-traditions\/#breadcrumb","itemListElement":[{"@type":"ListItem","position":1,"name":"Home","item":"https:\/\/collectin.eu\/"},{"@type":"ListItem","position":2,"name":"Parduotuv\u0117","item":"https:\/\/collectin.eu\/parduotuve\/"},{"@type":"ListItem","position":3,"name":"Minnie Mouse &#8211; Disney Traditions"}]},{"@type":"WebSite","@id":"https:\/\/collectin.eu\/#website","url":"https:\/\/collectin.eu\/","name":"Collectin.eu","description":"","potentialAction":[{"@type":"SearchAction","target":{"@type":"EntryPoint","urlTemplate":"https:\/\/collectin.eu\/?s={search_term_string}"},"query-input":{"@type":"PropertyValueSpecification","valueRequired":true,"valueName":"search_term_string"}}],"inLanguage":"en-US"}]}},"_links":{"self":[{"href":"https:\/\/collectin.eu\/en\/wp-json\/wp\/v2\/product\/40541","targetHints":{"allow":["GET"]}}],"collection":[{"href":"https:\/\/collectin.eu\/en\/wp-json\/wp\/v2\/product"}],"about":[{"href":"https:\/\/collectin.eu\/en\/wp-json\/wp\/v2\/types\/product"}],"replies":[{"embeddable":true,"href":"https:\/\/collectin.eu\/en\/wp-json\/wp\/v2\/comments?post=40541"}],"version-history":[{"count":2,"href":"https:\/\/collectin.eu\/en\/wp-json\/wp\/v2\/product\/40541\/revisions"}],"predecessor-version":[{"id":40546,"href":"https:\/\/collectin.eu\/en\/wp-json\/wp\/v2\/product\/40541\/revisions\/40546"}],"wp:featuredmedia":[{"embeddable":true,"href":"https:\/\/collectin.eu\/en\/wp-json\/wp\/v2\/media\/40542"}],"wp:attachment":[{"href":"https:\/\/collectin.eu\/en\/wp-json\/wp\/v2\/media?parent=40541"}],"wp:term":[{"taxonomy":"product_brand","embeddable":true,"href":"https:\/\/collectin.eu\/en\/wp-json\/wp\/v2\/product_brand?post=40541"},{"taxonomy":"product_cat","embeddable":true,"href":"https:\/\/collectin.eu\/en\/wp-json\/wp\/v2\/product_cat?post=40541"},{"taxonomy":"product_tag","embeddable":true,"href":"https:\/\/collectin.eu\/en\/wp-json\/wp\/v2\/product_tag?post=40541"}],"curies":[{"name":"wp","href":"https:\/\/api.w.org\/{rel}","templated":true}]}}