{"id":40559,"date":"2026-04-01T22:31:56","date_gmt":"2026-04-01T22:31:56","guid":{"rendered":"https:\/\/collectin.eu\/?post_type=product&#038;p=40559"},"modified":"2026-04-01T22:31:57","modified_gmt":"2026-04-01T22:31:57","slug":"jiminy-cricket-pinocchio-disney-by-britto","status":"publish","type":"product","link":"https:\/\/collectin.eu\/en\/product\/jiminy-cricket-pinocchio-disney-by-britto\/","title":{"rendered":"Jiminy Cricket (Pinocchio) &#8211; Disney by Britto"},"content":{"rendered":"<p>Disney by Britto Figuringes is an exclusive collection that bridges the classic world of Disney with the creative flair of renowned Brazilian pop artist Romero Britto. These figurines are characterized by vibrant, contrasting colors, bold black outlines, geometric patterns, and a high-gloss finish that lends them a modern and distinctive charm.\n\nBritto\u2019s work is defined by themes of optimism, love, and joy; thus, well-known Disney characters come to life anew in this collection\u2014becoming dynamic, contemporary, and full of positive energy. Each figurine is crafted from high-quality resin, meticulously hand-painted, and presented in a branded gift box, making it perfect for both dedicated collectors and as an exceptional gift for various occasions. Due to the subtle nature of hand-painted details, every piece is slightly unique.\n\nDisney by Britto is more than just a decorative interior piece\u2014it is a colorful art accent that merges nostalgia with contemporary design, bringing playfulness and exclusivity to any home or workspace.<\/p>","protected":false},"excerpt":{"rendered":"<p>\u201eDisney by Britto\u201c fig\u016br\u0117l\u0117s \u2013 tai i\u0161skirtin\u0117 kolekcija, jungianti klasikin\u012f \u201eDisney\u201c pasaul\u012f su garsiojo brazil\u0173 popmeno menininko Romero Britto k\u016brybiniu<\/p>","protected":false},"featured_media":40560,"comment_status":"open","ping_status":"closed","template":"","meta":[],"product_brand":[425],"product_cat":[413,612],"product_tag":[],"class_list":{"0":"post-40559","1":"product","2":"type-product","3":"status-publish","4":"has-post-thumbnail","6":"product_brand-disney","7":"product_cat-disney","8":"product_cat-disney-by-britto","10":"first","11":"instock","12":"taxable","13":"shipping-taxable","14":"purchasable","15":"product-type-simple"},"yoast_head":"<!-- This site is optimized with the Yoast SEO plugin v25.9 - https:\/\/yoast.com\/wordpress\/plugins\/seo\/ -->\n<title>Jiminy Cricket (Pinocchio) - Disney by Britto - Collectin.eu<\/title>\n<meta name=\"description\" content=\"\u201eDisney by Britto\u201c fig\u016br\u0117l\u0117s \u2013 tai i\u0161skirtin\u0117 kolekcija, jungianti klasikin\u012f \u201eDisney\u201c pasaul\u012f su garsiojo brazil\u0173 popmeno menininko Romero Britto k\u016brybiniu stiliumi.\" \/>\n<meta name=\"robots\" content=\"index, follow, max-snippet:-1, max-image-preview:large, max-video-preview:-1\" \/>\n<link rel=\"canonical\" href=\"https:\/\/collectin.eu\/en\/product\/jiminy-cricket-pinocchio-disney-by-britto\/\" \/>\n<meta property=\"og:locale\" content=\"en_US\" \/>\n<meta property=\"og:type\" content=\"article\" \/>\n<meta property=\"og:title\" content=\"Jiminy Cricket (Pinocchio) - Disney by Britto - Collectin.eu\" \/>\n<meta property=\"og:description\" content=\"\u201eDisney by Britto\u201c fig\u016br\u0117l\u0117s \u2013 tai i\u0161skirtin\u0117 kolekcija, jungianti klasikin\u012f \u201eDisney\u201c pasaul\u012f su garsiojo brazil\u0173 popmeno menininko Romero Britto k\u016brybiniu stiliumi.\" \/>\n<meta property=\"og:url\" content=\"https:\/\/collectin.eu\/en\/product\/jiminy-cricket-pinocchio-disney-by-britto\/\" \/>\n<meta property=\"og:site_name\" content=\"Collectin.eu\" \/>\n<meta property=\"article:modified_time\" content=\"2026-04-01T22:31:57+00:00\" \/>\n<meta property=\"og:image\" content=\"http:\/\/collectin.eu\/wp-content\/uploads\/2026\/04\/Untitled-design-2026-04-02T012911.140.png\" \/>\n\t<meta property=\"og:image:width\" content=\"1080\" \/>\n\t<meta property=\"og:image:height\" content=\"1080\" \/>\n\t<meta property=\"og:image:type\" content=\"image\/png\" \/>\n<meta name=\"twitter:card\" content=\"summary_large_image\" \/>\n<meta name=\"twitter:label1\" content=\"Est. reading time\" \/>\n\t<meta name=\"twitter:data1\" content=\"1 minute\" \/>\n<script type=\"application\/ld+json\" class=\"yoast-schema-graph\">{\"@context\":\"https:\/\/schema.org\",\"@graph\":[{\"@type\":\"WebPage\",\"@id\":\"https:\/\/collectin.eu\/produktas\/jiminy-cricket-pinocchio-disney-by-britto\/\",\"url\":\"https:\/\/collectin.eu\/produktas\/jiminy-cricket-pinocchio-disney-by-britto\/\",\"name\":\"Jiminy Cricket (Pinocchio) - Disney by Britto - Collectin.eu\",\"isPartOf\":{\"@id\":\"https:\/\/collectin.eu\/#website\"},\"primaryImageOfPage\":{\"@id\":\"https:\/\/collectin.eu\/produktas\/jiminy-cricket-pinocchio-disney-by-britto\/#primaryimage\"},\"image\":{\"@id\":\"https:\/\/collectin.eu\/produktas\/jiminy-cricket-pinocchio-disney-by-britto\/#primaryimage\"},\"thumbnailUrl\":\"https:\/\/collectin.eu\/wp-content\/uploads\/2026\/04\/Untitled-design-2026-04-02T012911.140.png\",\"datePublished\":\"2026-04-01T22:31:56+00:00\",\"dateModified\":\"2026-04-01T22:31:57+00:00\",\"description\":\"\u201eDisney by Britto\u201c fig\u016br\u0117l\u0117s \u2013 tai i\u0161skirtin\u0117 kolekcija, jungianti klasikin\u012f \u201eDisney\u201c pasaul\u012f su garsiojo brazil\u0173 popmeno menininko Romero Britto k\u016brybiniu stiliumi.\",\"breadcrumb\":{\"@id\":\"https:\/\/collectin.eu\/produktas\/jiminy-cricket-pinocchio-disney-by-britto\/#breadcrumb\"},\"inLanguage\":\"en-US\",\"potentialAction\":[{\"@type\":\"ReadAction\",\"target\":[\"https:\/\/collectin.eu\/produktas\/jiminy-cricket-pinocchio-disney-by-britto\/\"]}]},{\"@type\":\"ImageObject\",\"inLanguage\":\"en-US\",\"@id\":\"https:\/\/collectin.eu\/produktas\/jiminy-cricket-pinocchio-disney-by-britto\/#primaryimage\",\"url\":\"https:\/\/collectin.eu\/wp-content\/uploads\/2026\/04\/Untitled-design-2026-04-02T012911.140.png\",\"contentUrl\":\"https:\/\/collectin.eu\/wp-content\/uploads\/2026\/04\/Untitled-design-2026-04-02T012911.140.png\",\"width\":1080,\"height\":1080},{\"@type\":\"BreadcrumbList\",\"@id\":\"https:\/\/collectin.eu\/produktas\/jiminy-cricket-pinocchio-disney-by-britto\/#breadcrumb\",\"itemListElement\":[{\"@type\":\"ListItem\",\"position\":1,\"name\":\"Home\",\"item\":\"https:\/\/collectin.eu\/\"},{\"@type\":\"ListItem\",\"position\":2,\"name\":\"Parduotuv\u0117\",\"item\":\"https:\/\/collectin.eu\/parduotuve\/\"},{\"@type\":\"ListItem\",\"position\":3,\"name\":\"Jiminy Cricket (Pinocchio) &#8211; Disney by Britto\"}]},{\"@type\":\"WebSite\",\"@id\":\"https:\/\/collectin.eu\/#website\",\"url\":\"https:\/\/collectin.eu\/\",\"name\":\"Collectin.eu\",\"description\":\"\",\"potentialAction\":[{\"@type\":\"SearchAction\",\"target\":{\"@type\":\"EntryPoint\",\"urlTemplate\":\"https:\/\/collectin.eu\/?s={search_term_string}\"},\"query-input\":{\"@type\":\"PropertyValueSpecification\",\"valueRequired\":true,\"valueName\":\"search_term_string\"}}],\"inLanguage\":\"en-US\"}]}<\/script>\n<!-- \/ Yoast SEO plugin. -->","yoast_head_json":{"title":"Jiminy Cricket (Pinocchio) - Disney by Britto - Collectin.eu","description":"\u201eDisney by Britto\u201c fig\u016br\u0117l\u0117s \u2013 tai i\u0161skirtin\u0117 kolekcija, jungianti klasikin\u012f \u201eDisney\u201c pasaul\u012f su garsiojo brazil\u0173 popmeno menininko Romero Britto k\u016brybiniu stiliumi.","robots":{"index":"index","follow":"follow","max-snippet":"max-snippet:-1","max-image-preview":"max-image-preview:large","max-video-preview":"max-video-preview:-1"},"canonical":"https:\/\/collectin.eu\/en\/product\/jiminy-cricket-pinocchio-disney-by-britto\/","og_locale":"en_US","og_type":"article","og_title":"Jiminy Cricket (Pinocchio) - Disney by Britto - Collectin.eu","og_description":"\u201eDisney by Britto\u201c fig\u016br\u0117l\u0117s \u2013 tai i\u0161skirtin\u0117 kolekcija, jungianti klasikin\u012f \u201eDisney\u201c pasaul\u012f su garsiojo brazil\u0173 popmeno menininko Romero Britto k\u016brybiniu stiliumi.","og_url":"https:\/\/collectin.eu\/en\/product\/jiminy-cricket-pinocchio-disney-by-britto\/","og_site_name":"Collectin.eu","article_modified_time":"2026-04-01T22:31:57+00:00","og_image":[{"width":1080,"height":1080,"url":"http:\/\/collectin.eu\/wp-content\/uploads\/2026\/04\/Untitled-design-2026-04-02T012911.140.png","type":"image\/png"}],"twitter_card":"summary_large_image","twitter_misc":{"Est. reading time":"1 minute"},"schema":{"@context":"https:\/\/schema.org","@graph":[{"@type":"WebPage","@id":"https:\/\/collectin.eu\/produktas\/jiminy-cricket-pinocchio-disney-by-britto\/","url":"https:\/\/collectin.eu\/produktas\/jiminy-cricket-pinocchio-disney-by-britto\/","name":"Jiminy Cricket (Pinocchio) - Disney by Britto - Collectin.eu","isPartOf":{"@id":"https:\/\/collectin.eu\/#website"},"primaryImageOfPage":{"@id":"https:\/\/collectin.eu\/produktas\/jiminy-cricket-pinocchio-disney-by-britto\/#primaryimage"},"image":{"@id":"https:\/\/collectin.eu\/produktas\/jiminy-cricket-pinocchio-disney-by-britto\/#primaryimage"},"thumbnailUrl":"https:\/\/collectin.eu\/wp-content\/uploads\/2026\/04\/Untitled-design-2026-04-02T012911.140.png","datePublished":"2026-04-01T22:31:56+00:00","dateModified":"2026-04-01T22:31:57+00:00","description":"\u201eDisney by Britto\u201c fig\u016br\u0117l\u0117s \u2013 tai i\u0161skirtin\u0117 kolekcija, jungianti klasikin\u012f \u201eDisney\u201c pasaul\u012f su garsiojo brazil\u0173 popmeno menininko Romero Britto k\u016brybiniu stiliumi.","breadcrumb":{"@id":"https:\/\/collectin.eu\/produktas\/jiminy-cricket-pinocchio-disney-by-britto\/#breadcrumb"},"inLanguage":"en-US","potentialAction":[{"@type":"ReadAction","target":["https:\/\/collectin.eu\/produktas\/jiminy-cricket-pinocchio-disney-by-britto\/"]}]},{"@type":"ImageObject","inLanguage":"en-US","@id":"https:\/\/collectin.eu\/produktas\/jiminy-cricket-pinocchio-disney-by-britto\/#primaryimage","url":"https:\/\/collectin.eu\/wp-content\/uploads\/2026\/04\/Untitled-design-2026-04-02T012911.140.png","contentUrl":"https:\/\/collectin.eu\/wp-content\/uploads\/2026\/04\/Untitled-design-2026-04-02T012911.140.png","width":1080,"height":1080},{"@type":"BreadcrumbList","@id":"https:\/\/collectin.eu\/produktas\/jiminy-cricket-pinocchio-disney-by-britto\/#breadcrumb","itemListElement":[{"@type":"ListItem","position":1,"name":"Home","item":"https:\/\/collectin.eu\/"},{"@type":"ListItem","position":2,"name":"Parduotuv\u0117","item":"https:\/\/collectin.eu\/parduotuve\/"},{"@type":"ListItem","position":3,"name":"Jiminy Cricket (Pinocchio) &#8211; Disney by Britto"}]},{"@type":"WebSite","@id":"https:\/\/collectin.eu\/#website","url":"https:\/\/collectin.eu\/","name":"Collectin.eu","description":"","potentialAction":[{"@type":"SearchAction","target":{"@type":"EntryPoint","urlTemplate":"https:\/\/collectin.eu\/?s={search_term_string}"},"query-input":{"@type":"PropertyValueSpecification","valueRequired":true,"valueName":"search_term_string"}}],"inLanguage":"en-US"}]}},"_links":{"self":[{"href":"https:\/\/collectin.eu\/en\/wp-json\/wp\/v2\/product\/40559","targetHints":{"allow":["GET"]}}],"collection":[{"href":"https:\/\/collectin.eu\/en\/wp-json\/wp\/v2\/product"}],"about":[{"href":"https:\/\/collectin.eu\/en\/wp-json\/wp\/v2\/types\/product"}],"replies":[{"embeddable":true,"href":"https:\/\/collectin.eu\/en\/wp-json\/wp\/v2\/comments?post=40559"}],"version-history":[{"count":2,"href":"https:\/\/collectin.eu\/en\/wp-json\/wp\/v2\/product\/40559\/revisions"}],"predecessor-version":[{"id":40564,"href":"https:\/\/collectin.eu\/en\/wp-json\/wp\/v2\/product\/40559\/revisions\/40564"}],"wp:featuredmedia":[{"embeddable":true,"href":"https:\/\/collectin.eu\/en\/wp-json\/wp\/v2\/media\/40560"}],"wp:attachment":[{"href":"https:\/\/collectin.eu\/en\/wp-json\/wp\/v2\/media?parent=40559"}],"wp:term":[{"taxonomy":"product_brand","embeddable":true,"href":"https:\/\/collectin.eu\/en\/wp-json\/wp\/v2\/product_brand?post=40559"},{"taxonomy":"product_cat","embeddable":true,"href":"https:\/\/collectin.eu\/en\/wp-json\/wp\/v2\/product_cat?post=40559"},{"taxonomy":"product_tag","embeddable":true,"href":"https:\/\/collectin.eu\/en\/wp-json\/wp\/v2\/product_tag?post=40559"}],"curies":[{"name":"wp","href":"https:\/\/api.w.org\/{rel}","templated":true}]}}