{"id":40595,"date":"2026-04-14T18:10:38","date_gmt":"2026-04-14T18:10:38","guid":{"rendered":"https:\/\/collectin.eu\/?post_type=product&#038;p=40595"},"modified":"2026-04-14T18:12:27","modified_gmt":"2026-04-14T18:12:27","slug":"pokemon-tcg-twilight-masquerade-premium-checklanek","status":"publish","type":"product","link":"https:\/\/collectin.eu\/en\/product\/pokemon-tcg-twilight-masquerade-premium-checklanek\/","title":{"rendered":"Pok\u00e9mon TCG Twilight Masquerade Premium Checklanek"},"content":{"rendered":"<p>\u201ePok\u00e9mon TCG: Scarlet &amp; Violet\u2014Twilight Masquerade Premium Checklane Blister\u201c yra puikus pasirinkimas tiek kolekcionieriams, tiek \u017eaid\u0117jams, norintiems pasinerti \u012f paslapting\u0105j\u012f Kitakamio regiono pasaul\u012f. \u0160iame specialiame rinkinyje rasite vien\u0105 \u201eTwilight Masquerade\u201c serijos papildymo pakuot\u0119 (booster pack), kurioje slypi 10 atsitiktini\u0173 kort\u0173, suteikian\u010di\u0173 galimyb\u0119 papildyti savo kalv\u0119 galingais \u201ePok\u00e9mon ex\u201c ar retais iliustruotais egzemplioriais. Be pagrindinio pakelio, \u201ePremium Checklane\u201c pakuot\u0117je pridedama speciali reklamin\u0117 (promo) korta su pilna evoliucijos grandine (pavyzd\u017eiui, Machamp ar kit\u0173 populiari\u0173 heroj\u0173 linija), leid\u017eianti i\u0161kart sustiprinti savo \u017eaidybin\u0119 strategij\u0105. Rinkin\u012f taip pat papildo firmin\u0117 metalin\u0117 Pok\u00e9mon\u0173 moneta, naudojama \u017eaidimo metu burtams kelyje \u012f pergal\u0119, bei kodas, skirtas skaitmeninei \u201ePok\u00e9mon TCG Live\u201c versijai. Tai esteti\u0161kai supakuotas ir turiningas rinkinys, kuris ne tik suteikia atradimo d\u017eiaugsm\u0105 atpl\u0117\u0161iant naujas kortas, bet ir u\u017etikrina garantuot\u0105 vert\u0119 d\u0117l jame esan\u010di\u0173 i\u0161skirtini\u0173 pried\u0173.<\/p>","protected":false},"excerpt":{"rendered":"<p>\u201ePok\u00e9mon TCG: Scarlet &amp; Violet\u2014Twilight Masquerade Premium Checklane Blister\u201c yra puikus pasirinkimas tiek kolekcionieriams, tiek \u017eaid\u0117jams, norintiems pasinerti \u012f paslapting\u0105j\u012f<\/p>","protected":false},"featured_media":40596,"comment_status":"open","ping_status":"closed","template":"","meta":[],"product_brand":[430],"product_cat":[407,681],"product_tag":[],"class_list":{"0":"post-40595","1":"product","2":"type-product","3":"status-publish","4":"has-post-thumbnail","6":"product_brand-pokemon","7":"product_cat-pokemon","8":"product_cat-pokemon-blisters","10":"first","11":"instock","12":"taxable","13":"shipping-taxable","14":"purchasable","15":"product-type-simple"},"yoast_head":"<!-- This site is optimized with the Yoast SEO plugin v25.9 - https:\/\/yoast.com\/wordpress\/plugins\/seo\/ -->\n<title>Pok\u00e9mon TCG Twilight Masquerade Premium Checklanek - Collectin.eu<\/title>\n<meta name=\"description\" content=\"\u201ePok\u00e9mon TCG: Scarlet &amp; Violet\u2014Twilight Masquerade Premium Checklane Blister\u201c yra puikus pasirinkimas tiek kolekcionieriams, tiek \u017eaid\u0117jams, norintiems pasinerti \u012f paslapting\u0105j\u012f Kitakamio regiono pasaul\u012f.\" \/>\n<meta name=\"robots\" content=\"index, follow, max-snippet:-1, max-image-preview:large, max-video-preview:-1\" \/>\n<link rel=\"canonical\" href=\"https:\/\/collectin.eu\/en\/product\/pokemon-tcg-twilight-masquerade-premium-checklanek\/\" \/>\n<meta property=\"og:locale\" content=\"en_US\" \/>\n<meta property=\"og:type\" content=\"article\" \/>\n<meta property=\"og:title\" content=\"Pok\u00e9mon TCG Twilight Masquerade Premium Checklanek - Collectin.eu\" \/>\n<meta property=\"og:description\" content=\"\u201ePok\u00e9mon TCG: Scarlet &amp; Violet\u2014Twilight Masquerade Premium Checklane Blister\u201c yra puikus pasirinkimas tiek kolekcionieriams, tiek \u017eaid\u0117jams, norintiems pasinerti \u012f paslapting\u0105j\u012f Kitakamio regiono pasaul\u012f.\" \/>\n<meta property=\"og:url\" content=\"https:\/\/collectin.eu\/en\/product\/pokemon-tcg-twilight-masquerade-premium-checklanek\/\" \/>\n<meta property=\"og:site_name\" content=\"Collectin.eu\" \/>\n<meta property=\"article:modified_time\" content=\"2026-04-14T18:12:27+00:00\" \/>\n<meta property=\"og:image\" content=\"http:\/\/collectin.eu\/wp-content\/uploads\/2026\/04\/Untitled-design-1.png\" \/>\n\t<meta property=\"og:image:width\" content=\"1080\" \/>\n\t<meta property=\"og:image:height\" content=\"1080\" \/>\n\t<meta property=\"og:image:type\" content=\"image\/png\" \/>\n<meta name=\"twitter:card\" content=\"summary_large_image\" \/>\n<meta name=\"twitter:label1\" content=\"Est. reading time\" \/>\n\t<meta name=\"twitter:data1\" content=\"1 minute\" \/>\n<script type=\"application\/ld+json\" class=\"yoast-schema-graph\">{\"@context\":\"https:\/\/schema.org\",\"@graph\":[{\"@type\":\"WebPage\",\"@id\":\"https:\/\/collectin.eu\/produktas\/pokemon-tcg-twilight-masquerade-premium-checklanek\/\",\"url\":\"https:\/\/collectin.eu\/produktas\/pokemon-tcg-twilight-masquerade-premium-checklanek\/\",\"name\":\"Pok\u00e9mon TCG Twilight Masquerade Premium Checklanek - Collectin.eu\",\"isPartOf\":{\"@id\":\"https:\/\/collectin.eu\/#website\"},\"primaryImageOfPage\":{\"@id\":\"https:\/\/collectin.eu\/produktas\/pokemon-tcg-twilight-masquerade-premium-checklanek\/#primaryimage\"},\"image\":{\"@id\":\"https:\/\/collectin.eu\/produktas\/pokemon-tcg-twilight-masquerade-premium-checklanek\/#primaryimage\"},\"thumbnailUrl\":\"https:\/\/collectin.eu\/wp-content\/uploads\/2026\/04\/Untitled-design-1.png\",\"datePublished\":\"2026-04-14T18:10:38+00:00\",\"dateModified\":\"2026-04-14T18:12:27+00:00\",\"description\":\"\u201ePok\u00e9mon TCG: Scarlet & Violet\u2014Twilight Masquerade Premium Checklane Blister\u201c yra puikus pasirinkimas tiek kolekcionieriams, tiek \u017eaid\u0117jams, norintiems pasinerti \u012f paslapting\u0105j\u012f Kitakamio regiono pasaul\u012f.\",\"breadcrumb\":{\"@id\":\"https:\/\/collectin.eu\/produktas\/pokemon-tcg-twilight-masquerade-premium-checklanek\/#breadcrumb\"},\"inLanguage\":\"en-US\",\"potentialAction\":[{\"@type\":\"ReadAction\",\"target\":[\"https:\/\/collectin.eu\/produktas\/pokemon-tcg-twilight-masquerade-premium-checklanek\/\"]}]},{\"@type\":\"ImageObject\",\"inLanguage\":\"en-US\",\"@id\":\"https:\/\/collectin.eu\/produktas\/pokemon-tcg-twilight-masquerade-premium-checklanek\/#primaryimage\",\"url\":\"https:\/\/collectin.eu\/wp-content\/uploads\/2026\/04\/Untitled-design-1.png\",\"contentUrl\":\"https:\/\/collectin.eu\/wp-content\/uploads\/2026\/04\/Untitled-design-1.png\",\"width\":1080,\"height\":1080},{\"@type\":\"BreadcrumbList\",\"@id\":\"https:\/\/collectin.eu\/produktas\/pokemon-tcg-twilight-masquerade-premium-checklanek\/#breadcrumb\",\"itemListElement\":[{\"@type\":\"ListItem\",\"position\":1,\"name\":\"Home\",\"item\":\"https:\/\/collectin.eu\/\"},{\"@type\":\"ListItem\",\"position\":2,\"name\":\"Parduotuv\u0117\",\"item\":\"https:\/\/collectin.eu\/parduotuve\/\"},{\"@type\":\"ListItem\",\"position\":3,\"name\":\"Pok\u00e9mon TCG Twilight Masquerade Premium Checklanek\"}]},{\"@type\":\"WebSite\",\"@id\":\"https:\/\/collectin.eu\/#website\",\"url\":\"https:\/\/collectin.eu\/\",\"name\":\"Collectin.eu\",\"description\":\"\",\"potentialAction\":[{\"@type\":\"SearchAction\",\"target\":{\"@type\":\"EntryPoint\",\"urlTemplate\":\"https:\/\/collectin.eu\/?s={search_term_string}\"},\"query-input\":{\"@type\":\"PropertyValueSpecification\",\"valueRequired\":true,\"valueName\":\"search_term_string\"}}],\"inLanguage\":\"en-US\"}]}<\/script>\n<!-- \/ Yoast SEO plugin. -->","yoast_head_json":{"title":"Pok\u00e9mon TCG Twilight Masquerade Premium Checklanek - Collectin.eu","description":"\u201ePok\u00e9mon TCG: Scarlet & Violet\u2014Twilight Masquerade Premium Checklane Blister\u201c yra puikus pasirinkimas tiek kolekcionieriams, tiek \u017eaid\u0117jams, norintiems pasinerti \u012f paslapting\u0105j\u012f Kitakamio regiono pasaul\u012f.","robots":{"index":"index","follow":"follow","max-snippet":"max-snippet:-1","max-image-preview":"max-image-preview:large","max-video-preview":"max-video-preview:-1"},"canonical":"https:\/\/collectin.eu\/en\/product\/pokemon-tcg-twilight-masquerade-premium-checklanek\/","og_locale":"en_US","og_type":"article","og_title":"Pok\u00e9mon TCG Twilight Masquerade Premium Checklanek - Collectin.eu","og_description":"\u201ePok\u00e9mon TCG: Scarlet & Violet\u2014Twilight Masquerade Premium Checklane Blister\u201c yra puikus pasirinkimas tiek kolekcionieriams, tiek \u017eaid\u0117jams, norintiems pasinerti \u012f paslapting\u0105j\u012f Kitakamio regiono pasaul\u012f.","og_url":"https:\/\/collectin.eu\/en\/product\/pokemon-tcg-twilight-masquerade-premium-checklanek\/","og_site_name":"Collectin.eu","article_modified_time":"2026-04-14T18:12:27+00:00","og_image":[{"width":1080,"height":1080,"url":"http:\/\/collectin.eu\/wp-content\/uploads\/2026\/04\/Untitled-design-1.png","type":"image\/png"}],"twitter_card":"summary_large_image","twitter_misc":{"Est. reading time":"1 minute"},"schema":{"@context":"https:\/\/schema.org","@graph":[{"@type":"WebPage","@id":"https:\/\/collectin.eu\/produktas\/pokemon-tcg-twilight-masquerade-premium-checklanek\/","url":"https:\/\/collectin.eu\/produktas\/pokemon-tcg-twilight-masquerade-premium-checklanek\/","name":"Pok\u00e9mon TCG Twilight Masquerade Premium Checklanek - Collectin.eu","isPartOf":{"@id":"https:\/\/collectin.eu\/#website"},"primaryImageOfPage":{"@id":"https:\/\/collectin.eu\/produktas\/pokemon-tcg-twilight-masquerade-premium-checklanek\/#primaryimage"},"image":{"@id":"https:\/\/collectin.eu\/produktas\/pokemon-tcg-twilight-masquerade-premium-checklanek\/#primaryimage"},"thumbnailUrl":"https:\/\/collectin.eu\/wp-content\/uploads\/2026\/04\/Untitled-design-1.png","datePublished":"2026-04-14T18:10:38+00:00","dateModified":"2026-04-14T18:12:27+00:00","description":"\u201ePok\u00e9mon TCG: Scarlet & Violet\u2014Twilight Masquerade Premium Checklane Blister\u201c yra puikus pasirinkimas tiek kolekcionieriams, tiek \u017eaid\u0117jams, norintiems pasinerti \u012f paslapting\u0105j\u012f Kitakamio regiono pasaul\u012f.","breadcrumb":{"@id":"https:\/\/collectin.eu\/produktas\/pokemon-tcg-twilight-masquerade-premium-checklanek\/#breadcrumb"},"inLanguage":"en-US","potentialAction":[{"@type":"ReadAction","target":["https:\/\/collectin.eu\/produktas\/pokemon-tcg-twilight-masquerade-premium-checklanek\/"]}]},{"@type":"ImageObject","inLanguage":"en-US","@id":"https:\/\/collectin.eu\/produktas\/pokemon-tcg-twilight-masquerade-premium-checklanek\/#primaryimage","url":"https:\/\/collectin.eu\/wp-content\/uploads\/2026\/04\/Untitled-design-1.png","contentUrl":"https:\/\/collectin.eu\/wp-content\/uploads\/2026\/04\/Untitled-design-1.png","width":1080,"height":1080},{"@type":"BreadcrumbList","@id":"https:\/\/collectin.eu\/produktas\/pokemon-tcg-twilight-masquerade-premium-checklanek\/#breadcrumb","itemListElement":[{"@type":"ListItem","position":1,"name":"Home","item":"https:\/\/collectin.eu\/"},{"@type":"ListItem","position":2,"name":"Parduotuv\u0117","item":"https:\/\/collectin.eu\/parduotuve\/"},{"@type":"ListItem","position":3,"name":"Pok\u00e9mon TCG Twilight Masquerade Premium Checklanek"}]},{"@type":"WebSite","@id":"https:\/\/collectin.eu\/#website","url":"https:\/\/collectin.eu\/","name":"Collectin.eu","description":"","potentialAction":[{"@type":"SearchAction","target":{"@type":"EntryPoint","urlTemplate":"https:\/\/collectin.eu\/?s={search_term_string}"},"query-input":{"@type":"PropertyValueSpecification","valueRequired":true,"valueName":"search_term_string"}}],"inLanguage":"en-US"}]}},"jetpack_sharing_enabled":true,"_links":{"self":[{"href":"https:\/\/collectin.eu\/en\/wp-json\/wp\/v2\/product\/40595","targetHints":{"allow":["GET"]}}],"collection":[{"href":"https:\/\/collectin.eu\/en\/wp-json\/wp\/v2\/product"}],"about":[{"href":"https:\/\/collectin.eu\/en\/wp-json\/wp\/v2\/types\/product"}],"replies":[{"embeddable":true,"href":"https:\/\/collectin.eu\/en\/wp-json\/wp\/v2\/comments?post=40595"}],"version-history":[{"count":1,"href":"https:\/\/collectin.eu\/en\/wp-json\/wp\/v2\/product\/40595\/revisions"}],"predecessor-version":[{"id":40598,"href":"https:\/\/collectin.eu\/en\/wp-json\/wp\/v2\/product\/40595\/revisions\/40598"}],"wp:featuredmedia":[{"embeddable":true,"href":"https:\/\/collectin.eu\/en\/wp-json\/wp\/v2\/media\/40596"}],"wp:attachment":[{"href":"https:\/\/collectin.eu\/en\/wp-json\/wp\/v2\/media?parent=40595"}],"wp:term":[{"taxonomy":"product_brand","embeddable":true,"href":"https:\/\/collectin.eu\/en\/wp-json\/wp\/v2\/product_brand?post=40595"},{"taxonomy":"product_cat","embeddable":true,"href":"https:\/\/collectin.eu\/en\/wp-json\/wp\/v2\/product_cat?post=40595"},{"taxonomy":"product_tag","embeddable":true,"href":"https:\/\/collectin.eu\/en\/wp-json\/wp\/v2\/product_tag?post=40595"}],"curies":[{"name":"wp","href":"https:\/\/api.w.org\/{rel}","templated":true}]}}