{"id":40600,"date":"2026-04-14T18:24:15","date_gmt":"2026-04-14T18:24:15","guid":{"rendered":"https:\/\/collectin.eu\/?post_type=product&#038;p=40600"},"modified":"2026-04-14T18:24:15","modified_gmt":"2026-04-14T18:24:15","slug":"pokemon-tcg-phantasmal-flames-premium-checklane-blister","status":"publish","type":"product","link":"https:\/\/collectin.eu\/en\/product\/pokemon-tcg-phantasmal-flames-premium-checklane-blister\/","title":{"rendered":"Pok\u00e9mon TCG Phantasmal Flames Premium Checklane Blister"},"content":{"rendered":"<p>\u201ePok\u00e9mon TCG: Phantasmal Flames Premium Checklane Blister\u201c yra i\u0161skirtinis kolekcinis rinkinys, skirtas tiek u\u017ekiet\u0117jusiems \u017eaid\u0117jams, tiek estetikos ie\u0161kantiems kolekcionieriams, norintiems papildyti savo kolekcij\u0105 tamsos ir ugnies element\u0173 kupina \u201ePhantasmal Flames\u201c serija. \u0160ioje specialioje pakuot\u0117je rasite vien\u0105 papildymo paket\u0105 (booster pack), kuriame slypi de\u0161imt atsitiktini\u0173 kort\u0173, \u012fskaitant galimyb\u0119 aptikti retus \u201ePok\u00e9mon ex\u201c ar \u012fsp\u016bdingas \u201eSpecial Illustration Rare\u201c kortas. Be pagrindinio pakelio, rinkinyje pridedama speciali reklamin\u0117 (promo) korta su pilna evoliucijos grandine bei unikaliu blizgiu pavir\u0161iumi, kuri tampa garantuotu ir vertingu eksponatu bet kurioje albumo lentynoje. Komplektacij\u0105 vainikuoja firmin\u0117 metalin\u0117 Pok\u00e9mon\u0173 moneta, naudojama strategin\u0117ms kovoms \u017eaidime, bei skaitmeninis kodas, leid\u017eiantis atitinkam\u0105 turin\u012f atsirakinti \u201ePok\u00e9mon TCG Live\u201c platformoje. Tai puikus, kompaktinis sprendimas ie\u0161kantiems dovanos arba norintiems i\u0161bandyti savo s\u0117km\u0119 med\u017eiojant galingiausius \u201ePhantasmal Flames\u201c serijos herojus.<\/p>","protected":false},"excerpt":{"rendered":"<p>\u201ePok\u00e9mon TCG: Phantasmal Flames Premium Checklane Blister\u201c yra i\u0161skirtinis kolekcinis rinkinys, skirtas tiek u\u017ekiet\u0117jusiems \u017eaid\u0117jams, tiek estetikos ie\u0161kantiems kolekcionieriams, norintiems<\/p>","protected":false},"featured_media":40601,"comment_status":"open","ping_status":"closed","template":"","meta":[],"product_brand":[430],"product_cat":[679,407,681],"product_tag":[],"class_list":{"0":"post-40600","1":"product","2":"type-product","3":"status-publish","4":"has-post-thumbnail","6":"product_brand-pokemon","7":"product_cat-kolekcines-korteles","8":"product_cat-pokemon","9":"product_cat-pokemon-blisters","11":"first","12":"instock","13":"taxable","14":"shipping-taxable","15":"purchasable","16":"product-type-simple"},"yoast_head":"<!-- This site is optimized with the Yoast SEO plugin v25.9 - https:\/\/yoast.com\/wordpress\/plugins\/seo\/ -->\n<title>Pok\u00e9mon TCG Phantasmal Flames Premium Checklane Blister - Collectin.eu<\/title>\n<meta name=\"description\" content=\"\u201ePok\u00e9mon TCG: Phantasmal Flames Premium Checklane Blister\u201c yra i\u0161skirtinis kolekcinis rinkinys, skirtas tiek u\u017ekiet\u0117jusiems \u017eaid\u0117jams.\" \/>\n<meta name=\"robots\" content=\"index, follow, max-snippet:-1, max-image-preview:large, max-video-preview:-1\" \/>\n<link rel=\"canonical\" href=\"https:\/\/collectin.eu\/en\/product\/pokemon-tcg-phantasmal-flames-premium-checklane-blister\/\" \/>\n<meta property=\"og:locale\" content=\"en_US\" \/>\n<meta property=\"og:type\" content=\"article\" \/>\n<meta property=\"og:title\" content=\"Pok\u00e9mon TCG Phantasmal Flames Premium Checklane Blister - Collectin.eu\" \/>\n<meta property=\"og:description\" content=\"\u201ePok\u00e9mon TCG: Phantasmal Flames Premium Checklane Blister\u201c yra i\u0161skirtinis kolekcinis rinkinys, skirtas tiek u\u017ekiet\u0117jusiems \u017eaid\u0117jams.\" \/>\n<meta property=\"og:url\" content=\"https:\/\/collectin.eu\/en\/product\/pokemon-tcg-phantasmal-flames-premium-checklane-blister\/\" \/>\n<meta property=\"og:site_name\" content=\"Collectin.eu\" \/>\n<meta property=\"og:image\" content=\"http:\/\/collectin.eu\/wp-content\/uploads\/2026\/04\/Untitled-design-2.png\" \/>\n\t<meta property=\"og:image:width\" content=\"1080\" \/>\n\t<meta property=\"og:image:height\" content=\"1080\" \/>\n\t<meta property=\"og:image:type\" content=\"image\/png\" \/>\n<meta name=\"twitter:card\" content=\"summary_large_image\" \/>\n<meta name=\"twitter:label1\" content=\"Est. reading time\" \/>\n\t<meta name=\"twitter:data1\" content=\"1 minute\" \/>\n<script type=\"application\/ld+json\" class=\"yoast-schema-graph\">{\"@context\":\"https:\/\/schema.org\",\"@graph\":[{\"@type\":\"WebPage\",\"@id\":\"https:\/\/collectin.eu\/produktas\/pokemon-tcg-phantasmal-flames-premium-checklane-blister\/\",\"url\":\"https:\/\/collectin.eu\/produktas\/pokemon-tcg-phantasmal-flames-premium-checklane-blister\/\",\"name\":\"Pok\u00e9mon TCG Phantasmal Flames Premium Checklane Blister - Collectin.eu\",\"isPartOf\":{\"@id\":\"https:\/\/collectin.eu\/#website\"},\"primaryImageOfPage\":{\"@id\":\"https:\/\/collectin.eu\/produktas\/pokemon-tcg-phantasmal-flames-premium-checklane-blister\/#primaryimage\"},\"image\":{\"@id\":\"https:\/\/collectin.eu\/produktas\/pokemon-tcg-phantasmal-flames-premium-checklane-blister\/#primaryimage\"},\"thumbnailUrl\":\"https:\/\/collectin.eu\/wp-content\/uploads\/2026\/04\/Untitled-design-2.png\",\"datePublished\":\"2026-04-14T18:24:15+00:00\",\"description\":\"\u201ePok\u00e9mon TCG: Phantasmal Flames Premium Checklane Blister\u201c yra i\u0161skirtinis kolekcinis rinkinys, skirtas tiek u\u017ekiet\u0117jusiems \u017eaid\u0117jams.\",\"breadcrumb\":{\"@id\":\"https:\/\/collectin.eu\/produktas\/pokemon-tcg-phantasmal-flames-premium-checklane-blister\/#breadcrumb\"},\"inLanguage\":\"en-US\",\"potentialAction\":[{\"@type\":\"ReadAction\",\"target\":[\"https:\/\/collectin.eu\/produktas\/pokemon-tcg-phantasmal-flames-premium-checklane-blister\/\"]}]},{\"@type\":\"ImageObject\",\"inLanguage\":\"en-US\",\"@id\":\"https:\/\/collectin.eu\/produktas\/pokemon-tcg-phantasmal-flames-premium-checklane-blister\/#primaryimage\",\"url\":\"https:\/\/collectin.eu\/wp-content\/uploads\/2026\/04\/Untitled-design-2.png\",\"contentUrl\":\"https:\/\/collectin.eu\/wp-content\/uploads\/2026\/04\/Untitled-design-2.png\",\"width\":1080,\"height\":1080},{\"@type\":\"BreadcrumbList\",\"@id\":\"https:\/\/collectin.eu\/produktas\/pokemon-tcg-phantasmal-flames-premium-checklane-blister\/#breadcrumb\",\"itemListElement\":[{\"@type\":\"ListItem\",\"position\":1,\"name\":\"Home\",\"item\":\"https:\/\/collectin.eu\/\"},{\"@type\":\"ListItem\",\"position\":2,\"name\":\"Parduotuv\u0117\",\"item\":\"https:\/\/collectin.eu\/parduotuve\/\"},{\"@type\":\"ListItem\",\"position\":3,\"name\":\"Pok\u00e9mon TCG Phantasmal Flames Premium Checklane Blister\"}]},{\"@type\":\"WebSite\",\"@id\":\"https:\/\/collectin.eu\/#website\",\"url\":\"https:\/\/collectin.eu\/\",\"name\":\"Collectin.eu\",\"description\":\"\",\"potentialAction\":[{\"@type\":\"SearchAction\",\"target\":{\"@type\":\"EntryPoint\",\"urlTemplate\":\"https:\/\/collectin.eu\/?s={search_term_string}\"},\"query-input\":{\"@type\":\"PropertyValueSpecification\",\"valueRequired\":true,\"valueName\":\"search_term_string\"}}],\"inLanguage\":\"en-US\"}]}<\/script>\n<!-- \/ Yoast SEO plugin. -->","yoast_head_json":{"title":"Pok\u00e9mon TCG Phantasmal Flames Premium Checklane Blister - Collectin.eu","description":"\u201ePok\u00e9mon TCG: Phantasmal Flames Premium Checklane Blister\u201c yra i\u0161skirtinis kolekcinis rinkinys, skirtas tiek u\u017ekiet\u0117jusiems \u017eaid\u0117jams.","robots":{"index":"index","follow":"follow","max-snippet":"max-snippet:-1","max-image-preview":"max-image-preview:large","max-video-preview":"max-video-preview:-1"},"canonical":"https:\/\/collectin.eu\/en\/product\/pokemon-tcg-phantasmal-flames-premium-checklane-blister\/","og_locale":"en_US","og_type":"article","og_title":"Pok\u00e9mon TCG Phantasmal Flames Premium Checklane Blister - Collectin.eu","og_description":"\u201ePok\u00e9mon TCG: Phantasmal Flames Premium Checklane Blister\u201c yra i\u0161skirtinis kolekcinis rinkinys, skirtas tiek u\u017ekiet\u0117jusiems \u017eaid\u0117jams.","og_url":"https:\/\/collectin.eu\/en\/product\/pokemon-tcg-phantasmal-flames-premium-checklane-blister\/","og_site_name":"Collectin.eu","og_image":[{"width":1080,"height":1080,"url":"http:\/\/collectin.eu\/wp-content\/uploads\/2026\/04\/Untitled-design-2.png","type":"image\/png"}],"twitter_card":"summary_large_image","twitter_misc":{"Est. reading time":"1 minute"},"schema":{"@context":"https:\/\/schema.org","@graph":[{"@type":"WebPage","@id":"https:\/\/collectin.eu\/produktas\/pokemon-tcg-phantasmal-flames-premium-checklane-blister\/","url":"https:\/\/collectin.eu\/produktas\/pokemon-tcg-phantasmal-flames-premium-checklane-blister\/","name":"Pok\u00e9mon TCG Phantasmal Flames Premium Checklane Blister - Collectin.eu","isPartOf":{"@id":"https:\/\/collectin.eu\/#website"},"primaryImageOfPage":{"@id":"https:\/\/collectin.eu\/produktas\/pokemon-tcg-phantasmal-flames-premium-checklane-blister\/#primaryimage"},"image":{"@id":"https:\/\/collectin.eu\/produktas\/pokemon-tcg-phantasmal-flames-premium-checklane-blister\/#primaryimage"},"thumbnailUrl":"https:\/\/collectin.eu\/wp-content\/uploads\/2026\/04\/Untitled-design-2.png","datePublished":"2026-04-14T18:24:15+00:00","description":"\u201ePok\u00e9mon TCG: Phantasmal Flames Premium Checklane Blister\u201c yra i\u0161skirtinis kolekcinis rinkinys, skirtas tiek u\u017ekiet\u0117jusiems \u017eaid\u0117jams.","breadcrumb":{"@id":"https:\/\/collectin.eu\/produktas\/pokemon-tcg-phantasmal-flames-premium-checklane-blister\/#breadcrumb"},"inLanguage":"en-US","potentialAction":[{"@type":"ReadAction","target":["https:\/\/collectin.eu\/produktas\/pokemon-tcg-phantasmal-flames-premium-checklane-blister\/"]}]},{"@type":"ImageObject","inLanguage":"en-US","@id":"https:\/\/collectin.eu\/produktas\/pokemon-tcg-phantasmal-flames-premium-checklane-blister\/#primaryimage","url":"https:\/\/collectin.eu\/wp-content\/uploads\/2026\/04\/Untitled-design-2.png","contentUrl":"https:\/\/collectin.eu\/wp-content\/uploads\/2026\/04\/Untitled-design-2.png","width":1080,"height":1080},{"@type":"BreadcrumbList","@id":"https:\/\/collectin.eu\/produktas\/pokemon-tcg-phantasmal-flames-premium-checklane-blister\/#breadcrumb","itemListElement":[{"@type":"ListItem","position":1,"name":"Home","item":"https:\/\/collectin.eu\/"},{"@type":"ListItem","position":2,"name":"Parduotuv\u0117","item":"https:\/\/collectin.eu\/parduotuve\/"},{"@type":"ListItem","position":3,"name":"Pok\u00e9mon TCG Phantasmal Flames Premium Checklane Blister"}]},{"@type":"WebSite","@id":"https:\/\/collectin.eu\/#website","url":"https:\/\/collectin.eu\/","name":"Collectin.eu","description":"","potentialAction":[{"@type":"SearchAction","target":{"@type":"EntryPoint","urlTemplate":"https:\/\/collectin.eu\/?s={search_term_string}"},"query-input":{"@type":"PropertyValueSpecification","valueRequired":true,"valueName":"search_term_string"}}],"inLanguage":"en-US"}]}},"jetpack_sharing_enabled":true,"_links":{"self":[{"href":"https:\/\/collectin.eu\/en\/wp-json\/wp\/v2\/product\/40600","targetHints":{"allow":["GET"]}}],"collection":[{"href":"https:\/\/collectin.eu\/en\/wp-json\/wp\/v2\/product"}],"about":[{"href":"https:\/\/collectin.eu\/en\/wp-json\/wp\/v2\/types\/product"}],"replies":[{"embeddable":true,"href":"https:\/\/collectin.eu\/en\/wp-json\/wp\/v2\/comments?post=40600"}],"version-history":[{"count":2,"href":"https:\/\/collectin.eu\/en\/wp-json\/wp\/v2\/product\/40600\/revisions"}],"predecessor-version":[{"id":40604,"href":"https:\/\/collectin.eu\/en\/wp-json\/wp\/v2\/product\/40600\/revisions\/40604"}],"wp:featuredmedia":[{"embeddable":true,"href":"https:\/\/collectin.eu\/en\/wp-json\/wp\/v2\/media\/40601"}],"wp:attachment":[{"href":"https:\/\/collectin.eu\/en\/wp-json\/wp\/v2\/media?parent=40600"}],"wp:term":[{"taxonomy":"product_brand","embeddable":true,"href":"https:\/\/collectin.eu\/en\/wp-json\/wp\/v2\/product_brand?post=40600"},{"taxonomy":"product_cat","embeddable":true,"href":"https:\/\/collectin.eu\/en\/wp-json\/wp\/v2\/product_cat?post=40600"},{"taxonomy":"product_tag","embeddable":true,"href":"https:\/\/collectin.eu\/en\/wp-json\/wp\/v2\/product_tag?post=40600"}],"curies":[{"name":"wp","href":"https:\/\/api.w.org\/{rel}","templated":true}]}}