{"id":40610,"date":"2026-04-14T18:42:38","date_gmt":"2026-04-14T18:42:38","guid":{"rendered":"https:\/\/collectin.eu\/?post_type=product&#038;p=40610"},"modified":"2026-04-14T18:42:39","modified_gmt":"2026-04-14T18:42:39","slug":"pokemon-go-v-battle-deck-1vnt","status":"publish","type":"product","link":"https:\/\/collectin.eu\/en\/product\/pokemon-go-v-battle-deck-1vnt\/","title":{"rendered":"Pok\u00e9mon Go V Battle Deck 1vnt."},"content":{"rendered":"<p>\u201ePok\u00e9mon TCG: Pok\u00e9mon Go V Battle Deck\u201c yra paruo\u0161tas kovai, pilnos komplektacijos 60-ies kort\u0173 rinkinys, kuris sujungia populiariojo mobiliojo \u017eaidimo \u201ePok\u00e9mon Go\u201c elementus su klasikine kort\u0173 \u017eaidimo strategija. \u0160is rinkinys yra sukonstruotas aplink galing\u0105 \u201ePok\u00e9mon V\u201c kort\u0105 (pavyzd\u017eiui, Mewtwo V arba Melmetal V), kuri tampa j\u016bs\u0173 kalv\u0117s a\u0161imi ir suteikia triu\u0161kinan\u010di\u0105 j\u0117g\u0105 kovos lauke. Pakuot\u0117je rasite visk\u0105, ko reikia norint i\u0161kart prad\u0117ti \u017eaidim\u0105: special\u0173 \u017eaidimo kilim\u0117l\u012f vienam asmeniui, \u017ealos skaitiklius, didel\u0119 metalin\u0119 monet\u0105 burtams bei d\u0117\u017eut\u0119 kortoms saugoti. Be to, rinkin\u012f papildo strateginis vadovas, padedantis greitai \u012fsisavinti \u201ePok\u00e9mon V\u201c mechanikas, ir kodas, skirtas atsirakinti \u0161i\u0105 kalv\u0119 skaitmenin\u0117je \u201ePok\u00e9mon TCG Live\u201c platformoje. Tai idealus pasirinkimas pradedantiesiems \u017eaid\u0117jams, norintiems u\u017etikrinto starto, bei kolekcionieriams, vertinantiems unikalias \u201ePok\u00e9mon Go\u201c serijos iliustracijas, kurios perkelia virtualius herojus \u012f real\u0173 kort\u0173 pasaul\u012f.<\/p>","protected":false},"excerpt":{"rendered":"<p>\u201ePok\u00e9mon TCG: Pok\u00e9mon Go V Battle Deck\u201c yra paruo\u0161tas kovai, pilnos komplektacijos 60-ies kort\u0173 rinkinys, kuris sujungia populiariojo mobiliojo \u017eaidimo<\/p>","protected":false},"featured_media":40614,"comment_status":"open","ping_status":"closed","template":"","meta":[],"product_brand":[430],"product_cat":[679,407,682],"product_tag":[],"class_list":{"0":"post-40610","1":"product","2":"type-product","3":"status-publish","4":"has-post-thumbnail","6":"product_brand-pokemon","7":"product_cat-kolekcines-korteles","8":"product_cat-pokemon","9":"product_cat-pokemon-battle-decks","11":"first","12":"instock","13":"taxable","14":"shipping-taxable","15":"purchasable","16":"product-type-simple"},"yoast_head":"<!-- This site is optimized with the Yoast SEO plugin v25.9 - https:\/\/yoast.com\/wordpress\/plugins\/seo\/ -->\n<title>Pok\u00e9mon Go V Battle Deck 1vnt. - Collectin.eu<\/title>\n<meta name=\"description\" content=\"\u201ePok\u00e9mon TCG: Pok\u00e9mon Go V Battle Deck\u201c yra paruo\u0161tas kovai, pilnos komplektacijos 60-ies kort\u0173 rinkinys, kuris sujungia populiariojo mobiliojo \u017eaidimo \u201ePok\u00e9mon Go\u201c elementus su klasikine kort\u0173 \u017eaidimo strategija.\" \/>\n<meta name=\"robots\" content=\"index, follow, max-snippet:-1, max-image-preview:large, max-video-preview:-1\" \/>\n<link rel=\"canonical\" href=\"https:\/\/collectin.eu\/en\/product\/pokemon-go-v-battle-deck-1vnt\/\" \/>\n<meta property=\"og:locale\" content=\"en_US\" \/>\n<meta property=\"og:type\" content=\"article\" \/>\n<meta property=\"og:title\" content=\"Pok\u00e9mon Go V Battle Deck 1vnt. - Collectin.eu\" \/>\n<meta property=\"og:description\" content=\"\u201ePok\u00e9mon TCG: Pok\u00e9mon Go V Battle Deck\u201c yra paruo\u0161tas kovai, pilnos komplektacijos 60-ies kort\u0173 rinkinys, kuris sujungia populiariojo mobiliojo \u017eaidimo \u201ePok\u00e9mon Go\u201c elementus su klasikine kort\u0173 \u017eaidimo strategija.\" \/>\n<meta property=\"og:url\" content=\"https:\/\/collectin.eu\/en\/product\/pokemon-go-v-battle-deck-1vnt\/\" \/>\n<meta property=\"og:site_name\" content=\"Collectin.eu\" \/>\n<meta property=\"article:modified_time\" content=\"2026-04-14T18:42:39+00:00\" \/>\n<meta property=\"og:image\" content=\"http:\/\/collectin.eu\/wp-content\/uploads\/2026\/04\/Untitled-design-6.png\" \/>\n\t<meta property=\"og:image:width\" content=\"1080\" \/>\n\t<meta property=\"og:image:height\" content=\"1080\" \/>\n\t<meta property=\"og:image:type\" content=\"image\/png\" \/>\n<meta name=\"twitter:card\" content=\"summary_large_image\" \/>\n<meta name=\"twitter:label1\" content=\"Est. reading time\" \/>\n\t<meta name=\"twitter:data1\" content=\"1 minute\" \/>\n<script type=\"application\/ld+json\" class=\"yoast-schema-graph\">{\"@context\":\"https:\/\/schema.org\",\"@graph\":[{\"@type\":\"WebPage\",\"@id\":\"https:\/\/collectin.eu\/produktas\/pokemon-go-v-battle-deck-1vnt\/\",\"url\":\"https:\/\/collectin.eu\/produktas\/pokemon-go-v-battle-deck-1vnt\/\",\"name\":\"Pok\u00e9mon Go V Battle Deck 1vnt. - Collectin.eu\",\"isPartOf\":{\"@id\":\"https:\/\/collectin.eu\/#website\"},\"primaryImageOfPage\":{\"@id\":\"https:\/\/collectin.eu\/produktas\/pokemon-go-v-battle-deck-1vnt\/#primaryimage\"},\"image\":{\"@id\":\"https:\/\/collectin.eu\/produktas\/pokemon-go-v-battle-deck-1vnt\/#primaryimage\"},\"thumbnailUrl\":\"https:\/\/collectin.eu\/wp-content\/uploads\/2026\/04\/Untitled-design-6.png\",\"datePublished\":\"2026-04-14T18:42:38+00:00\",\"dateModified\":\"2026-04-14T18:42:39+00:00\",\"description\":\"\u201ePok\u00e9mon TCG: Pok\u00e9mon Go V Battle Deck\u201c yra paruo\u0161tas kovai, pilnos komplektacijos 60-ies kort\u0173 rinkinys, kuris sujungia populiariojo mobiliojo \u017eaidimo \u201ePok\u00e9mon Go\u201c elementus su klasikine kort\u0173 \u017eaidimo strategija.\",\"breadcrumb\":{\"@id\":\"https:\/\/collectin.eu\/produktas\/pokemon-go-v-battle-deck-1vnt\/#breadcrumb\"},\"inLanguage\":\"en-US\",\"potentialAction\":[{\"@type\":\"ReadAction\",\"target\":[\"https:\/\/collectin.eu\/produktas\/pokemon-go-v-battle-deck-1vnt\/\"]}]},{\"@type\":\"ImageObject\",\"inLanguage\":\"en-US\",\"@id\":\"https:\/\/collectin.eu\/produktas\/pokemon-go-v-battle-deck-1vnt\/#primaryimage\",\"url\":\"https:\/\/collectin.eu\/wp-content\/uploads\/2026\/04\/Untitled-design-6.png\",\"contentUrl\":\"https:\/\/collectin.eu\/wp-content\/uploads\/2026\/04\/Untitled-design-6.png\",\"width\":1080,\"height\":1080},{\"@type\":\"BreadcrumbList\",\"@id\":\"https:\/\/collectin.eu\/produktas\/pokemon-go-v-battle-deck-1vnt\/#breadcrumb\",\"itemListElement\":[{\"@type\":\"ListItem\",\"position\":1,\"name\":\"Home\",\"item\":\"https:\/\/collectin.eu\/\"},{\"@type\":\"ListItem\",\"position\":2,\"name\":\"Parduotuv\u0117\",\"item\":\"https:\/\/collectin.eu\/parduotuve\/\"},{\"@type\":\"ListItem\",\"position\":3,\"name\":\"Pok\u00e9mon Go V Battle Deck 1vnt.\"}]},{\"@type\":\"WebSite\",\"@id\":\"https:\/\/collectin.eu\/#website\",\"url\":\"https:\/\/collectin.eu\/\",\"name\":\"Collectin.eu\",\"description\":\"\",\"potentialAction\":[{\"@type\":\"SearchAction\",\"target\":{\"@type\":\"EntryPoint\",\"urlTemplate\":\"https:\/\/collectin.eu\/?s={search_term_string}\"},\"query-input\":{\"@type\":\"PropertyValueSpecification\",\"valueRequired\":true,\"valueName\":\"search_term_string\"}}],\"inLanguage\":\"en-US\"}]}<\/script>\n<!-- \/ Yoast SEO plugin. -->","yoast_head_json":{"title":"Pok\u00e9mon Go V Battle Deck 1vnt. - Collectin.eu","description":"\u201ePok\u00e9mon TCG: Pok\u00e9mon Go V Battle Deck\u201c yra paruo\u0161tas kovai, pilnos komplektacijos 60-ies kort\u0173 rinkinys, kuris sujungia populiariojo mobiliojo \u017eaidimo \u201ePok\u00e9mon Go\u201c elementus su klasikine kort\u0173 \u017eaidimo strategija.","robots":{"index":"index","follow":"follow","max-snippet":"max-snippet:-1","max-image-preview":"max-image-preview:large","max-video-preview":"max-video-preview:-1"},"canonical":"https:\/\/collectin.eu\/en\/product\/pokemon-go-v-battle-deck-1vnt\/","og_locale":"en_US","og_type":"article","og_title":"Pok\u00e9mon Go V Battle Deck 1vnt. - Collectin.eu","og_description":"\u201ePok\u00e9mon TCG: Pok\u00e9mon Go V Battle Deck\u201c yra paruo\u0161tas kovai, pilnos komplektacijos 60-ies kort\u0173 rinkinys, kuris sujungia populiariojo mobiliojo \u017eaidimo \u201ePok\u00e9mon Go\u201c elementus su klasikine kort\u0173 \u017eaidimo strategija.","og_url":"https:\/\/collectin.eu\/en\/product\/pokemon-go-v-battle-deck-1vnt\/","og_site_name":"Collectin.eu","article_modified_time":"2026-04-14T18:42:39+00:00","og_image":[{"width":1080,"height":1080,"url":"http:\/\/collectin.eu\/wp-content\/uploads\/2026\/04\/Untitled-design-6.png","type":"image\/png"}],"twitter_card":"summary_large_image","twitter_misc":{"Est. reading time":"1 minute"},"schema":{"@context":"https:\/\/schema.org","@graph":[{"@type":"WebPage","@id":"https:\/\/collectin.eu\/produktas\/pokemon-go-v-battle-deck-1vnt\/","url":"https:\/\/collectin.eu\/produktas\/pokemon-go-v-battle-deck-1vnt\/","name":"Pok\u00e9mon Go V Battle Deck 1vnt. - Collectin.eu","isPartOf":{"@id":"https:\/\/collectin.eu\/#website"},"primaryImageOfPage":{"@id":"https:\/\/collectin.eu\/produktas\/pokemon-go-v-battle-deck-1vnt\/#primaryimage"},"image":{"@id":"https:\/\/collectin.eu\/produktas\/pokemon-go-v-battle-deck-1vnt\/#primaryimage"},"thumbnailUrl":"https:\/\/collectin.eu\/wp-content\/uploads\/2026\/04\/Untitled-design-6.png","datePublished":"2026-04-14T18:42:38+00:00","dateModified":"2026-04-14T18:42:39+00:00","description":"\u201ePok\u00e9mon TCG: Pok\u00e9mon Go V Battle Deck\u201c yra paruo\u0161tas kovai, pilnos komplektacijos 60-ies kort\u0173 rinkinys, kuris sujungia populiariojo mobiliojo \u017eaidimo \u201ePok\u00e9mon Go\u201c elementus su klasikine kort\u0173 \u017eaidimo strategija.","breadcrumb":{"@id":"https:\/\/collectin.eu\/produktas\/pokemon-go-v-battle-deck-1vnt\/#breadcrumb"},"inLanguage":"en-US","potentialAction":[{"@type":"ReadAction","target":["https:\/\/collectin.eu\/produktas\/pokemon-go-v-battle-deck-1vnt\/"]}]},{"@type":"ImageObject","inLanguage":"en-US","@id":"https:\/\/collectin.eu\/produktas\/pokemon-go-v-battle-deck-1vnt\/#primaryimage","url":"https:\/\/collectin.eu\/wp-content\/uploads\/2026\/04\/Untitled-design-6.png","contentUrl":"https:\/\/collectin.eu\/wp-content\/uploads\/2026\/04\/Untitled-design-6.png","width":1080,"height":1080},{"@type":"BreadcrumbList","@id":"https:\/\/collectin.eu\/produktas\/pokemon-go-v-battle-deck-1vnt\/#breadcrumb","itemListElement":[{"@type":"ListItem","position":1,"name":"Home","item":"https:\/\/collectin.eu\/"},{"@type":"ListItem","position":2,"name":"Parduotuv\u0117","item":"https:\/\/collectin.eu\/parduotuve\/"},{"@type":"ListItem","position":3,"name":"Pok\u00e9mon Go V Battle Deck 1vnt."}]},{"@type":"WebSite","@id":"https:\/\/collectin.eu\/#website","url":"https:\/\/collectin.eu\/","name":"Collectin.eu","description":"","potentialAction":[{"@type":"SearchAction","target":{"@type":"EntryPoint","urlTemplate":"https:\/\/collectin.eu\/?s={search_term_string}"},"query-input":{"@type":"PropertyValueSpecification","valueRequired":true,"valueName":"search_term_string"}}],"inLanguage":"en-US"}]}},"jetpack_sharing_enabled":true,"_links":{"self":[{"href":"https:\/\/collectin.eu\/en\/wp-json\/wp\/v2\/product\/40610","targetHints":{"allow":["GET"]}}],"collection":[{"href":"https:\/\/collectin.eu\/en\/wp-json\/wp\/v2\/product"}],"about":[{"href":"https:\/\/collectin.eu\/en\/wp-json\/wp\/v2\/types\/product"}],"replies":[{"embeddable":true,"href":"https:\/\/collectin.eu\/en\/wp-json\/wp\/v2\/comments?post=40610"}],"version-history":[{"count":2,"href":"https:\/\/collectin.eu\/en\/wp-json\/wp\/v2\/product\/40610\/revisions"}],"predecessor-version":[{"id":40616,"href":"https:\/\/collectin.eu\/en\/wp-json\/wp\/v2\/product\/40610\/revisions\/40616"}],"wp:featuredmedia":[{"embeddable":true,"href":"https:\/\/collectin.eu\/en\/wp-json\/wp\/v2\/media\/40614"}],"wp:attachment":[{"href":"https:\/\/collectin.eu\/en\/wp-json\/wp\/v2\/media?parent=40610"}],"wp:term":[{"taxonomy":"product_brand","embeddable":true,"href":"https:\/\/collectin.eu\/en\/wp-json\/wp\/v2\/product_brand?post=40610"},{"taxonomy":"product_cat","embeddable":true,"href":"https:\/\/collectin.eu\/en\/wp-json\/wp\/v2\/product_cat?post=40610"},{"taxonomy":"product_tag","embeddable":true,"href":"https:\/\/collectin.eu\/en\/wp-json\/wp\/v2\/product_tag?post=40610"}],"curies":[{"name":"wp","href":"https:\/\/api.w.org\/{rel}","templated":true}]}}