{"id":40619,"date":"2026-04-16T18:09:29","date_gmt":"2026-04-16T18:09:29","guid":{"rendered":"https:\/\/collectin.eu\/?post_type=product&#038;p=40619"},"modified":"2026-04-16T18:19:46","modified_gmt":"2026-04-16T18:19:46","slug":"fantasia-mickey-mouse-august-limited-edition","status":"publish","type":"product","link":"https:\/\/collectin.eu\/en\/product\/fantasia-mickey-mouse-august-limited-edition\/","title":{"rendered":"Fantasia Mickey Mouse &#8211; August Limited Edition"},"content":{"rendered":"<p>\u201eDisney Fantasia Mickey Mouse \u2013 August Limited Edition\u201c yra i\u0161skirtinis, riboto tira\u017eo kolekcinis pliu\u0161inis \u017eaislas, skirtas pamin\u0117ti magi\u0161k\u0105j\u012f peliuko Mikio vaidmen\u012f legendiniame 1940-\u0173j\u0173 animaciniame filme \u201eFantazija\u201c. \u0160is rugpj\u016b\u010dio m\u0117nesio leidimas yra dalis presti\u017ein\u0117s serijos, kurioje kiekvienas modelis pasi\u017eymi unikaliu dizainu, auk\u0161\u010diausios kokyb\u0117s med\u017eiagomis ir ypatingomis tekst\u016bromis, neb\u016bdingomis masin\u0117s gamybos \u017eaislams. Mikis \u010dia atgimsta kaip burtininko mokinys, ta\u010diau jo tradicinis kostiumas \u0161iame leidime yra papildytas subtiliomis detal\u0117mis, ra\u0161tais ar audiniais, kurie pabr\u0117\u017eia b\u016btent \u0161io m\u0117nesio kolekcijos tematik\u0105. Kiekvienas \u017eaislas turi autenti\u0161kum\u0105 patvirtinant\u012f antsiuv\u0105 ant p\u0117dos, o ribotas gamybos kiekis u\u017etikrina, kad b\u0117gant laikui \u0161is eksponatas taps tikra retenybe bet kurioje kolekcijoje. Tai ne tik mink\u0161tas ir jaukus \u201eDisney\u201c klasikos simbolis, bet ir vertingas meno k\u016brinys, kuris puikiai tinka tiek dovanai ypatinga proga, tiek kaip investicija \u012f unikali\u0105 collectin.eu asortimento dal\u012f.<\/p>","protected":false},"excerpt":{"rendered":"<p>\u201eDisney Fantasia Mickey Mouse \u2013 August Limited Edition\u201c yra i\u0161skirtinis, riboto tira\u017eo kolekcinis pliu\u0161inis \u017eaislas, skirtas pamin\u0117ti magi\u0161k\u0105j\u012f peliuko Mikio<\/p>","protected":false},"featured_media":40631,"comment_status":"open","ping_status":"closed","template":"","meta":[],"product_brand":[425],"product_cat":[413,584],"product_tag":[],"class_list":{"0":"post-40619","1":"product","2":"type-product","3":"status-publish","4":"has-post-thumbnail","6":"product_brand-disney","7":"product_cat-disney","8":"product_cat-disney-zaislai","10":"first","11":"instock","12":"taxable","13":"shipping-taxable","14":"purchasable","15":"product-type-simple"},"yoast_head":"<!-- This site is optimized with the Yoast SEO plugin v25.9 - https:\/\/yoast.com\/wordpress\/plugins\/seo\/ -->\n<title>Fantasia Mickey Mouse - August Limited Edition - Collectin.eu<\/title>\n<meta name=\"description\" content=\"\u201eDisney Fantasia Mickey Mouse \u2013 August Limited Edition\u201c yra i\u0161skirtinis, riboto tira\u017eo kolekcinis pliu\u0161inis \u017eaislas.\" \/>\n<meta name=\"robots\" content=\"index, follow, max-snippet:-1, max-image-preview:large, max-video-preview:-1\" \/>\n<link rel=\"canonical\" href=\"https:\/\/collectin.eu\/en\/product\/fantasia-mickey-mouse-august-limited-edition\/\" \/>\n<meta property=\"og:locale\" content=\"en_US\" \/>\n<meta property=\"og:type\" content=\"article\" \/>\n<meta property=\"og:title\" content=\"Fantasia Mickey Mouse - August Limited Edition - Collectin.eu\" \/>\n<meta property=\"og:description\" content=\"\u201eDisney Fantasia Mickey Mouse \u2013 August Limited Edition\u201c yra i\u0161skirtinis, riboto tira\u017eo kolekcinis pliu\u0161inis \u017eaislas.\" \/>\n<meta property=\"og:url\" content=\"https:\/\/collectin.eu\/en\/product\/fantasia-mickey-mouse-august-limited-edition\/\" \/>\n<meta property=\"og:site_name\" content=\"Collectin.eu\" \/>\n<meta property=\"article:modified_time\" content=\"2026-04-16T18:19:46+00:00\" \/>\n<meta property=\"og:image\" content=\"http:\/\/collectin.eu\/wp-content\/uploads\/2026\/04\/Untitled-design-13.png\" \/>\n\t<meta property=\"og:image:width\" content=\"1080\" \/>\n\t<meta property=\"og:image:height\" content=\"1080\" \/>\n\t<meta property=\"og:image:type\" content=\"image\/png\" \/>\n<meta name=\"twitter:card\" content=\"summary_large_image\" \/>\n<meta name=\"twitter:label1\" content=\"Est. reading time\" \/>\n\t<meta name=\"twitter:data1\" content=\"1 minute\" \/>\n<script type=\"application\/ld+json\" class=\"yoast-schema-graph\">{\"@context\":\"https:\/\/schema.org\",\"@graph\":[{\"@type\":\"WebPage\",\"@id\":\"https:\/\/collectin.eu\/produktas\/fantasia-mickey-mouse-august-limited-edition\/\",\"url\":\"https:\/\/collectin.eu\/produktas\/fantasia-mickey-mouse-august-limited-edition\/\",\"name\":\"Fantasia Mickey Mouse - August Limited Edition - Collectin.eu\",\"isPartOf\":{\"@id\":\"https:\/\/collectin.eu\/#website\"},\"primaryImageOfPage\":{\"@id\":\"https:\/\/collectin.eu\/produktas\/fantasia-mickey-mouse-august-limited-edition\/#primaryimage\"},\"image\":{\"@id\":\"https:\/\/collectin.eu\/produktas\/fantasia-mickey-mouse-august-limited-edition\/#primaryimage\"},\"thumbnailUrl\":\"https:\/\/collectin.eu\/wp-content\/uploads\/2026\/04\/Untitled-design-13.png\",\"datePublished\":\"2026-04-16T18:09:29+00:00\",\"dateModified\":\"2026-04-16T18:19:46+00:00\",\"description\":\"\u201eDisney Fantasia Mickey Mouse \u2013 August Limited Edition\u201c yra i\u0161skirtinis, riboto tira\u017eo kolekcinis pliu\u0161inis \u017eaislas.\",\"breadcrumb\":{\"@id\":\"https:\/\/collectin.eu\/produktas\/fantasia-mickey-mouse-august-limited-edition\/#breadcrumb\"},\"inLanguage\":\"en-US\",\"potentialAction\":[{\"@type\":\"ReadAction\",\"target\":[\"https:\/\/collectin.eu\/produktas\/fantasia-mickey-mouse-august-limited-edition\/\"]}]},{\"@type\":\"ImageObject\",\"inLanguage\":\"en-US\",\"@id\":\"https:\/\/collectin.eu\/produktas\/fantasia-mickey-mouse-august-limited-edition\/#primaryimage\",\"url\":\"https:\/\/collectin.eu\/wp-content\/uploads\/2026\/04\/Untitled-design-13.png\",\"contentUrl\":\"https:\/\/collectin.eu\/wp-content\/uploads\/2026\/04\/Untitled-design-13.png\",\"width\":1080,\"height\":1080},{\"@type\":\"BreadcrumbList\",\"@id\":\"https:\/\/collectin.eu\/produktas\/fantasia-mickey-mouse-august-limited-edition\/#breadcrumb\",\"itemListElement\":[{\"@type\":\"ListItem\",\"position\":1,\"name\":\"Home\",\"item\":\"https:\/\/collectin.eu\/\"},{\"@type\":\"ListItem\",\"position\":2,\"name\":\"Parduotuv\u0117\",\"item\":\"https:\/\/collectin.eu\/parduotuve\/\"},{\"@type\":\"ListItem\",\"position\":3,\"name\":\"Fantasia Mickey Mouse &#8211; August Limited Edition\"}]},{\"@type\":\"WebSite\",\"@id\":\"https:\/\/collectin.eu\/#website\",\"url\":\"https:\/\/collectin.eu\/\",\"name\":\"Collectin.eu\",\"description\":\"\",\"potentialAction\":[{\"@type\":\"SearchAction\",\"target\":{\"@type\":\"EntryPoint\",\"urlTemplate\":\"https:\/\/collectin.eu\/?s={search_term_string}\"},\"query-input\":{\"@type\":\"PropertyValueSpecification\",\"valueRequired\":true,\"valueName\":\"search_term_string\"}}],\"inLanguage\":\"en-US\"}]}<\/script>\n<!-- \/ Yoast SEO plugin. -->","yoast_head_json":{"title":"Fantasia Mickey Mouse - August Limited Edition - Collectin.eu","description":"\u201eDisney Fantasia Mickey Mouse \u2013 August Limited Edition\u201c yra i\u0161skirtinis, riboto tira\u017eo kolekcinis pliu\u0161inis \u017eaislas.","robots":{"index":"index","follow":"follow","max-snippet":"max-snippet:-1","max-image-preview":"max-image-preview:large","max-video-preview":"max-video-preview:-1"},"canonical":"https:\/\/collectin.eu\/en\/product\/fantasia-mickey-mouse-august-limited-edition\/","og_locale":"en_US","og_type":"article","og_title":"Fantasia Mickey Mouse - August Limited Edition - Collectin.eu","og_description":"\u201eDisney Fantasia Mickey Mouse \u2013 August Limited Edition\u201c yra i\u0161skirtinis, riboto tira\u017eo kolekcinis pliu\u0161inis \u017eaislas.","og_url":"https:\/\/collectin.eu\/en\/product\/fantasia-mickey-mouse-august-limited-edition\/","og_site_name":"Collectin.eu","article_modified_time":"2026-04-16T18:19:46+00:00","og_image":[{"width":1080,"height":1080,"url":"http:\/\/collectin.eu\/wp-content\/uploads\/2026\/04\/Untitled-design-13.png","type":"image\/png"}],"twitter_card":"summary_large_image","twitter_misc":{"Est. reading time":"1 minute"},"schema":{"@context":"https:\/\/schema.org","@graph":[{"@type":"WebPage","@id":"https:\/\/collectin.eu\/produktas\/fantasia-mickey-mouse-august-limited-edition\/","url":"https:\/\/collectin.eu\/produktas\/fantasia-mickey-mouse-august-limited-edition\/","name":"Fantasia Mickey Mouse - August Limited Edition - Collectin.eu","isPartOf":{"@id":"https:\/\/collectin.eu\/#website"},"primaryImageOfPage":{"@id":"https:\/\/collectin.eu\/produktas\/fantasia-mickey-mouse-august-limited-edition\/#primaryimage"},"image":{"@id":"https:\/\/collectin.eu\/produktas\/fantasia-mickey-mouse-august-limited-edition\/#primaryimage"},"thumbnailUrl":"https:\/\/collectin.eu\/wp-content\/uploads\/2026\/04\/Untitled-design-13.png","datePublished":"2026-04-16T18:09:29+00:00","dateModified":"2026-04-16T18:19:46+00:00","description":"\u201eDisney Fantasia Mickey Mouse \u2013 August Limited Edition\u201c yra i\u0161skirtinis, riboto tira\u017eo kolekcinis pliu\u0161inis \u017eaislas.","breadcrumb":{"@id":"https:\/\/collectin.eu\/produktas\/fantasia-mickey-mouse-august-limited-edition\/#breadcrumb"},"inLanguage":"en-US","potentialAction":[{"@type":"ReadAction","target":["https:\/\/collectin.eu\/produktas\/fantasia-mickey-mouse-august-limited-edition\/"]}]},{"@type":"ImageObject","inLanguage":"en-US","@id":"https:\/\/collectin.eu\/produktas\/fantasia-mickey-mouse-august-limited-edition\/#primaryimage","url":"https:\/\/collectin.eu\/wp-content\/uploads\/2026\/04\/Untitled-design-13.png","contentUrl":"https:\/\/collectin.eu\/wp-content\/uploads\/2026\/04\/Untitled-design-13.png","width":1080,"height":1080},{"@type":"BreadcrumbList","@id":"https:\/\/collectin.eu\/produktas\/fantasia-mickey-mouse-august-limited-edition\/#breadcrumb","itemListElement":[{"@type":"ListItem","position":1,"name":"Home","item":"https:\/\/collectin.eu\/"},{"@type":"ListItem","position":2,"name":"Parduotuv\u0117","item":"https:\/\/collectin.eu\/parduotuve\/"},{"@type":"ListItem","position":3,"name":"Fantasia Mickey Mouse &#8211; August Limited Edition"}]},{"@type":"WebSite","@id":"https:\/\/collectin.eu\/#website","url":"https:\/\/collectin.eu\/","name":"Collectin.eu","description":"","potentialAction":[{"@type":"SearchAction","target":{"@type":"EntryPoint","urlTemplate":"https:\/\/collectin.eu\/?s={search_term_string}"},"query-input":{"@type":"PropertyValueSpecification","valueRequired":true,"valueName":"search_term_string"}}],"inLanguage":"en-US"}]}},"jetpack_sharing_enabled":true,"_links":{"self":[{"href":"https:\/\/collectin.eu\/en\/wp-json\/wp\/v2\/product\/40619","targetHints":{"allow":["GET"]}}],"collection":[{"href":"https:\/\/collectin.eu\/en\/wp-json\/wp\/v2\/product"}],"about":[{"href":"https:\/\/collectin.eu\/en\/wp-json\/wp\/v2\/types\/product"}],"replies":[{"embeddable":true,"href":"https:\/\/collectin.eu\/en\/wp-json\/wp\/v2\/comments?post=40619"}],"version-history":[{"count":1,"href":"https:\/\/collectin.eu\/en\/wp-json\/wp\/v2\/product\/40619\/revisions"}],"predecessor-version":[{"id":40622,"href":"https:\/\/collectin.eu\/en\/wp-json\/wp\/v2\/product\/40619\/revisions\/40622"}],"wp:featuredmedia":[{"embeddable":true,"href":"https:\/\/collectin.eu\/en\/wp-json\/wp\/v2\/media\/40631"}],"wp:attachment":[{"href":"https:\/\/collectin.eu\/en\/wp-json\/wp\/v2\/media?parent=40619"}],"wp:term":[{"taxonomy":"product_brand","embeddable":true,"href":"https:\/\/collectin.eu\/en\/wp-json\/wp\/v2\/product_brand?post=40619"},{"taxonomy":"product_cat","embeddable":true,"href":"https:\/\/collectin.eu\/en\/wp-json\/wp\/v2\/product_cat?post=40619"},{"taxonomy":"product_tag","embeddable":true,"href":"https:\/\/collectin.eu\/en\/wp-json\/wp\/v2\/product_tag?post=40619"}],"curies":[{"name":"wp","href":"https:\/\/api.w.org\/{rel}","templated":true}]}}