{"id":40624,"date":"2026-04-16T18:18:02","date_gmt":"2026-04-16T18:18:02","guid":{"rendered":"https:\/\/collectin.eu\/?post_type=product&#038;p=40624"},"modified":"2026-04-16T18:18:03","modified_gmt":"2026-04-16T18:18:03","slug":"silver-mickey-mouse-september-limited-edition","status":"publish","type":"product","link":"https:\/\/collectin.eu\/en\/product\/silver-mickey-mouse-september-limited-edition\/","title":{"rendered":"Silver Mickey Mouse &#8211; September Limited Edition"},"content":{"rendered":"<p>\u201eDisney Silver Mickey Mouse \u2013 September Edition\u201c yra prabangus, 35 cm auk\u0161\u010dio kolekcinis pliu\u0161inis \u017eaislas, i\u0161leistas kaip i\u0161skirtinis \u201eAmazon Exclusive\u201c serijos egzempliorius. \u0160is rugs\u0117jo m\u0117nesio leidimas yra skirtas tikriems \u201eDisney\u201c gurmanams, vertinantiems moderni\u0105 klasik\u0105: peliukas Mikis \u010dia pasipuo\u0161\u0119s \u012fsp\u016bdinga sidabrine apdaila, kuri suteikia fig\u016brai futuristin\u012f, metalin\u012f spindes\u012f ir i\u0161skiria j\u0105 i\u0161 bet kurios kitos kolekcijos. Auk\u0161\u010diausios kokyb\u0117s audiniai ir precizi\u0161kas siuvimas u\u017etikrina ne tik vizualin\u012f esteti\u0161kum\u0105, bet ir ilgaam\u017ei\u0161kum\u0105, o 35 cm dydis paver\u010dia \u0161i\u0105 fig\u016br\u0105 pastebimu akcentu bet kurioje lentynoje ar interjere. Kadangi tai yra riboto tira\u017eo leidimas, kiekvienas \u017eaislas tampa vis vertingesnis b\u0117gant laikui, ypa\u010d d\u0117l savo i\u0161skirtinio statuslo ir unikalios spalvin\u0117s gamos. Tai puiki dovana kolekcionieriams, siekiantiems tur\u0117ti vis\u0105 m\u0117nesini\u0173 leidim\u0173 serij\u0105, bei esteti\u0161kas pasirinkimas tiems, kurie ie\u0161ko unikalaus, \u201eDisney\u201c magij\u0105 ir modern\u0173 dizain\u0105 apjungian\u010dio eksponato savo collectin.eu krep\u0161eliui.<\/p>","protected":false},"excerpt":{"rendered":"<p>\u201eDisney Silver Mickey Mouse \u2013 September Edition\u201c yra prabangus, 35 cm auk\u0161\u010dio kolekcinis pliu\u0161inis \u017eaislas, i\u0161leistas kaip i\u0161skirtinis \u201eAmazon Exclusive\u201c<\/p>","protected":false},"featured_media":40628,"comment_status":"open","ping_status":"closed","template":"","meta":[],"product_brand":[425],"product_cat":[413,584],"product_tag":[],"class_list":{"0":"post-40624","1":"product","2":"type-product","3":"status-publish","4":"has-post-thumbnail","6":"product_brand-disney","7":"product_cat-disney","8":"product_cat-disney-zaislai","10":"first","11":"instock","12":"taxable","13":"shipping-taxable","14":"purchasable","15":"product-type-simple"},"yoast_head":"<!-- This site is optimized with the Yoast SEO plugin v25.9 - https:\/\/yoast.com\/wordpress\/plugins\/seo\/ -->\n<title>Silver Mickey Mouse - September Limited Edition - Collectin.eu<\/title>\n<meta name=\"description\" content=\"\u201eDisney Silver Mickey Mouse \u2013 September Edition\u201c yra prabangus, 35 cm auk\u0161\u010dio kolekcinis pliu\u0161inis \u017eaislas.\" \/>\n<meta name=\"robots\" content=\"index, follow, max-snippet:-1, max-image-preview:large, max-video-preview:-1\" \/>\n<link rel=\"canonical\" href=\"https:\/\/collectin.eu\/en\/product\/silver-mickey-mouse-september-limited-edition\/\" \/>\n<meta property=\"og:locale\" content=\"en_US\" \/>\n<meta property=\"og:type\" content=\"article\" \/>\n<meta property=\"og:title\" content=\"Silver Mickey Mouse - September Limited Edition - Collectin.eu\" \/>\n<meta property=\"og:description\" content=\"\u201eDisney Silver Mickey Mouse \u2013 September Edition\u201c yra prabangus, 35 cm auk\u0161\u010dio kolekcinis pliu\u0161inis \u017eaislas.\" \/>\n<meta property=\"og:url\" content=\"https:\/\/collectin.eu\/en\/product\/silver-mickey-mouse-september-limited-edition\/\" \/>\n<meta property=\"og:site_name\" content=\"Collectin.eu\" \/>\n<meta property=\"article:modified_time\" content=\"2026-04-16T18:18:03+00:00\" \/>\n<meta property=\"og:image\" content=\"http:\/\/collectin.eu\/wp-content\/uploads\/2026\/04\/Untitled-design-12.png\" \/>\n\t<meta property=\"og:image:width\" content=\"1080\" \/>\n\t<meta property=\"og:image:height\" content=\"1080\" \/>\n\t<meta property=\"og:image:type\" content=\"image\/png\" \/>\n<meta name=\"twitter:card\" content=\"summary_large_image\" \/>\n<meta name=\"twitter:label1\" content=\"Est. reading time\" \/>\n\t<meta name=\"twitter:data1\" content=\"1 minute\" \/>\n<script type=\"application\/ld+json\" class=\"yoast-schema-graph\">{\"@context\":\"https:\/\/schema.org\",\"@graph\":[{\"@type\":\"WebPage\",\"@id\":\"https:\/\/collectin.eu\/produktas\/silver-mickey-mouse-september-limited-edition\/\",\"url\":\"https:\/\/collectin.eu\/produktas\/silver-mickey-mouse-september-limited-edition\/\",\"name\":\"Silver Mickey Mouse - September Limited Edition - Collectin.eu\",\"isPartOf\":{\"@id\":\"https:\/\/collectin.eu\/#website\"},\"primaryImageOfPage\":{\"@id\":\"https:\/\/collectin.eu\/produktas\/silver-mickey-mouse-september-limited-edition\/#primaryimage\"},\"image\":{\"@id\":\"https:\/\/collectin.eu\/produktas\/silver-mickey-mouse-september-limited-edition\/#primaryimage\"},\"thumbnailUrl\":\"https:\/\/collectin.eu\/wp-content\/uploads\/2026\/04\/Untitled-design-12.png\",\"datePublished\":\"2026-04-16T18:18:02+00:00\",\"dateModified\":\"2026-04-16T18:18:03+00:00\",\"description\":\"\u201eDisney Silver Mickey Mouse \u2013 September Edition\u201c yra prabangus, 35 cm auk\u0161\u010dio kolekcinis pliu\u0161inis \u017eaislas.\",\"breadcrumb\":{\"@id\":\"https:\/\/collectin.eu\/produktas\/silver-mickey-mouse-september-limited-edition\/#breadcrumb\"},\"inLanguage\":\"en-US\",\"potentialAction\":[{\"@type\":\"ReadAction\",\"target\":[\"https:\/\/collectin.eu\/produktas\/silver-mickey-mouse-september-limited-edition\/\"]}]},{\"@type\":\"ImageObject\",\"inLanguage\":\"en-US\",\"@id\":\"https:\/\/collectin.eu\/produktas\/silver-mickey-mouse-september-limited-edition\/#primaryimage\",\"url\":\"https:\/\/collectin.eu\/wp-content\/uploads\/2026\/04\/Untitled-design-12.png\",\"contentUrl\":\"https:\/\/collectin.eu\/wp-content\/uploads\/2026\/04\/Untitled-design-12.png\",\"width\":1080,\"height\":1080},{\"@type\":\"BreadcrumbList\",\"@id\":\"https:\/\/collectin.eu\/produktas\/silver-mickey-mouse-september-limited-edition\/#breadcrumb\",\"itemListElement\":[{\"@type\":\"ListItem\",\"position\":1,\"name\":\"Home\",\"item\":\"https:\/\/collectin.eu\/\"},{\"@type\":\"ListItem\",\"position\":2,\"name\":\"Parduotuv\u0117\",\"item\":\"https:\/\/collectin.eu\/parduotuve\/\"},{\"@type\":\"ListItem\",\"position\":3,\"name\":\"Silver Mickey Mouse &#8211; September Limited Edition\"}]},{\"@type\":\"WebSite\",\"@id\":\"https:\/\/collectin.eu\/#website\",\"url\":\"https:\/\/collectin.eu\/\",\"name\":\"Collectin.eu\",\"description\":\"\",\"potentialAction\":[{\"@type\":\"SearchAction\",\"target\":{\"@type\":\"EntryPoint\",\"urlTemplate\":\"https:\/\/collectin.eu\/?s={search_term_string}\"},\"query-input\":{\"@type\":\"PropertyValueSpecification\",\"valueRequired\":true,\"valueName\":\"search_term_string\"}}],\"inLanguage\":\"en-US\"}]}<\/script>\n<!-- \/ Yoast SEO plugin. -->","yoast_head_json":{"title":"Silver Mickey Mouse - September Limited Edition - Collectin.eu","description":"\u201eDisney Silver Mickey Mouse \u2013 September Edition\u201c yra prabangus, 35 cm auk\u0161\u010dio kolekcinis pliu\u0161inis \u017eaislas.","robots":{"index":"index","follow":"follow","max-snippet":"max-snippet:-1","max-image-preview":"max-image-preview:large","max-video-preview":"max-video-preview:-1"},"canonical":"https:\/\/collectin.eu\/en\/product\/silver-mickey-mouse-september-limited-edition\/","og_locale":"en_US","og_type":"article","og_title":"Silver Mickey Mouse - September Limited Edition - Collectin.eu","og_description":"\u201eDisney Silver Mickey Mouse \u2013 September Edition\u201c yra prabangus, 35 cm auk\u0161\u010dio kolekcinis pliu\u0161inis \u017eaislas.","og_url":"https:\/\/collectin.eu\/en\/product\/silver-mickey-mouse-september-limited-edition\/","og_site_name":"Collectin.eu","article_modified_time":"2026-04-16T18:18:03+00:00","og_image":[{"width":1080,"height":1080,"url":"http:\/\/collectin.eu\/wp-content\/uploads\/2026\/04\/Untitled-design-12.png","type":"image\/png"}],"twitter_card":"summary_large_image","twitter_misc":{"Est. reading time":"1 minute"},"schema":{"@context":"https:\/\/schema.org","@graph":[{"@type":"WebPage","@id":"https:\/\/collectin.eu\/produktas\/silver-mickey-mouse-september-limited-edition\/","url":"https:\/\/collectin.eu\/produktas\/silver-mickey-mouse-september-limited-edition\/","name":"Silver Mickey Mouse - September Limited Edition - Collectin.eu","isPartOf":{"@id":"https:\/\/collectin.eu\/#website"},"primaryImageOfPage":{"@id":"https:\/\/collectin.eu\/produktas\/silver-mickey-mouse-september-limited-edition\/#primaryimage"},"image":{"@id":"https:\/\/collectin.eu\/produktas\/silver-mickey-mouse-september-limited-edition\/#primaryimage"},"thumbnailUrl":"https:\/\/collectin.eu\/wp-content\/uploads\/2026\/04\/Untitled-design-12.png","datePublished":"2026-04-16T18:18:02+00:00","dateModified":"2026-04-16T18:18:03+00:00","description":"\u201eDisney Silver Mickey Mouse \u2013 September Edition\u201c yra prabangus, 35 cm auk\u0161\u010dio kolekcinis pliu\u0161inis \u017eaislas.","breadcrumb":{"@id":"https:\/\/collectin.eu\/produktas\/silver-mickey-mouse-september-limited-edition\/#breadcrumb"},"inLanguage":"en-US","potentialAction":[{"@type":"ReadAction","target":["https:\/\/collectin.eu\/produktas\/silver-mickey-mouse-september-limited-edition\/"]}]},{"@type":"ImageObject","inLanguage":"en-US","@id":"https:\/\/collectin.eu\/produktas\/silver-mickey-mouse-september-limited-edition\/#primaryimage","url":"https:\/\/collectin.eu\/wp-content\/uploads\/2026\/04\/Untitled-design-12.png","contentUrl":"https:\/\/collectin.eu\/wp-content\/uploads\/2026\/04\/Untitled-design-12.png","width":1080,"height":1080},{"@type":"BreadcrumbList","@id":"https:\/\/collectin.eu\/produktas\/silver-mickey-mouse-september-limited-edition\/#breadcrumb","itemListElement":[{"@type":"ListItem","position":1,"name":"Home","item":"https:\/\/collectin.eu\/"},{"@type":"ListItem","position":2,"name":"Parduotuv\u0117","item":"https:\/\/collectin.eu\/parduotuve\/"},{"@type":"ListItem","position":3,"name":"Silver Mickey Mouse &#8211; September Limited Edition"}]},{"@type":"WebSite","@id":"https:\/\/collectin.eu\/#website","url":"https:\/\/collectin.eu\/","name":"Collectin.eu","description":"","potentialAction":[{"@type":"SearchAction","target":{"@type":"EntryPoint","urlTemplate":"https:\/\/collectin.eu\/?s={search_term_string}"},"query-input":{"@type":"PropertyValueSpecification","valueRequired":true,"valueName":"search_term_string"}}],"inLanguage":"en-US"}]}},"jetpack_sharing_enabled":true,"_links":{"self":[{"href":"https:\/\/collectin.eu\/en\/wp-json\/wp\/v2\/product\/40624","targetHints":{"allow":["GET"]}}],"collection":[{"href":"https:\/\/collectin.eu\/en\/wp-json\/wp\/v2\/product"}],"about":[{"href":"https:\/\/collectin.eu\/en\/wp-json\/wp\/v2\/types\/product"}],"replies":[{"embeddable":true,"href":"https:\/\/collectin.eu\/en\/wp-json\/wp\/v2\/comments?post=40624"}],"version-history":[{"count":2,"href":"https:\/\/collectin.eu\/en\/wp-json\/wp\/v2\/product\/40624\/revisions"}],"predecessor-version":[{"id":40630,"href":"https:\/\/collectin.eu\/en\/wp-json\/wp\/v2\/product\/40624\/revisions\/40630"}],"wp:featuredmedia":[{"embeddable":true,"href":"https:\/\/collectin.eu\/en\/wp-json\/wp\/v2\/media\/40628"}],"wp:attachment":[{"href":"https:\/\/collectin.eu\/en\/wp-json\/wp\/v2\/media?parent=40624"}],"wp:term":[{"taxonomy":"product_brand","embeddable":true,"href":"https:\/\/collectin.eu\/en\/wp-json\/wp\/v2\/product_brand?post=40624"},{"taxonomy":"product_cat","embeddable":true,"href":"https:\/\/collectin.eu\/en\/wp-json\/wp\/v2\/product_cat?post=40624"},{"taxonomy":"product_tag","embeddable":true,"href":"https:\/\/collectin.eu\/en\/wp-json\/wp\/v2\/product_tag?post=40624"}],"curies":[{"name":"wp","href":"https:\/\/api.w.org\/{rel}","templated":true}]}}