{"id":40632,"date":"2026-04-16T18:24:46","date_gmt":"2026-04-16T18:24:46","guid":{"rendered":"https:\/\/collectin.eu\/?post_type=product&#038;p=40632"},"modified":"2026-04-16T18:31:07","modified_gmt":"2026-04-16T18:31:07","slug":"ice-cream-mickey-mouse-june-limited-edition","status":"publish","type":"product","link":"https:\/\/collectin.eu\/en\/product\/ice-cream-mickey-mouse-june-limited-edition\/","title":{"rendered":"Ice Cream Mickey Mouse &#8211; June Limited Edition"},"content":{"rendered":"<p>\u201eDisney Ice Cream Mickey Mouse \u2013 June Edition\u201c yra spalvingas ir itin \u017eaismingas 35 cm auk\u0161\u010dio kolekcinis pliu\u0161inis \u017eaislas, priklausantis i\u0161skirtinei \u201eAmazon Exclusive\u201c serijai. Bir\u017eelio m\u0117nesiui dedikuotas leidimas pasitinka vasari\u0161ka nuotaika \u2013 peliukas Mikis \u010dia papuo\u0161tas unikaliu, led\u0173 ir desert\u0173 tematikos ra\u0161tu, kuris suteikia fig\u016brai saldumo bei i\u0161skirtinio vizualinio \u017eavesio. Auk\u0161\u010diausios kokyb\u0117s, mink\u0161tas audinys ir kruop\u0161\u010diai parinktos spalvos atspindi giedr\u0105 bir\u017eelio nuotaik\u0105, o 35 cm dydis leid\u017eia detaliai atskleisti kiekvien\u0105 \u0161io riboto tira\u017eo modelio element\u0105. Kaip ir visi \u0161ios serijos egzemplioriai, \u201eIce Cream Mickey\u201c turi special\u0173 autenti\u0161kumo \u017eenkl\u0105, patvirtinant\u012f jo viet\u0105 presti\u017ein\u0117je kolekcin\u0117je linijoje. Tai ne tik stilingas dekoro elementas, bet ir geid\u017eiamas objektas kolekcionieriams, siekiantiems surinkti vis\u0105 unikali\u0173 m\u0117nesio leidim\u0173 cikl\u0105, bei tobula dovana, \u012fne\u0161anti \u201eDisney\u201c magijos ir vasari\u0161kos gaivos \u012f bet kuriuos namus.<\/p>","protected":false},"excerpt":{"rendered":"<p>\u201eDisney Ice Cream Mickey Mouse \u2013 June Edition\u201c yra spalvingas ir itin \u017eaismingas 35 cm auk\u0161\u010dio kolekcinis pliu\u0161inis \u017eaislas, priklausantis<\/p>","protected":false},"featured_media":40633,"comment_status":"open","ping_status":"closed","template":"","meta":[],"product_brand":[425],"product_cat":[413,584],"product_tag":[],"class_list":{"0":"post-40632","1":"product","2":"type-product","3":"status-publish","4":"has-post-thumbnail","6":"product_brand-disney","7":"product_cat-disney","8":"product_cat-disney-zaislai","10":"first","11":"instock","12":"taxable","13":"shipping-taxable","14":"purchasable","15":"product-type-simple"},"yoast_head":"<!-- This site is optimized with the Yoast SEO plugin v25.9 - https:\/\/yoast.com\/wordpress\/plugins\/seo\/ -->\n<title>Ice Cream Mickey Mouse - June Limited Edition - Collectin.eu<\/title>\n<meta name=\"description\" content=\"\u201eDisney Ice Cream Mickey Mouse \u2013 June Edition\u201c yra spalvingas ir itin \u017eaismingas 35 cm auk\u0161\u010dio kolekcinis pliu\u0161inis \u017eaislas.\" \/>\n<meta name=\"robots\" content=\"index, follow, max-snippet:-1, max-image-preview:large, max-video-preview:-1\" \/>\n<link rel=\"canonical\" href=\"https:\/\/collectin.eu\/en\/product\/ice-cream-mickey-mouse-june-limited-edition\/\" \/>\n<meta property=\"og:locale\" content=\"en_US\" \/>\n<meta property=\"og:type\" content=\"article\" \/>\n<meta property=\"og:title\" content=\"Ice Cream Mickey Mouse - June Limited Edition - Collectin.eu\" \/>\n<meta property=\"og:description\" content=\"\u201eDisney Ice Cream Mickey Mouse \u2013 June Edition\u201c yra spalvingas ir itin \u017eaismingas 35 cm auk\u0161\u010dio kolekcinis pliu\u0161inis \u017eaislas.\" \/>\n<meta property=\"og:url\" content=\"https:\/\/collectin.eu\/en\/product\/ice-cream-mickey-mouse-june-limited-edition\/\" \/>\n<meta property=\"og:site_name\" content=\"Collectin.eu\" \/>\n<meta property=\"article:modified_time\" content=\"2026-04-16T18:31:07+00:00\" \/>\n<meta property=\"og:image\" content=\"http:\/\/collectin.eu\/wp-content\/uploads\/2026\/04\/Untitled-design-14.png\" \/>\n\t<meta property=\"og:image:width\" content=\"1080\" \/>\n\t<meta property=\"og:image:height\" content=\"1080\" \/>\n\t<meta property=\"og:image:type\" content=\"image\/png\" \/>\n<meta name=\"twitter:card\" content=\"summary_large_image\" \/>\n<meta name=\"twitter:label1\" content=\"Est. reading time\" \/>\n\t<meta name=\"twitter:data1\" content=\"1 minute\" \/>\n<script type=\"application\/ld+json\" class=\"yoast-schema-graph\">{\"@context\":\"https:\/\/schema.org\",\"@graph\":[{\"@type\":\"WebPage\",\"@id\":\"https:\/\/collectin.eu\/produktas\/ice-cream-mickey-mouse-june-limited-edition\/\",\"url\":\"https:\/\/collectin.eu\/produktas\/ice-cream-mickey-mouse-june-limited-edition\/\",\"name\":\"Ice Cream Mickey Mouse - June Limited Edition - Collectin.eu\",\"isPartOf\":{\"@id\":\"https:\/\/collectin.eu\/#website\"},\"primaryImageOfPage\":{\"@id\":\"https:\/\/collectin.eu\/produktas\/ice-cream-mickey-mouse-june-limited-edition\/#primaryimage\"},\"image\":{\"@id\":\"https:\/\/collectin.eu\/produktas\/ice-cream-mickey-mouse-june-limited-edition\/#primaryimage\"},\"thumbnailUrl\":\"https:\/\/collectin.eu\/wp-content\/uploads\/2026\/04\/Untitled-design-14.png\",\"datePublished\":\"2026-04-16T18:24:46+00:00\",\"dateModified\":\"2026-04-16T18:31:07+00:00\",\"description\":\"\u201eDisney Ice Cream Mickey Mouse \u2013 June Edition\u201c yra spalvingas ir itin \u017eaismingas 35 cm auk\u0161\u010dio kolekcinis pliu\u0161inis \u017eaislas.\",\"breadcrumb\":{\"@id\":\"https:\/\/collectin.eu\/produktas\/ice-cream-mickey-mouse-june-limited-edition\/#breadcrumb\"},\"inLanguage\":\"en-US\",\"potentialAction\":[{\"@type\":\"ReadAction\",\"target\":[\"https:\/\/collectin.eu\/produktas\/ice-cream-mickey-mouse-june-limited-edition\/\"]}]},{\"@type\":\"ImageObject\",\"inLanguage\":\"en-US\",\"@id\":\"https:\/\/collectin.eu\/produktas\/ice-cream-mickey-mouse-june-limited-edition\/#primaryimage\",\"url\":\"https:\/\/collectin.eu\/wp-content\/uploads\/2026\/04\/Untitled-design-14.png\",\"contentUrl\":\"https:\/\/collectin.eu\/wp-content\/uploads\/2026\/04\/Untitled-design-14.png\",\"width\":1080,\"height\":1080},{\"@type\":\"BreadcrumbList\",\"@id\":\"https:\/\/collectin.eu\/produktas\/ice-cream-mickey-mouse-june-limited-edition\/#breadcrumb\",\"itemListElement\":[{\"@type\":\"ListItem\",\"position\":1,\"name\":\"Home\",\"item\":\"https:\/\/collectin.eu\/\"},{\"@type\":\"ListItem\",\"position\":2,\"name\":\"Parduotuv\u0117\",\"item\":\"https:\/\/collectin.eu\/parduotuve\/\"},{\"@type\":\"ListItem\",\"position\":3,\"name\":\"Ice Cream Mickey Mouse &#8211; June Limited Edition\"}]},{\"@type\":\"WebSite\",\"@id\":\"https:\/\/collectin.eu\/#website\",\"url\":\"https:\/\/collectin.eu\/\",\"name\":\"Collectin.eu\",\"description\":\"\",\"potentialAction\":[{\"@type\":\"SearchAction\",\"target\":{\"@type\":\"EntryPoint\",\"urlTemplate\":\"https:\/\/collectin.eu\/?s={search_term_string}\"},\"query-input\":{\"@type\":\"PropertyValueSpecification\",\"valueRequired\":true,\"valueName\":\"search_term_string\"}}],\"inLanguage\":\"en-US\"}]}<\/script>\n<!-- \/ Yoast SEO plugin. -->","yoast_head_json":{"title":"Ice Cream Mickey Mouse - June Limited Edition - Collectin.eu","description":"\u201eDisney Ice Cream Mickey Mouse \u2013 June Edition\u201c yra spalvingas ir itin \u017eaismingas 35 cm auk\u0161\u010dio kolekcinis pliu\u0161inis \u017eaislas.","robots":{"index":"index","follow":"follow","max-snippet":"max-snippet:-1","max-image-preview":"max-image-preview:large","max-video-preview":"max-video-preview:-1"},"canonical":"https:\/\/collectin.eu\/en\/product\/ice-cream-mickey-mouse-june-limited-edition\/","og_locale":"en_US","og_type":"article","og_title":"Ice Cream Mickey Mouse - June Limited Edition - Collectin.eu","og_description":"\u201eDisney Ice Cream Mickey Mouse \u2013 June Edition\u201c yra spalvingas ir itin \u017eaismingas 35 cm auk\u0161\u010dio kolekcinis pliu\u0161inis \u017eaislas.","og_url":"https:\/\/collectin.eu\/en\/product\/ice-cream-mickey-mouse-june-limited-edition\/","og_site_name":"Collectin.eu","article_modified_time":"2026-04-16T18:31:07+00:00","og_image":[{"width":1080,"height":1080,"url":"http:\/\/collectin.eu\/wp-content\/uploads\/2026\/04\/Untitled-design-14.png","type":"image\/png"}],"twitter_card":"summary_large_image","twitter_misc":{"Est. reading time":"1 minute"},"schema":{"@context":"https:\/\/schema.org","@graph":[{"@type":"WebPage","@id":"https:\/\/collectin.eu\/produktas\/ice-cream-mickey-mouse-june-limited-edition\/","url":"https:\/\/collectin.eu\/produktas\/ice-cream-mickey-mouse-june-limited-edition\/","name":"Ice Cream Mickey Mouse - June Limited Edition - Collectin.eu","isPartOf":{"@id":"https:\/\/collectin.eu\/#website"},"primaryImageOfPage":{"@id":"https:\/\/collectin.eu\/produktas\/ice-cream-mickey-mouse-june-limited-edition\/#primaryimage"},"image":{"@id":"https:\/\/collectin.eu\/produktas\/ice-cream-mickey-mouse-june-limited-edition\/#primaryimage"},"thumbnailUrl":"https:\/\/collectin.eu\/wp-content\/uploads\/2026\/04\/Untitled-design-14.png","datePublished":"2026-04-16T18:24:46+00:00","dateModified":"2026-04-16T18:31:07+00:00","description":"\u201eDisney Ice Cream Mickey Mouse \u2013 June Edition\u201c yra spalvingas ir itin \u017eaismingas 35 cm auk\u0161\u010dio kolekcinis pliu\u0161inis \u017eaislas.","breadcrumb":{"@id":"https:\/\/collectin.eu\/produktas\/ice-cream-mickey-mouse-june-limited-edition\/#breadcrumb"},"inLanguage":"en-US","potentialAction":[{"@type":"ReadAction","target":["https:\/\/collectin.eu\/produktas\/ice-cream-mickey-mouse-june-limited-edition\/"]}]},{"@type":"ImageObject","inLanguage":"en-US","@id":"https:\/\/collectin.eu\/produktas\/ice-cream-mickey-mouse-june-limited-edition\/#primaryimage","url":"https:\/\/collectin.eu\/wp-content\/uploads\/2026\/04\/Untitled-design-14.png","contentUrl":"https:\/\/collectin.eu\/wp-content\/uploads\/2026\/04\/Untitled-design-14.png","width":1080,"height":1080},{"@type":"BreadcrumbList","@id":"https:\/\/collectin.eu\/produktas\/ice-cream-mickey-mouse-june-limited-edition\/#breadcrumb","itemListElement":[{"@type":"ListItem","position":1,"name":"Home","item":"https:\/\/collectin.eu\/"},{"@type":"ListItem","position":2,"name":"Parduotuv\u0117","item":"https:\/\/collectin.eu\/parduotuve\/"},{"@type":"ListItem","position":3,"name":"Ice Cream Mickey Mouse &#8211; June Limited Edition"}]},{"@type":"WebSite","@id":"https:\/\/collectin.eu\/#website","url":"https:\/\/collectin.eu\/","name":"Collectin.eu","description":"","potentialAction":[{"@type":"SearchAction","target":{"@type":"EntryPoint","urlTemplate":"https:\/\/collectin.eu\/?s={search_term_string}"},"query-input":{"@type":"PropertyValueSpecification","valueRequired":true,"valueName":"search_term_string"}}],"inLanguage":"en-US"}]}},"jetpack_sharing_enabled":true,"_links":{"self":[{"href":"https:\/\/collectin.eu\/en\/wp-json\/wp\/v2\/product\/40632","targetHints":{"allow":["GET"]}}],"collection":[{"href":"https:\/\/collectin.eu\/en\/wp-json\/wp\/v2\/product"}],"about":[{"href":"https:\/\/collectin.eu\/en\/wp-json\/wp\/v2\/types\/product"}],"replies":[{"embeddable":true,"href":"https:\/\/collectin.eu\/en\/wp-json\/wp\/v2\/comments?post=40632"}],"version-history":[{"count":1,"href":"https:\/\/collectin.eu\/en\/wp-json\/wp\/v2\/product\/40632\/revisions"}],"predecessor-version":[{"id":40635,"href":"https:\/\/collectin.eu\/en\/wp-json\/wp\/v2\/product\/40632\/revisions\/40635"}],"wp:featuredmedia":[{"embeddable":true,"href":"https:\/\/collectin.eu\/en\/wp-json\/wp\/v2\/media\/40633"}],"wp:attachment":[{"href":"https:\/\/collectin.eu\/en\/wp-json\/wp\/v2\/media?parent=40632"}],"wp:term":[{"taxonomy":"product_brand","embeddable":true,"href":"https:\/\/collectin.eu\/en\/wp-json\/wp\/v2\/product_brand?post=40632"},{"taxonomy":"product_cat","embeddable":true,"href":"https:\/\/collectin.eu\/en\/wp-json\/wp\/v2\/product_cat?post=40632"},{"taxonomy":"product_tag","embeddable":true,"href":"https:\/\/collectin.eu\/en\/wp-json\/wp\/v2\/product_tag?post=40632"}],"curies":[{"name":"wp","href":"https:\/\/api.w.org\/{rel}","templated":true}]}}