{"id":40637,"date":"2026-04-16T18:29:15","date_gmt":"2026-04-16T18:29:15","guid":{"rendered":"https:\/\/collectin.eu\/?post_type=product&#038;p=40637"},"modified":"2026-04-16T18:30:03","modified_gmt":"2026-04-16T18:30:03","slug":"bronze-mickey-mouse-april-limited-edition","status":"publish","type":"product","link":"https:\/\/collectin.eu\/en\/product\/bronze-mickey-mouse-april-limited-edition\/","title":{"rendered":"Bronze Mickey Mouse &#8211; April Limited Edition"},"content":{"rendered":"<p>\u201eDisney Bronze Mickey Mouse \u2013 April Limited Edition\u201c yra prabangos ir klasikin\u0117s estetikos derinys, sukurtas specialiai baland\u017eio m\u0117nesio riboto tira\u017eo kolekcijai. \u0160is 35 cm auk\u0161\u010dio pliu\u0161inis \u017eaislas i\u0161siskiria savo unikalia, sendinto bronzos atspalvio apdaila, kuri suteikia peliukui Mikiui skulpt\u016bri\u0161kumo ir elegancijos, b\u016bdingos tik auk\u0161\u010diausios klas\u0117s kolekcin\u0117ms fig\u016broms. Blizgus, metalo imitacijos audinis precizi\u0161kai derinamas su matin\u0117mis detal\u0117mis, sukuriant prabang\u0173 vizualin\u012f kontrast\u0105, kuris puikiai atrodo tiek moderniame interjere, tiek tarp kit\u0173 \u201eDisney\u201c relikvij\u0173. Kaip \u201eAmazon Exclusive\u201c serijos dalis, \u0161is baland\u017eio m\u0117nesio leidimas yra grie\u017etai limituotas, tod\u0117l jo vert\u0117 b\u0117gant laikui tik auga, o specialus autenti\u0161kumo \u017eenklas patvirtina jo unikalum\u0105. Tai idealus pasirinkimas kolekcionieriams, ie\u0161kantiems rimtesnio, rafinuoto stiliaus eksponato, kuris \u012f \u201eDisney\u201c magij\u0105 \u017evelgia per menin\u0119, beveik muziejin\u0119 prizm\u0119.<\/p>","protected":false},"excerpt":{"rendered":"<p>\u201eDisney Bronze Mickey Mouse \u2013 April Limited Edition\u201c yra prabangos ir klasikin\u0117s estetikos derinys, sukurtas specialiai baland\u017eio m\u0117nesio riboto tira\u017eo<\/p>","protected":false},"featured_media":40638,"comment_status":"open","ping_status":"closed","template":"","meta":[],"product_brand":[425],"product_cat":[413,584],"product_tag":[],"class_list":{"0":"post-40637","1":"product","2":"type-product","3":"status-publish","4":"has-post-thumbnail","6":"product_brand-disney","7":"product_cat-disney","8":"product_cat-disney-zaislai","10":"first","11":"instock","12":"taxable","13":"shipping-taxable","14":"purchasable","15":"product-type-simple"},"yoast_head":"<!-- This site is optimized with the Yoast SEO plugin v25.9 - https:\/\/yoast.com\/wordpress\/plugins\/seo\/ -->\n<title>Bronze Mickey Mouse - April Limited Edition - Collectin.eu<\/title>\n<meta name=\"description\" content=\"\u201eDisney Bronze Mickey Mouse \u2013 April Limited Edition\u201c yra prabangos ir klasikin\u0117s estetikos derinys,\" \/>\n<meta name=\"robots\" content=\"index, follow, max-snippet:-1, max-image-preview:large, max-video-preview:-1\" \/>\n<link rel=\"canonical\" href=\"https:\/\/collectin.eu\/en\/product\/bronze-mickey-mouse-april-limited-edition\/\" \/>\n<meta property=\"og:locale\" content=\"en_US\" \/>\n<meta property=\"og:type\" content=\"article\" \/>\n<meta property=\"og:title\" content=\"Bronze Mickey Mouse - April Limited Edition - Collectin.eu\" \/>\n<meta property=\"og:description\" content=\"\u201eDisney Bronze Mickey Mouse \u2013 April Limited Edition\u201c yra prabangos ir klasikin\u0117s estetikos derinys,\" \/>\n<meta property=\"og:url\" content=\"https:\/\/collectin.eu\/en\/product\/bronze-mickey-mouse-april-limited-edition\/\" \/>\n<meta property=\"og:site_name\" content=\"Collectin.eu\" \/>\n<meta property=\"article:modified_time\" content=\"2026-04-16T18:30:03+00:00\" \/>\n<meta property=\"og:image\" content=\"http:\/\/collectin.eu\/wp-content\/uploads\/2026\/04\/Untitled-design-16.png\" \/>\n\t<meta property=\"og:image:width\" content=\"1080\" \/>\n\t<meta property=\"og:image:height\" content=\"1080\" \/>\n\t<meta property=\"og:image:type\" content=\"image\/png\" \/>\n<meta name=\"twitter:card\" content=\"summary_large_image\" \/>\n<meta name=\"twitter:label1\" content=\"Est. reading time\" \/>\n\t<meta name=\"twitter:data1\" content=\"1 minute\" \/>\n<script type=\"application\/ld+json\" class=\"yoast-schema-graph\">{\"@context\":\"https:\/\/schema.org\",\"@graph\":[{\"@type\":\"WebPage\",\"@id\":\"https:\/\/collectin.eu\/produktas\/bronze-mickey-mouse-april-limited-edition\/\",\"url\":\"https:\/\/collectin.eu\/produktas\/bronze-mickey-mouse-april-limited-edition\/\",\"name\":\"Bronze Mickey Mouse - April Limited Edition - Collectin.eu\",\"isPartOf\":{\"@id\":\"https:\/\/collectin.eu\/#website\"},\"primaryImageOfPage\":{\"@id\":\"https:\/\/collectin.eu\/produktas\/bronze-mickey-mouse-april-limited-edition\/#primaryimage\"},\"image\":{\"@id\":\"https:\/\/collectin.eu\/produktas\/bronze-mickey-mouse-april-limited-edition\/#primaryimage\"},\"thumbnailUrl\":\"https:\/\/collectin.eu\/wp-content\/uploads\/2026\/04\/Untitled-design-16.png\",\"datePublished\":\"2026-04-16T18:29:15+00:00\",\"dateModified\":\"2026-04-16T18:30:03+00:00\",\"description\":\"\u201eDisney Bronze Mickey Mouse \u2013 April Limited Edition\u201c yra prabangos ir klasikin\u0117s estetikos derinys,\",\"breadcrumb\":{\"@id\":\"https:\/\/collectin.eu\/produktas\/bronze-mickey-mouse-april-limited-edition\/#breadcrumb\"},\"inLanguage\":\"en-US\",\"potentialAction\":[{\"@type\":\"ReadAction\",\"target\":[\"https:\/\/collectin.eu\/produktas\/bronze-mickey-mouse-april-limited-edition\/\"]}]},{\"@type\":\"ImageObject\",\"inLanguage\":\"en-US\",\"@id\":\"https:\/\/collectin.eu\/produktas\/bronze-mickey-mouse-april-limited-edition\/#primaryimage\",\"url\":\"https:\/\/collectin.eu\/wp-content\/uploads\/2026\/04\/Untitled-design-16.png\",\"contentUrl\":\"https:\/\/collectin.eu\/wp-content\/uploads\/2026\/04\/Untitled-design-16.png\",\"width\":1080,\"height\":1080},{\"@type\":\"BreadcrumbList\",\"@id\":\"https:\/\/collectin.eu\/produktas\/bronze-mickey-mouse-april-limited-edition\/#breadcrumb\",\"itemListElement\":[{\"@type\":\"ListItem\",\"position\":1,\"name\":\"Home\",\"item\":\"https:\/\/collectin.eu\/\"},{\"@type\":\"ListItem\",\"position\":2,\"name\":\"Parduotuv\u0117\",\"item\":\"https:\/\/collectin.eu\/parduotuve\/\"},{\"@type\":\"ListItem\",\"position\":3,\"name\":\"Bronze Mickey Mouse &#8211; April Limited Edition\"}]},{\"@type\":\"WebSite\",\"@id\":\"https:\/\/collectin.eu\/#website\",\"url\":\"https:\/\/collectin.eu\/\",\"name\":\"Collectin.eu\",\"description\":\"\",\"potentialAction\":[{\"@type\":\"SearchAction\",\"target\":{\"@type\":\"EntryPoint\",\"urlTemplate\":\"https:\/\/collectin.eu\/?s={search_term_string}\"},\"query-input\":{\"@type\":\"PropertyValueSpecification\",\"valueRequired\":true,\"valueName\":\"search_term_string\"}}],\"inLanguage\":\"en-US\"}]}<\/script>\n<!-- \/ Yoast SEO plugin. -->","yoast_head_json":{"title":"Bronze Mickey Mouse - April Limited Edition - Collectin.eu","description":"\u201eDisney Bronze Mickey Mouse \u2013 April Limited Edition\u201c yra prabangos ir klasikin\u0117s estetikos derinys,","robots":{"index":"index","follow":"follow","max-snippet":"max-snippet:-1","max-image-preview":"max-image-preview:large","max-video-preview":"max-video-preview:-1"},"canonical":"https:\/\/collectin.eu\/en\/product\/bronze-mickey-mouse-april-limited-edition\/","og_locale":"en_US","og_type":"article","og_title":"Bronze Mickey Mouse - April Limited Edition - Collectin.eu","og_description":"\u201eDisney Bronze Mickey Mouse \u2013 April Limited Edition\u201c yra prabangos ir klasikin\u0117s estetikos derinys,","og_url":"https:\/\/collectin.eu\/en\/product\/bronze-mickey-mouse-april-limited-edition\/","og_site_name":"Collectin.eu","article_modified_time":"2026-04-16T18:30:03+00:00","og_image":[{"width":1080,"height":1080,"url":"http:\/\/collectin.eu\/wp-content\/uploads\/2026\/04\/Untitled-design-16.png","type":"image\/png"}],"twitter_card":"summary_large_image","twitter_misc":{"Est. reading time":"1 minute"},"schema":{"@context":"https:\/\/schema.org","@graph":[{"@type":"WebPage","@id":"https:\/\/collectin.eu\/produktas\/bronze-mickey-mouse-april-limited-edition\/","url":"https:\/\/collectin.eu\/produktas\/bronze-mickey-mouse-april-limited-edition\/","name":"Bronze Mickey Mouse - April Limited Edition - Collectin.eu","isPartOf":{"@id":"https:\/\/collectin.eu\/#website"},"primaryImageOfPage":{"@id":"https:\/\/collectin.eu\/produktas\/bronze-mickey-mouse-april-limited-edition\/#primaryimage"},"image":{"@id":"https:\/\/collectin.eu\/produktas\/bronze-mickey-mouse-april-limited-edition\/#primaryimage"},"thumbnailUrl":"https:\/\/collectin.eu\/wp-content\/uploads\/2026\/04\/Untitled-design-16.png","datePublished":"2026-04-16T18:29:15+00:00","dateModified":"2026-04-16T18:30:03+00:00","description":"\u201eDisney Bronze Mickey Mouse \u2013 April Limited Edition\u201c yra prabangos ir klasikin\u0117s estetikos derinys,","breadcrumb":{"@id":"https:\/\/collectin.eu\/produktas\/bronze-mickey-mouse-april-limited-edition\/#breadcrumb"},"inLanguage":"en-US","potentialAction":[{"@type":"ReadAction","target":["https:\/\/collectin.eu\/produktas\/bronze-mickey-mouse-april-limited-edition\/"]}]},{"@type":"ImageObject","inLanguage":"en-US","@id":"https:\/\/collectin.eu\/produktas\/bronze-mickey-mouse-april-limited-edition\/#primaryimage","url":"https:\/\/collectin.eu\/wp-content\/uploads\/2026\/04\/Untitled-design-16.png","contentUrl":"https:\/\/collectin.eu\/wp-content\/uploads\/2026\/04\/Untitled-design-16.png","width":1080,"height":1080},{"@type":"BreadcrumbList","@id":"https:\/\/collectin.eu\/produktas\/bronze-mickey-mouse-april-limited-edition\/#breadcrumb","itemListElement":[{"@type":"ListItem","position":1,"name":"Home","item":"https:\/\/collectin.eu\/"},{"@type":"ListItem","position":2,"name":"Parduotuv\u0117","item":"https:\/\/collectin.eu\/parduotuve\/"},{"@type":"ListItem","position":3,"name":"Bronze Mickey Mouse &#8211; April Limited Edition"}]},{"@type":"WebSite","@id":"https:\/\/collectin.eu\/#website","url":"https:\/\/collectin.eu\/","name":"Collectin.eu","description":"","potentialAction":[{"@type":"SearchAction","target":{"@type":"EntryPoint","urlTemplate":"https:\/\/collectin.eu\/?s={search_term_string}"},"query-input":{"@type":"PropertyValueSpecification","valueRequired":true,"valueName":"search_term_string"}}],"inLanguage":"en-US"}]}},"jetpack_sharing_enabled":true,"_links":{"self":[{"href":"https:\/\/collectin.eu\/en\/wp-json\/wp\/v2\/product\/40637","targetHints":{"allow":["GET"]}}],"collection":[{"href":"https:\/\/collectin.eu\/en\/wp-json\/wp\/v2\/product"}],"about":[{"href":"https:\/\/collectin.eu\/en\/wp-json\/wp\/v2\/types\/product"}],"replies":[{"embeddable":true,"href":"https:\/\/collectin.eu\/en\/wp-json\/wp\/v2\/comments?post=40637"}],"version-history":[{"count":1,"href":"https:\/\/collectin.eu\/en\/wp-json\/wp\/v2\/product\/40637\/revisions"}],"predecessor-version":[{"id":40640,"href":"https:\/\/collectin.eu\/en\/wp-json\/wp\/v2\/product\/40637\/revisions\/40640"}],"wp:featuredmedia":[{"embeddable":true,"href":"https:\/\/collectin.eu\/en\/wp-json\/wp\/v2\/media\/40638"}],"wp:attachment":[{"href":"https:\/\/collectin.eu\/en\/wp-json\/wp\/v2\/media?parent=40637"}],"wp:term":[{"taxonomy":"product_brand","embeddable":true,"href":"https:\/\/collectin.eu\/en\/wp-json\/wp\/v2\/product_brand?post=40637"},{"taxonomy":"product_cat","embeddable":true,"href":"https:\/\/collectin.eu\/en\/wp-json\/wp\/v2\/product_cat?post=40637"},{"taxonomy":"product_tag","embeddable":true,"href":"https:\/\/collectin.eu\/en\/wp-json\/wp\/v2\/product_tag?post=40637"}],"curies":[{"name":"wp","href":"https:\/\/api.w.org\/{rel}","templated":true}]}}