{"id":40642,"date":"2026-04-16T18:35:04","date_gmt":"2026-04-16T18:35:04","guid":{"rendered":"https:\/\/collectin.eu\/?post_type=product&#038;p=40642"},"modified":"2026-04-16T18:35:05","modified_gmt":"2026-04-16T18:35:05","slug":"love-mickey-mouse-july-limited-edition","status":"publish","type":"product","link":"https:\/\/collectin.eu\/en\/product\/love-mickey-mouse-july-limited-edition\/","title":{"rendered":"Love Mickey Mouse &#8211; July Limited Edition"},"content":{"rendered":"<p>\u201eDisney Love Mickey Mouse \u2013 July Limited Edition\u201c yra romanti\u0161kiausias ir itin jaukus 35 cm auk\u0161\u010dio kolekcinis pliu\u0161inis \u017eaislas, i\u0161leistas kaip specialus liepos m\u0117nesio egzempliorius. \u0160is riboto tira\u017eo modelis, priklausantis presti\u017einei \u201eAmazon Exclusive\u201c serijai, yra dedikuotas meil\u0117s ir draugyst\u0117s tematikai, kuri\u0105 pabr\u0117\u017eia unikalus, \u0161irdel\u0117mis ir raudonais bei ro\u017einiais atspalviais margintas audinys. Auk\u0161\u010diausios kokyb\u0117s med\u017eiagos ir precizi\u0161kas peliuko Mikio kostiumo detali\u0173 i\u0161pildymas suteikia fig\u016brai i\u0161skirtinio \u017eavesio bei elegancijos. Kaip ir kiti \u0161ios kolekcijos leidimai, liepos m\u0117nesio Mikis turi special\u0173 autenti\u0161kumo \u017eenkl\u0105, liudijant\u012f jo vert\u0119 kolekcinink\u0173 rinkoje. Tai ne tik nuostabi dovana brangiam \u017emogui, simbolizuojanti pa\u010dius \u0161il\u010diausius jausmus, bet ir b\u016btinas pirkinys \u201eDisney\u201c gerb\u0117jams, siekiantiems sukomplektuoti piln\u0105 metin\u0119 cikl\u0105. \u0160is \u017eaislas \u012fne\u0161a \u012f bet kuri\u0105 erdv\u0119 meil\u0117s, magijos ir spalv\u0173, tapdamas i\u0161skirtiniu akcentu j\u016bs\u0173 collectin.eu kolekcijoje.<\/p>","protected":false},"excerpt":{"rendered":"<p>\u201eDisney Love Mickey Mouse \u2013 July Limited Edition\u201c yra romanti\u0161kiausias ir itin jaukus 35 cm auk\u0161\u010dio kolekcinis pliu\u0161inis \u017eaislas, i\u0161leistas<\/p>","protected":false},"featured_media":40645,"comment_status":"open","ping_status":"closed","template":"","meta":[],"product_brand":[425],"product_cat":[413,584],"product_tag":[],"class_list":{"0":"post-40642","1":"product","2":"type-product","3":"status-publish","4":"has-post-thumbnail","6":"product_brand-disney","7":"product_cat-disney","8":"product_cat-disney-zaislai","10":"first","11":"instock","12":"taxable","13":"shipping-taxable","14":"purchasable","15":"product-type-simple"},"yoast_head":"<!-- This site is optimized with the Yoast SEO plugin v25.9 - https:\/\/yoast.com\/wordpress\/plugins\/seo\/ -->\n<title>Love Mickey Mouse - July Limited Edition - Collectin.eu<\/title>\n<meta name=\"description\" content=\"\u201eDisney Love Mickey Mouse \u2013 July Limited Edition\u201c yra romanti\u0161kiausias ir itin jaukus 35 cm auk\u0161\u010dio kolekcinis pliu\u0161inis \u017eaislas.\" \/>\n<meta name=\"robots\" content=\"index, follow, max-snippet:-1, max-image-preview:large, max-video-preview:-1\" \/>\n<link rel=\"canonical\" href=\"https:\/\/collectin.eu\/en\/product\/love-mickey-mouse-july-limited-edition\/\" \/>\n<meta property=\"og:locale\" content=\"en_US\" \/>\n<meta property=\"og:type\" content=\"article\" \/>\n<meta property=\"og:title\" content=\"Love Mickey Mouse - July Limited Edition - Collectin.eu\" \/>\n<meta property=\"og:description\" content=\"\u201eDisney Love Mickey Mouse \u2013 July Limited Edition\u201c yra romanti\u0161kiausias ir itin jaukus 35 cm auk\u0161\u010dio kolekcinis pliu\u0161inis \u017eaislas.\" \/>\n<meta property=\"og:url\" content=\"https:\/\/collectin.eu\/en\/product\/love-mickey-mouse-july-limited-edition\/\" \/>\n<meta property=\"og:site_name\" content=\"Collectin.eu\" \/>\n<meta property=\"article:modified_time\" content=\"2026-04-16T18:35:05+00:00\" \/>\n<meta property=\"og:image\" content=\"http:\/\/collectin.eu\/wp-content\/uploads\/2026\/04\/Untitled-design-20.png\" \/>\n\t<meta property=\"og:image:width\" content=\"1080\" \/>\n\t<meta property=\"og:image:height\" content=\"1080\" \/>\n\t<meta property=\"og:image:type\" content=\"image\/png\" \/>\n<meta name=\"twitter:card\" content=\"summary_large_image\" \/>\n<meta name=\"twitter:label1\" content=\"Est. reading time\" \/>\n\t<meta name=\"twitter:data1\" content=\"1 minute\" \/>\n<script type=\"application\/ld+json\" class=\"yoast-schema-graph\">{\"@context\":\"https:\/\/schema.org\",\"@graph\":[{\"@type\":\"WebPage\",\"@id\":\"https:\/\/collectin.eu\/produktas\/love-mickey-mouse-july-limited-edition\/\",\"url\":\"https:\/\/collectin.eu\/produktas\/love-mickey-mouse-july-limited-edition\/\",\"name\":\"Love Mickey Mouse - July Limited Edition - Collectin.eu\",\"isPartOf\":{\"@id\":\"https:\/\/collectin.eu\/#website\"},\"primaryImageOfPage\":{\"@id\":\"https:\/\/collectin.eu\/produktas\/love-mickey-mouse-july-limited-edition\/#primaryimage\"},\"image\":{\"@id\":\"https:\/\/collectin.eu\/produktas\/love-mickey-mouse-july-limited-edition\/#primaryimage\"},\"thumbnailUrl\":\"https:\/\/collectin.eu\/wp-content\/uploads\/2026\/04\/Untitled-design-20.png\",\"datePublished\":\"2026-04-16T18:35:04+00:00\",\"dateModified\":\"2026-04-16T18:35:05+00:00\",\"description\":\"\u201eDisney Love Mickey Mouse \u2013 July Limited Edition\u201c yra romanti\u0161kiausias ir itin jaukus 35 cm auk\u0161\u010dio kolekcinis pliu\u0161inis \u017eaislas.\",\"breadcrumb\":{\"@id\":\"https:\/\/collectin.eu\/produktas\/love-mickey-mouse-july-limited-edition\/#breadcrumb\"},\"inLanguage\":\"en-US\",\"potentialAction\":[{\"@type\":\"ReadAction\",\"target\":[\"https:\/\/collectin.eu\/produktas\/love-mickey-mouse-july-limited-edition\/\"]}]},{\"@type\":\"ImageObject\",\"inLanguage\":\"en-US\",\"@id\":\"https:\/\/collectin.eu\/produktas\/love-mickey-mouse-july-limited-edition\/#primaryimage\",\"url\":\"https:\/\/collectin.eu\/wp-content\/uploads\/2026\/04\/Untitled-design-20.png\",\"contentUrl\":\"https:\/\/collectin.eu\/wp-content\/uploads\/2026\/04\/Untitled-design-20.png\",\"width\":1080,\"height\":1080},{\"@type\":\"BreadcrumbList\",\"@id\":\"https:\/\/collectin.eu\/produktas\/love-mickey-mouse-july-limited-edition\/#breadcrumb\",\"itemListElement\":[{\"@type\":\"ListItem\",\"position\":1,\"name\":\"Home\",\"item\":\"https:\/\/collectin.eu\/\"},{\"@type\":\"ListItem\",\"position\":2,\"name\":\"Parduotuv\u0117\",\"item\":\"https:\/\/collectin.eu\/parduotuve\/\"},{\"@type\":\"ListItem\",\"position\":3,\"name\":\"Love Mickey Mouse &#8211; July Limited Edition\"}]},{\"@type\":\"WebSite\",\"@id\":\"https:\/\/collectin.eu\/#website\",\"url\":\"https:\/\/collectin.eu\/\",\"name\":\"Collectin.eu\",\"description\":\"\",\"potentialAction\":[{\"@type\":\"SearchAction\",\"target\":{\"@type\":\"EntryPoint\",\"urlTemplate\":\"https:\/\/collectin.eu\/?s={search_term_string}\"},\"query-input\":{\"@type\":\"PropertyValueSpecification\",\"valueRequired\":true,\"valueName\":\"search_term_string\"}}],\"inLanguage\":\"en-US\"}]}<\/script>\n<!-- \/ Yoast SEO plugin. -->","yoast_head_json":{"title":"Love Mickey Mouse - July Limited Edition - Collectin.eu","description":"\u201eDisney Love Mickey Mouse \u2013 July Limited Edition\u201c yra romanti\u0161kiausias ir itin jaukus 35 cm auk\u0161\u010dio kolekcinis pliu\u0161inis \u017eaislas.","robots":{"index":"index","follow":"follow","max-snippet":"max-snippet:-1","max-image-preview":"max-image-preview:large","max-video-preview":"max-video-preview:-1"},"canonical":"https:\/\/collectin.eu\/en\/product\/love-mickey-mouse-july-limited-edition\/","og_locale":"en_US","og_type":"article","og_title":"Love Mickey Mouse - July Limited Edition - Collectin.eu","og_description":"\u201eDisney Love Mickey Mouse \u2013 July Limited Edition\u201c yra romanti\u0161kiausias ir itin jaukus 35 cm auk\u0161\u010dio kolekcinis pliu\u0161inis \u017eaislas.","og_url":"https:\/\/collectin.eu\/en\/product\/love-mickey-mouse-july-limited-edition\/","og_site_name":"Collectin.eu","article_modified_time":"2026-04-16T18:35:05+00:00","og_image":[{"width":1080,"height":1080,"url":"http:\/\/collectin.eu\/wp-content\/uploads\/2026\/04\/Untitled-design-20.png","type":"image\/png"}],"twitter_card":"summary_large_image","twitter_misc":{"Est. reading time":"1 minute"},"schema":{"@context":"https:\/\/schema.org","@graph":[{"@type":"WebPage","@id":"https:\/\/collectin.eu\/produktas\/love-mickey-mouse-july-limited-edition\/","url":"https:\/\/collectin.eu\/produktas\/love-mickey-mouse-july-limited-edition\/","name":"Love Mickey Mouse - July Limited Edition - Collectin.eu","isPartOf":{"@id":"https:\/\/collectin.eu\/#website"},"primaryImageOfPage":{"@id":"https:\/\/collectin.eu\/produktas\/love-mickey-mouse-july-limited-edition\/#primaryimage"},"image":{"@id":"https:\/\/collectin.eu\/produktas\/love-mickey-mouse-july-limited-edition\/#primaryimage"},"thumbnailUrl":"https:\/\/collectin.eu\/wp-content\/uploads\/2026\/04\/Untitled-design-20.png","datePublished":"2026-04-16T18:35:04+00:00","dateModified":"2026-04-16T18:35:05+00:00","description":"\u201eDisney Love Mickey Mouse \u2013 July Limited Edition\u201c yra romanti\u0161kiausias ir itin jaukus 35 cm auk\u0161\u010dio kolekcinis pliu\u0161inis \u017eaislas.","breadcrumb":{"@id":"https:\/\/collectin.eu\/produktas\/love-mickey-mouse-july-limited-edition\/#breadcrumb"},"inLanguage":"en-US","potentialAction":[{"@type":"ReadAction","target":["https:\/\/collectin.eu\/produktas\/love-mickey-mouse-july-limited-edition\/"]}]},{"@type":"ImageObject","inLanguage":"en-US","@id":"https:\/\/collectin.eu\/produktas\/love-mickey-mouse-july-limited-edition\/#primaryimage","url":"https:\/\/collectin.eu\/wp-content\/uploads\/2026\/04\/Untitled-design-20.png","contentUrl":"https:\/\/collectin.eu\/wp-content\/uploads\/2026\/04\/Untitled-design-20.png","width":1080,"height":1080},{"@type":"BreadcrumbList","@id":"https:\/\/collectin.eu\/produktas\/love-mickey-mouse-july-limited-edition\/#breadcrumb","itemListElement":[{"@type":"ListItem","position":1,"name":"Home","item":"https:\/\/collectin.eu\/"},{"@type":"ListItem","position":2,"name":"Parduotuv\u0117","item":"https:\/\/collectin.eu\/parduotuve\/"},{"@type":"ListItem","position":3,"name":"Love Mickey Mouse &#8211; July Limited Edition"}]},{"@type":"WebSite","@id":"https:\/\/collectin.eu\/#website","url":"https:\/\/collectin.eu\/","name":"Collectin.eu","description":"","potentialAction":[{"@type":"SearchAction","target":{"@type":"EntryPoint","urlTemplate":"https:\/\/collectin.eu\/?s={search_term_string}"},"query-input":{"@type":"PropertyValueSpecification","valueRequired":true,"valueName":"search_term_string"}}],"inLanguage":"en-US"}]}},"jetpack_sharing_enabled":true,"_links":{"self":[{"href":"https:\/\/collectin.eu\/en\/wp-json\/wp\/v2\/product\/40642","targetHints":{"allow":["GET"]}}],"collection":[{"href":"https:\/\/collectin.eu\/en\/wp-json\/wp\/v2\/product"}],"about":[{"href":"https:\/\/collectin.eu\/en\/wp-json\/wp\/v2\/types\/product"}],"replies":[{"embeddable":true,"href":"https:\/\/collectin.eu\/en\/wp-json\/wp\/v2\/comments?post=40642"}],"version-history":[{"count":2,"href":"https:\/\/collectin.eu\/en\/wp-json\/wp\/v2\/product\/40642\/revisions"}],"predecessor-version":[{"id":40647,"href":"https:\/\/collectin.eu\/en\/wp-json\/wp\/v2\/product\/40642\/revisions\/40647"}],"wp:featuredmedia":[{"embeddable":true,"href":"https:\/\/collectin.eu\/en\/wp-json\/wp\/v2\/media\/40645"}],"wp:attachment":[{"href":"https:\/\/collectin.eu\/en\/wp-json\/wp\/v2\/media?parent=40642"}],"wp:term":[{"taxonomy":"product_brand","embeddable":true,"href":"https:\/\/collectin.eu\/en\/wp-json\/wp\/v2\/product_brand?post=40642"},{"taxonomy":"product_cat","embeddable":true,"href":"https:\/\/collectin.eu\/en\/wp-json\/wp\/v2\/product_cat?post=40642"},{"taxonomy":"product_tag","embeddable":true,"href":"https:\/\/collectin.eu\/en\/wp-json\/wp\/v2\/product_tag?post=40642"}],"curies":[{"name":"wp","href":"https:\/\/api.w.org\/{rel}","templated":true}]}}