{"id":40648,"date":"2026-04-16T18:41:00","date_gmt":"2026-04-16T18:41:00","guid":{"rendered":"https:\/\/collectin.eu\/?post_type=product&#038;p=40648"},"modified":"2026-04-16T18:41:00","modified_gmt":"2026-04-16T18:41:00","slug":"steamship-mickey-mouse-march-limited-edition","status":"publish","type":"product","link":"https:\/\/collectin.eu\/en\/product\/steamship-mickey-mouse-march-limited-edition\/","title":{"rendered":"Steamship Mickey Mouse &#8211; March Limited Edition"},"content":{"rendered":"<p>\u201eDisney Steamship Mickey Mouse \u2013 March Limited Edition\u201c yra ypatingas 35 cm auk\u0161\u010dio kolekcinis pliu\u0161inis \u017eaislas, sugr\u0105\u017einantis \u012f pa\u010dias \u201eDisney\u201c magijos i\u0161takas. \u0160is kovo m\u0117nesio leidimas, priklausantis i\u0161skirtinei \u201eAmazon Exclusive\u201c serijai, pagerbia peliuko Mikio debiut\u0105 1928-\u0173j\u0173 \u0161edevre \u201eGarlaivis Vilis\u201c (Steamboat Willie). Fig\u016bra pasi\u017eymi autenti\u0161ku retro dizainu \u2013 ji sukurta naudojant klasikines juodos, baltos ir pilkos spalv\u0173 paletes, o specialus tekst\u016brinis audinis primena senosios animacijos er\u0105. Mikis \u010dia pavaizduotas su savo ikoni\u0161ka j\u016breivio kepure, o kiekviena detal\u0117 \u2013 nuo bat\u0173 iki pir\u0161tini\u0173 \u2013 atspindi pradin\u012f peliuko \u012fvaizd\u012f, kuris paverg\u0117 pasaul\u012f. Kaip grie\u017etai riboto tira\u017eo egzempliorius, \u0161is kovo m\u0117nesio Mikis turi autenti\u0161kum\u0105 patvirtinant\u012f \u017eenkl\u0105, tod\u0117l jis yra ne\u012fkainojamas radinys tiems, kurie vertina kino istorij\u0105 ir siekia surinkti vis\u0105 metin\u0119 \u201eDisney\u201c raidos kolekcij\u0105.<\/p>","protected":false},"excerpt":{"rendered":"<p>\u201eDisney Steamship Mickey Mouse \u2013 March Limited Edition\u201c yra ypatingas 35 cm auk\u0161\u010dio kolekcinis pliu\u0161inis \u017eaislas, sugr\u0105\u017einantis \u012f pa\u010dias \u201eDisney\u201c<\/p>","protected":false},"featured_media":40649,"comment_status":"open","ping_status":"closed","template":"","meta":[],"product_brand":[425],"product_cat":[413,584],"product_tag":[],"class_list":{"0":"post-40648","1":"product","2":"type-product","3":"status-publish","4":"has-post-thumbnail","6":"product_brand-disney","7":"product_cat-disney","8":"product_cat-disney-zaislai","10":"first","11":"instock","12":"taxable","13":"shipping-taxable","14":"purchasable","15":"product-type-simple"},"yoast_head":"<!-- This site is optimized with the Yoast SEO plugin v25.9 - https:\/\/yoast.com\/wordpress\/plugins\/seo\/ -->\n<title>Steamship Mickey Mouse - March Limited Edition - Collectin.eu<\/title>\n<meta name=\"description\" content=\"\u201eDisney Steamship Mickey Mouse \u2013 March Limited Edition\u201c yra ypatingas 35 cm auk\u0161\u010dio kolekcinis pliu\u0161inis \u017eaislas.\" \/>\n<meta name=\"robots\" content=\"index, follow, max-snippet:-1, max-image-preview:large, max-video-preview:-1\" \/>\n<link rel=\"canonical\" href=\"https:\/\/collectin.eu\/en\/product\/steamship-mickey-mouse-march-limited-edition\/\" \/>\n<meta property=\"og:locale\" content=\"en_US\" \/>\n<meta property=\"og:type\" content=\"article\" \/>\n<meta property=\"og:title\" content=\"Steamship Mickey Mouse - March Limited Edition - Collectin.eu\" \/>\n<meta property=\"og:description\" content=\"\u201eDisney Steamship Mickey Mouse \u2013 March Limited Edition\u201c yra ypatingas 35 cm auk\u0161\u010dio kolekcinis pliu\u0161inis \u017eaislas.\" \/>\n<meta property=\"og:url\" content=\"https:\/\/collectin.eu\/en\/product\/steamship-mickey-mouse-march-limited-edition\/\" \/>\n<meta property=\"og:site_name\" content=\"Collectin.eu\" \/>\n<meta property=\"og:image\" content=\"http:\/\/collectin.eu\/wp-content\/uploads\/2026\/04\/Untitled-design-21.png\" \/>\n\t<meta property=\"og:image:width\" content=\"1080\" \/>\n\t<meta property=\"og:image:height\" content=\"1080\" \/>\n\t<meta property=\"og:image:type\" content=\"image\/png\" \/>\n<meta name=\"twitter:card\" content=\"summary_large_image\" \/>\n<meta name=\"twitter:label1\" content=\"Est. reading time\" \/>\n\t<meta name=\"twitter:data1\" content=\"1 minute\" \/>\n<script type=\"application\/ld+json\" class=\"yoast-schema-graph\">{\"@context\":\"https:\/\/schema.org\",\"@graph\":[{\"@type\":\"WebPage\",\"@id\":\"https:\/\/collectin.eu\/produktas\/steamship-mickey-mouse-march-limited-edition\/\",\"url\":\"https:\/\/collectin.eu\/produktas\/steamship-mickey-mouse-march-limited-edition\/\",\"name\":\"Steamship Mickey Mouse - March Limited Edition - Collectin.eu\",\"isPartOf\":{\"@id\":\"https:\/\/collectin.eu\/#website\"},\"primaryImageOfPage\":{\"@id\":\"https:\/\/collectin.eu\/produktas\/steamship-mickey-mouse-march-limited-edition\/#primaryimage\"},\"image\":{\"@id\":\"https:\/\/collectin.eu\/produktas\/steamship-mickey-mouse-march-limited-edition\/#primaryimage\"},\"thumbnailUrl\":\"https:\/\/collectin.eu\/wp-content\/uploads\/2026\/04\/Untitled-design-21.png\",\"datePublished\":\"2026-04-16T18:41:00+00:00\",\"description\":\"\u201eDisney Steamship Mickey Mouse \u2013 March Limited Edition\u201c yra ypatingas 35 cm auk\u0161\u010dio kolekcinis pliu\u0161inis \u017eaislas.\",\"breadcrumb\":{\"@id\":\"https:\/\/collectin.eu\/produktas\/steamship-mickey-mouse-march-limited-edition\/#breadcrumb\"},\"inLanguage\":\"en-US\",\"potentialAction\":[{\"@type\":\"ReadAction\",\"target\":[\"https:\/\/collectin.eu\/produktas\/steamship-mickey-mouse-march-limited-edition\/\"]}]},{\"@type\":\"ImageObject\",\"inLanguage\":\"en-US\",\"@id\":\"https:\/\/collectin.eu\/produktas\/steamship-mickey-mouse-march-limited-edition\/#primaryimage\",\"url\":\"https:\/\/collectin.eu\/wp-content\/uploads\/2026\/04\/Untitled-design-21.png\",\"contentUrl\":\"https:\/\/collectin.eu\/wp-content\/uploads\/2026\/04\/Untitled-design-21.png\",\"width\":1080,\"height\":1080},{\"@type\":\"BreadcrumbList\",\"@id\":\"https:\/\/collectin.eu\/produktas\/steamship-mickey-mouse-march-limited-edition\/#breadcrumb\",\"itemListElement\":[{\"@type\":\"ListItem\",\"position\":1,\"name\":\"Home\",\"item\":\"https:\/\/collectin.eu\/\"},{\"@type\":\"ListItem\",\"position\":2,\"name\":\"Parduotuv\u0117\",\"item\":\"https:\/\/collectin.eu\/parduotuve\/\"},{\"@type\":\"ListItem\",\"position\":3,\"name\":\"Steamship Mickey Mouse &#8211; March Limited Edition\"}]},{\"@type\":\"WebSite\",\"@id\":\"https:\/\/collectin.eu\/#website\",\"url\":\"https:\/\/collectin.eu\/\",\"name\":\"Collectin.eu\",\"description\":\"\",\"potentialAction\":[{\"@type\":\"SearchAction\",\"target\":{\"@type\":\"EntryPoint\",\"urlTemplate\":\"https:\/\/collectin.eu\/?s={search_term_string}\"},\"query-input\":{\"@type\":\"PropertyValueSpecification\",\"valueRequired\":true,\"valueName\":\"search_term_string\"}}],\"inLanguage\":\"en-US\"}]}<\/script>\n<!-- \/ Yoast SEO plugin. -->","yoast_head_json":{"title":"Steamship Mickey Mouse - March Limited Edition - Collectin.eu","description":"\u201eDisney Steamship Mickey Mouse \u2013 March Limited Edition\u201c yra ypatingas 35 cm auk\u0161\u010dio kolekcinis pliu\u0161inis \u017eaislas.","robots":{"index":"index","follow":"follow","max-snippet":"max-snippet:-1","max-image-preview":"max-image-preview:large","max-video-preview":"max-video-preview:-1"},"canonical":"https:\/\/collectin.eu\/en\/product\/steamship-mickey-mouse-march-limited-edition\/","og_locale":"en_US","og_type":"article","og_title":"Steamship Mickey Mouse - March Limited Edition - Collectin.eu","og_description":"\u201eDisney Steamship Mickey Mouse \u2013 March Limited Edition\u201c yra ypatingas 35 cm auk\u0161\u010dio kolekcinis pliu\u0161inis \u017eaislas.","og_url":"https:\/\/collectin.eu\/en\/product\/steamship-mickey-mouse-march-limited-edition\/","og_site_name":"Collectin.eu","og_image":[{"width":1080,"height":1080,"url":"http:\/\/collectin.eu\/wp-content\/uploads\/2026\/04\/Untitled-design-21.png","type":"image\/png"}],"twitter_card":"summary_large_image","twitter_misc":{"Est. reading time":"1 minute"},"schema":{"@context":"https:\/\/schema.org","@graph":[{"@type":"WebPage","@id":"https:\/\/collectin.eu\/produktas\/steamship-mickey-mouse-march-limited-edition\/","url":"https:\/\/collectin.eu\/produktas\/steamship-mickey-mouse-march-limited-edition\/","name":"Steamship Mickey Mouse - March Limited Edition - Collectin.eu","isPartOf":{"@id":"https:\/\/collectin.eu\/#website"},"primaryImageOfPage":{"@id":"https:\/\/collectin.eu\/produktas\/steamship-mickey-mouse-march-limited-edition\/#primaryimage"},"image":{"@id":"https:\/\/collectin.eu\/produktas\/steamship-mickey-mouse-march-limited-edition\/#primaryimage"},"thumbnailUrl":"https:\/\/collectin.eu\/wp-content\/uploads\/2026\/04\/Untitled-design-21.png","datePublished":"2026-04-16T18:41:00+00:00","description":"\u201eDisney Steamship Mickey Mouse \u2013 March Limited Edition\u201c yra ypatingas 35 cm auk\u0161\u010dio kolekcinis pliu\u0161inis \u017eaislas.","breadcrumb":{"@id":"https:\/\/collectin.eu\/produktas\/steamship-mickey-mouse-march-limited-edition\/#breadcrumb"},"inLanguage":"en-US","potentialAction":[{"@type":"ReadAction","target":["https:\/\/collectin.eu\/produktas\/steamship-mickey-mouse-march-limited-edition\/"]}]},{"@type":"ImageObject","inLanguage":"en-US","@id":"https:\/\/collectin.eu\/produktas\/steamship-mickey-mouse-march-limited-edition\/#primaryimage","url":"https:\/\/collectin.eu\/wp-content\/uploads\/2026\/04\/Untitled-design-21.png","contentUrl":"https:\/\/collectin.eu\/wp-content\/uploads\/2026\/04\/Untitled-design-21.png","width":1080,"height":1080},{"@type":"BreadcrumbList","@id":"https:\/\/collectin.eu\/produktas\/steamship-mickey-mouse-march-limited-edition\/#breadcrumb","itemListElement":[{"@type":"ListItem","position":1,"name":"Home","item":"https:\/\/collectin.eu\/"},{"@type":"ListItem","position":2,"name":"Parduotuv\u0117","item":"https:\/\/collectin.eu\/parduotuve\/"},{"@type":"ListItem","position":3,"name":"Steamship Mickey Mouse &#8211; March Limited Edition"}]},{"@type":"WebSite","@id":"https:\/\/collectin.eu\/#website","url":"https:\/\/collectin.eu\/","name":"Collectin.eu","description":"","potentialAction":[{"@type":"SearchAction","target":{"@type":"EntryPoint","urlTemplate":"https:\/\/collectin.eu\/?s={search_term_string}"},"query-input":{"@type":"PropertyValueSpecification","valueRequired":true,"valueName":"search_term_string"}}],"inLanguage":"en-US"}]}},"jetpack_sharing_enabled":true,"_links":{"self":[{"href":"https:\/\/collectin.eu\/en\/wp-json\/wp\/v2\/product\/40648","targetHints":{"allow":["GET"]}}],"collection":[{"href":"https:\/\/collectin.eu\/en\/wp-json\/wp\/v2\/product"}],"about":[{"href":"https:\/\/collectin.eu\/en\/wp-json\/wp\/v2\/types\/product"}],"replies":[{"embeddable":true,"href":"https:\/\/collectin.eu\/en\/wp-json\/wp\/v2\/comments?post=40648"}],"version-history":[{"count":2,"href":"https:\/\/collectin.eu\/en\/wp-json\/wp\/v2\/product\/40648\/revisions"}],"predecessor-version":[{"id":40652,"href":"https:\/\/collectin.eu\/en\/wp-json\/wp\/v2\/product\/40648\/revisions\/40652"}],"wp:featuredmedia":[{"embeddable":true,"href":"https:\/\/collectin.eu\/en\/wp-json\/wp\/v2\/media\/40649"}],"wp:attachment":[{"href":"https:\/\/collectin.eu\/en\/wp-json\/wp\/v2\/media?parent=40648"}],"wp:term":[{"taxonomy":"product_brand","embeddable":true,"href":"https:\/\/collectin.eu\/en\/wp-json\/wp\/v2\/product_brand?post=40648"},{"taxonomy":"product_cat","embeddable":true,"href":"https:\/\/collectin.eu\/en\/wp-json\/wp\/v2\/product_cat?post=40648"},{"taxonomy":"product_tag","embeddable":true,"href":"https:\/\/collectin.eu\/en\/wp-json\/wp\/v2\/product_tag?post=40648"}],"curies":[{"name":"wp","href":"https:\/\/api.w.org\/{rel}","templated":true}]}}