{"id":40653,"date":"2026-04-16T19:01:12","date_gmt":"2026-04-16T19:01:12","guid":{"rendered":"https:\/\/collectin.eu\/?post_type=product&#038;p=40653"},"modified":"2026-04-16T19:01:13","modified_gmt":"2026-04-16T19:01:13","slug":"comics-mickey-mouse-february-limited-edition","status":"publish","type":"product","link":"https:\/\/collectin.eu\/en\/product\/comics-mickey-mouse-february-limited-edition\/","title":{"rendered":"Comics Mickey Mouse &#8211; February Limited Edition"},"content":{"rendered":"<p>\u201eDisney Comics Mickey Mouse \u2013 February Limited Edition\u201c yra 35 cm auk\u0161\u010dio kolekcinis \u0161edevras, skirtas pagerbti de\u0161imtme\u010dius trunkan\u010di\u0105 peliuko Mikio istorij\u0105 spalvingame komiks\u0173 pasaulyje. \u0160is vasario m\u0117nesio leidimas, priklausantis presti\u017einei \u201eAmazon Exclusive\u201c serijai, i\u0161siskiria unikaliu dizainu \u2013 visas \u017eaislo pavir\u0161ius yra padengtas ry\u0161kiomis, nostalgi\u0161komis komiks\u0173 juost\u0173 iliustracijomis, kurios atgaivina klasikinius Mikio nuotykius. Auk\u0161\u010diausios kokyb\u0117s audinys ir kruop\u0161\u010diai parinktos spalvos sukuria gyvybing\u0105, pop-art stiliaus estetik\u0105, kuri puikiai papildo bet koki\u0105 kolekcij\u0105 ar modern\u0173 interjer\u0105. Kadangi tai yra grie\u017etai riboto tira\u017eo egzempliorius su specialiu autenti\u0161kumo \u017eenklu, jo vert\u0117 b\u0117gant laikui tik auga, paver\u010diant j\u012f geid\u017eiamu objektu tiek \u201eDisney\u201c aistruoliams, tiek komiks\u0173 kult\u016bros gerb\u0117jams.<\/p>","protected":false},"excerpt":{"rendered":"<p>\u201eDisney Comics Mickey Mouse \u2013 February Limited Edition\u201c yra 35 cm auk\u0161\u010dio kolekcinis \u0161edevras, skirtas pagerbti de\u0161imtme\u010dius trunkan\u010di\u0105 peliuko Mikio<\/p>","protected":false},"featured_media":40654,"comment_status":"open","ping_status":"closed","template":"","meta":[],"product_brand":[425],"product_cat":[413,584],"product_tag":[],"class_list":{"0":"post-40653","1":"product","2":"type-product","3":"status-publish","4":"has-post-thumbnail","6":"product_brand-disney","7":"product_cat-disney","8":"product_cat-disney-zaislai","10":"first","11":"instock","12":"taxable","13":"shipping-taxable","14":"purchasable","15":"product-type-simple"},"yoast_head":"<!-- This site is optimized with the Yoast SEO plugin v25.9 - https:\/\/yoast.com\/wordpress\/plugins\/seo\/ -->\n<title>Comics Mickey Mouse - February Limited Edition - Collectin.eu<\/title>\n<meta name=\"description\" content=\"\u201eDisney Comics Mickey Mouse \u2013 February Limited Edition\u201c yra 35 cm auk\u0161\u010dio kolekcinis \u0161edevras.\" \/>\n<meta name=\"robots\" content=\"index, follow, max-snippet:-1, max-image-preview:large, max-video-preview:-1\" \/>\n<link rel=\"canonical\" href=\"https:\/\/collectin.eu\/en\/product\/comics-mickey-mouse-february-limited-edition\/\" \/>\n<meta property=\"og:locale\" content=\"en_US\" \/>\n<meta property=\"og:type\" content=\"article\" \/>\n<meta property=\"og:title\" content=\"Comics Mickey Mouse - February Limited Edition - Collectin.eu\" \/>\n<meta property=\"og:description\" content=\"\u201eDisney Comics Mickey Mouse \u2013 February Limited Edition\u201c yra 35 cm auk\u0161\u010dio kolekcinis \u0161edevras.\" \/>\n<meta property=\"og:url\" content=\"https:\/\/collectin.eu\/en\/product\/comics-mickey-mouse-february-limited-edition\/\" \/>\n<meta property=\"og:site_name\" content=\"Collectin.eu\" \/>\n<meta property=\"article:modified_time\" content=\"2026-04-16T19:01:13+00:00\" \/>\n<meta property=\"og:image\" content=\"http:\/\/collectin.eu\/wp-content\/uploads\/2026\/04\/Untitled-design-23.png\" \/>\n\t<meta property=\"og:image:width\" content=\"1080\" \/>\n\t<meta property=\"og:image:height\" content=\"1080\" \/>\n\t<meta property=\"og:image:type\" content=\"image\/png\" \/>\n<meta name=\"twitter:card\" content=\"summary_large_image\" \/>\n<meta name=\"twitter:label1\" content=\"Est. reading time\" \/>\n\t<meta name=\"twitter:data1\" content=\"1 minute\" \/>\n<script type=\"application\/ld+json\" class=\"yoast-schema-graph\">{\"@context\":\"https:\/\/schema.org\",\"@graph\":[{\"@type\":\"WebPage\",\"@id\":\"https:\/\/collectin.eu\/produktas\/comics-mickey-mouse-february-limited-edition\/\",\"url\":\"https:\/\/collectin.eu\/produktas\/comics-mickey-mouse-february-limited-edition\/\",\"name\":\"Comics Mickey Mouse - February Limited Edition - Collectin.eu\",\"isPartOf\":{\"@id\":\"https:\/\/collectin.eu\/#website\"},\"primaryImageOfPage\":{\"@id\":\"https:\/\/collectin.eu\/produktas\/comics-mickey-mouse-february-limited-edition\/#primaryimage\"},\"image\":{\"@id\":\"https:\/\/collectin.eu\/produktas\/comics-mickey-mouse-february-limited-edition\/#primaryimage\"},\"thumbnailUrl\":\"https:\/\/collectin.eu\/wp-content\/uploads\/2026\/04\/Untitled-design-23.png\",\"datePublished\":\"2026-04-16T19:01:12+00:00\",\"dateModified\":\"2026-04-16T19:01:13+00:00\",\"description\":\"\u201eDisney Comics Mickey Mouse \u2013 February Limited Edition\u201c yra 35 cm auk\u0161\u010dio kolekcinis \u0161edevras.\",\"breadcrumb\":{\"@id\":\"https:\/\/collectin.eu\/produktas\/comics-mickey-mouse-february-limited-edition\/#breadcrumb\"},\"inLanguage\":\"en-US\",\"potentialAction\":[{\"@type\":\"ReadAction\",\"target\":[\"https:\/\/collectin.eu\/produktas\/comics-mickey-mouse-february-limited-edition\/\"]}]},{\"@type\":\"ImageObject\",\"inLanguage\":\"en-US\",\"@id\":\"https:\/\/collectin.eu\/produktas\/comics-mickey-mouse-february-limited-edition\/#primaryimage\",\"url\":\"https:\/\/collectin.eu\/wp-content\/uploads\/2026\/04\/Untitled-design-23.png\",\"contentUrl\":\"https:\/\/collectin.eu\/wp-content\/uploads\/2026\/04\/Untitled-design-23.png\",\"width\":1080,\"height\":1080},{\"@type\":\"BreadcrumbList\",\"@id\":\"https:\/\/collectin.eu\/produktas\/comics-mickey-mouse-february-limited-edition\/#breadcrumb\",\"itemListElement\":[{\"@type\":\"ListItem\",\"position\":1,\"name\":\"Home\",\"item\":\"https:\/\/collectin.eu\/\"},{\"@type\":\"ListItem\",\"position\":2,\"name\":\"Parduotuv\u0117\",\"item\":\"https:\/\/collectin.eu\/parduotuve\/\"},{\"@type\":\"ListItem\",\"position\":3,\"name\":\"Comics Mickey Mouse &#8211; February Limited Edition\"}]},{\"@type\":\"WebSite\",\"@id\":\"https:\/\/collectin.eu\/#website\",\"url\":\"https:\/\/collectin.eu\/\",\"name\":\"Collectin.eu\",\"description\":\"\",\"potentialAction\":[{\"@type\":\"SearchAction\",\"target\":{\"@type\":\"EntryPoint\",\"urlTemplate\":\"https:\/\/collectin.eu\/?s={search_term_string}\"},\"query-input\":{\"@type\":\"PropertyValueSpecification\",\"valueRequired\":true,\"valueName\":\"search_term_string\"}}],\"inLanguage\":\"en-US\"}]}<\/script>\n<!-- \/ Yoast SEO plugin. -->","yoast_head_json":{"title":"Comics Mickey Mouse - February Limited Edition - Collectin.eu","description":"\u201eDisney Comics Mickey Mouse \u2013 February Limited Edition\u201c yra 35 cm auk\u0161\u010dio kolekcinis \u0161edevras.","robots":{"index":"index","follow":"follow","max-snippet":"max-snippet:-1","max-image-preview":"max-image-preview:large","max-video-preview":"max-video-preview:-1"},"canonical":"https:\/\/collectin.eu\/en\/product\/comics-mickey-mouse-february-limited-edition\/","og_locale":"en_US","og_type":"article","og_title":"Comics Mickey Mouse - February Limited Edition - Collectin.eu","og_description":"\u201eDisney Comics Mickey Mouse \u2013 February Limited Edition\u201c yra 35 cm auk\u0161\u010dio kolekcinis \u0161edevras.","og_url":"https:\/\/collectin.eu\/en\/product\/comics-mickey-mouse-february-limited-edition\/","og_site_name":"Collectin.eu","article_modified_time":"2026-04-16T19:01:13+00:00","og_image":[{"width":1080,"height":1080,"url":"http:\/\/collectin.eu\/wp-content\/uploads\/2026\/04\/Untitled-design-23.png","type":"image\/png"}],"twitter_card":"summary_large_image","twitter_misc":{"Est. reading time":"1 minute"},"schema":{"@context":"https:\/\/schema.org","@graph":[{"@type":"WebPage","@id":"https:\/\/collectin.eu\/produktas\/comics-mickey-mouse-february-limited-edition\/","url":"https:\/\/collectin.eu\/produktas\/comics-mickey-mouse-february-limited-edition\/","name":"Comics Mickey Mouse - February Limited Edition - Collectin.eu","isPartOf":{"@id":"https:\/\/collectin.eu\/#website"},"primaryImageOfPage":{"@id":"https:\/\/collectin.eu\/produktas\/comics-mickey-mouse-february-limited-edition\/#primaryimage"},"image":{"@id":"https:\/\/collectin.eu\/produktas\/comics-mickey-mouse-february-limited-edition\/#primaryimage"},"thumbnailUrl":"https:\/\/collectin.eu\/wp-content\/uploads\/2026\/04\/Untitled-design-23.png","datePublished":"2026-04-16T19:01:12+00:00","dateModified":"2026-04-16T19:01:13+00:00","description":"\u201eDisney Comics Mickey Mouse \u2013 February Limited Edition\u201c yra 35 cm auk\u0161\u010dio kolekcinis \u0161edevras.","breadcrumb":{"@id":"https:\/\/collectin.eu\/produktas\/comics-mickey-mouse-february-limited-edition\/#breadcrumb"},"inLanguage":"en-US","potentialAction":[{"@type":"ReadAction","target":["https:\/\/collectin.eu\/produktas\/comics-mickey-mouse-february-limited-edition\/"]}]},{"@type":"ImageObject","inLanguage":"en-US","@id":"https:\/\/collectin.eu\/produktas\/comics-mickey-mouse-february-limited-edition\/#primaryimage","url":"https:\/\/collectin.eu\/wp-content\/uploads\/2026\/04\/Untitled-design-23.png","contentUrl":"https:\/\/collectin.eu\/wp-content\/uploads\/2026\/04\/Untitled-design-23.png","width":1080,"height":1080},{"@type":"BreadcrumbList","@id":"https:\/\/collectin.eu\/produktas\/comics-mickey-mouse-february-limited-edition\/#breadcrumb","itemListElement":[{"@type":"ListItem","position":1,"name":"Home","item":"https:\/\/collectin.eu\/"},{"@type":"ListItem","position":2,"name":"Parduotuv\u0117","item":"https:\/\/collectin.eu\/parduotuve\/"},{"@type":"ListItem","position":3,"name":"Comics Mickey Mouse &#8211; February Limited Edition"}]},{"@type":"WebSite","@id":"https:\/\/collectin.eu\/#website","url":"https:\/\/collectin.eu\/","name":"Collectin.eu","description":"","potentialAction":[{"@type":"SearchAction","target":{"@type":"EntryPoint","urlTemplate":"https:\/\/collectin.eu\/?s={search_term_string}"},"query-input":{"@type":"PropertyValueSpecification","valueRequired":true,"valueName":"search_term_string"}}],"inLanguage":"en-US"}]}},"jetpack_sharing_enabled":true,"_links":{"self":[{"href":"https:\/\/collectin.eu\/en\/wp-json\/wp\/v2\/product\/40653","targetHints":{"allow":["GET"]}}],"collection":[{"href":"https:\/\/collectin.eu\/en\/wp-json\/wp\/v2\/product"}],"about":[{"href":"https:\/\/collectin.eu\/en\/wp-json\/wp\/v2\/types\/product"}],"replies":[{"embeddable":true,"href":"https:\/\/collectin.eu\/en\/wp-json\/wp\/v2\/comments?post=40653"}],"version-history":[{"count":2,"href":"https:\/\/collectin.eu\/en\/wp-json\/wp\/v2\/product\/40653\/revisions"}],"predecessor-version":[{"id":40657,"href":"https:\/\/collectin.eu\/en\/wp-json\/wp\/v2\/product\/40653\/revisions\/40657"}],"wp:featuredmedia":[{"embeddable":true,"href":"https:\/\/collectin.eu\/en\/wp-json\/wp\/v2\/media\/40654"}],"wp:attachment":[{"href":"https:\/\/collectin.eu\/en\/wp-json\/wp\/v2\/media?parent=40653"}],"wp:term":[{"taxonomy":"product_brand","embeddable":true,"href":"https:\/\/collectin.eu\/en\/wp-json\/wp\/v2\/product_brand?post=40653"},{"taxonomy":"product_cat","embeddable":true,"href":"https:\/\/collectin.eu\/en\/wp-json\/wp\/v2\/product_cat?post=40653"},{"taxonomy":"product_tag","embeddable":true,"href":"https:\/\/collectin.eu\/en\/wp-json\/wp\/v2\/product_tag?post=40653"}],"curies":[{"name":"wp","href":"https:\/\/api.w.org\/{rel}","templated":true}]}}