{"id":40658,"date":"2026-04-16T19:05:42","date_gmt":"2026-04-16T19:05:42","guid":{"rendered":"https:\/\/collectin.eu\/?post_type=product&#038;p=40658"},"modified":"2026-04-16T19:05:42","modified_gmt":"2026-04-16T19:05:42","slug":"celebration-mickey-mouse-may-limited-edition","status":"publish","type":"product","link":"https:\/\/collectin.eu\/en\/product\/celebration-mickey-mouse-may-limited-edition\/","title":{"rendered":"Celebration Mickey Mouse &#8211; May Limited Edition"},"content":{"rendered":"<p>\u201eDisney Celebration Mickey Mouse \u2013 May Limited Edition\u201c yra itin d\u017eiaugsmingas ir spindintis 35 cm auk\u0161\u010dio kolekcinis pliu\u0161inis \u017eaislas, sukurtas specialiai gegu\u017e\u0117s m\u0117nesio progai pamin\u0117ti. \u0160is riboto tira\u017eo egzempliorius, priklausantis presti\u017einei \u201eAmazon Exclusive\u201c serijai, \u012fk\u016bnija tikr\u0105 \u0161ventin\u0119 dvasi\u0105 \u2013 peliukas Mikis \u010dia pasipuo\u0161\u0119s ry\u0161kiu, konfeti motyvais ir spalvingais fejerverk\u0173 ra\u0161tais margintu audiniu, kuris akimirksniu praskaidrina bet koki\u0105 erdv\u0119. Auk\u0161\u010diausios kokyb\u0117s apdaila su blizgiomis detal\u0117mis suteikia fig\u016brai prabangos ir i\u0161skirtinumo poj\u016bt\u012f, o kruop\u0161\u010diai i\u0161siuvin\u0117tos detal\u0117s atspindi auk\u0161\u010diausius \u201eDisney\u201c kolekcionavimo standartus. Kaip ir kiti \u0161ios unikalios serijos leidimai, gegu\u017e\u0117s m\u0117nesio Mikis turi special\u0173 autenti\u0161kumo \u017eenkl\u0105, garantuojant\u012f jo vert\u0119 ir retum\u0105.<\/p>","protected":false},"excerpt":{"rendered":"<p>\u201eDisney Celebration Mickey Mouse \u2013 May Limited Edition\u201c yra itin d\u017eiaugsmingas ir spindintis 35 cm auk\u0161\u010dio kolekcinis pliu\u0161inis \u017eaislas, sukurtas<\/p>","protected":false},"featured_media":40659,"comment_status":"open","ping_status":"closed","template":"","meta":[],"product_brand":[425],"product_cat":[413,584],"product_tag":[],"class_list":{"0":"post-40658","1":"product","2":"type-product","3":"status-publish","4":"has-post-thumbnail","6":"product_brand-disney","7":"product_cat-disney","8":"product_cat-disney-zaislai","10":"first","11":"instock","12":"taxable","13":"shipping-taxable","14":"purchasable","15":"product-type-simple"},"yoast_head":"<!-- This site is optimized with the Yoast SEO plugin v25.9 - https:\/\/yoast.com\/wordpress\/plugins\/seo\/ -->\n<title>Celebration Mickey Mouse - May Limited Edition - Collectin.eu<\/title>\n<meta name=\"description\" content=\"\u201eDisney Celebration Mickey Mouse \u2013 May Limited Edition\u201c yra itin d\u017eiaugsmingas ir spindintis 35 cm auk\u0161\u010dio kolekcinis pliu\u0161inis \u017eaislas.\" \/>\n<meta name=\"robots\" content=\"index, follow, max-snippet:-1, max-image-preview:large, max-video-preview:-1\" \/>\n<link rel=\"canonical\" href=\"https:\/\/collectin.eu\/en\/product\/celebration-mickey-mouse-may-limited-edition\/\" \/>\n<meta property=\"og:locale\" content=\"en_US\" \/>\n<meta property=\"og:type\" content=\"article\" \/>\n<meta property=\"og:title\" content=\"Celebration Mickey Mouse - May Limited Edition - Collectin.eu\" \/>\n<meta property=\"og:description\" content=\"\u201eDisney Celebration Mickey Mouse \u2013 May Limited Edition\u201c yra itin d\u017eiaugsmingas ir spindintis 35 cm auk\u0161\u010dio kolekcinis pliu\u0161inis \u017eaislas.\" \/>\n<meta property=\"og:url\" content=\"https:\/\/collectin.eu\/en\/product\/celebration-mickey-mouse-may-limited-edition\/\" \/>\n<meta property=\"og:site_name\" content=\"Collectin.eu\" \/>\n<meta property=\"og:image\" content=\"http:\/\/collectin.eu\/wp-content\/uploads\/2026\/04\/Untitled-design-25.png\" \/>\n\t<meta property=\"og:image:width\" content=\"1080\" \/>\n\t<meta property=\"og:image:height\" content=\"1080\" \/>\n\t<meta property=\"og:image:type\" content=\"image\/png\" \/>\n<meta name=\"twitter:card\" content=\"summary_large_image\" \/>\n<meta name=\"twitter:label1\" content=\"Est. reading time\" \/>\n\t<meta name=\"twitter:data1\" content=\"1 minute\" \/>\n<script type=\"application\/ld+json\" class=\"yoast-schema-graph\">{\"@context\":\"https:\/\/schema.org\",\"@graph\":[{\"@type\":\"WebPage\",\"@id\":\"https:\/\/collectin.eu\/produktas\/celebration-mickey-mouse-may-limited-edition\/\",\"url\":\"https:\/\/collectin.eu\/produktas\/celebration-mickey-mouse-may-limited-edition\/\",\"name\":\"Celebration Mickey Mouse - May Limited Edition - Collectin.eu\",\"isPartOf\":{\"@id\":\"https:\/\/collectin.eu\/#website\"},\"primaryImageOfPage\":{\"@id\":\"https:\/\/collectin.eu\/produktas\/celebration-mickey-mouse-may-limited-edition\/#primaryimage\"},\"image\":{\"@id\":\"https:\/\/collectin.eu\/produktas\/celebration-mickey-mouse-may-limited-edition\/#primaryimage\"},\"thumbnailUrl\":\"https:\/\/collectin.eu\/wp-content\/uploads\/2026\/04\/Untitled-design-25.png\",\"datePublished\":\"2026-04-16T19:05:42+00:00\",\"description\":\"\u201eDisney Celebration Mickey Mouse \u2013 May Limited Edition\u201c yra itin d\u017eiaugsmingas ir spindintis 35 cm auk\u0161\u010dio kolekcinis pliu\u0161inis \u017eaislas.\",\"breadcrumb\":{\"@id\":\"https:\/\/collectin.eu\/produktas\/celebration-mickey-mouse-may-limited-edition\/#breadcrumb\"},\"inLanguage\":\"en-US\",\"potentialAction\":[{\"@type\":\"ReadAction\",\"target\":[\"https:\/\/collectin.eu\/produktas\/celebration-mickey-mouse-may-limited-edition\/\"]}]},{\"@type\":\"ImageObject\",\"inLanguage\":\"en-US\",\"@id\":\"https:\/\/collectin.eu\/produktas\/celebration-mickey-mouse-may-limited-edition\/#primaryimage\",\"url\":\"https:\/\/collectin.eu\/wp-content\/uploads\/2026\/04\/Untitled-design-25.png\",\"contentUrl\":\"https:\/\/collectin.eu\/wp-content\/uploads\/2026\/04\/Untitled-design-25.png\",\"width\":1080,\"height\":1080},{\"@type\":\"BreadcrumbList\",\"@id\":\"https:\/\/collectin.eu\/produktas\/celebration-mickey-mouse-may-limited-edition\/#breadcrumb\",\"itemListElement\":[{\"@type\":\"ListItem\",\"position\":1,\"name\":\"Home\",\"item\":\"https:\/\/collectin.eu\/\"},{\"@type\":\"ListItem\",\"position\":2,\"name\":\"Parduotuv\u0117\",\"item\":\"https:\/\/collectin.eu\/parduotuve\/\"},{\"@type\":\"ListItem\",\"position\":3,\"name\":\"Celebration Mickey Mouse &#8211; May Limited Edition\"}]},{\"@type\":\"WebSite\",\"@id\":\"https:\/\/collectin.eu\/#website\",\"url\":\"https:\/\/collectin.eu\/\",\"name\":\"Collectin.eu\",\"description\":\"\",\"potentialAction\":[{\"@type\":\"SearchAction\",\"target\":{\"@type\":\"EntryPoint\",\"urlTemplate\":\"https:\/\/collectin.eu\/?s={search_term_string}\"},\"query-input\":{\"@type\":\"PropertyValueSpecification\",\"valueRequired\":true,\"valueName\":\"search_term_string\"}}],\"inLanguage\":\"en-US\"}]}<\/script>\n<!-- \/ Yoast SEO plugin. -->","yoast_head_json":{"title":"Celebration Mickey Mouse - May Limited Edition - Collectin.eu","description":"\u201eDisney Celebration Mickey Mouse \u2013 May Limited Edition\u201c yra itin d\u017eiaugsmingas ir spindintis 35 cm auk\u0161\u010dio kolekcinis pliu\u0161inis \u017eaislas.","robots":{"index":"index","follow":"follow","max-snippet":"max-snippet:-1","max-image-preview":"max-image-preview:large","max-video-preview":"max-video-preview:-1"},"canonical":"https:\/\/collectin.eu\/en\/product\/celebration-mickey-mouse-may-limited-edition\/","og_locale":"en_US","og_type":"article","og_title":"Celebration Mickey Mouse - May Limited Edition - Collectin.eu","og_description":"\u201eDisney Celebration Mickey Mouse \u2013 May Limited Edition\u201c yra itin d\u017eiaugsmingas ir spindintis 35 cm auk\u0161\u010dio kolekcinis pliu\u0161inis \u017eaislas.","og_url":"https:\/\/collectin.eu\/en\/product\/celebration-mickey-mouse-may-limited-edition\/","og_site_name":"Collectin.eu","og_image":[{"width":1080,"height":1080,"url":"http:\/\/collectin.eu\/wp-content\/uploads\/2026\/04\/Untitled-design-25.png","type":"image\/png"}],"twitter_card":"summary_large_image","twitter_misc":{"Est. reading time":"1 minute"},"schema":{"@context":"https:\/\/schema.org","@graph":[{"@type":"WebPage","@id":"https:\/\/collectin.eu\/produktas\/celebration-mickey-mouse-may-limited-edition\/","url":"https:\/\/collectin.eu\/produktas\/celebration-mickey-mouse-may-limited-edition\/","name":"Celebration Mickey Mouse - May Limited Edition - Collectin.eu","isPartOf":{"@id":"https:\/\/collectin.eu\/#website"},"primaryImageOfPage":{"@id":"https:\/\/collectin.eu\/produktas\/celebration-mickey-mouse-may-limited-edition\/#primaryimage"},"image":{"@id":"https:\/\/collectin.eu\/produktas\/celebration-mickey-mouse-may-limited-edition\/#primaryimage"},"thumbnailUrl":"https:\/\/collectin.eu\/wp-content\/uploads\/2026\/04\/Untitled-design-25.png","datePublished":"2026-04-16T19:05:42+00:00","description":"\u201eDisney Celebration Mickey Mouse \u2013 May Limited Edition\u201c yra itin d\u017eiaugsmingas ir spindintis 35 cm auk\u0161\u010dio kolekcinis pliu\u0161inis \u017eaislas.","breadcrumb":{"@id":"https:\/\/collectin.eu\/produktas\/celebration-mickey-mouse-may-limited-edition\/#breadcrumb"},"inLanguage":"en-US","potentialAction":[{"@type":"ReadAction","target":["https:\/\/collectin.eu\/produktas\/celebration-mickey-mouse-may-limited-edition\/"]}]},{"@type":"ImageObject","inLanguage":"en-US","@id":"https:\/\/collectin.eu\/produktas\/celebration-mickey-mouse-may-limited-edition\/#primaryimage","url":"https:\/\/collectin.eu\/wp-content\/uploads\/2026\/04\/Untitled-design-25.png","contentUrl":"https:\/\/collectin.eu\/wp-content\/uploads\/2026\/04\/Untitled-design-25.png","width":1080,"height":1080},{"@type":"BreadcrumbList","@id":"https:\/\/collectin.eu\/produktas\/celebration-mickey-mouse-may-limited-edition\/#breadcrumb","itemListElement":[{"@type":"ListItem","position":1,"name":"Home","item":"https:\/\/collectin.eu\/"},{"@type":"ListItem","position":2,"name":"Parduotuv\u0117","item":"https:\/\/collectin.eu\/parduotuve\/"},{"@type":"ListItem","position":3,"name":"Celebration Mickey Mouse &#8211; May Limited Edition"}]},{"@type":"WebSite","@id":"https:\/\/collectin.eu\/#website","url":"https:\/\/collectin.eu\/","name":"Collectin.eu","description":"","potentialAction":[{"@type":"SearchAction","target":{"@type":"EntryPoint","urlTemplate":"https:\/\/collectin.eu\/?s={search_term_string}"},"query-input":{"@type":"PropertyValueSpecification","valueRequired":true,"valueName":"search_term_string"}}],"inLanguage":"en-US"}]}},"jetpack_sharing_enabled":true,"_links":{"self":[{"href":"https:\/\/collectin.eu\/en\/wp-json\/wp\/v2\/product\/40658","targetHints":{"allow":["GET"]}}],"collection":[{"href":"https:\/\/collectin.eu\/en\/wp-json\/wp\/v2\/product"}],"about":[{"href":"https:\/\/collectin.eu\/en\/wp-json\/wp\/v2\/types\/product"}],"replies":[{"embeddable":true,"href":"https:\/\/collectin.eu\/en\/wp-json\/wp\/v2\/comments?post=40658"}],"version-history":[{"count":2,"href":"https:\/\/collectin.eu\/en\/wp-json\/wp\/v2\/product\/40658\/revisions"}],"predecessor-version":[{"id":40662,"href":"https:\/\/collectin.eu\/en\/wp-json\/wp\/v2\/product\/40658\/revisions\/40662"}],"wp:featuredmedia":[{"embeddable":true,"href":"https:\/\/collectin.eu\/en\/wp-json\/wp\/v2\/media\/40659"}],"wp:attachment":[{"href":"https:\/\/collectin.eu\/en\/wp-json\/wp\/v2\/media?parent=40658"}],"wp:term":[{"taxonomy":"product_brand","embeddable":true,"href":"https:\/\/collectin.eu\/en\/wp-json\/wp\/v2\/product_brand?post=40658"},{"taxonomy":"product_cat","embeddable":true,"href":"https:\/\/collectin.eu\/en\/wp-json\/wp\/v2\/product_cat?post=40658"},{"taxonomy":"product_tag","embeddable":true,"href":"https:\/\/collectin.eu\/en\/wp-json\/wp\/v2\/product_tag?post=40658"}],"curies":[{"name":"wp","href":"https:\/\/api.w.org\/{rel}","templated":true}]}}