{"id":40663,"date":"2026-04-16T19:10:28","date_gmt":"2026-04-16T19:10:28","guid":{"rendered":"https:\/\/collectin.eu\/?post_type=product&#038;p=40663"},"modified":"2026-04-16T19:11:44","modified_gmt":"2026-04-16T19:11:44","slug":"disney-mickey-minnie-mouse-100-years-collector-set","status":"publish","type":"product","link":"https:\/\/collectin.eu\/en\/product\/disney-mickey-minnie-mouse-100-years-collector-set\/","title":{"rendered":"Disney Mickey &#038; Minnie Mouse 100 Years Collector Set"},"content":{"rendered":"<p>\u201eDisney Mickey &amp; Minnie Mouse 100 Years Collector Set\u201c yra presti\u017einis, jubiliejinis rinkinys, i\u0161leistas pamin\u0117ti \u201eDisney\u201c \u0161imtme\u010dio magij\u0105 ir pagerbti pa\u010di\u0105 ikoni\u0161kiausi\u0105 vis\u0173 laik\u0173 animacijos por\u0105. \u0160iame kolekciniame komplekte rasite abiej\u0173 heroj\u0173 \u2013 peliuko Mikio ir pelyt\u0117s Min\u0117s \u2013 fig\u016bras, kurios \u0161iai progai pasipuo\u0161\u0117 i\u0161skirtine, spindin\u010dia platinos ir sidabro spalv\u0173 apdaila, simbolizuojan\u010dia \u201eDisney 100 Years of Wonder\u201c jubiliej\u0173. Auk\u0161\u010diausios kokyb\u0117s med\u017eiagos, prabangios tekst\u016bros ir precizi\u0161kai i\u0161dirbtos aprangos detal\u0117s paver\u010dia \u0161ias fig\u016bras ne tik \u017eaislais, bet ir muziejin\u0117s vert\u0117s eksponatais, atspindin\u010diais \u0161imtmet\u012f trukusi\u0105 istorij\u0105. Rinkinys pateikiamas specialiai sukurtoje, esteti\u0161koje jubiliejin\u0117je pakuot\u0117je, kuri puikiai tinka eksponavimui nei\u0161imant fig\u016br\u0173, taip i\u0161saugant j\u0173 vert\u0119 bei autenti\u0161kum\u0105.<\/p>","protected":false},"excerpt":{"rendered":"<p>\u201eDisney Mickey &amp; Minnie Mouse 100 Years Collector Set\u201c yra presti\u017einis, jubiliejinis rinkinys, i\u0161leistas pamin\u0117ti \u201eDisney\u201c \u0161imtme\u010dio magij\u0105 ir pagerbti<\/p>","protected":false},"featured_media":40668,"comment_status":"open","ping_status":"closed","template":"","meta":[],"product_brand":[425],"product_cat":[413,584],"product_tag":[],"class_list":{"0":"post-40663","1":"product","2":"type-product","3":"status-publish","4":"has-post-thumbnail","6":"product_brand-disney","7":"product_cat-disney","8":"product_cat-disney-zaislai","10":"first","11":"instock","12":"taxable","13":"shipping-taxable","14":"purchasable","15":"product-type-simple"},"yoast_head":"<!-- This site is optimized with the Yoast SEO plugin v25.9 - https:\/\/yoast.com\/wordpress\/plugins\/seo\/ -->\n<title>Disney Mickey &amp; Minnie Mouse 100 Years Collector Set - Collectin.eu<\/title>\n<meta name=\"description\" content=\"\u201eDisney Mickey &amp; Minnie Mouse 100 Years Collector Set\u201c yra presti\u017einis, jubiliejinis rinkinys, i\u0161leistas pamin\u0117ti \u201eDisney\u201c \u0161imtme\u010dio magij\u0105.\" \/>\n<meta name=\"robots\" content=\"index, follow, max-snippet:-1, max-image-preview:large, max-video-preview:-1\" \/>\n<link rel=\"canonical\" href=\"https:\/\/collectin.eu\/en\/product\/disney-mickey-minnie-mouse-100-years-collector-set\/\" \/>\n<meta property=\"og:locale\" content=\"en_US\" \/>\n<meta property=\"og:type\" content=\"article\" \/>\n<meta property=\"og:title\" content=\"Disney Mickey &amp; Minnie Mouse 100 Years Collector Set - Collectin.eu\" \/>\n<meta property=\"og:description\" content=\"\u201eDisney Mickey &amp; Minnie Mouse 100 Years Collector Set\u201c yra presti\u017einis, jubiliejinis rinkinys, i\u0161leistas pamin\u0117ti \u201eDisney\u201c \u0161imtme\u010dio magij\u0105.\" \/>\n<meta property=\"og:url\" content=\"https:\/\/collectin.eu\/en\/product\/disney-mickey-minnie-mouse-100-years-collector-set\/\" \/>\n<meta property=\"og:site_name\" content=\"Collectin.eu\" \/>\n<meta property=\"article:modified_time\" content=\"2026-04-16T19:11:44+00:00\" \/>\n<meta property=\"og:image\" content=\"http:\/\/collectin.eu\/wp-content\/uploads\/2026\/04\/Untitled-design-29.png\" \/>\n\t<meta property=\"og:image:width\" content=\"1080\" \/>\n\t<meta property=\"og:image:height\" content=\"1080\" \/>\n\t<meta property=\"og:image:type\" content=\"image\/png\" \/>\n<meta name=\"twitter:card\" content=\"summary_large_image\" \/>\n<meta name=\"twitter:label1\" content=\"Est. reading time\" \/>\n\t<meta name=\"twitter:data1\" content=\"1 minute\" \/>\n<script type=\"application\/ld+json\" class=\"yoast-schema-graph\">{\"@context\":\"https:\/\/schema.org\",\"@graph\":[{\"@type\":\"WebPage\",\"@id\":\"https:\/\/collectin.eu\/produktas\/disney-mickey-minnie-mouse-100-years-collector-set\/\",\"url\":\"https:\/\/collectin.eu\/produktas\/disney-mickey-minnie-mouse-100-years-collector-set\/\",\"name\":\"Disney Mickey & Minnie Mouse 100 Years Collector Set - Collectin.eu\",\"isPartOf\":{\"@id\":\"https:\/\/collectin.eu\/#website\"},\"primaryImageOfPage\":{\"@id\":\"https:\/\/collectin.eu\/produktas\/disney-mickey-minnie-mouse-100-years-collector-set\/#primaryimage\"},\"image\":{\"@id\":\"https:\/\/collectin.eu\/produktas\/disney-mickey-minnie-mouse-100-years-collector-set\/#primaryimage\"},\"thumbnailUrl\":\"https:\/\/collectin.eu\/wp-content\/uploads\/2026\/04\/Untitled-design-29.png\",\"datePublished\":\"2026-04-16T19:10:28+00:00\",\"dateModified\":\"2026-04-16T19:11:44+00:00\",\"description\":\"\u201eDisney Mickey & Minnie Mouse 100 Years Collector Set\u201c yra presti\u017einis, jubiliejinis rinkinys, i\u0161leistas pamin\u0117ti \u201eDisney\u201c \u0161imtme\u010dio magij\u0105.\",\"breadcrumb\":{\"@id\":\"https:\/\/collectin.eu\/produktas\/disney-mickey-minnie-mouse-100-years-collector-set\/#breadcrumb\"},\"inLanguage\":\"en-US\",\"potentialAction\":[{\"@type\":\"ReadAction\",\"target\":[\"https:\/\/collectin.eu\/produktas\/disney-mickey-minnie-mouse-100-years-collector-set\/\"]}]},{\"@type\":\"ImageObject\",\"inLanguage\":\"en-US\",\"@id\":\"https:\/\/collectin.eu\/produktas\/disney-mickey-minnie-mouse-100-years-collector-set\/#primaryimage\",\"url\":\"https:\/\/collectin.eu\/wp-content\/uploads\/2026\/04\/Untitled-design-29.png\",\"contentUrl\":\"https:\/\/collectin.eu\/wp-content\/uploads\/2026\/04\/Untitled-design-29.png\",\"width\":1080,\"height\":1080},{\"@type\":\"BreadcrumbList\",\"@id\":\"https:\/\/collectin.eu\/produktas\/disney-mickey-minnie-mouse-100-years-collector-set\/#breadcrumb\",\"itemListElement\":[{\"@type\":\"ListItem\",\"position\":1,\"name\":\"Home\",\"item\":\"https:\/\/collectin.eu\/\"},{\"@type\":\"ListItem\",\"position\":2,\"name\":\"Parduotuv\u0117\",\"item\":\"https:\/\/collectin.eu\/parduotuve\/\"},{\"@type\":\"ListItem\",\"position\":3,\"name\":\"Disney Mickey &#038; Minnie Mouse 100 Years Collector Set\"}]},{\"@type\":\"WebSite\",\"@id\":\"https:\/\/collectin.eu\/#website\",\"url\":\"https:\/\/collectin.eu\/\",\"name\":\"Collectin.eu\",\"description\":\"\",\"potentialAction\":[{\"@type\":\"SearchAction\",\"target\":{\"@type\":\"EntryPoint\",\"urlTemplate\":\"https:\/\/collectin.eu\/?s={search_term_string}\"},\"query-input\":{\"@type\":\"PropertyValueSpecification\",\"valueRequired\":true,\"valueName\":\"search_term_string\"}}],\"inLanguage\":\"en-US\"}]}<\/script>\n<!-- \/ Yoast SEO plugin. -->","yoast_head_json":{"title":"Disney Mickey & Minnie Mouse 100 Years Collector Set - Collectin.eu","description":"\u201eDisney Mickey & Minnie Mouse 100 Years Collector Set\u201c yra presti\u017einis, jubiliejinis rinkinys, i\u0161leistas pamin\u0117ti \u201eDisney\u201c \u0161imtme\u010dio magij\u0105.","robots":{"index":"index","follow":"follow","max-snippet":"max-snippet:-1","max-image-preview":"max-image-preview:large","max-video-preview":"max-video-preview:-1"},"canonical":"https:\/\/collectin.eu\/en\/product\/disney-mickey-minnie-mouse-100-years-collector-set\/","og_locale":"en_US","og_type":"article","og_title":"Disney Mickey & Minnie Mouse 100 Years Collector Set - Collectin.eu","og_description":"\u201eDisney Mickey & Minnie Mouse 100 Years Collector Set\u201c yra presti\u017einis, jubiliejinis rinkinys, i\u0161leistas pamin\u0117ti \u201eDisney\u201c \u0161imtme\u010dio magij\u0105.","og_url":"https:\/\/collectin.eu\/en\/product\/disney-mickey-minnie-mouse-100-years-collector-set\/","og_site_name":"Collectin.eu","article_modified_time":"2026-04-16T19:11:44+00:00","og_image":[{"width":1080,"height":1080,"url":"http:\/\/collectin.eu\/wp-content\/uploads\/2026\/04\/Untitled-design-29.png","type":"image\/png"}],"twitter_card":"summary_large_image","twitter_misc":{"Est. reading time":"1 minute"},"schema":{"@context":"https:\/\/schema.org","@graph":[{"@type":"WebPage","@id":"https:\/\/collectin.eu\/produktas\/disney-mickey-minnie-mouse-100-years-collector-set\/","url":"https:\/\/collectin.eu\/produktas\/disney-mickey-minnie-mouse-100-years-collector-set\/","name":"Disney Mickey & Minnie Mouse 100 Years Collector Set - Collectin.eu","isPartOf":{"@id":"https:\/\/collectin.eu\/#website"},"primaryImageOfPage":{"@id":"https:\/\/collectin.eu\/produktas\/disney-mickey-minnie-mouse-100-years-collector-set\/#primaryimage"},"image":{"@id":"https:\/\/collectin.eu\/produktas\/disney-mickey-minnie-mouse-100-years-collector-set\/#primaryimage"},"thumbnailUrl":"https:\/\/collectin.eu\/wp-content\/uploads\/2026\/04\/Untitled-design-29.png","datePublished":"2026-04-16T19:10:28+00:00","dateModified":"2026-04-16T19:11:44+00:00","description":"\u201eDisney Mickey & Minnie Mouse 100 Years Collector Set\u201c yra presti\u017einis, jubiliejinis rinkinys, i\u0161leistas pamin\u0117ti \u201eDisney\u201c \u0161imtme\u010dio magij\u0105.","breadcrumb":{"@id":"https:\/\/collectin.eu\/produktas\/disney-mickey-minnie-mouse-100-years-collector-set\/#breadcrumb"},"inLanguage":"en-US","potentialAction":[{"@type":"ReadAction","target":["https:\/\/collectin.eu\/produktas\/disney-mickey-minnie-mouse-100-years-collector-set\/"]}]},{"@type":"ImageObject","inLanguage":"en-US","@id":"https:\/\/collectin.eu\/produktas\/disney-mickey-minnie-mouse-100-years-collector-set\/#primaryimage","url":"https:\/\/collectin.eu\/wp-content\/uploads\/2026\/04\/Untitled-design-29.png","contentUrl":"https:\/\/collectin.eu\/wp-content\/uploads\/2026\/04\/Untitled-design-29.png","width":1080,"height":1080},{"@type":"BreadcrumbList","@id":"https:\/\/collectin.eu\/produktas\/disney-mickey-minnie-mouse-100-years-collector-set\/#breadcrumb","itemListElement":[{"@type":"ListItem","position":1,"name":"Home","item":"https:\/\/collectin.eu\/"},{"@type":"ListItem","position":2,"name":"Parduotuv\u0117","item":"https:\/\/collectin.eu\/parduotuve\/"},{"@type":"ListItem","position":3,"name":"Disney Mickey &#038; Minnie Mouse 100 Years Collector Set"}]},{"@type":"WebSite","@id":"https:\/\/collectin.eu\/#website","url":"https:\/\/collectin.eu\/","name":"Collectin.eu","description":"","potentialAction":[{"@type":"SearchAction","target":{"@type":"EntryPoint","urlTemplate":"https:\/\/collectin.eu\/?s={search_term_string}"},"query-input":{"@type":"PropertyValueSpecification","valueRequired":true,"valueName":"search_term_string"}}],"inLanguage":"en-US"}]}},"jetpack_sharing_enabled":true,"_links":{"self":[{"href":"https:\/\/collectin.eu\/en\/wp-json\/wp\/v2\/product\/40663","targetHints":{"allow":["GET"]}}],"collection":[{"href":"https:\/\/collectin.eu\/en\/wp-json\/wp\/v2\/product"}],"about":[{"href":"https:\/\/collectin.eu\/en\/wp-json\/wp\/v2\/types\/product"}],"replies":[{"embeddable":true,"href":"https:\/\/collectin.eu\/en\/wp-json\/wp\/v2\/comments?post=40663"}],"version-history":[{"count":1,"href":"https:\/\/collectin.eu\/en\/wp-json\/wp\/v2\/product\/40663\/revisions"}],"predecessor-version":[{"id":40666,"href":"https:\/\/collectin.eu\/en\/wp-json\/wp\/v2\/product\/40663\/revisions\/40666"}],"wp:featuredmedia":[{"embeddable":true,"href":"https:\/\/collectin.eu\/en\/wp-json\/wp\/v2\/media\/40668"}],"wp:attachment":[{"href":"https:\/\/collectin.eu\/en\/wp-json\/wp\/v2\/media?parent=40663"}],"wp:term":[{"taxonomy":"product_brand","embeddable":true,"href":"https:\/\/collectin.eu\/en\/wp-json\/wp\/v2\/product_brand?post=40663"},{"taxonomy":"product_cat","embeddable":true,"href":"https:\/\/collectin.eu\/en\/wp-json\/wp\/v2\/product_cat?post=40663"},{"taxonomy":"product_tag","embeddable":true,"href":"https:\/\/collectin.eu\/en\/wp-json\/wp\/v2\/product_tag?post=40663"}],"curies":[{"name":"wp","href":"https:\/\/api.w.org\/{rel}","templated":true}]}}