{"id":40669,"date":"2026-04-16T19:16:12","date_gmt":"2026-04-16T19:16:12","guid":{"rendered":"https:\/\/collectin.eu\/?post_type=product&#038;p=40669"},"modified":"2026-04-16T19:16:12","modified_gmt":"2026-04-16T19:16:12","slug":"santa-mickey-mouse-december-limited-edition","status":"publish","type":"product","link":"https:\/\/collectin.eu\/en\/product\/santa-mickey-mouse-december-limited-edition\/","title":{"rendered":"Santa Mickey Mouse &#8211; December Limited Edition"},"content":{"rendered":"<p>\u201eDisney Santa Mickey Mouse \u2013 December Limited Edition\u201c yra jaukiausias ir labiausiai laukiamas 35 cm auk\u0161\u010dio kolekcinis pliu\u0161inis \u017eaislas, u\u017ebaigiantis i\u0161skirtin\u0119 \u201eAmazon Exclusive\u201c met\u0173 serij\u0105. \u0160is gruod\u017eio m\u0117nesio leidimas yra tikra kal\u0117din\u0117s magijos personifikacija \u2013 peliukas Mikis \u010dia atgimsta kaip stilingas Kal\u0117d\u0173 Senelis, vilkintis prabang\u0173, \u0161ventini\u0173 motyv\u0173 ra\u0161tais margint\u0105 kostium\u0105. Auk\u0161\u010diausios kokyb\u0117s audiniai, pasi\u017eymintys sodriomis spalvomis ir \u0161velniomis tekst\u016bromis, sukuria \u0161ventin\u0119 bei itin jauki\u0105 estetik\u0105, kuri puikiai papildo bet koki\u0105 kolekcij\u0105 ar tampa pagrindiniu nam\u0173 dekoro akcentu \u0161ven\u010di\u0173 laikotarpiu. Kaip grie\u017etai riboto tira\u017eo egzempliorius, \u0161is gruod\u017eio Mikis turi special\u0173 autenti\u0161kumo \u017eenkl\u0105, patvirtinant\u012f jo viet\u0105 presti\u017ein\u0117je kolekcin\u0117je linijoje. Tai ideali dovana, simbolizuojanti met\u0173 pabaigos stebukl\u0105, bei privalomas eksponatas collectin.eu gerb\u0117jams, norintiems vainikuoti savo metin\u0119 kolekcij\u0105 pa\u010diu \u0161il\u010diausiu ir d\u017eiaugsmingiausiu peliuko Mikio \u012fvaizd\u017eiu.<\/p>","protected":false},"excerpt":{"rendered":"<p>\u201eDisney Santa Mickey Mouse \u2013 December Limited Edition\u201c yra jaukiausias ir labiausiai laukiamas 35 cm auk\u0161\u010dio kolekcinis pliu\u0161inis \u017eaislas, u\u017ebaigiantis<\/p>","protected":false},"featured_media":40670,"comment_status":"open","ping_status":"closed","template":"","meta":[],"product_brand":[425],"product_cat":[413,584],"product_tag":[],"class_list":{"0":"post-40669","1":"product","2":"type-product","3":"status-publish","4":"has-post-thumbnail","6":"product_brand-disney","7":"product_cat-disney","8":"product_cat-disney-zaislai","10":"first","11":"instock","12":"taxable","13":"shipping-taxable","14":"purchasable","15":"product-type-simple"},"yoast_head":"<!-- This site is optimized with the Yoast SEO plugin v25.9 - https:\/\/yoast.com\/wordpress\/plugins\/seo\/ -->\n<title>Santa Mickey Mouse - December Limited Edition - Collectin.eu<\/title>\n<meta name=\"description\" content=\"\u201eDisney Santa Mickey Mouse \u2013 December Limited Edition\u201c yra jaukiausias ir labiausiai laukiamas 35 cm auk\u0161\u010dio kolekcinis pliu\u0161inis \u017eaislas.\" \/>\n<meta name=\"robots\" content=\"index, follow, max-snippet:-1, max-image-preview:large, max-video-preview:-1\" \/>\n<link rel=\"canonical\" href=\"https:\/\/collectin.eu\/en\/product\/santa-mickey-mouse-december-limited-edition\/\" \/>\n<meta property=\"og:locale\" content=\"en_US\" \/>\n<meta property=\"og:type\" content=\"article\" \/>\n<meta property=\"og:title\" content=\"Santa Mickey Mouse - December Limited Edition - Collectin.eu\" \/>\n<meta property=\"og:description\" content=\"\u201eDisney Santa Mickey Mouse \u2013 December Limited Edition\u201c yra jaukiausias ir labiausiai laukiamas 35 cm auk\u0161\u010dio kolekcinis pliu\u0161inis \u017eaislas.\" \/>\n<meta property=\"og:url\" content=\"https:\/\/collectin.eu\/en\/product\/santa-mickey-mouse-december-limited-edition\/\" \/>\n<meta property=\"og:site_name\" content=\"Collectin.eu\" \/>\n<meta property=\"og:image\" content=\"http:\/\/collectin.eu\/wp-content\/uploads\/2026\/04\/Untitled-design-32.png\" \/>\n\t<meta property=\"og:image:width\" content=\"1080\" \/>\n\t<meta property=\"og:image:height\" content=\"1080\" \/>\n\t<meta property=\"og:image:type\" content=\"image\/png\" \/>\n<meta name=\"twitter:card\" content=\"summary_large_image\" \/>\n<meta name=\"twitter:label1\" content=\"Est. reading time\" \/>\n\t<meta name=\"twitter:data1\" content=\"1 minute\" \/>\n<script type=\"application\/ld+json\" class=\"yoast-schema-graph\">{\"@context\":\"https:\/\/schema.org\",\"@graph\":[{\"@type\":\"WebPage\",\"@id\":\"https:\/\/collectin.eu\/produktas\/santa-mickey-mouse-december-limited-edition\/\",\"url\":\"https:\/\/collectin.eu\/produktas\/santa-mickey-mouse-december-limited-edition\/\",\"name\":\"Santa Mickey Mouse - December Limited Edition - Collectin.eu\",\"isPartOf\":{\"@id\":\"https:\/\/collectin.eu\/#website\"},\"primaryImageOfPage\":{\"@id\":\"https:\/\/collectin.eu\/produktas\/santa-mickey-mouse-december-limited-edition\/#primaryimage\"},\"image\":{\"@id\":\"https:\/\/collectin.eu\/produktas\/santa-mickey-mouse-december-limited-edition\/#primaryimage\"},\"thumbnailUrl\":\"https:\/\/collectin.eu\/wp-content\/uploads\/2026\/04\/Untitled-design-32.png\",\"datePublished\":\"2026-04-16T19:16:12+00:00\",\"description\":\"\u201eDisney Santa Mickey Mouse \u2013 December Limited Edition\u201c yra jaukiausias ir labiausiai laukiamas 35 cm auk\u0161\u010dio kolekcinis pliu\u0161inis \u017eaislas.\",\"breadcrumb\":{\"@id\":\"https:\/\/collectin.eu\/produktas\/santa-mickey-mouse-december-limited-edition\/#breadcrumb\"},\"inLanguage\":\"en-US\",\"potentialAction\":[{\"@type\":\"ReadAction\",\"target\":[\"https:\/\/collectin.eu\/produktas\/santa-mickey-mouse-december-limited-edition\/\"]}]},{\"@type\":\"ImageObject\",\"inLanguage\":\"en-US\",\"@id\":\"https:\/\/collectin.eu\/produktas\/santa-mickey-mouse-december-limited-edition\/#primaryimage\",\"url\":\"https:\/\/collectin.eu\/wp-content\/uploads\/2026\/04\/Untitled-design-32.png\",\"contentUrl\":\"https:\/\/collectin.eu\/wp-content\/uploads\/2026\/04\/Untitled-design-32.png\",\"width\":1080,\"height\":1080},{\"@type\":\"BreadcrumbList\",\"@id\":\"https:\/\/collectin.eu\/produktas\/santa-mickey-mouse-december-limited-edition\/#breadcrumb\",\"itemListElement\":[{\"@type\":\"ListItem\",\"position\":1,\"name\":\"Home\",\"item\":\"https:\/\/collectin.eu\/\"},{\"@type\":\"ListItem\",\"position\":2,\"name\":\"Parduotuv\u0117\",\"item\":\"https:\/\/collectin.eu\/parduotuve\/\"},{\"@type\":\"ListItem\",\"position\":3,\"name\":\"Santa Mickey Mouse &#8211; December Limited Edition\"}]},{\"@type\":\"WebSite\",\"@id\":\"https:\/\/collectin.eu\/#website\",\"url\":\"https:\/\/collectin.eu\/\",\"name\":\"Collectin.eu\",\"description\":\"\",\"potentialAction\":[{\"@type\":\"SearchAction\",\"target\":{\"@type\":\"EntryPoint\",\"urlTemplate\":\"https:\/\/collectin.eu\/?s={search_term_string}\"},\"query-input\":{\"@type\":\"PropertyValueSpecification\",\"valueRequired\":true,\"valueName\":\"search_term_string\"}}],\"inLanguage\":\"en-US\"}]}<\/script>\n<!-- \/ Yoast SEO plugin. -->","yoast_head_json":{"title":"Santa Mickey Mouse - December Limited Edition - Collectin.eu","description":"\u201eDisney Santa Mickey Mouse \u2013 December Limited Edition\u201c yra jaukiausias ir labiausiai laukiamas 35 cm auk\u0161\u010dio kolekcinis pliu\u0161inis \u017eaislas.","robots":{"index":"index","follow":"follow","max-snippet":"max-snippet:-1","max-image-preview":"max-image-preview:large","max-video-preview":"max-video-preview:-1"},"canonical":"https:\/\/collectin.eu\/en\/product\/santa-mickey-mouse-december-limited-edition\/","og_locale":"en_US","og_type":"article","og_title":"Santa Mickey Mouse - December Limited Edition - Collectin.eu","og_description":"\u201eDisney Santa Mickey Mouse \u2013 December Limited Edition\u201c yra jaukiausias ir labiausiai laukiamas 35 cm auk\u0161\u010dio kolekcinis pliu\u0161inis \u017eaislas.","og_url":"https:\/\/collectin.eu\/en\/product\/santa-mickey-mouse-december-limited-edition\/","og_site_name":"Collectin.eu","og_image":[{"width":1080,"height":1080,"url":"http:\/\/collectin.eu\/wp-content\/uploads\/2026\/04\/Untitled-design-32.png","type":"image\/png"}],"twitter_card":"summary_large_image","twitter_misc":{"Est. reading time":"1 minute"},"schema":{"@context":"https:\/\/schema.org","@graph":[{"@type":"WebPage","@id":"https:\/\/collectin.eu\/produktas\/santa-mickey-mouse-december-limited-edition\/","url":"https:\/\/collectin.eu\/produktas\/santa-mickey-mouse-december-limited-edition\/","name":"Santa Mickey Mouse - December Limited Edition - Collectin.eu","isPartOf":{"@id":"https:\/\/collectin.eu\/#website"},"primaryImageOfPage":{"@id":"https:\/\/collectin.eu\/produktas\/santa-mickey-mouse-december-limited-edition\/#primaryimage"},"image":{"@id":"https:\/\/collectin.eu\/produktas\/santa-mickey-mouse-december-limited-edition\/#primaryimage"},"thumbnailUrl":"https:\/\/collectin.eu\/wp-content\/uploads\/2026\/04\/Untitled-design-32.png","datePublished":"2026-04-16T19:16:12+00:00","description":"\u201eDisney Santa Mickey Mouse \u2013 December Limited Edition\u201c yra jaukiausias ir labiausiai laukiamas 35 cm auk\u0161\u010dio kolekcinis pliu\u0161inis \u017eaislas.","breadcrumb":{"@id":"https:\/\/collectin.eu\/produktas\/santa-mickey-mouse-december-limited-edition\/#breadcrumb"},"inLanguage":"en-US","potentialAction":[{"@type":"ReadAction","target":["https:\/\/collectin.eu\/produktas\/santa-mickey-mouse-december-limited-edition\/"]}]},{"@type":"ImageObject","inLanguage":"en-US","@id":"https:\/\/collectin.eu\/produktas\/santa-mickey-mouse-december-limited-edition\/#primaryimage","url":"https:\/\/collectin.eu\/wp-content\/uploads\/2026\/04\/Untitled-design-32.png","contentUrl":"https:\/\/collectin.eu\/wp-content\/uploads\/2026\/04\/Untitled-design-32.png","width":1080,"height":1080},{"@type":"BreadcrumbList","@id":"https:\/\/collectin.eu\/produktas\/santa-mickey-mouse-december-limited-edition\/#breadcrumb","itemListElement":[{"@type":"ListItem","position":1,"name":"Home","item":"https:\/\/collectin.eu\/"},{"@type":"ListItem","position":2,"name":"Parduotuv\u0117","item":"https:\/\/collectin.eu\/parduotuve\/"},{"@type":"ListItem","position":3,"name":"Santa Mickey Mouse &#8211; December Limited Edition"}]},{"@type":"WebSite","@id":"https:\/\/collectin.eu\/#website","url":"https:\/\/collectin.eu\/","name":"Collectin.eu","description":"","potentialAction":[{"@type":"SearchAction","target":{"@type":"EntryPoint","urlTemplate":"https:\/\/collectin.eu\/?s={search_term_string}"},"query-input":{"@type":"PropertyValueSpecification","valueRequired":true,"valueName":"search_term_string"}}],"inLanguage":"en-US"}]}},"jetpack_sharing_enabled":true,"_links":{"self":[{"href":"https:\/\/collectin.eu\/en\/wp-json\/wp\/v2\/product\/40669","targetHints":{"allow":["GET"]}}],"collection":[{"href":"https:\/\/collectin.eu\/en\/wp-json\/wp\/v2\/product"}],"about":[{"href":"https:\/\/collectin.eu\/en\/wp-json\/wp\/v2\/types\/product"}],"replies":[{"embeddable":true,"href":"https:\/\/collectin.eu\/en\/wp-json\/wp\/v2\/comments?post=40669"}],"version-history":[{"count":1,"href":"https:\/\/collectin.eu\/en\/wp-json\/wp\/v2\/product\/40669\/revisions"}],"predecessor-version":[{"id":40672,"href":"https:\/\/collectin.eu\/en\/wp-json\/wp\/v2\/product\/40669\/revisions\/40672"}],"wp:featuredmedia":[{"embeddable":true,"href":"https:\/\/collectin.eu\/en\/wp-json\/wp\/v2\/media\/40670"}],"wp:attachment":[{"href":"https:\/\/collectin.eu\/en\/wp-json\/wp\/v2\/media?parent=40669"}],"wp:term":[{"taxonomy":"product_brand","embeddable":true,"href":"https:\/\/collectin.eu\/en\/wp-json\/wp\/v2\/product_brand?post=40669"},{"taxonomy":"product_cat","embeddable":true,"href":"https:\/\/collectin.eu\/en\/wp-json\/wp\/v2\/product_cat?post=40669"},{"taxonomy":"product_tag","embeddable":true,"href":"https:\/\/collectin.eu\/en\/wp-json\/wp\/v2\/product_tag?post=40669"}],"curies":[{"name":"wp","href":"https:\/\/api.w.org\/{rel}","templated":true}]}}