{"id":40678,"date":"2026-04-20T19:51:45","date_gmt":"2026-04-20T19:51:45","guid":{"rendered":"https:\/\/collectin.eu\/?post_type=product&#038;p=40678"},"modified":"2026-04-20T19:51:45","modified_gmt":"2026-04-20T19:51:45","slug":"fernando-alonso-pink-50-2025-topps-f1-turbo-attax","status":"publish","type":"product","link":"https:\/\/collectin.eu\/en\/product\/fernando-alonso-pink-50-2025-topps-f1-turbo-attax\/","title":{"rendered":"Fernando Alonso [Pink] #50 2025 Topps F1 Turbo Attax"},"content":{"rendered":"<p>\u201e2025 Topps F1 Turbo Attax: Fernando Alonso [Pink] #50\u201c yra i\u0161skirtinis ir vizualiai stulbinantis kolekcinis eksponatas, skirtas vienam talentingiausi\u0173 bei labiausiai patyrusi\u0173 \u201eFormul\u0117s-1\u201c pilot\u0173 per vis\u0105 sporto istorij\u0105. \u0160is 2025 m. sezono leidimas pasi\u017eymi unikalia Pink Parallel (ro\u017eine) apdaila, kuri suteikia kortelei ypating\u0105 retumo status\u0105 ir i\u0161skirtin\u012f spindes\u012f, i\u0161skiriant\u012f j\u0105 i\u0161 standartini\u0173 bazini\u0173 korteli\u0173. Kortel\u0117s priekyje u\u017efiksuotas Fernando Alonso kovinis ry\u017etas, o jos numeris #50 kolekcionieri\u0173 tarpe simbolizuoja legendinio ispano stabilum\u0105 ir nenutr\u016bkstam\u0105 siek\u012f dominuoti trasoje. Be estetin\u0117s vert\u0117s, kortel\u0117 pasi\u017eymi auk\u0161tais \u201eTurbo Attax\u201c \u017eaidimo parametrais, tod\u0117l ji yra ne tik geid\u017eiamas objektas u\u017ekiet\u0117jusiems F1 gerb\u0117jams, bet ir galingas \u012frankis strateginiuose \u017eaidimuose. D\u0117l riboto \u0161i\u0173 spalvini\u0173 variacij\u0173 tira\u017eo ir nesenstan\u010dio Alonso autoriteto automobili\u0173 sporto pasaulyje, \u0161i kortel\u0117 yra vertinga investicija, puikiai papildanti bet kurio collectin.eu lankytojo kolekcij\u0105 moderniu ir ry\u0161kiu akcentu.<\/p>\n","protected":false},"excerpt":{"rendered":"<p>\u201e2025 Topps F1 Turbo Attax: Fernando Alonso [Pink] #50\u201c yra i\u0161skirtinis ir vizualiai stulbinantis kolekcinis eksponatas, skirtas vienam talentingiausi\u0173 bei<\/p>\n","protected":false},"featured_media":40679,"comment_status":"open","ping_status":"closed","template":"","meta":[],"product_brand":[],"product_cat":[670,679,510],"product_tag":[],"class_list":{"0":"post-40678","1":"product","2":"type-product","3":"status-publish","4":"has-post-thumbnail","6":"product_cat-f1-cards","7":"product_cat-kolekcines-korteles","8":"product_cat-sports","10":"first","11":"instock","12":"taxable","13":"shipping-taxable","14":"purchasable","15":"product-type-simple"},"yoast_head":"<!-- This site is optimized with the Yoast SEO plugin v25.9 - https:\/\/yoast.com\/wordpress\/plugins\/seo\/ -->\n<title>Fernando Alonso [Pink] #50 2025 Topps F1 Turbo Attax - Collectin.eu<\/title>\n<meta name=\"description\" content=\"\u201e2025 Topps F1 Turbo Attax: Fernando Alonso [Pink] #50\u201c yra i\u0161skirtinis ir vizualiai stulbinantis kolekcinis eksponatas.\" \/>\n<meta name=\"robots\" content=\"index, follow, max-snippet:-1, max-image-preview:large, max-video-preview:-1\" \/>\n<link rel=\"canonical\" href=\"https:\/\/collectin.eu\/en\/product\/fernando-alonso-pink-50-2025-topps-f1-turbo-attax\/\" \/>\n<meta property=\"og:locale\" content=\"en_US\" \/>\n<meta property=\"og:type\" content=\"article\" \/>\n<meta property=\"og:title\" content=\"Fernando Alonso [Pink] #50 2025 Topps F1 Turbo Attax - Collectin.eu\" \/>\n<meta property=\"og:description\" content=\"\u201e2025 Topps F1 Turbo Attax: Fernando Alonso [Pink] #50\u201c yra i\u0161skirtinis ir vizualiai stulbinantis kolekcinis eksponatas.\" \/>\n<meta property=\"og:url\" content=\"https:\/\/collectin.eu\/en\/product\/fernando-alonso-pink-50-2025-topps-f1-turbo-attax\/\" \/>\n<meta property=\"og:site_name\" content=\"Collectin.eu\" \/>\n<meta property=\"og:image\" content=\"http:\/\/collectin.eu\/wp-content\/uploads\/2026\/04\/Untitled-design-34.png\" \/>\n\t<meta property=\"og:image:width\" content=\"1080\" \/>\n\t<meta property=\"og:image:height\" content=\"1080\" \/>\n\t<meta property=\"og:image:type\" content=\"image\/png\" \/>\n<meta name=\"twitter:card\" content=\"summary_large_image\" \/>\n<meta name=\"twitter:label1\" content=\"Est. reading time\" \/>\n\t<meta name=\"twitter:data1\" content=\"1 minute\" \/>\n<script type=\"application\/ld+json\" class=\"yoast-schema-graph\">{\"@context\":\"https:\/\/schema.org\",\"@graph\":[{\"@type\":\"WebPage\",\"@id\":\"https:\/\/collectin.eu\/produktas\/fernando-alonso-pink-50-2025-topps-f1-turbo-attax\/\",\"url\":\"https:\/\/collectin.eu\/produktas\/fernando-alonso-pink-50-2025-topps-f1-turbo-attax\/\",\"name\":\"Fernando Alonso [Pink] #50 2025 Topps F1 Turbo Attax - Collectin.eu\",\"isPartOf\":{\"@id\":\"https:\/\/collectin.eu\/#website\"},\"primaryImageOfPage\":{\"@id\":\"https:\/\/collectin.eu\/produktas\/fernando-alonso-pink-50-2025-topps-f1-turbo-attax\/#primaryimage\"},\"image\":{\"@id\":\"https:\/\/collectin.eu\/produktas\/fernando-alonso-pink-50-2025-topps-f1-turbo-attax\/#primaryimage\"},\"thumbnailUrl\":\"https:\/\/collectin.eu\/wp-content\/uploads\/2026\/04\/Untitled-design-34.png\",\"datePublished\":\"2026-04-20T19:51:45+00:00\",\"description\":\"\u201e2025 Topps F1 Turbo Attax: Fernando Alonso [Pink] #50\u201c yra i\u0161skirtinis ir vizualiai stulbinantis kolekcinis eksponatas.\",\"breadcrumb\":{\"@id\":\"https:\/\/collectin.eu\/produktas\/fernando-alonso-pink-50-2025-topps-f1-turbo-attax\/#breadcrumb\"},\"inLanguage\":\"en-US\",\"potentialAction\":[{\"@type\":\"ReadAction\",\"target\":[\"https:\/\/collectin.eu\/produktas\/fernando-alonso-pink-50-2025-topps-f1-turbo-attax\/\"]}]},{\"@type\":\"ImageObject\",\"inLanguage\":\"en-US\",\"@id\":\"https:\/\/collectin.eu\/produktas\/fernando-alonso-pink-50-2025-topps-f1-turbo-attax\/#primaryimage\",\"url\":\"https:\/\/collectin.eu\/wp-content\/uploads\/2026\/04\/Untitled-design-34.png\",\"contentUrl\":\"https:\/\/collectin.eu\/wp-content\/uploads\/2026\/04\/Untitled-design-34.png\",\"width\":1080,\"height\":1080},{\"@type\":\"BreadcrumbList\",\"@id\":\"https:\/\/collectin.eu\/produktas\/fernando-alonso-pink-50-2025-topps-f1-turbo-attax\/#breadcrumb\",\"itemListElement\":[{\"@type\":\"ListItem\",\"position\":1,\"name\":\"Home\",\"item\":\"https:\/\/collectin.eu\/\"},{\"@type\":\"ListItem\",\"position\":2,\"name\":\"Parduotuv\u0117\",\"item\":\"https:\/\/collectin.eu\/parduotuve\/\"},{\"@type\":\"ListItem\",\"position\":3,\"name\":\"Fernando Alonso [Pink] #50 2025 Topps F1 Turbo Attax\"}]},{\"@type\":\"WebSite\",\"@id\":\"https:\/\/collectin.eu\/#website\",\"url\":\"https:\/\/collectin.eu\/\",\"name\":\"Collectin.eu\",\"description\":\"\",\"potentialAction\":[{\"@type\":\"SearchAction\",\"target\":{\"@type\":\"EntryPoint\",\"urlTemplate\":\"https:\/\/collectin.eu\/?s={search_term_string}\"},\"query-input\":{\"@type\":\"PropertyValueSpecification\",\"valueRequired\":true,\"valueName\":\"search_term_string\"}}],\"inLanguage\":\"en-US\"}]}<\/script>\n<!-- \/ Yoast SEO plugin. -->","yoast_head_json":{"title":"Fernando Alonso [Pink] #50 2025 Topps F1 Turbo Attax - Collectin.eu","description":"\u201e2025 Topps F1 Turbo Attax: Fernando Alonso [Pink] #50\u201c yra i\u0161skirtinis ir vizualiai stulbinantis kolekcinis eksponatas.","robots":{"index":"index","follow":"follow","max-snippet":"max-snippet:-1","max-image-preview":"max-image-preview:large","max-video-preview":"max-video-preview:-1"},"canonical":"https:\/\/collectin.eu\/en\/product\/fernando-alonso-pink-50-2025-topps-f1-turbo-attax\/","og_locale":"en_US","og_type":"article","og_title":"Fernando Alonso [Pink] #50 2025 Topps F1 Turbo Attax - Collectin.eu","og_description":"\u201e2025 Topps F1 Turbo Attax: Fernando Alonso [Pink] #50\u201c yra i\u0161skirtinis ir vizualiai stulbinantis kolekcinis eksponatas.","og_url":"https:\/\/collectin.eu\/en\/product\/fernando-alonso-pink-50-2025-topps-f1-turbo-attax\/","og_site_name":"Collectin.eu","og_image":[{"width":1080,"height":1080,"url":"http:\/\/collectin.eu\/wp-content\/uploads\/2026\/04\/Untitled-design-34.png","type":"image\/png"}],"twitter_card":"summary_large_image","twitter_misc":{"Est. reading time":"1 minute"},"schema":{"@context":"https:\/\/schema.org","@graph":[{"@type":"WebPage","@id":"https:\/\/collectin.eu\/produktas\/fernando-alonso-pink-50-2025-topps-f1-turbo-attax\/","url":"https:\/\/collectin.eu\/produktas\/fernando-alonso-pink-50-2025-topps-f1-turbo-attax\/","name":"Fernando Alonso [Pink] #50 2025 Topps F1 Turbo Attax - Collectin.eu","isPartOf":{"@id":"https:\/\/collectin.eu\/#website"},"primaryImageOfPage":{"@id":"https:\/\/collectin.eu\/produktas\/fernando-alonso-pink-50-2025-topps-f1-turbo-attax\/#primaryimage"},"image":{"@id":"https:\/\/collectin.eu\/produktas\/fernando-alonso-pink-50-2025-topps-f1-turbo-attax\/#primaryimage"},"thumbnailUrl":"https:\/\/collectin.eu\/wp-content\/uploads\/2026\/04\/Untitled-design-34.png","datePublished":"2026-04-20T19:51:45+00:00","description":"\u201e2025 Topps F1 Turbo Attax: Fernando Alonso [Pink] #50\u201c yra i\u0161skirtinis ir vizualiai stulbinantis kolekcinis eksponatas.","breadcrumb":{"@id":"https:\/\/collectin.eu\/produktas\/fernando-alonso-pink-50-2025-topps-f1-turbo-attax\/#breadcrumb"},"inLanguage":"en-US","potentialAction":[{"@type":"ReadAction","target":["https:\/\/collectin.eu\/produktas\/fernando-alonso-pink-50-2025-topps-f1-turbo-attax\/"]}]},{"@type":"ImageObject","inLanguage":"en-US","@id":"https:\/\/collectin.eu\/produktas\/fernando-alonso-pink-50-2025-topps-f1-turbo-attax\/#primaryimage","url":"https:\/\/collectin.eu\/wp-content\/uploads\/2026\/04\/Untitled-design-34.png","contentUrl":"https:\/\/collectin.eu\/wp-content\/uploads\/2026\/04\/Untitled-design-34.png","width":1080,"height":1080},{"@type":"BreadcrumbList","@id":"https:\/\/collectin.eu\/produktas\/fernando-alonso-pink-50-2025-topps-f1-turbo-attax\/#breadcrumb","itemListElement":[{"@type":"ListItem","position":1,"name":"Home","item":"https:\/\/collectin.eu\/"},{"@type":"ListItem","position":2,"name":"Parduotuv\u0117","item":"https:\/\/collectin.eu\/parduotuve\/"},{"@type":"ListItem","position":3,"name":"Fernando Alonso [Pink] #50 2025 Topps F1 Turbo Attax"}]},{"@type":"WebSite","@id":"https:\/\/collectin.eu\/#website","url":"https:\/\/collectin.eu\/","name":"Collectin.eu","description":"","potentialAction":[{"@type":"SearchAction","target":{"@type":"EntryPoint","urlTemplate":"https:\/\/collectin.eu\/?s={search_term_string}"},"query-input":{"@type":"PropertyValueSpecification","valueRequired":true,"valueName":"search_term_string"}}],"inLanguage":"en-US"}]}},"jetpack_sharing_enabled":true,"_links":{"self":[{"href":"https:\/\/collectin.eu\/en\/wp-json\/wp\/v2\/product\/40678","targetHints":{"allow":["GET"]}}],"collection":[{"href":"https:\/\/collectin.eu\/en\/wp-json\/wp\/v2\/product"}],"about":[{"href":"https:\/\/collectin.eu\/en\/wp-json\/wp\/v2\/types\/product"}],"replies":[{"embeddable":true,"href":"https:\/\/collectin.eu\/en\/wp-json\/wp\/v2\/comments?post=40678"}],"version-history":[{"count":2,"href":"https:\/\/collectin.eu\/en\/wp-json\/wp\/v2\/product\/40678\/revisions"}],"predecessor-version":[{"id":40681,"href":"https:\/\/collectin.eu\/en\/wp-json\/wp\/v2\/product\/40678\/revisions\/40681"}],"wp:featuredmedia":[{"embeddable":true,"href":"https:\/\/collectin.eu\/en\/wp-json\/wp\/v2\/media\/40679"}],"wp:attachment":[{"href":"https:\/\/collectin.eu\/en\/wp-json\/wp\/v2\/media?parent=40678"}],"wp:term":[{"taxonomy":"product_brand","embeddable":true,"href":"https:\/\/collectin.eu\/en\/wp-json\/wp\/v2\/product_brand?post=40678"},{"taxonomy":"product_cat","embeddable":true,"href":"https:\/\/collectin.eu\/en\/wp-json\/wp\/v2\/product_cat?post=40678"},{"taxonomy":"product_tag","embeddable":true,"href":"https:\/\/collectin.eu\/en\/wp-json\/wp\/v2\/product_tag?post=40678"}],"curies":[{"name":"wp","href":"https:\/\/api.w.org\/{rel}","templated":true}]}}