{"id":40688,"date":"2026-04-21T07:13:15","date_gmt":"2026-04-21T07:13:15","guid":{"rendered":"https:\/\/collectin.eu\/?post_type=product&#038;p=40688"},"modified":"2026-04-21T07:29:30","modified_gmt":"2026-04-21T07:29:30","slug":"pop-cassian-andor-with-blaster","status":"publish","type":"product","link":"https:\/\/collectin.eu\/en\/product\/pop-cassian-andor-with-blaster\/","title":{"rendered":"Pop! Cassian Andor with Blaster"},"content":{"rendered":"<p>\u201eFunko Pop! Star Wars: Cassian Andor with Blaster\u201c yra stilingas ir itin detalus kolekcinis eksponatas, \u012fam\u017einantis vien\u0105 ry\u0161kiausi\u0173 ir sud\u0117tingiausi\u0173 \u201e\u017dvaig\u017ed\u017ei\u0173 kar\u0173\u201c sagos heroj\u0173. \u0160i fig\u016br\u0117l\u0117 vaizduoja sukilimo heroj\u0173 Kasian\u0105 Andor\u0105 pasiruo\u0161us\u012f kovai \u2013 su savo ikoni\u0161ku blasteriu rankoje ir vilkint\u012f prakti\u0161k\u0105, nuotyki\u0173 kupin\u0105 gyvenim\u0105 atspindin\u010di\u0105 aprang\u0105, kuri\u0105 gerb\u0117jai puikiai atpa\u017e\u012fsta i\u0161 \u201eRogue One\u201c filmo bei \u201eAndor\u201c serialo. Charakteringas \u201eFunko Pop!\u201c dizainas su did\u017eiule galva ir ekspresyviomis detal\u0117mis \u010dia meistri\u0161kai suderintas su subtiliais persona\u017eo bruo\u017eais, perteikian\u010diais Kasiano ry\u017et\u0105 bei \u0161altakrauji\u0161kum\u0105. Stovinti ant klasikinio juodo \u201eStar Wars\u201c stovo, \u0161i fig\u016br\u0117l\u0117 ne tik suteikia namams galaktin\u0117s dvasios, bet ir yra vertingas akcentas bet kuriai kolekcijai, siekian\u010diai \u012fam\u017einti kov\u0105 u\u017e laisv\u0119 tolimoje galaktikoje.<\/p>","protected":false},"excerpt":{"rendered":"<p>\u201eFunko Pop! Star Wars: Cassian Andor with Blaster\u201c yra stilingas ir itin detalus kolekcinis eksponatas, \u012fam\u017einantis vien\u0105 ry\u0161kiausi\u0173 ir sud\u0117tingiausi\u0173<\/p>","protected":false},"featured_media":40697,"comment_status":"open","ping_status":"closed","template":"","meta":[],"product_brand":[426],"product_cat":[680,409,496],"product_tag":[],"class_list":{"0":"post-40688","1":"product","2":"type-product","3":"status-publish","4":"has-post-thumbnail","6":"product_brand-funko-pop","7":"product_cat-figureles","8":"product_cat-funko-pop","9":"product_cat-pop-star-wars","11":"first","12":"instock","13":"taxable","14":"shipping-taxable","15":"purchasable","16":"product-type-simple"},"yoast_head":"<!-- This site is optimized with the Yoast SEO plugin v25.9 - https:\/\/yoast.com\/wordpress\/plugins\/seo\/ -->\n<title>Pop! Cassian Andor with Blaster - Collectin.eu<\/title>\n<meta name=\"description\" content=\"\u201eFunko Pop! Star Wars: Cassian Andor with Blaster\u201c yra stilingas ir itin detalus kolekcinis eksponatas, \u012fam\u017einantis vien\u0105 ry\u0161kiausi\u0173 ir sud\u0117tingiausi\u0173 \u201e\u017dvaig\u017ed\u017ei\u0173 kar\u0173\u201c sagos heroj\u0173.\" \/>\n<meta name=\"robots\" content=\"index, follow, max-snippet:-1, max-image-preview:large, max-video-preview:-1\" \/>\n<link rel=\"canonical\" href=\"https:\/\/collectin.eu\/en\/product\/pop-cassian-andor-with-blaster\/\" \/>\n<meta property=\"og:locale\" content=\"en_US\" \/>\n<meta property=\"og:type\" content=\"article\" \/>\n<meta property=\"og:title\" content=\"Pop! Cassian Andor with Blaster - Collectin.eu\" \/>\n<meta property=\"og:description\" content=\"\u201eFunko Pop! Star Wars: Cassian Andor with Blaster\u201c yra stilingas ir itin detalus kolekcinis eksponatas, \u012fam\u017einantis vien\u0105 ry\u0161kiausi\u0173 ir sud\u0117tingiausi\u0173 \u201e\u017dvaig\u017ed\u017ei\u0173 kar\u0173\u201c sagos heroj\u0173.\" \/>\n<meta property=\"og:url\" content=\"https:\/\/collectin.eu\/en\/product\/pop-cassian-andor-with-blaster\/\" \/>\n<meta property=\"og:site_name\" content=\"Collectin.eu\" \/>\n<meta property=\"article:modified_time\" content=\"2026-04-21T07:29:30+00:00\" \/>\n<meta property=\"og:image\" content=\"http:\/\/collectin.eu\/wp-content\/uploads\/2026\/04\/Untitled-design-42.png\" \/>\n\t<meta property=\"og:image:width\" content=\"1080\" \/>\n\t<meta property=\"og:image:height\" content=\"1080\" \/>\n\t<meta property=\"og:image:type\" content=\"image\/png\" \/>\n<meta name=\"twitter:card\" content=\"summary_large_image\" \/>\n<meta name=\"twitter:label1\" content=\"Est. reading time\" \/>\n\t<meta name=\"twitter:data1\" content=\"1 minute\" \/>\n<script type=\"application\/ld+json\" class=\"yoast-schema-graph\">{\"@context\":\"https:\/\/schema.org\",\"@graph\":[{\"@type\":\"WebPage\",\"@id\":\"https:\/\/collectin.eu\/produktas\/pop-cassian-andor-with-blaster\/\",\"url\":\"https:\/\/collectin.eu\/produktas\/pop-cassian-andor-with-blaster\/\",\"name\":\"Pop! Cassian Andor with Blaster - Collectin.eu\",\"isPartOf\":{\"@id\":\"https:\/\/collectin.eu\/#website\"},\"primaryImageOfPage\":{\"@id\":\"https:\/\/collectin.eu\/produktas\/pop-cassian-andor-with-blaster\/#primaryimage\"},\"image\":{\"@id\":\"https:\/\/collectin.eu\/produktas\/pop-cassian-andor-with-blaster\/#primaryimage\"},\"thumbnailUrl\":\"https:\/\/collectin.eu\/wp-content\/uploads\/2026\/04\/Untitled-design-42.png\",\"datePublished\":\"2026-04-21T07:13:15+00:00\",\"dateModified\":\"2026-04-21T07:29:30+00:00\",\"description\":\"\u201eFunko Pop! Star Wars: Cassian Andor with Blaster\u201c yra stilingas ir itin detalus kolekcinis eksponatas, \u012fam\u017einantis vien\u0105 ry\u0161kiausi\u0173 ir sud\u0117tingiausi\u0173 \u201e\u017dvaig\u017ed\u017ei\u0173 kar\u0173\u201c sagos heroj\u0173.\",\"breadcrumb\":{\"@id\":\"https:\/\/collectin.eu\/produktas\/pop-cassian-andor-with-blaster\/#breadcrumb\"},\"inLanguage\":\"en-US\",\"potentialAction\":[{\"@type\":\"ReadAction\",\"target\":[\"https:\/\/collectin.eu\/produktas\/pop-cassian-andor-with-blaster\/\"]}]},{\"@type\":\"ImageObject\",\"inLanguage\":\"en-US\",\"@id\":\"https:\/\/collectin.eu\/produktas\/pop-cassian-andor-with-blaster\/#primaryimage\",\"url\":\"https:\/\/collectin.eu\/wp-content\/uploads\/2026\/04\/Untitled-design-42.png\",\"contentUrl\":\"https:\/\/collectin.eu\/wp-content\/uploads\/2026\/04\/Untitled-design-42.png\",\"width\":1080,\"height\":1080},{\"@type\":\"BreadcrumbList\",\"@id\":\"https:\/\/collectin.eu\/produktas\/pop-cassian-andor-with-blaster\/#breadcrumb\",\"itemListElement\":[{\"@type\":\"ListItem\",\"position\":1,\"name\":\"Home\",\"item\":\"https:\/\/collectin.eu\/\"},{\"@type\":\"ListItem\",\"position\":2,\"name\":\"Parduotuv\u0117\",\"item\":\"https:\/\/collectin.eu\/parduotuve\/\"},{\"@type\":\"ListItem\",\"position\":3,\"name\":\"Pop! Cassian Andor with Blaster\"}]},{\"@type\":\"WebSite\",\"@id\":\"https:\/\/collectin.eu\/#website\",\"url\":\"https:\/\/collectin.eu\/\",\"name\":\"Collectin.eu\",\"description\":\"\",\"potentialAction\":[{\"@type\":\"SearchAction\",\"target\":{\"@type\":\"EntryPoint\",\"urlTemplate\":\"https:\/\/collectin.eu\/?s={search_term_string}\"},\"query-input\":{\"@type\":\"PropertyValueSpecification\",\"valueRequired\":true,\"valueName\":\"search_term_string\"}}],\"inLanguage\":\"en-US\"}]}<\/script>\n<!-- \/ Yoast SEO plugin. -->","yoast_head_json":{"title":"Pop! Cassian Andor with Blaster - Collectin.eu","description":"\u201eFunko Pop! Star Wars: Cassian Andor with Blaster\u201c yra stilingas ir itin detalus kolekcinis eksponatas, \u012fam\u017einantis vien\u0105 ry\u0161kiausi\u0173 ir sud\u0117tingiausi\u0173 \u201e\u017dvaig\u017ed\u017ei\u0173 kar\u0173\u201c sagos heroj\u0173.","robots":{"index":"index","follow":"follow","max-snippet":"max-snippet:-1","max-image-preview":"max-image-preview:large","max-video-preview":"max-video-preview:-1"},"canonical":"https:\/\/collectin.eu\/en\/product\/pop-cassian-andor-with-blaster\/","og_locale":"en_US","og_type":"article","og_title":"Pop! Cassian Andor with Blaster - Collectin.eu","og_description":"\u201eFunko Pop! Star Wars: Cassian Andor with Blaster\u201c yra stilingas ir itin detalus kolekcinis eksponatas, \u012fam\u017einantis vien\u0105 ry\u0161kiausi\u0173 ir sud\u0117tingiausi\u0173 \u201e\u017dvaig\u017ed\u017ei\u0173 kar\u0173\u201c sagos heroj\u0173.","og_url":"https:\/\/collectin.eu\/en\/product\/pop-cassian-andor-with-blaster\/","og_site_name":"Collectin.eu","article_modified_time":"2026-04-21T07:29:30+00:00","og_image":[{"width":1080,"height":1080,"url":"http:\/\/collectin.eu\/wp-content\/uploads\/2026\/04\/Untitled-design-42.png","type":"image\/png"}],"twitter_card":"summary_large_image","twitter_misc":{"Est. reading time":"1 minute"},"schema":{"@context":"https:\/\/schema.org","@graph":[{"@type":"WebPage","@id":"https:\/\/collectin.eu\/produktas\/pop-cassian-andor-with-blaster\/","url":"https:\/\/collectin.eu\/produktas\/pop-cassian-andor-with-blaster\/","name":"Pop! Cassian Andor with Blaster - Collectin.eu","isPartOf":{"@id":"https:\/\/collectin.eu\/#website"},"primaryImageOfPage":{"@id":"https:\/\/collectin.eu\/produktas\/pop-cassian-andor-with-blaster\/#primaryimage"},"image":{"@id":"https:\/\/collectin.eu\/produktas\/pop-cassian-andor-with-blaster\/#primaryimage"},"thumbnailUrl":"https:\/\/collectin.eu\/wp-content\/uploads\/2026\/04\/Untitled-design-42.png","datePublished":"2026-04-21T07:13:15+00:00","dateModified":"2026-04-21T07:29:30+00:00","description":"\u201eFunko Pop! Star Wars: Cassian Andor with Blaster\u201c yra stilingas ir itin detalus kolekcinis eksponatas, \u012fam\u017einantis vien\u0105 ry\u0161kiausi\u0173 ir sud\u0117tingiausi\u0173 \u201e\u017dvaig\u017ed\u017ei\u0173 kar\u0173\u201c sagos heroj\u0173.","breadcrumb":{"@id":"https:\/\/collectin.eu\/produktas\/pop-cassian-andor-with-blaster\/#breadcrumb"},"inLanguage":"en-US","potentialAction":[{"@type":"ReadAction","target":["https:\/\/collectin.eu\/produktas\/pop-cassian-andor-with-blaster\/"]}]},{"@type":"ImageObject","inLanguage":"en-US","@id":"https:\/\/collectin.eu\/produktas\/pop-cassian-andor-with-blaster\/#primaryimage","url":"https:\/\/collectin.eu\/wp-content\/uploads\/2026\/04\/Untitled-design-42.png","contentUrl":"https:\/\/collectin.eu\/wp-content\/uploads\/2026\/04\/Untitled-design-42.png","width":1080,"height":1080},{"@type":"BreadcrumbList","@id":"https:\/\/collectin.eu\/produktas\/pop-cassian-andor-with-blaster\/#breadcrumb","itemListElement":[{"@type":"ListItem","position":1,"name":"Home","item":"https:\/\/collectin.eu\/"},{"@type":"ListItem","position":2,"name":"Parduotuv\u0117","item":"https:\/\/collectin.eu\/parduotuve\/"},{"@type":"ListItem","position":3,"name":"Pop! Cassian Andor with Blaster"}]},{"@type":"WebSite","@id":"https:\/\/collectin.eu\/#website","url":"https:\/\/collectin.eu\/","name":"Collectin.eu","description":"","potentialAction":[{"@type":"SearchAction","target":{"@type":"EntryPoint","urlTemplate":"https:\/\/collectin.eu\/?s={search_term_string}"},"query-input":{"@type":"PropertyValueSpecification","valueRequired":true,"valueName":"search_term_string"}}],"inLanguage":"en-US"}]}},"jetpack_sharing_enabled":true,"_links":{"self":[{"href":"https:\/\/collectin.eu\/en\/wp-json\/wp\/v2\/product\/40688","targetHints":{"allow":["GET"]}}],"collection":[{"href":"https:\/\/collectin.eu\/en\/wp-json\/wp\/v2\/product"}],"about":[{"href":"https:\/\/collectin.eu\/en\/wp-json\/wp\/v2\/types\/product"}],"replies":[{"embeddable":true,"href":"https:\/\/collectin.eu\/en\/wp-json\/wp\/v2\/comments?post=40688"}],"version-history":[{"count":1,"href":"https:\/\/collectin.eu\/en\/wp-json\/wp\/v2\/product\/40688\/revisions"}],"predecessor-version":[{"id":40691,"href":"https:\/\/collectin.eu\/en\/wp-json\/wp\/v2\/product\/40688\/revisions\/40691"}],"wp:featuredmedia":[{"embeddable":true,"href":"https:\/\/collectin.eu\/en\/wp-json\/wp\/v2\/media\/40697"}],"wp:attachment":[{"href":"https:\/\/collectin.eu\/en\/wp-json\/wp\/v2\/media?parent=40688"}],"wp:term":[{"taxonomy":"product_brand","embeddable":true,"href":"https:\/\/collectin.eu\/en\/wp-json\/wp\/v2\/product_brand?post=40688"},{"taxonomy":"product_cat","embeddable":true,"href":"https:\/\/collectin.eu\/en\/wp-json\/wp\/v2\/product_cat?post=40688"},{"taxonomy":"product_tag","embeddable":true,"href":"https:\/\/collectin.eu\/en\/wp-json\/wp\/v2\/product_tag?post=40688"}],"curies":[{"name":"wp","href":"https:\/\/api.w.org\/{rel}","templated":true}]}}