{"id":40693,"date":"2026-04-21T07:19:31","date_gmt":"2026-04-21T07:19:31","guid":{"rendered":"https:\/\/collectin.eu\/?post_type=product&#038;p=40693"},"modified":"2026-04-21T07:29:38","modified_gmt":"2026-04-21T07:29:38","slug":"pop-kino-loy","status":"publish","type":"product","link":"https:\/\/collectin.eu\/en\/product\/pop-kino-loy\/","title":{"rendered":"Pop! Kino Loy"},"content":{"rendered":"<p>\u201eFunko Pop! Star Wars: Kino Loy\u201c yra meistri\u0161kai sukurta kolekcin\u0117 fig\u016br\u0117l\u0117, \u012fam\u017einanti vien\u0105 labiausiai \u012fsimintin\u0173 ir emoci\u0161kai stipri\u0173 persona\u017e\u0173 i\u0161 \u201eAndor\u201c serialo. \u0160i fig\u016br\u0117l\u0117 vaizduoja Narkina 5 kal\u0117jimo auk\u0161to vadov\u0105 Kino Loj\u0173 su jo ikoni\u0161ka, balta kalinio uniforma, kuri simbolizuoja grie\u017et\u0105 imperijos kontrol\u0119 ir v\u0117liau sekus\u012f ry\u017eting\u0105 sukilim\u0105. \u201eFunko Pop!\u201c dizaineriai precizi\u0161kai perteik\u0117 persona\u017eo rimt\u012f ir autoritet\u0105, o detal\u0117s, tokios kaip specifin\u0117 aprangos tekst\u016bra ir tvirta stov\u0117sena, puikiai atspindi jo vidin\u012f l\u016b\u017e\u012f i\u0161 paklusnaus kalinio \u012f laisv\u0117s kov\u0173 lyder\u012f. Stovinti ant tradicinio \u201eStar Wars\u201c vardinio pagrindo, \u0161i fig\u016br\u0117l\u0117 tampa ne tik stilinga interjero detale, bet ir galingu priminimu apie dr\u0105s\u0105 stoti prie\u0161 neteisyb\u0119, net kai viltis atrodo prarasta.<\/p>","protected":false},"excerpt":{"rendered":"<p>\u201eFunko Pop! Star Wars: Kino Loy\u201c yra meistri\u0161kai sukurta kolekcin\u0117 fig\u016br\u0117l\u0117, \u012fam\u017einanti vien\u0105 labiausiai \u012fsimintin\u0173 ir emoci\u0161kai stipri\u0173 persona\u017e\u0173 i\u0161<\/p>","protected":false},"featured_media":40694,"comment_status":"open","ping_status":"closed","template":"","meta":[],"product_brand":[426],"product_cat":[680,409,496],"product_tag":[],"class_list":{"0":"post-40693","1":"product","2":"type-product","3":"status-publish","4":"has-post-thumbnail","6":"product_brand-funko-pop","7":"product_cat-figureles","8":"product_cat-funko-pop","9":"product_cat-pop-star-wars","11":"first","12":"instock","13":"taxable","14":"shipping-taxable","15":"purchasable","16":"product-type-simple"},"yoast_head":"<!-- This site is optimized with the Yoast SEO plugin v25.9 - https:\/\/yoast.com\/wordpress\/plugins\/seo\/ -->\n<title>Pop! Kino Loy - Collectin.eu<\/title>\n<meta name=\"description\" content=\"\u201eFunko Pop! Star Wars: Kino Loy\u201c yra meistri\u0161kai sukurta kolekcin\u0117 fig\u016br\u0117l\u0117, \u012fam\u017einanti vien\u0105 labiausiai \u012fsimintin\u0173 ir emoci\u0161kai stipri\u0173 persona\u017e\u0173 i\u0161 \u201eAndor\u201c serialo.\" \/>\n<meta name=\"robots\" content=\"index, follow, max-snippet:-1, max-image-preview:large, max-video-preview:-1\" \/>\n<link rel=\"canonical\" href=\"https:\/\/collectin.eu\/en\/product\/pop-kino-loy\/\" \/>\n<meta property=\"og:locale\" content=\"en_US\" \/>\n<meta property=\"og:type\" content=\"article\" \/>\n<meta property=\"og:title\" content=\"Pop! Kino Loy - Collectin.eu\" \/>\n<meta property=\"og:description\" content=\"\u201eFunko Pop! Star Wars: Kino Loy\u201c yra meistri\u0161kai sukurta kolekcin\u0117 fig\u016br\u0117l\u0117, \u012fam\u017einanti vien\u0105 labiausiai \u012fsimintin\u0173 ir emoci\u0161kai stipri\u0173 persona\u017e\u0173 i\u0161 \u201eAndor\u201c serialo.\" \/>\n<meta property=\"og:url\" content=\"https:\/\/collectin.eu\/en\/product\/pop-kino-loy\/\" \/>\n<meta property=\"og:site_name\" content=\"Collectin.eu\" \/>\n<meta property=\"article:modified_time\" content=\"2026-04-21T07:29:38+00:00\" \/>\n<meta property=\"og:image\" content=\"http:\/\/collectin.eu\/wp-content\/uploads\/2026\/04\/Untitled-design-41.png\" \/>\n\t<meta property=\"og:image:width\" content=\"1080\" \/>\n\t<meta property=\"og:image:height\" content=\"1080\" \/>\n\t<meta property=\"og:image:type\" content=\"image\/png\" \/>\n<meta name=\"twitter:card\" content=\"summary_large_image\" \/>\n<meta name=\"twitter:label1\" content=\"Est. reading time\" \/>\n\t<meta name=\"twitter:data1\" content=\"1 minute\" \/>\n<script type=\"application\/ld+json\" class=\"yoast-schema-graph\">{\"@context\":\"https:\/\/schema.org\",\"@graph\":[{\"@type\":\"WebPage\",\"@id\":\"https:\/\/collectin.eu\/produktas\/pop-kino-loy\/\",\"url\":\"https:\/\/collectin.eu\/produktas\/pop-kino-loy\/\",\"name\":\"Pop! Kino Loy - Collectin.eu\",\"isPartOf\":{\"@id\":\"https:\/\/collectin.eu\/#website\"},\"primaryImageOfPage\":{\"@id\":\"https:\/\/collectin.eu\/produktas\/pop-kino-loy\/#primaryimage\"},\"image\":{\"@id\":\"https:\/\/collectin.eu\/produktas\/pop-kino-loy\/#primaryimage\"},\"thumbnailUrl\":\"https:\/\/collectin.eu\/wp-content\/uploads\/2026\/04\/Untitled-design-41.png\",\"datePublished\":\"2026-04-21T07:19:31+00:00\",\"dateModified\":\"2026-04-21T07:29:38+00:00\",\"description\":\"\u201eFunko Pop! Star Wars: Kino Loy\u201c yra meistri\u0161kai sukurta kolekcin\u0117 fig\u016br\u0117l\u0117, \u012fam\u017einanti vien\u0105 labiausiai \u012fsimintin\u0173 ir emoci\u0161kai stipri\u0173 persona\u017e\u0173 i\u0161 \u201eAndor\u201c serialo.\",\"breadcrumb\":{\"@id\":\"https:\/\/collectin.eu\/produktas\/pop-kino-loy\/#breadcrumb\"},\"inLanguage\":\"en-US\",\"potentialAction\":[{\"@type\":\"ReadAction\",\"target\":[\"https:\/\/collectin.eu\/produktas\/pop-kino-loy\/\"]}]},{\"@type\":\"ImageObject\",\"inLanguage\":\"en-US\",\"@id\":\"https:\/\/collectin.eu\/produktas\/pop-kino-loy\/#primaryimage\",\"url\":\"https:\/\/collectin.eu\/wp-content\/uploads\/2026\/04\/Untitled-design-41.png\",\"contentUrl\":\"https:\/\/collectin.eu\/wp-content\/uploads\/2026\/04\/Untitled-design-41.png\",\"width\":1080,\"height\":1080},{\"@type\":\"BreadcrumbList\",\"@id\":\"https:\/\/collectin.eu\/produktas\/pop-kino-loy\/#breadcrumb\",\"itemListElement\":[{\"@type\":\"ListItem\",\"position\":1,\"name\":\"Home\",\"item\":\"https:\/\/collectin.eu\/\"},{\"@type\":\"ListItem\",\"position\":2,\"name\":\"Parduotuv\u0117\",\"item\":\"https:\/\/collectin.eu\/parduotuve\/\"},{\"@type\":\"ListItem\",\"position\":3,\"name\":\"Pop! Kino Loy\"}]},{\"@type\":\"WebSite\",\"@id\":\"https:\/\/collectin.eu\/#website\",\"url\":\"https:\/\/collectin.eu\/\",\"name\":\"Collectin.eu\",\"description\":\"\",\"potentialAction\":[{\"@type\":\"SearchAction\",\"target\":{\"@type\":\"EntryPoint\",\"urlTemplate\":\"https:\/\/collectin.eu\/?s={search_term_string}\"},\"query-input\":{\"@type\":\"PropertyValueSpecification\",\"valueRequired\":true,\"valueName\":\"search_term_string\"}}],\"inLanguage\":\"en-US\"}]}<\/script>\n<!-- \/ Yoast SEO plugin. -->","yoast_head_json":{"title":"Pop! Kino Loy - Collectin.eu","description":"\u201eFunko Pop! Star Wars: Kino Loy\u201c yra meistri\u0161kai sukurta kolekcin\u0117 fig\u016br\u0117l\u0117, \u012fam\u017einanti vien\u0105 labiausiai \u012fsimintin\u0173 ir emoci\u0161kai stipri\u0173 persona\u017e\u0173 i\u0161 \u201eAndor\u201c serialo.","robots":{"index":"index","follow":"follow","max-snippet":"max-snippet:-1","max-image-preview":"max-image-preview:large","max-video-preview":"max-video-preview:-1"},"canonical":"https:\/\/collectin.eu\/en\/product\/pop-kino-loy\/","og_locale":"en_US","og_type":"article","og_title":"Pop! Kino Loy - Collectin.eu","og_description":"\u201eFunko Pop! Star Wars: Kino Loy\u201c yra meistri\u0161kai sukurta kolekcin\u0117 fig\u016br\u0117l\u0117, \u012fam\u017einanti vien\u0105 labiausiai \u012fsimintin\u0173 ir emoci\u0161kai stipri\u0173 persona\u017e\u0173 i\u0161 \u201eAndor\u201c serialo.","og_url":"https:\/\/collectin.eu\/en\/product\/pop-kino-loy\/","og_site_name":"Collectin.eu","article_modified_time":"2026-04-21T07:29:38+00:00","og_image":[{"width":1080,"height":1080,"url":"http:\/\/collectin.eu\/wp-content\/uploads\/2026\/04\/Untitled-design-41.png","type":"image\/png"}],"twitter_card":"summary_large_image","twitter_misc":{"Est. reading time":"1 minute"},"schema":{"@context":"https:\/\/schema.org","@graph":[{"@type":"WebPage","@id":"https:\/\/collectin.eu\/produktas\/pop-kino-loy\/","url":"https:\/\/collectin.eu\/produktas\/pop-kino-loy\/","name":"Pop! Kino Loy - Collectin.eu","isPartOf":{"@id":"https:\/\/collectin.eu\/#website"},"primaryImageOfPage":{"@id":"https:\/\/collectin.eu\/produktas\/pop-kino-loy\/#primaryimage"},"image":{"@id":"https:\/\/collectin.eu\/produktas\/pop-kino-loy\/#primaryimage"},"thumbnailUrl":"https:\/\/collectin.eu\/wp-content\/uploads\/2026\/04\/Untitled-design-41.png","datePublished":"2026-04-21T07:19:31+00:00","dateModified":"2026-04-21T07:29:38+00:00","description":"\u201eFunko Pop! Star Wars: Kino Loy\u201c yra meistri\u0161kai sukurta kolekcin\u0117 fig\u016br\u0117l\u0117, \u012fam\u017einanti vien\u0105 labiausiai \u012fsimintin\u0173 ir emoci\u0161kai stipri\u0173 persona\u017e\u0173 i\u0161 \u201eAndor\u201c serialo.","breadcrumb":{"@id":"https:\/\/collectin.eu\/produktas\/pop-kino-loy\/#breadcrumb"},"inLanguage":"en-US","potentialAction":[{"@type":"ReadAction","target":["https:\/\/collectin.eu\/produktas\/pop-kino-loy\/"]}]},{"@type":"ImageObject","inLanguage":"en-US","@id":"https:\/\/collectin.eu\/produktas\/pop-kino-loy\/#primaryimage","url":"https:\/\/collectin.eu\/wp-content\/uploads\/2026\/04\/Untitled-design-41.png","contentUrl":"https:\/\/collectin.eu\/wp-content\/uploads\/2026\/04\/Untitled-design-41.png","width":1080,"height":1080},{"@type":"BreadcrumbList","@id":"https:\/\/collectin.eu\/produktas\/pop-kino-loy\/#breadcrumb","itemListElement":[{"@type":"ListItem","position":1,"name":"Home","item":"https:\/\/collectin.eu\/"},{"@type":"ListItem","position":2,"name":"Parduotuv\u0117","item":"https:\/\/collectin.eu\/parduotuve\/"},{"@type":"ListItem","position":3,"name":"Pop! Kino Loy"}]},{"@type":"WebSite","@id":"https:\/\/collectin.eu\/#website","url":"https:\/\/collectin.eu\/","name":"Collectin.eu","description":"","potentialAction":[{"@type":"SearchAction","target":{"@type":"EntryPoint","urlTemplate":"https:\/\/collectin.eu\/?s={search_term_string}"},"query-input":{"@type":"PropertyValueSpecification","valueRequired":true,"valueName":"search_term_string"}}],"inLanguage":"en-US"}]}},"jetpack_sharing_enabled":true,"_links":{"self":[{"href":"https:\/\/collectin.eu\/en\/wp-json\/wp\/v2\/product\/40693","targetHints":{"allow":["GET"]}}],"collection":[{"href":"https:\/\/collectin.eu\/en\/wp-json\/wp\/v2\/product"}],"about":[{"href":"https:\/\/collectin.eu\/en\/wp-json\/wp\/v2\/types\/product"}],"replies":[{"embeddable":true,"href":"https:\/\/collectin.eu\/en\/wp-json\/wp\/v2\/comments?post=40693"}],"version-history":[{"count":1,"href":"https:\/\/collectin.eu\/en\/wp-json\/wp\/v2\/product\/40693\/revisions"}],"predecessor-version":[{"id":40696,"href":"https:\/\/collectin.eu\/en\/wp-json\/wp\/v2\/product\/40693\/revisions\/40696"}],"wp:featuredmedia":[{"embeddable":true,"href":"https:\/\/collectin.eu\/en\/wp-json\/wp\/v2\/media\/40694"}],"wp:attachment":[{"href":"https:\/\/collectin.eu\/en\/wp-json\/wp\/v2\/media?parent=40693"}],"wp:term":[{"taxonomy":"product_brand","embeddable":true,"href":"https:\/\/collectin.eu\/en\/wp-json\/wp\/v2\/product_brand?post=40693"},{"taxonomy":"product_cat","embeddable":true,"href":"https:\/\/collectin.eu\/en\/wp-json\/wp\/v2\/product_cat?post=40693"},{"taxonomy":"product_tag","embeddable":true,"href":"https:\/\/collectin.eu\/en\/wp-json\/wp\/v2\/product_tag?post=40693"}],"curies":[{"name":"wp","href":"https:\/\/api.w.org\/{rel}","templated":true}]}}