{"id":40698,"date":"2026-04-21T07:28:21","date_gmt":"2026-04-21T07:28:21","guid":{"rendered":"https:\/\/collectin.eu\/?post_type=product&#038;p=40698"},"modified":"2026-04-21T07:29:04","modified_gmt":"2026-04-21T07:29:04","slug":"pop-mecha-freddy-funko-fusion","status":"publish","type":"product","link":"https:\/\/collectin.eu\/en\/product\/pop-mecha-freddy-funko-fusion\/","title":{"rendered":"Pop! Mecha Freddy (Funko Fusion)"},"content":{"rendered":"<p>\u201eFunko Pop! Mecha Freddy (Funko Fusion)\u201c yra i\u0161skirtinis ir vizualiai priblo\u0161kiantis eksponatas, gim\u0119s i\u0161 ambicingojo \u201eFunko Fusion\u201c vaizdo \u017eaidim\u0173 pasaulio kolaboracijos. \u0160i fig\u016br\u0117l\u0117 radikaliai transformuoja klasikin\u012f, \u0161iurp\u0173j\u012f \u201eFive Nights at Freddy\u2019s\u201c simbol\u012f \u012f futuristin\u012f, kibernetin\u012f kar\u012f \u2013 Mecha Fred\u012f. Detalus dizainas meistri\u0161kai sujungia p\u016bkuoto me\u0161ku\u010dio estetik\u0105 su tvirtomis mechanin\u0117mis dalimis, ry\u0161kiais metalo elementais ir futuristiniais ginklais, sukurdamas unikal\u0173 \u201ehigh-tech\u201c \u012fvaizd\u012f. Ry\u0161kios detal\u0117s ir dinami\u0161ka poza pabr\u0117\u017eia fig\u016br\u0117l\u0117s retum\u0105 bei jos s\u0105sajas su vaizdo \u017eaidim\u0173 kult\u016bra, tod\u0117l tai yra ne tik puiki dovana \u017eaid\u0117jams, bet ir privalomas akcentas rimtiems kolekcionieriams.<\/p>","protected":false},"excerpt":{"rendered":"<p>\u201eFunko Pop! Mecha Freddy (Funko Fusion)\u201c yra i\u0161skirtinis ir vizualiai priblo\u0161kiantis eksponatas, gim\u0119s i\u0161 ambicingojo \u201eFunko Fusion\u201c vaizdo \u017eaidim\u0173 pasaulio<\/p>","protected":false},"featured_media":40699,"comment_status":"open","ping_status":"closed","template":"","meta":[],"product_brand":[426],"product_cat":[680,409,498],"product_tag":[],"class_list":{"0":"post-40698","1":"product","2":"type-product","3":"status-publish","4":"has-post-thumbnail","6":"product_brand-funko-pop","7":"product_cat-figureles","8":"product_cat-funko-pop","9":"product_cat-pop-limited-edition","11":"first","12":"instock","13":"taxable","14":"shipping-taxable","15":"purchasable","16":"product-type-simple"},"yoast_head":"<!-- This site is optimized with the Yoast SEO plugin v25.9 - https:\/\/yoast.com\/wordpress\/plugins\/seo\/ -->\n<title>Pop! Mecha Freddy (Funko Fusion) - Collectin.eu<\/title>\n<meta name=\"robots\" content=\"index, follow, max-snippet:-1, max-image-preview:large, max-video-preview:-1\" \/>\n<link rel=\"canonical\" href=\"https:\/\/collectin.eu\/en\/product\/pop-mecha-freddy-funko-fusion\/\" \/>\n<meta property=\"og:locale\" content=\"en_US\" \/>\n<meta property=\"og:type\" content=\"article\" \/>\n<meta property=\"og:title\" content=\"Pop! Mecha Freddy (Funko Fusion) - Collectin.eu\" \/>\n<meta property=\"og:description\" content=\"\u201eFunko Pop! Mecha Freddy (Funko Fusion)\u201c yra i\u0161skirtinis ir vizualiai priblo\u0161kiantis eksponatas, gim\u0119s i\u0161 ambicingojo \u201eFunko Fusion\u201c vaizdo \u017eaidim\u0173 pasaulio\" \/>\n<meta property=\"og:url\" content=\"https:\/\/collectin.eu\/en\/product\/pop-mecha-freddy-funko-fusion\/\" \/>\n<meta property=\"og:site_name\" content=\"Collectin.eu\" \/>\n<meta property=\"article:modified_time\" content=\"2026-04-21T07:29:04+00:00\" \/>\n<meta property=\"og:image\" content=\"http:\/\/collectin.eu\/wp-content\/uploads\/2026\/04\/Untitled-design-43.png\" \/>\n\t<meta property=\"og:image:width\" content=\"1080\" \/>\n\t<meta property=\"og:image:height\" content=\"1080\" \/>\n\t<meta property=\"og:image:type\" content=\"image\/png\" \/>\n<meta name=\"twitter:card\" content=\"summary_large_image\" \/>\n<meta name=\"twitter:label1\" content=\"Est. reading time\" \/>\n\t<meta name=\"twitter:data1\" content=\"1 minute\" \/>\n<script type=\"application\/ld+json\" class=\"yoast-schema-graph\">{\"@context\":\"https:\/\/schema.org\",\"@graph\":[{\"@type\":\"WebPage\",\"@id\":\"https:\/\/collectin.eu\/produktas\/pop-mecha-freddy-funko-fusion\/\",\"url\":\"https:\/\/collectin.eu\/produktas\/pop-mecha-freddy-funko-fusion\/\",\"name\":\"Pop! Mecha Freddy (Funko Fusion) - Collectin.eu\",\"isPartOf\":{\"@id\":\"https:\/\/collectin.eu\/#website\"},\"primaryImageOfPage\":{\"@id\":\"https:\/\/collectin.eu\/produktas\/pop-mecha-freddy-funko-fusion\/#primaryimage\"},\"image\":{\"@id\":\"https:\/\/collectin.eu\/produktas\/pop-mecha-freddy-funko-fusion\/#primaryimage\"},\"thumbnailUrl\":\"https:\/\/collectin.eu\/wp-content\/uploads\/2026\/04\/Untitled-design-43.png\",\"datePublished\":\"2026-04-21T07:28:21+00:00\",\"dateModified\":\"2026-04-21T07:29:04+00:00\",\"breadcrumb\":{\"@id\":\"https:\/\/collectin.eu\/produktas\/pop-mecha-freddy-funko-fusion\/#breadcrumb\"},\"inLanguage\":\"en-US\",\"potentialAction\":[{\"@type\":\"ReadAction\",\"target\":[\"https:\/\/collectin.eu\/produktas\/pop-mecha-freddy-funko-fusion\/\"]}]},{\"@type\":\"ImageObject\",\"inLanguage\":\"en-US\",\"@id\":\"https:\/\/collectin.eu\/produktas\/pop-mecha-freddy-funko-fusion\/#primaryimage\",\"url\":\"https:\/\/collectin.eu\/wp-content\/uploads\/2026\/04\/Untitled-design-43.png\",\"contentUrl\":\"https:\/\/collectin.eu\/wp-content\/uploads\/2026\/04\/Untitled-design-43.png\",\"width\":1080,\"height\":1080},{\"@type\":\"BreadcrumbList\",\"@id\":\"https:\/\/collectin.eu\/produktas\/pop-mecha-freddy-funko-fusion\/#breadcrumb\",\"itemListElement\":[{\"@type\":\"ListItem\",\"position\":1,\"name\":\"Home\",\"item\":\"https:\/\/collectin.eu\/\"},{\"@type\":\"ListItem\",\"position\":2,\"name\":\"Parduotuv\u0117\",\"item\":\"https:\/\/collectin.eu\/parduotuve\/\"},{\"@type\":\"ListItem\",\"position\":3,\"name\":\"Pop! Mecha Freddy (Funko Fusion)\"}]},{\"@type\":\"WebSite\",\"@id\":\"https:\/\/collectin.eu\/#website\",\"url\":\"https:\/\/collectin.eu\/\",\"name\":\"Collectin.eu\",\"description\":\"\",\"potentialAction\":[{\"@type\":\"SearchAction\",\"target\":{\"@type\":\"EntryPoint\",\"urlTemplate\":\"https:\/\/collectin.eu\/?s={search_term_string}\"},\"query-input\":{\"@type\":\"PropertyValueSpecification\",\"valueRequired\":true,\"valueName\":\"search_term_string\"}}],\"inLanguage\":\"en-US\"}]}<\/script>\n<!-- \/ Yoast SEO plugin. -->","yoast_head_json":{"title":"Pop! Mecha Freddy (Funko Fusion) - Collectin.eu","robots":{"index":"index","follow":"follow","max-snippet":"max-snippet:-1","max-image-preview":"max-image-preview:large","max-video-preview":"max-video-preview:-1"},"canonical":"https:\/\/collectin.eu\/en\/product\/pop-mecha-freddy-funko-fusion\/","og_locale":"en_US","og_type":"article","og_title":"Pop! Mecha Freddy (Funko Fusion) - Collectin.eu","og_description":"\u201eFunko Pop! Mecha Freddy (Funko Fusion)\u201c yra i\u0161skirtinis ir vizualiai priblo\u0161kiantis eksponatas, gim\u0119s i\u0161 ambicingojo \u201eFunko Fusion\u201c vaizdo \u017eaidim\u0173 pasaulio","og_url":"https:\/\/collectin.eu\/en\/product\/pop-mecha-freddy-funko-fusion\/","og_site_name":"Collectin.eu","article_modified_time":"2026-04-21T07:29:04+00:00","og_image":[{"width":1080,"height":1080,"url":"http:\/\/collectin.eu\/wp-content\/uploads\/2026\/04\/Untitled-design-43.png","type":"image\/png"}],"twitter_card":"summary_large_image","twitter_misc":{"Est. reading time":"1 minute"},"schema":{"@context":"https:\/\/schema.org","@graph":[{"@type":"WebPage","@id":"https:\/\/collectin.eu\/produktas\/pop-mecha-freddy-funko-fusion\/","url":"https:\/\/collectin.eu\/produktas\/pop-mecha-freddy-funko-fusion\/","name":"Pop! Mecha Freddy (Funko Fusion) - Collectin.eu","isPartOf":{"@id":"https:\/\/collectin.eu\/#website"},"primaryImageOfPage":{"@id":"https:\/\/collectin.eu\/produktas\/pop-mecha-freddy-funko-fusion\/#primaryimage"},"image":{"@id":"https:\/\/collectin.eu\/produktas\/pop-mecha-freddy-funko-fusion\/#primaryimage"},"thumbnailUrl":"https:\/\/collectin.eu\/wp-content\/uploads\/2026\/04\/Untitled-design-43.png","datePublished":"2026-04-21T07:28:21+00:00","dateModified":"2026-04-21T07:29:04+00:00","breadcrumb":{"@id":"https:\/\/collectin.eu\/produktas\/pop-mecha-freddy-funko-fusion\/#breadcrumb"},"inLanguage":"en-US","potentialAction":[{"@type":"ReadAction","target":["https:\/\/collectin.eu\/produktas\/pop-mecha-freddy-funko-fusion\/"]}]},{"@type":"ImageObject","inLanguage":"en-US","@id":"https:\/\/collectin.eu\/produktas\/pop-mecha-freddy-funko-fusion\/#primaryimage","url":"https:\/\/collectin.eu\/wp-content\/uploads\/2026\/04\/Untitled-design-43.png","contentUrl":"https:\/\/collectin.eu\/wp-content\/uploads\/2026\/04\/Untitled-design-43.png","width":1080,"height":1080},{"@type":"BreadcrumbList","@id":"https:\/\/collectin.eu\/produktas\/pop-mecha-freddy-funko-fusion\/#breadcrumb","itemListElement":[{"@type":"ListItem","position":1,"name":"Home","item":"https:\/\/collectin.eu\/"},{"@type":"ListItem","position":2,"name":"Parduotuv\u0117","item":"https:\/\/collectin.eu\/parduotuve\/"},{"@type":"ListItem","position":3,"name":"Pop! Mecha Freddy (Funko Fusion)"}]},{"@type":"WebSite","@id":"https:\/\/collectin.eu\/#website","url":"https:\/\/collectin.eu\/","name":"Collectin.eu","description":"","potentialAction":[{"@type":"SearchAction","target":{"@type":"EntryPoint","urlTemplate":"https:\/\/collectin.eu\/?s={search_term_string}"},"query-input":{"@type":"PropertyValueSpecification","valueRequired":true,"valueName":"search_term_string"}}],"inLanguage":"en-US"}]}},"jetpack_sharing_enabled":true,"_links":{"self":[{"href":"https:\/\/collectin.eu\/en\/wp-json\/wp\/v2\/product\/40698","targetHints":{"allow":["GET"]}}],"collection":[{"href":"https:\/\/collectin.eu\/en\/wp-json\/wp\/v2\/product"}],"about":[{"href":"https:\/\/collectin.eu\/en\/wp-json\/wp\/v2\/types\/product"}],"replies":[{"embeddable":true,"href":"https:\/\/collectin.eu\/en\/wp-json\/wp\/v2\/comments?post=40698"}],"version-history":[{"count":3,"href":"https:\/\/collectin.eu\/en\/wp-json\/wp\/v2\/product\/40698\/revisions"}],"predecessor-version":[{"id":40703,"href":"https:\/\/collectin.eu\/en\/wp-json\/wp\/v2\/product\/40698\/revisions\/40703"}],"wp:featuredmedia":[{"embeddable":true,"href":"https:\/\/collectin.eu\/en\/wp-json\/wp\/v2\/media\/40699"}],"wp:attachment":[{"href":"https:\/\/collectin.eu\/en\/wp-json\/wp\/v2\/media?parent=40698"}],"wp:term":[{"taxonomy":"product_brand","embeddable":true,"href":"https:\/\/collectin.eu\/en\/wp-json\/wp\/v2\/product_brand?post=40698"},{"taxonomy":"product_cat","embeddable":true,"href":"https:\/\/collectin.eu\/en\/wp-json\/wp\/v2\/product_cat?post=40698"},{"taxonomy":"product_tag","embeddable":true,"href":"https:\/\/collectin.eu\/en\/wp-json\/wp\/v2\/product_tag?post=40698"}],"curies":[{"name":"wp","href":"https:\/\/api.w.org\/{rel}","templated":true}]}}