{"id":40704,"date":"2026-04-21T07:36:40","date_gmt":"2026-04-21T07:36:40","guid":{"rendered":"https:\/\/collectin.eu\/?post_type=product&#038;p=40704"},"modified":"2026-04-21T07:36:41","modified_gmt":"2026-04-21T07:36:41","slug":"pop-khymm","status":"publish","type":"product","link":"https:\/\/collectin.eu\/en\/product\/pop-khymm\/","title":{"rendered":"Pop! Kh&#8217;ymm"},"content":{"rendered":"<p>\u201eFunko Pop! Star Wars: Kh\u2019ymm\u201c yra unikalus ir paslaptingas kolekcinis eksponatas, skirtas vienam i\u0161 egzoti\u0161k\u0173j\u0173 \u201e\u017dvaig\u017ed\u017ei\u0173 kar\u0173\u201c visatos persona\u017e\u0173, pasirod\u017eiusi\u0173 \u201eAndor\u201c serialo kontekste. \u0160i fig\u016br\u0117l\u0117 pasi\u017eymi itin detaliu ateivio dizainu, kuriame meistri\u0161kai perteiktos specifin\u0117s veido tekst\u016bros, ry\u0161kios akys ir autenti\u0161ka, sluoksniuota apranga, puikiai atspindinti tolim\u0173j\u0173 galaktikos kampeli\u0173 estetik\u0105. Charakteringas \u201eFunko Pop!\u201c stilius \u010dia susitinka su auk\u0161to lygio modeliavimu, tod\u0117l persona\u017eas atrodo gyvas ir pasiruo\u0161\u0119s papasakoti savo istorij\u0105 sukilimo fone. Stovinti ant klasikinio \u201eStar Wars\u201c vardinio pagrindo, Kh\u2019ymm fig\u016br\u0117l\u0117 yra puikus pasirinkimas kolekcionieriams, siekiantiems u\u017epildyti savo lentynas ne tik pagrindiniais herojais, bet ir \u012fdomiais, pasaul\u012f ple\u010dian\u010diais antraeiliais persona\u017eais, kurie suteikia galaktikai gylio ir \u012fvairov\u0117s.<\/p>","protected":false},"excerpt":{"rendered":"<p>\u201eFunko Pop! Star Wars: Kh\u2019ymm\u201c yra unikalus ir paslaptingas kolekcinis eksponatas, skirtas vienam i\u0161 egzoti\u0161k\u0173j\u0173 \u201e\u017dvaig\u017ed\u017ei\u0173 kar\u0173\u201c visatos persona\u017e\u0173, pasirod\u017eiusi\u0173<\/p>","protected":false},"featured_media":40705,"comment_status":"open","ping_status":"closed","template":"","meta":[],"product_brand":[426],"product_cat":[680,409,496],"product_tag":[],"class_list":{"0":"post-40704","1":"product","2":"type-product","3":"status-publish","4":"has-post-thumbnail","6":"product_brand-funko-pop","7":"product_cat-figureles","8":"product_cat-funko-pop","9":"product_cat-pop-star-wars","11":"first","12":"instock","13":"taxable","14":"shipping-taxable","15":"purchasable","16":"product-type-simple"},"yoast_head":"<!-- This site is optimized with the Yoast SEO plugin v25.9 - https:\/\/yoast.com\/wordpress\/plugins\/seo\/ -->\n<title>Pop! Kh&#039;ymm - Collectin.eu<\/title>\n<meta name=\"description\" content=\"\u201eFunko Pop! Star Wars: Kh\u2019ymm\u201c yra unikalus ir paslaptingas kolekcinis eksponatas, skirtas vienam i\u0161 egzoti\u0161k\u0173j\u0173 \u201e\u017dvaig\u017ed\u017ei\u0173 kar\u0173\u201c visatos persona\u017e\u0173, pasirod\u017eiusi\u0173 \u201eAndor\u201c serialo kontekste.\" \/>\n<meta name=\"robots\" content=\"index, follow, max-snippet:-1, max-image-preview:large, max-video-preview:-1\" \/>\n<link rel=\"canonical\" href=\"https:\/\/collectin.eu\/en\/product\/pop-khymm\/\" \/>\n<meta property=\"og:locale\" content=\"en_US\" \/>\n<meta property=\"og:type\" content=\"article\" \/>\n<meta property=\"og:title\" content=\"Pop! Kh&#039;ymm - Collectin.eu\" \/>\n<meta property=\"og:description\" content=\"\u201eFunko Pop! Star Wars: Kh\u2019ymm\u201c yra unikalus ir paslaptingas kolekcinis eksponatas, skirtas vienam i\u0161 egzoti\u0161k\u0173j\u0173 \u201e\u017dvaig\u017ed\u017ei\u0173 kar\u0173\u201c visatos persona\u017e\u0173, pasirod\u017eiusi\u0173 \u201eAndor\u201c serialo kontekste.\" \/>\n<meta property=\"og:url\" content=\"https:\/\/collectin.eu\/en\/product\/pop-khymm\/\" \/>\n<meta property=\"og:site_name\" content=\"Collectin.eu\" \/>\n<meta property=\"article:modified_time\" content=\"2026-04-21T07:36:41+00:00\" \/>\n<meta property=\"og:image\" content=\"http:\/\/collectin.eu\/wp-content\/uploads\/2026\/04\/Untitled-design-45.png\" \/>\n\t<meta property=\"og:image:width\" content=\"1080\" \/>\n\t<meta property=\"og:image:height\" content=\"1080\" \/>\n\t<meta property=\"og:image:type\" content=\"image\/png\" \/>\n<meta name=\"twitter:card\" content=\"summary_large_image\" \/>\n<meta name=\"twitter:label1\" content=\"Est. reading time\" \/>\n\t<meta name=\"twitter:data1\" content=\"1 minute\" \/>\n<script type=\"application\/ld+json\" class=\"yoast-schema-graph\">{\"@context\":\"https:\/\/schema.org\",\"@graph\":[{\"@type\":\"WebPage\",\"@id\":\"https:\/\/collectin.eu\/produktas\/pop-khymm\/\",\"url\":\"https:\/\/collectin.eu\/produktas\/pop-khymm\/\",\"name\":\"Pop! Kh'ymm - Collectin.eu\",\"isPartOf\":{\"@id\":\"https:\/\/collectin.eu\/#website\"},\"primaryImageOfPage\":{\"@id\":\"https:\/\/collectin.eu\/produktas\/pop-khymm\/#primaryimage\"},\"image\":{\"@id\":\"https:\/\/collectin.eu\/produktas\/pop-khymm\/#primaryimage\"},\"thumbnailUrl\":\"https:\/\/collectin.eu\/wp-content\/uploads\/2026\/04\/Untitled-design-45.png\",\"datePublished\":\"2026-04-21T07:36:40+00:00\",\"dateModified\":\"2026-04-21T07:36:41+00:00\",\"description\":\"\u201eFunko Pop! Star Wars: Kh\u2019ymm\u201c yra unikalus ir paslaptingas kolekcinis eksponatas, skirtas vienam i\u0161 egzoti\u0161k\u0173j\u0173 \u201e\u017dvaig\u017ed\u017ei\u0173 kar\u0173\u201c visatos persona\u017e\u0173, pasirod\u017eiusi\u0173 \u201eAndor\u201c serialo kontekste.\",\"breadcrumb\":{\"@id\":\"https:\/\/collectin.eu\/produktas\/pop-khymm\/#breadcrumb\"},\"inLanguage\":\"en-US\",\"potentialAction\":[{\"@type\":\"ReadAction\",\"target\":[\"https:\/\/collectin.eu\/produktas\/pop-khymm\/\"]}]},{\"@type\":\"ImageObject\",\"inLanguage\":\"en-US\",\"@id\":\"https:\/\/collectin.eu\/produktas\/pop-khymm\/#primaryimage\",\"url\":\"https:\/\/collectin.eu\/wp-content\/uploads\/2026\/04\/Untitled-design-45.png\",\"contentUrl\":\"https:\/\/collectin.eu\/wp-content\/uploads\/2026\/04\/Untitled-design-45.png\",\"width\":1080,\"height\":1080},{\"@type\":\"BreadcrumbList\",\"@id\":\"https:\/\/collectin.eu\/produktas\/pop-khymm\/#breadcrumb\",\"itemListElement\":[{\"@type\":\"ListItem\",\"position\":1,\"name\":\"Home\",\"item\":\"https:\/\/collectin.eu\/\"},{\"@type\":\"ListItem\",\"position\":2,\"name\":\"Parduotuv\u0117\",\"item\":\"https:\/\/collectin.eu\/parduotuve\/\"},{\"@type\":\"ListItem\",\"position\":3,\"name\":\"Pop! Kh&#8217;ymm\"}]},{\"@type\":\"WebSite\",\"@id\":\"https:\/\/collectin.eu\/#website\",\"url\":\"https:\/\/collectin.eu\/\",\"name\":\"Collectin.eu\",\"description\":\"\",\"potentialAction\":[{\"@type\":\"SearchAction\",\"target\":{\"@type\":\"EntryPoint\",\"urlTemplate\":\"https:\/\/collectin.eu\/?s={search_term_string}\"},\"query-input\":{\"@type\":\"PropertyValueSpecification\",\"valueRequired\":true,\"valueName\":\"search_term_string\"}}],\"inLanguage\":\"en-US\"}]}<\/script>\n<!-- \/ Yoast SEO plugin. -->","yoast_head_json":{"title":"Pop! Kh'ymm - Collectin.eu","description":"\u201eFunko Pop! Star Wars: Kh\u2019ymm\u201c yra unikalus ir paslaptingas kolekcinis eksponatas, skirtas vienam i\u0161 egzoti\u0161k\u0173j\u0173 \u201e\u017dvaig\u017ed\u017ei\u0173 kar\u0173\u201c visatos persona\u017e\u0173, pasirod\u017eiusi\u0173 \u201eAndor\u201c serialo kontekste.","robots":{"index":"index","follow":"follow","max-snippet":"max-snippet:-1","max-image-preview":"max-image-preview:large","max-video-preview":"max-video-preview:-1"},"canonical":"https:\/\/collectin.eu\/en\/product\/pop-khymm\/","og_locale":"en_US","og_type":"article","og_title":"Pop! Kh'ymm - Collectin.eu","og_description":"\u201eFunko Pop! Star Wars: Kh\u2019ymm\u201c yra unikalus ir paslaptingas kolekcinis eksponatas, skirtas vienam i\u0161 egzoti\u0161k\u0173j\u0173 \u201e\u017dvaig\u017ed\u017ei\u0173 kar\u0173\u201c visatos persona\u017e\u0173, pasirod\u017eiusi\u0173 \u201eAndor\u201c serialo kontekste.","og_url":"https:\/\/collectin.eu\/en\/product\/pop-khymm\/","og_site_name":"Collectin.eu","article_modified_time":"2026-04-21T07:36:41+00:00","og_image":[{"width":1080,"height":1080,"url":"http:\/\/collectin.eu\/wp-content\/uploads\/2026\/04\/Untitled-design-45.png","type":"image\/png"}],"twitter_card":"summary_large_image","twitter_misc":{"Est. reading time":"1 minute"},"schema":{"@context":"https:\/\/schema.org","@graph":[{"@type":"WebPage","@id":"https:\/\/collectin.eu\/produktas\/pop-khymm\/","url":"https:\/\/collectin.eu\/produktas\/pop-khymm\/","name":"Pop! Kh'ymm - Collectin.eu","isPartOf":{"@id":"https:\/\/collectin.eu\/#website"},"primaryImageOfPage":{"@id":"https:\/\/collectin.eu\/produktas\/pop-khymm\/#primaryimage"},"image":{"@id":"https:\/\/collectin.eu\/produktas\/pop-khymm\/#primaryimage"},"thumbnailUrl":"https:\/\/collectin.eu\/wp-content\/uploads\/2026\/04\/Untitled-design-45.png","datePublished":"2026-04-21T07:36:40+00:00","dateModified":"2026-04-21T07:36:41+00:00","description":"\u201eFunko Pop! Star Wars: Kh\u2019ymm\u201c yra unikalus ir paslaptingas kolekcinis eksponatas, skirtas vienam i\u0161 egzoti\u0161k\u0173j\u0173 \u201e\u017dvaig\u017ed\u017ei\u0173 kar\u0173\u201c visatos persona\u017e\u0173, pasirod\u017eiusi\u0173 \u201eAndor\u201c serialo kontekste.","breadcrumb":{"@id":"https:\/\/collectin.eu\/produktas\/pop-khymm\/#breadcrumb"},"inLanguage":"en-US","potentialAction":[{"@type":"ReadAction","target":["https:\/\/collectin.eu\/produktas\/pop-khymm\/"]}]},{"@type":"ImageObject","inLanguage":"en-US","@id":"https:\/\/collectin.eu\/produktas\/pop-khymm\/#primaryimage","url":"https:\/\/collectin.eu\/wp-content\/uploads\/2026\/04\/Untitled-design-45.png","contentUrl":"https:\/\/collectin.eu\/wp-content\/uploads\/2026\/04\/Untitled-design-45.png","width":1080,"height":1080},{"@type":"BreadcrumbList","@id":"https:\/\/collectin.eu\/produktas\/pop-khymm\/#breadcrumb","itemListElement":[{"@type":"ListItem","position":1,"name":"Home","item":"https:\/\/collectin.eu\/"},{"@type":"ListItem","position":2,"name":"Parduotuv\u0117","item":"https:\/\/collectin.eu\/parduotuve\/"},{"@type":"ListItem","position":3,"name":"Pop! Kh&#8217;ymm"}]},{"@type":"WebSite","@id":"https:\/\/collectin.eu\/#website","url":"https:\/\/collectin.eu\/","name":"Collectin.eu","description":"","potentialAction":[{"@type":"SearchAction","target":{"@type":"EntryPoint","urlTemplate":"https:\/\/collectin.eu\/?s={search_term_string}"},"query-input":{"@type":"PropertyValueSpecification","valueRequired":true,"valueName":"search_term_string"}}],"inLanguage":"en-US"}]}},"jetpack_sharing_enabled":true,"_links":{"self":[{"href":"https:\/\/collectin.eu\/en\/wp-json\/wp\/v2\/product\/40704","targetHints":{"allow":["GET"]}}],"collection":[{"href":"https:\/\/collectin.eu\/en\/wp-json\/wp\/v2\/product"}],"about":[{"href":"https:\/\/collectin.eu\/en\/wp-json\/wp\/v2\/types\/product"}],"replies":[{"embeddable":true,"href":"https:\/\/collectin.eu\/en\/wp-json\/wp\/v2\/comments?post=40704"}],"version-history":[{"count":2,"href":"https:\/\/collectin.eu\/en\/wp-json\/wp\/v2\/product\/40704\/revisions"}],"predecessor-version":[{"id":40708,"href":"https:\/\/collectin.eu\/en\/wp-json\/wp\/v2\/product\/40704\/revisions\/40708"}],"wp:featuredmedia":[{"embeddable":true,"href":"https:\/\/collectin.eu\/en\/wp-json\/wp\/v2\/media\/40705"}],"wp:attachment":[{"href":"https:\/\/collectin.eu\/en\/wp-json\/wp\/v2\/media?parent=40704"}],"wp:term":[{"taxonomy":"product_brand","embeddable":true,"href":"https:\/\/collectin.eu\/en\/wp-json\/wp\/v2\/product_brand?post=40704"},{"taxonomy":"product_cat","embeddable":true,"href":"https:\/\/collectin.eu\/en\/wp-json\/wp\/v2\/product_cat?post=40704"},{"taxonomy":"product_tag","embeddable":true,"href":"https:\/\/collectin.eu\/en\/wp-json\/wp\/v2\/product_tag?post=40704"}],"curies":[{"name":"wp","href":"https:\/\/api.w.org\/{rel}","templated":true}]}}