{"id":40710,"date":"2026-04-21T07:41:37","date_gmt":"2026-04-21T07:41:37","guid":{"rendered":"https:\/\/collectin.eu\/?post_type=product&#038;p=40710"},"modified":"2026-04-21T07:41:37","modified_gmt":"2026-04-21T07:41:37","slug":"pop-wooloo","status":"publish","type":"product","link":"https:\/\/collectin.eu\/en\/product\/pop-wooloo\/","title":{"rendered":"Pop! Wooloo"},"content":{"rendered":"<p>\u201eFunko Pop! Pok\u00e9mon: Wooloo\u201c yra ne\u012ftik\u0117tinai jaukus ir \u017eavingas kolekcinis eksponatas, \u012fam\u017einantis vien\u0105 populiariausi\u0173 a\u0161tuntosios kartos Pok\u00e9mon\u0173 i\u0161 Galar regiono. \u0160i fig\u016br\u0117l\u0117 meistri\u0161kai perteikia vis\u0105 Wooloo \u017eaves\u012f \u2013 nuo jo apvalaus, debes\u0117l\u012f primenan\u010dio p\u016bsto kailio tekst\u016bros iki ma\u017e\u0173, juod\u0173 ragiuk\u0173 ir \u0161velni\u0173 aky\u010di\u0173, kurios priver\u010dia nusi\u0161ypsoti kiekvien\u0105 trener\u012f. Charakteringas \u201eFunko Pop!\u201c dizainas puikiai tinka \u0161iam Pok\u00e9monui, pabr\u0117\u017edamas jo rom\u0173 b\u016bd\u0105 ir ikoni\u0161k\u0105 form\u0105, kuri\u0105 gerb\u0117jai pamilo \u017eaidimuose \u201ePok\u00e9mon Sword &amp; Shield\u201c. Tai idealus pasirinkimas tiek ilgame\u010diams Pok\u00e9mon\u0173 kolekcionieriams, tiek ie\u0161kantiems mieliausio akcento savo darbo stalui.<\/p>","protected":false},"excerpt":{"rendered":"<p>\u201eFunko Pop! Pok\u00e9mon: Wooloo\u201c yra ne\u012ftik\u0117tinai jaukus ir \u017eavingas kolekcinis eksponatas, \u012fam\u017einantis vien\u0105 populiariausi\u0173 a\u0161tuntosios kartos Pok\u00e9mon\u0173 i\u0161 Galar regiono.<\/p>","protected":false},"featured_media":40711,"comment_status":"open","ping_status":"closed","template":"","meta":[],"product_brand":[426],"product_cat":[680,409,686],"product_tag":[],"class_list":{"0":"post-40710","1":"product","2":"type-product","3":"status-publish","4":"has-post-thumbnail","6":"product_brand-funko-pop","7":"product_cat-figureles","8":"product_cat-funko-pop","9":"product_cat-pop-pokemon","11":"first","12":"instock","13":"taxable","14":"shipping-taxable","15":"purchasable","16":"product-type-simple"},"yoast_head":"<!-- This site is optimized with the Yoast SEO plugin v25.9 - https:\/\/yoast.com\/wordpress\/plugins\/seo\/ -->\n<title>Pop! Wooloo - Collectin.eu<\/title>\n<meta name=\"description\" content=\"\u201eFunko Pop! Pok\u00e9mon: Wooloo\u201c yra ne\u012ftik\u0117tinai jaukus ir \u017eavingas kolekcinis eksponatas, \u012fam\u017einantis vien\u0105 populiariausi\u0173 a\u0161tuntosios kartos Pok\u00e9mon\u0173 i\u0161 Galar regiono.\" \/>\n<meta name=\"robots\" content=\"index, follow, max-snippet:-1, max-image-preview:large, max-video-preview:-1\" \/>\n<link rel=\"canonical\" href=\"https:\/\/collectin.eu\/en\/product\/pop-wooloo\/\" \/>\n<meta property=\"og:locale\" content=\"en_US\" \/>\n<meta property=\"og:type\" content=\"article\" \/>\n<meta property=\"og:title\" content=\"Pop! Wooloo - Collectin.eu\" \/>\n<meta property=\"og:description\" content=\"\u201eFunko Pop! Pok\u00e9mon: Wooloo\u201c yra ne\u012ftik\u0117tinai jaukus ir \u017eavingas kolekcinis eksponatas, \u012fam\u017einantis vien\u0105 populiariausi\u0173 a\u0161tuntosios kartos Pok\u00e9mon\u0173 i\u0161 Galar regiono.\" \/>\n<meta property=\"og:url\" content=\"https:\/\/collectin.eu\/en\/product\/pop-wooloo\/\" \/>\n<meta property=\"og:site_name\" content=\"Collectin.eu\" \/>\n<meta property=\"og:image\" content=\"http:\/\/collectin.eu\/wp-content\/uploads\/2026\/04\/Untitled-design-47.png\" \/>\n\t<meta property=\"og:image:width\" content=\"1080\" \/>\n\t<meta property=\"og:image:height\" content=\"1080\" \/>\n\t<meta property=\"og:image:type\" content=\"image\/png\" \/>\n<meta name=\"twitter:card\" content=\"summary_large_image\" \/>\n<meta name=\"twitter:label1\" content=\"Est. reading time\" \/>\n\t<meta name=\"twitter:data1\" content=\"1 minute\" \/>\n<script type=\"application\/ld+json\" class=\"yoast-schema-graph\">{\"@context\":\"https:\/\/schema.org\",\"@graph\":[{\"@type\":\"WebPage\",\"@id\":\"https:\/\/collectin.eu\/produktas\/pop-wooloo\/\",\"url\":\"https:\/\/collectin.eu\/produktas\/pop-wooloo\/\",\"name\":\"Pop! Wooloo - Collectin.eu\",\"isPartOf\":{\"@id\":\"https:\/\/collectin.eu\/#website\"},\"primaryImageOfPage\":{\"@id\":\"https:\/\/collectin.eu\/produktas\/pop-wooloo\/#primaryimage\"},\"image\":{\"@id\":\"https:\/\/collectin.eu\/produktas\/pop-wooloo\/#primaryimage\"},\"thumbnailUrl\":\"https:\/\/collectin.eu\/wp-content\/uploads\/2026\/04\/Untitled-design-47.png\",\"datePublished\":\"2026-04-21T07:41:37+00:00\",\"description\":\"\u201eFunko Pop! Pok\u00e9mon: Wooloo\u201c yra ne\u012ftik\u0117tinai jaukus ir \u017eavingas kolekcinis eksponatas, \u012fam\u017einantis vien\u0105 populiariausi\u0173 a\u0161tuntosios kartos Pok\u00e9mon\u0173 i\u0161 Galar regiono.\",\"breadcrumb\":{\"@id\":\"https:\/\/collectin.eu\/produktas\/pop-wooloo\/#breadcrumb\"},\"inLanguage\":\"en-US\",\"potentialAction\":[{\"@type\":\"ReadAction\",\"target\":[\"https:\/\/collectin.eu\/produktas\/pop-wooloo\/\"]}]},{\"@type\":\"ImageObject\",\"inLanguage\":\"en-US\",\"@id\":\"https:\/\/collectin.eu\/produktas\/pop-wooloo\/#primaryimage\",\"url\":\"https:\/\/collectin.eu\/wp-content\/uploads\/2026\/04\/Untitled-design-47.png\",\"contentUrl\":\"https:\/\/collectin.eu\/wp-content\/uploads\/2026\/04\/Untitled-design-47.png\",\"width\":1080,\"height\":1080},{\"@type\":\"BreadcrumbList\",\"@id\":\"https:\/\/collectin.eu\/produktas\/pop-wooloo\/#breadcrumb\",\"itemListElement\":[{\"@type\":\"ListItem\",\"position\":1,\"name\":\"Home\",\"item\":\"https:\/\/collectin.eu\/\"},{\"@type\":\"ListItem\",\"position\":2,\"name\":\"Parduotuv\u0117\",\"item\":\"https:\/\/collectin.eu\/parduotuve\/\"},{\"@type\":\"ListItem\",\"position\":3,\"name\":\"Pop! Wooloo\"}]},{\"@type\":\"WebSite\",\"@id\":\"https:\/\/collectin.eu\/#website\",\"url\":\"https:\/\/collectin.eu\/\",\"name\":\"Collectin.eu\",\"description\":\"\",\"potentialAction\":[{\"@type\":\"SearchAction\",\"target\":{\"@type\":\"EntryPoint\",\"urlTemplate\":\"https:\/\/collectin.eu\/?s={search_term_string}\"},\"query-input\":{\"@type\":\"PropertyValueSpecification\",\"valueRequired\":true,\"valueName\":\"search_term_string\"}}],\"inLanguage\":\"en-US\"}]}<\/script>\n<!-- \/ Yoast SEO plugin. -->","yoast_head_json":{"title":"Pop! Wooloo - Collectin.eu","description":"\u201eFunko Pop! Pok\u00e9mon: Wooloo\u201c yra ne\u012ftik\u0117tinai jaukus ir \u017eavingas kolekcinis eksponatas, \u012fam\u017einantis vien\u0105 populiariausi\u0173 a\u0161tuntosios kartos Pok\u00e9mon\u0173 i\u0161 Galar regiono.","robots":{"index":"index","follow":"follow","max-snippet":"max-snippet:-1","max-image-preview":"max-image-preview:large","max-video-preview":"max-video-preview:-1"},"canonical":"https:\/\/collectin.eu\/en\/product\/pop-wooloo\/","og_locale":"en_US","og_type":"article","og_title":"Pop! Wooloo - Collectin.eu","og_description":"\u201eFunko Pop! Pok\u00e9mon: Wooloo\u201c yra ne\u012ftik\u0117tinai jaukus ir \u017eavingas kolekcinis eksponatas, \u012fam\u017einantis vien\u0105 populiariausi\u0173 a\u0161tuntosios kartos Pok\u00e9mon\u0173 i\u0161 Galar regiono.","og_url":"https:\/\/collectin.eu\/en\/product\/pop-wooloo\/","og_site_name":"Collectin.eu","og_image":[{"width":1080,"height":1080,"url":"http:\/\/collectin.eu\/wp-content\/uploads\/2026\/04\/Untitled-design-47.png","type":"image\/png"}],"twitter_card":"summary_large_image","twitter_misc":{"Est. reading time":"1 minute"},"schema":{"@context":"https:\/\/schema.org","@graph":[{"@type":"WebPage","@id":"https:\/\/collectin.eu\/produktas\/pop-wooloo\/","url":"https:\/\/collectin.eu\/produktas\/pop-wooloo\/","name":"Pop! Wooloo - Collectin.eu","isPartOf":{"@id":"https:\/\/collectin.eu\/#website"},"primaryImageOfPage":{"@id":"https:\/\/collectin.eu\/produktas\/pop-wooloo\/#primaryimage"},"image":{"@id":"https:\/\/collectin.eu\/produktas\/pop-wooloo\/#primaryimage"},"thumbnailUrl":"https:\/\/collectin.eu\/wp-content\/uploads\/2026\/04\/Untitled-design-47.png","datePublished":"2026-04-21T07:41:37+00:00","description":"\u201eFunko Pop! Pok\u00e9mon: Wooloo\u201c yra ne\u012ftik\u0117tinai jaukus ir \u017eavingas kolekcinis eksponatas, \u012fam\u017einantis vien\u0105 populiariausi\u0173 a\u0161tuntosios kartos Pok\u00e9mon\u0173 i\u0161 Galar regiono.","breadcrumb":{"@id":"https:\/\/collectin.eu\/produktas\/pop-wooloo\/#breadcrumb"},"inLanguage":"en-US","potentialAction":[{"@type":"ReadAction","target":["https:\/\/collectin.eu\/produktas\/pop-wooloo\/"]}]},{"@type":"ImageObject","inLanguage":"en-US","@id":"https:\/\/collectin.eu\/produktas\/pop-wooloo\/#primaryimage","url":"https:\/\/collectin.eu\/wp-content\/uploads\/2026\/04\/Untitled-design-47.png","contentUrl":"https:\/\/collectin.eu\/wp-content\/uploads\/2026\/04\/Untitled-design-47.png","width":1080,"height":1080},{"@type":"BreadcrumbList","@id":"https:\/\/collectin.eu\/produktas\/pop-wooloo\/#breadcrumb","itemListElement":[{"@type":"ListItem","position":1,"name":"Home","item":"https:\/\/collectin.eu\/"},{"@type":"ListItem","position":2,"name":"Parduotuv\u0117","item":"https:\/\/collectin.eu\/parduotuve\/"},{"@type":"ListItem","position":3,"name":"Pop! Wooloo"}]},{"@type":"WebSite","@id":"https:\/\/collectin.eu\/#website","url":"https:\/\/collectin.eu\/","name":"Collectin.eu","description":"","potentialAction":[{"@type":"SearchAction","target":{"@type":"EntryPoint","urlTemplate":"https:\/\/collectin.eu\/?s={search_term_string}"},"query-input":{"@type":"PropertyValueSpecification","valueRequired":true,"valueName":"search_term_string"}}],"inLanguage":"en-US"}]}},"jetpack_sharing_enabled":true,"_links":{"self":[{"href":"https:\/\/collectin.eu\/en\/wp-json\/wp\/v2\/product\/40710","targetHints":{"allow":["GET"]}}],"collection":[{"href":"https:\/\/collectin.eu\/en\/wp-json\/wp\/v2\/product"}],"about":[{"href":"https:\/\/collectin.eu\/en\/wp-json\/wp\/v2\/types\/product"}],"replies":[{"embeddable":true,"href":"https:\/\/collectin.eu\/en\/wp-json\/wp\/v2\/comments?post=40710"}],"version-history":[{"count":2,"href":"https:\/\/collectin.eu\/en\/wp-json\/wp\/v2\/product\/40710\/revisions"}],"predecessor-version":[{"id":40714,"href":"https:\/\/collectin.eu\/en\/wp-json\/wp\/v2\/product\/40710\/revisions\/40714"}],"wp:featuredmedia":[{"embeddable":true,"href":"https:\/\/collectin.eu\/en\/wp-json\/wp\/v2\/media\/40711"}],"wp:attachment":[{"href":"https:\/\/collectin.eu\/en\/wp-json\/wp\/v2\/media?parent=40710"}],"wp:term":[{"taxonomy":"product_brand","embeddable":true,"href":"https:\/\/collectin.eu\/en\/wp-json\/wp\/v2\/product_brand?post=40710"},{"taxonomy":"product_cat","embeddable":true,"href":"https:\/\/collectin.eu\/en\/wp-json\/wp\/v2\/product_cat?post=40710"},{"taxonomy":"product_tag","embeddable":true,"href":"https:\/\/collectin.eu\/en\/wp-json\/wp\/v2\/product_tag?post=40710"}],"curies":[{"name":"wp","href":"https:\/\/api.w.org\/{rel}","templated":true}]}}