{"id":40715,"date":"2026-04-21T07:46:09","date_gmt":"2026-04-21T07:46:09","guid":{"rendered":"https:\/\/collectin.eu\/?post_type=product&#038;p=40715"},"modified":"2026-04-21T07:46:21","modified_gmt":"2026-04-21T07:46:21","slug":"pop-the-joker-suicide-squad-isekai","status":"publish","type":"product","link":"https:\/\/collectin.eu\/en\/product\/pop-the-joker-suicide-squad-isekai\/","title":{"rendered":"Pop! The Joker (Suicide Squad Isekai)"},"content":{"rendered":"<p>\u201eFunko Pop! The Joker (Suicide Squad Isekai)\u201c yra unikalus ir stilisti\u0161kai dr\u0105sus kolekcinis eksponatas, sujungiantis kultin\u012f DC visatos piktadar\u012f su dinami\u0161ku japoni\u0161kos anime estetikos pasauliu. \u0160i fig\u016br\u0117l\u0117 \u012fam\u017eina D\u017eoker\u012f taip, kaip jis pasirodo \u201eSuicide Squad Isekai\u201c seriale \u2013 \u010dia jo klasikin\u0117 chaos\u0105 s\u0117janti prigimtis susipina su eleganti\u0161ku, ta\u010diau ekstravaganti\u0161ku \u201eIsekai\u201c \u017eanro prieskoniu. Detaliai atkurtas ry\u0161kiai \u017ealias \u0161ukuosenos stilius, plati, \u0161iurpi \u0161ypsena ir spalvingas, modernizuotas kostiumas pabr\u0117\u017eia \u0161ios versijos i\u0161skirtinum\u0105 bei teatrali\u0161kum\u0105. Tai ne tik dar viena D\u017eokerio versija, bet ir ry\u0161kus popkult\u016bros tiltas tarp Vakar\u0173 komiks\u0173 ir Ryt\u0173 animacijos tradicij\u0173, tod\u0117l fig\u016br\u0117l\u0117 tampa geid\u017eiamu objektu tiek DC gerb\u0117jams, tiek anime kolekcionieriams.<\/p>","protected":false},"excerpt":{"rendered":"<p>\u201eFunko Pop! The Joker (Suicide Squad Isekai)\u201c yra unikalus ir stilisti\u0161kai dr\u0105sus kolekcinis eksponatas, sujungiantis kultin\u012f DC visatos piktadar\u012f su<\/p>","protected":false},"featured_media":40716,"comment_status":"open","ping_status":"closed","template":"","meta":[],"product_brand":[426],"product_cat":[680,409,447],"product_tag":[],"class_list":{"0":"post-40715","1":"product","2":"type-product","3":"status-publish","4":"has-post-thumbnail","6":"product_brand-funko-pop","7":"product_cat-figureles","8":"product_cat-funko-pop","9":"product_cat-pop-dc-heroes","11":"first","12":"instock","13":"taxable","14":"shipping-taxable","15":"purchasable","16":"product-type-simple"},"yoast_head":"<!-- This site is optimized with the Yoast SEO plugin v25.9 - https:\/\/yoast.com\/wordpress\/plugins\/seo\/ -->\n<title>Pop! The Joker (Suicide Squad Isekai) - Collectin.eu<\/title>\n<meta name=\"description\" content=\"\u201eFunko Pop! The Joker (Suicide Squad Isekai)\u201c yra unikalus ir stilisti\u0161kai dr\u0105sus kolekcinis eksponatas, sujungiantis kultin\u012f DC visatos piktadar\u012f su dinami\u0161ku japoni\u0161kos anime estetikos pasauliu.\" \/>\n<meta name=\"robots\" content=\"index, follow, max-snippet:-1, max-image-preview:large, max-video-preview:-1\" \/>\n<link rel=\"canonical\" href=\"https:\/\/collectin.eu\/en\/product\/pop-the-joker-suicide-squad-isekai\/\" \/>\n<meta property=\"og:locale\" content=\"en_US\" \/>\n<meta property=\"og:type\" content=\"article\" \/>\n<meta property=\"og:title\" content=\"Pop! The Joker (Suicide Squad Isekai) - Collectin.eu\" \/>\n<meta property=\"og:description\" content=\"\u201eFunko Pop! The Joker (Suicide Squad Isekai)\u201c yra unikalus ir stilisti\u0161kai dr\u0105sus kolekcinis eksponatas, sujungiantis kultin\u012f DC visatos piktadar\u012f su dinami\u0161ku japoni\u0161kos anime estetikos pasauliu.\" \/>\n<meta property=\"og:url\" content=\"https:\/\/collectin.eu\/en\/product\/pop-the-joker-suicide-squad-isekai\/\" \/>\n<meta property=\"og:site_name\" content=\"Collectin.eu\" \/>\n<meta property=\"article:modified_time\" content=\"2026-04-21T07:46:21+00:00\" \/>\n<meta property=\"og:image\" content=\"http:\/\/collectin.eu\/wp-content\/uploads\/2026\/04\/Untitled-design-49.png\" \/>\n\t<meta property=\"og:image:width\" content=\"1080\" \/>\n\t<meta property=\"og:image:height\" content=\"1080\" \/>\n\t<meta property=\"og:image:type\" content=\"image\/png\" \/>\n<meta name=\"twitter:card\" content=\"summary_large_image\" \/>\n<meta name=\"twitter:label1\" content=\"Est. reading time\" \/>\n\t<meta name=\"twitter:data1\" content=\"1 minute\" \/>\n<script type=\"application\/ld+json\" class=\"yoast-schema-graph\">{\"@context\":\"https:\/\/schema.org\",\"@graph\":[{\"@type\":\"WebPage\",\"@id\":\"https:\/\/collectin.eu\/produktas\/pop-the-joker-suicide-squad-isekai\/\",\"url\":\"https:\/\/collectin.eu\/produktas\/pop-the-joker-suicide-squad-isekai\/\",\"name\":\"Pop! The Joker (Suicide Squad Isekai) - Collectin.eu\",\"isPartOf\":{\"@id\":\"https:\/\/collectin.eu\/#website\"},\"primaryImageOfPage\":{\"@id\":\"https:\/\/collectin.eu\/produktas\/pop-the-joker-suicide-squad-isekai\/#primaryimage\"},\"image\":{\"@id\":\"https:\/\/collectin.eu\/produktas\/pop-the-joker-suicide-squad-isekai\/#primaryimage\"},\"thumbnailUrl\":\"https:\/\/collectin.eu\/wp-content\/uploads\/2026\/04\/Untitled-design-49.png\",\"datePublished\":\"2026-04-21T07:46:09+00:00\",\"dateModified\":\"2026-04-21T07:46:21+00:00\",\"description\":\"\u201eFunko Pop! The Joker (Suicide Squad Isekai)\u201c yra unikalus ir stilisti\u0161kai dr\u0105sus kolekcinis eksponatas, sujungiantis kultin\u012f DC visatos piktadar\u012f su dinami\u0161ku japoni\u0161kos anime estetikos pasauliu.\",\"breadcrumb\":{\"@id\":\"https:\/\/collectin.eu\/produktas\/pop-the-joker-suicide-squad-isekai\/#breadcrumb\"},\"inLanguage\":\"en-US\",\"potentialAction\":[{\"@type\":\"ReadAction\",\"target\":[\"https:\/\/collectin.eu\/produktas\/pop-the-joker-suicide-squad-isekai\/\"]}]},{\"@type\":\"ImageObject\",\"inLanguage\":\"en-US\",\"@id\":\"https:\/\/collectin.eu\/produktas\/pop-the-joker-suicide-squad-isekai\/#primaryimage\",\"url\":\"https:\/\/collectin.eu\/wp-content\/uploads\/2026\/04\/Untitled-design-49.png\",\"contentUrl\":\"https:\/\/collectin.eu\/wp-content\/uploads\/2026\/04\/Untitled-design-49.png\",\"width\":1080,\"height\":1080},{\"@type\":\"BreadcrumbList\",\"@id\":\"https:\/\/collectin.eu\/produktas\/pop-the-joker-suicide-squad-isekai\/#breadcrumb\",\"itemListElement\":[{\"@type\":\"ListItem\",\"position\":1,\"name\":\"Home\",\"item\":\"https:\/\/collectin.eu\/\"},{\"@type\":\"ListItem\",\"position\":2,\"name\":\"Parduotuv\u0117\",\"item\":\"https:\/\/collectin.eu\/parduotuve\/\"},{\"@type\":\"ListItem\",\"position\":3,\"name\":\"Pop! The Joker (Suicide Squad Isekai)\"}]},{\"@type\":\"WebSite\",\"@id\":\"https:\/\/collectin.eu\/#website\",\"url\":\"https:\/\/collectin.eu\/\",\"name\":\"Collectin.eu\",\"description\":\"\",\"potentialAction\":[{\"@type\":\"SearchAction\",\"target\":{\"@type\":\"EntryPoint\",\"urlTemplate\":\"https:\/\/collectin.eu\/?s={search_term_string}\"},\"query-input\":{\"@type\":\"PropertyValueSpecification\",\"valueRequired\":true,\"valueName\":\"search_term_string\"}}],\"inLanguage\":\"en-US\"}]}<\/script>\n<!-- \/ Yoast SEO plugin. -->","yoast_head_json":{"title":"Pop! The Joker (Suicide Squad Isekai) - Collectin.eu","description":"\u201eFunko Pop! The Joker (Suicide Squad Isekai)\u201c yra unikalus ir stilisti\u0161kai dr\u0105sus kolekcinis eksponatas, sujungiantis kultin\u012f DC visatos piktadar\u012f su dinami\u0161ku japoni\u0161kos anime estetikos pasauliu.","robots":{"index":"index","follow":"follow","max-snippet":"max-snippet:-1","max-image-preview":"max-image-preview:large","max-video-preview":"max-video-preview:-1"},"canonical":"https:\/\/collectin.eu\/en\/product\/pop-the-joker-suicide-squad-isekai\/","og_locale":"en_US","og_type":"article","og_title":"Pop! The Joker (Suicide Squad Isekai) - Collectin.eu","og_description":"\u201eFunko Pop! The Joker (Suicide Squad Isekai)\u201c yra unikalus ir stilisti\u0161kai dr\u0105sus kolekcinis eksponatas, sujungiantis kultin\u012f DC visatos piktadar\u012f su dinami\u0161ku japoni\u0161kos anime estetikos pasauliu.","og_url":"https:\/\/collectin.eu\/en\/product\/pop-the-joker-suicide-squad-isekai\/","og_site_name":"Collectin.eu","article_modified_time":"2026-04-21T07:46:21+00:00","og_image":[{"width":1080,"height":1080,"url":"http:\/\/collectin.eu\/wp-content\/uploads\/2026\/04\/Untitled-design-49.png","type":"image\/png"}],"twitter_card":"summary_large_image","twitter_misc":{"Est. reading time":"1 minute"},"schema":{"@context":"https:\/\/schema.org","@graph":[{"@type":"WebPage","@id":"https:\/\/collectin.eu\/produktas\/pop-the-joker-suicide-squad-isekai\/","url":"https:\/\/collectin.eu\/produktas\/pop-the-joker-suicide-squad-isekai\/","name":"Pop! The Joker (Suicide Squad Isekai) - Collectin.eu","isPartOf":{"@id":"https:\/\/collectin.eu\/#website"},"primaryImageOfPage":{"@id":"https:\/\/collectin.eu\/produktas\/pop-the-joker-suicide-squad-isekai\/#primaryimage"},"image":{"@id":"https:\/\/collectin.eu\/produktas\/pop-the-joker-suicide-squad-isekai\/#primaryimage"},"thumbnailUrl":"https:\/\/collectin.eu\/wp-content\/uploads\/2026\/04\/Untitled-design-49.png","datePublished":"2026-04-21T07:46:09+00:00","dateModified":"2026-04-21T07:46:21+00:00","description":"\u201eFunko Pop! The Joker (Suicide Squad Isekai)\u201c yra unikalus ir stilisti\u0161kai dr\u0105sus kolekcinis eksponatas, sujungiantis kultin\u012f DC visatos piktadar\u012f su dinami\u0161ku japoni\u0161kos anime estetikos pasauliu.","breadcrumb":{"@id":"https:\/\/collectin.eu\/produktas\/pop-the-joker-suicide-squad-isekai\/#breadcrumb"},"inLanguage":"en-US","potentialAction":[{"@type":"ReadAction","target":["https:\/\/collectin.eu\/produktas\/pop-the-joker-suicide-squad-isekai\/"]}]},{"@type":"ImageObject","inLanguage":"en-US","@id":"https:\/\/collectin.eu\/produktas\/pop-the-joker-suicide-squad-isekai\/#primaryimage","url":"https:\/\/collectin.eu\/wp-content\/uploads\/2026\/04\/Untitled-design-49.png","contentUrl":"https:\/\/collectin.eu\/wp-content\/uploads\/2026\/04\/Untitled-design-49.png","width":1080,"height":1080},{"@type":"BreadcrumbList","@id":"https:\/\/collectin.eu\/produktas\/pop-the-joker-suicide-squad-isekai\/#breadcrumb","itemListElement":[{"@type":"ListItem","position":1,"name":"Home","item":"https:\/\/collectin.eu\/"},{"@type":"ListItem","position":2,"name":"Parduotuv\u0117","item":"https:\/\/collectin.eu\/parduotuve\/"},{"@type":"ListItem","position":3,"name":"Pop! The Joker (Suicide Squad Isekai)"}]},{"@type":"WebSite","@id":"https:\/\/collectin.eu\/#website","url":"https:\/\/collectin.eu\/","name":"Collectin.eu","description":"","potentialAction":[{"@type":"SearchAction","target":{"@type":"EntryPoint","urlTemplate":"https:\/\/collectin.eu\/?s={search_term_string}"},"query-input":{"@type":"PropertyValueSpecification","valueRequired":true,"valueName":"search_term_string"}}],"inLanguage":"en-US"}]}},"jetpack_sharing_enabled":true,"_links":{"self":[{"href":"https:\/\/collectin.eu\/en\/wp-json\/wp\/v2\/product\/40715","targetHints":{"allow":["GET"]}}],"collection":[{"href":"https:\/\/collectin.eu\/en\/wp-json\/wp\/v2\/product"}],"about":[{"href":"https:\/\/collectin.eu\/en\/wp-json\/wp\/v2\/types\/product"}],"replies":[{"embeddable":true,"href":"https:\/\/collectin.eu\/en\/wp-json\/wp\/v2\/comments?post=40715"}],"version-history":[{"count":2,"href":"https:\/\/collectin.eu\/en\/wp-json\/wp\/v2\/product\/40715\/revisions"}],"predecessor-version":[{"id":40719,"href":"https:\/\/collectin.eu\/en\/wp-json\/wp\/v2\/product\/40715\/revisions\/40719"}],"wp:featuredmedia":[{"embeddable":true,"href":"https:\/\/collectin.eu\/en\/wp-json\/wp\/v2\/media\/40716"}],"wp:attachment":[{"href":"https:\/\/collectin.eu\/en\/wp-json\/wp\/v2\/media?parent=40715"}],"wp:term":[{"taxonomy":"product_brand","embeddable":true,"href":"https:\/\/collectin.eu\/en\/wp-json\/wp\/v2\/product_brand?post=40715"},{"taxonomy":"product_cat","embeddable":true,"href":"https:\/\/collectin.eu\/en\/wp-json\/wp\/v2\/product_cat?post=40715"},{"taxonomy":"product_tag","embeddable":true,"href":"https:\/\/collectin.eu\/en\/wp-json\/wp\/v2\/product_tag?post=40715"}],"curies":[{"name":"wp","href":"https:\/\/api.w.org\/{rel}","templated":true}]}}