{"id":40720,"date":"2026-04-21T07:50:44","date_gmt":"2026-04-21T07:50:44","guid":{"rendered":"https:\/\/collectin.eu\/?post_type=product&#038;p=40720"},"modified":"2026-04-21T07:50:44","modified_gmt":"2026-04-21T07:50:44","slug":"pop-aggretsuko-with-guitar","status":"publish","type":"product","link":"https:\/\/collectin.eu\/en\/product\/pop-aggretsuko-with-guitar\/","title":{"rendered":"Pop! Aggretsuko with Guitar"},"content":{"rendered":"<p>\u201eFunko Pop! Aggretsuko with Guitar\u201c yra kontrastingas ir emocij\u0173 kupinas kolekcinis eksponatas, puikiai perteikiantis dvilyp\u012f populiariosios \u201eSanrio\u201c heroj\u0117s gyvenim\u0105. \u0160i fig\u016br\u0117l\u0117 vaizduoja Retsuko jos firmin\u0117je \u201edeath metal\u201c ekstaz\u0117s b\u016bsenoje \u2013 su elektrine gitara rankose ir ikoni\u0161ku, \u012fnir\u0161io kupinu veido grimu, kuris simbolizuoja jos naktin\u012f pab\u0117gim\u0105 nuo varginan\u010dio biuro darbo. Detaliai atkurtas ry\u0161kus aprangos stilius, agresyvi poza ir meistri\u0161kai nupie\u0161ti hieroglifai ant kaktos paver\u010dia \u0161\u012f eksponat\u0105 tikru energijos u\u017etaisu bet kurioje lentynoje. Tai ne tik mielas persona\u017eas, bet ir stiprus simbolis, atspindintis vidin\u0119 laisv\u0119 bei k\u016brybin\u012f i\u0161silaisvinim\u0105, tod\u0117l fig\u016br\u0117l\u0117 itin vertinama tiek anime gerb\u0117j\u0173, tiek kolekcionieri\u0173, ie\u0161kan\u010di\u0173 charaktering\u0173 akcent\u0173.<\/p>","protected":false},"excerpt":{"rendered":"<p>\u201eFunko Pop! Aggretsuko with Guitar\u201c yra kontrastingas ir emocij\u0173 kupinas kolekcinis eksponatas, puikiai perteikiantis dvilyp\u012f populiariosios \u201eSanrio\u201c heroj\u0117s gyvenim\u0105. \u0160i<\/p>","protected":false},"featured_media":40721,"comment_status":"open","ping_status":"closed","template":"","meta":[],"product_brand":[426],"product_cat":[680,409,448],"product_tag":[],"class_list":{"0":"post-40720","1":"product","2":"type-product","3":"status-publish","4":"has-post-thumbnail","6":"product_brand-funko-pop","7":"product_cat-figureles","8":"product_cat-funko-pop","9":"product_cat-pop-movies","11":"first","12":"instock","13":"taxable","14":"shipping-taxable","15":"purchasable","16":"product-type-simple"},"yoast_head":"<!-- This site is optimized with the Yoast SEO plugin v25.9 - https:\/\/yoast.com\/wordpress\/plugins\/seo\/ -->\n<title>Pop! Aggretsuko with Guitar - Collectin.eu<\/title>\n<meta name=\"description\" content=\"\u201eFunko Pop! Aggretsuko with Guitar\u201c yra kontrastingas ir emocij\u0173 kupinas kolekcinis eksponatas, puikiai perteikiantis dvilyp\u012f populiariosios \u201eSanrio\u201c heroj\u0117s gyvenim\u0105.\" \/>\n<meta name=\"robots\" content=\"index, follow, max-snippet:-1, max-image-preview:large, max-video-preview:-1\" \/>\n<link rel=\"canonical\" href=\"https:\/\/collectin.eu\/en\/product\/pop-aggretsuko-with-guitar\/\" \/>\n<meta property=\"og:locale\" content=\"en_US\" \/>\n<meta property=\"og:type\" content=\"article\" \/>\n<meta property=\"og:title\" content=\"Pop! Aggretsuko with Guitar - Collectin.eu\" \/>\n<meta property=\"og:description\" content=\"\u201eFunko Pop! Aggretsuko with Guitar\u201c yra kontrastingas ir emocij\u0173 kupinas kolekcinis eksponatas, puikiai perteikiantis dvilyp\u012f populiariosios \u201eSanrio\u201c heroj\u0117s gyvenim\u0105.\" \/>\n<meta property=\"og:url\" content=\"https:\/\/collectin.eu\/en\/product\/pop-aggretsuko-with-guitar\/\" \/>\n<meta property=\"og:site_name\" content=\"Collectin.eu\" \/>\n<meta property=\"og:image\" content=\"http:\/\/collectin.eu\/wp-content\/uploads\/2026\/04\/Untitled-design-51.png\" \/>\n\t<meta property=\"og:image:width\" content=\"1080\" \/>\n\t<meta property=\"og:image:height\" content=\"1080\" \/>\n\t<meta property=\"og:image:type\" content=\"image\/png\" \/>\n<meta name=\"twitter:card\" content=\"summary_large_image\" \/>\n<meta name=\"twitter:label1\" content=\"Est. reading time\" \/>\n\t<meta name=\"twitter:data1\" content=\"1 minute\" \/>\n<script type=\"application\/ld+json\" class=\"yoast-schema-graph\">{\"@context\":\"https:\/\/schema.org\",\"@graph\":[{\"@type\":\"WebPage\",\"@id\":\"https:\/\/collectin.eu\/produktas\/pop-aggretsuko-with-guitar\/\",\"url\":\"https:\/\/collectin.eu\/produktas\/pop-aggretsuko-with-guitar\/\",\"name\":\"Pop! Aggretsuko with Guitar - Collectin.eu\",\"isPartOf\":{\"@id\":\"https:\/\/collectin.eu\/#website\"},\"primaryImageOfPage\":{\"@id\":\"https:\/\/collectin.eu\/produktas\/pop-aggretsuko-with-guitar\/#primaryimage\"},\"image\":{\"@id\":\"https:\/\/collectin.eu\/produktas\/pop-aggretsuko-with-guitar\/#primaryimage\"},\"thumbnailUrl\":\"https:\/\/collectin.eu\/wp-content\/uploads\/2026\/04\/Untitled-design-51.png\",\"datePublished\":\"2026-04-21T07:50:44+00:00\",\"description\":\"\u201eFunko Pop! Aggretsuko with Guitar\u201c yra kontrastingas ir emocij\u0173 kupinas kolekcinis eksponatas, puikiai perteikiantis dvilyp\u012f populiariosios \u201eSanrio\u201c heroj\u0117s gyvenim\u0105.\",\"breadcrumb\":{\"@id\":\"https:\/\/collectin.eu\/produktas\/pop-aggretsuko-with-guitar\/#breadcrumb\"},\"inLanguage\":\"en-US\",\"potentialAction\":[{\"@type\":\"ReadAction\",\"target\":[\"https:\/\/collectin.eu\/produktas\/pop-aggretsuko-with-guitar\/\"]}]},{\"@type\":\"ImageObject\",\"inLanguage\":\"en-US\",\"@id\":\"https:\/\/collectin.eu\/produktas\/pop-aggretsuko-with-guitar\/#primaryimage\",\"url\":\"https:\/\/collectin.eu\/wp-content\/uploads\/2026\/04\/Untitled-design-51.png\",\"contentUrl\":\"https:\/\/collectin.eu\/wp-content\/uploads\/2026\/04\/Untitled-design-51.png\",\"width\":1080,\"height\":1080},{\"@type\":\"BreadcrumbList\",\"@id\":\"https:\/\/collectin.eu\/produktas\/pop-aggretsuko-with-guitar\/#breadcrumb\",\"itemListElement\":[{\"@type\":\"ListItem\",\"position\":1,\"name\":\"Home\",\"item\":\"https:\/\/collectin.eu\/\"},{\"@type\":\"ListItem\",\"position\":2,\"name\":\"Parduotuv\u0117\",\"item\":\"https:\/\/collectin.eu\/parduotuve\/\"},{\"@type\":\"ListItem\",\"position\":3,\"name\":\"Pop! Aggretsuko with Guitar\"}]},{\"@type\":\"WebSite\",\"@id\":\"https:\/\/collectin.eu\/#website\",\"url\":\"https:\/\/collectin.eu\/\",\"name\":\"Collectin.eu\",\"description\":\"\",\"potentialAction\":[{\"@type\":\"SearchAction\",\"target\":{\"@type\":\"EntryPoint\",\"urlTemplate\":\"https:\/\/collectin.eu\/?s={search_term_string}\"},\"query-input\":{\"@type\":\"PropertyValueSpecification\",\"valueRequired\":true,\"valueName\":\"search_term_string\"}}],\"inLanguage\":\"en-US\"}]}<\/script>\n<!-- \/ Yoast SEO plugin. -->","yoast_head_json":{"title":"Pop! Aggretsuko with Guitar - Collectin.eu","description":"\u201eFunko Pop! Aggretsuko with Guitar\u201c yra kontrastingas ir emocij\u0173 kupinas kolekcinis eksponatas, puikiai perteikiantis dvilyp\u012f populiariosios \u201eSanrio\u201c heroj\u0117s gyvenim\u0105.","robots":{"index":"index","follow":"follow","max-snippet":"max-snippet:-1","max-image-preview":"max-image-preview:large","max-video-preview":"max-video-preview:-1"},"canonical":"https:\/\/collectin.eu\/en\/product\/pop-aggretsuko-with-guitar\/","og_locale":"en_US","og_type":"article","og_title":"Pop! Aggretsuko with Guitar - Collectin.eu","og_description":"\u201eFunko Pop! Aggretsuko with Guitar\u201c yra kontrastingas ir emocij\u0173 kupinas kolekcinis eksponatas, puikiai perteikiantis dvilyp\u012f populiariosios \u201eSanrio\u201c heroj\u0117s gyvenim\u0105.","og_url":"https:\/\/collectin.eu\/en\/product\/pop-aggretsuko-with-guitar\/","og_site_name":"Collectin.eu","og_image":[{"width":1080,"height":1080,"url":"http:\/\/collectin.eu\/wp-content\/uploads\/2026\/04\/Untitled-design-51.png","type":"image\/png"}],"twitter_card":"summary_large_image","twitter_misc":{"Est. reading time":"1 minute"},"schema":{"@context":"https:\/\/schema.org","@graph":[{"@type":"WebPage","@id":"https:\/\/collectin.eu\/produktas\/pop-aggretsuko-with-guitar\/","url":"https:\/\/collectin.eu\/produktas\/pop-aggretsuko-with-guitar\/","name":"Pop! Aggretsuko with Guitar - Collectin.eu","isPartOf":{"@id":"https:\/\/collectin.eu\/#website"},"primaryImageOfPage":{"@id":"https:\/\/collectin.eu\/produktas\/pop-aggretsuko-with-guitar\/#primaryimage"},"image":{"@id":"https:\/\/collectin.eu\/produktas\/pop-aggretsuko-with-guitar\/#primaryimage"},"thumbnailUrl":"https:\/\/collectin.eu\/wp-content\/uploads\/2026\/04\/Untitled-design-51.png","datePublished":"2026-04-21T07:50:44+00:00","description":"\u201eFunko Pop! Aggretsuko with Guitar\u201c yra kontrastingas ir emocij\u0173 kupinas kolekcinis eksponatas, puikiai perteikiantis dvilyp\u012f populiariosios \u201eSanrio\u201c heroj\u0117s gyvenim\u0105.","breadcrumb":{"@id":"https:\/\/collectin.eu\/produktas\/pop-aggretsuko-with-guitar\/#breadcrumb"},"inLanguage":"en-US","potentialAction":[{"@type":"ReadAction","target":["https:\/\/collectin.eu\/produktas\/pop-aggretsuko-with-guitar\/"]}]},{"@type":"ImageObject","inLanguage":"en-US","@id":"https:\/\/collectin.eu\/produktas\/pop-aggretsuko-with-guitar\/#primaryimage","url":"https:\/\/collectin.eu\/wp-content\/uploads\/2026\/04\/Untitled-design-51.png","contentUrl":"https:\/\/collectin.eu\/wp-content\/uploads\/2026\/04\/Untitled-design-51.png","width":1080,"height":1080},{"@type":"BreadcrumbList","@id":"https:\/\/collectin.eu\/produktas\/pop-aggretsuko-with-guitar\/#breadcrumb","itemListElement":[{"@type":"ListItem","position":1,"name":"Home","item":"https:\/\/collectin.eu\/"},{"@type":"ListItem","position":2,"name":"Parduotuv\u0117","item":"https:\/\/collectin.eu\/parduotuve\/"},{"@type":"ListItem","position":3,"name":"Pop! Aggretsuko with Guitar"}]},{"@type":"WebSite","@id":"https:\/\/collectin.eu\/#website","url":"https:\/\/collectin.eu\/","name":"Collectin.eu","description":"","potentialAction":[{"@type":"SearchAction","target":{"@type":"EntryPoint","urlTemplate":"https:\/\/collectin.eu\/?s={search_term_string}"},"query-input":{"@type":"PropertyValueSpecification","valueRequired":true,"valueName":"search_term_string"}}],"inLanguage":"en-US"}]}},"jetpack_sharing_enabled":true,"_links":{"self":[{"href":"https:\/\/collectin.eu\/en\/wp-json\/wp\/v2\/product\/40720","targetHints":{"allow":["GET"]}}],"collection":[{"href":"https:\/\/collectin.eu\/en\/wp-json\/wp\/v2\/product"}],"about":[{"href":"https:\/\/collectin.eu\/en\/wp-json\/wp\/v2\/types\/product"}],"replies":[{"embeddable":true,"href":"https:\/\/collectin.eu\/en\/wp-json\/wp\/v2\/comments?post=40720"}],"version-history":[{"count":2,"href":"https:\/\/collectin.eu\/en\/wp-json\/wp\/v2\/product\/40720\/revisions"}],"predecessor-version":[{"id":40724,"href":"https:\/\/collectin.eu\/en\/wp-json\/wp\/v2\/product\/40720\/revisions\/40724"}],"wp:featuredmedia":[{"embeddable":true,"href":"https:\/\/collectin.eu\/en\/wp-json\/wp\/v2\/media\/40721"}],"wp:attachment":[{"href":"https:\/\/collectin.eu\/en\/wp-json\/wp\/v2\/media?parent=40720"}],"wp:term":[{"taxonomy":"product_brand","embeddable":true,"href":"https:\/\/collectin.eu\/en\/wp-json\/wp\/v2\/product_brand?post=40720"},{"taxonomy":"product_cat","embeddable":true,"href":"https:\/\/collectin.eu\/en\/wp-json\/wp\/v2\/product_cat?post=40720"},{"taxonomy":"product_tag","embeddable":true,"href":"https:\/\/collectin.eu\/en\/wp-json\/wp\/v2\/product_tag?post=40720"}],"curies":[{"name":"wp","href":"https:\/\/api.w.org\/{rel}","templated":true}]}}