{"id":40725,"date":"2026-04-21T07:54:59","date_gmt":"2026-04-21T07:54:59","guid":{"rendered":"https:\/\/collectin.eu\/?post_type=product&#038;p=40725"},"modified":"2026-04-21T07:55:00","modified_gmt":"2026-04-21T07:55:00","slug":"pop-lunar-new-year-mickey","status":"publish","type":"product","link":"https:\/\/collectin.eu\/en\/product\/pop-lunar-new-year-mickey\/","title":{"rendered":"Pop! Lunar New Year Mickey"},"content":{"rendered":"<p>\u201eFunko Pop! Disney: Lunar New Year Mickey\u201c yra spinduliuojantis ir kult\u016bri\u0161kai turtingas kolekcinis eksponatas, skirtas pamin\u0117ti M\u0117nulio naujuosius metus kartu su pa\u010diu populiariausiu pasaulio peliuku. \u0160ioje i\u0161skirtin\u0117je versijoje Mikis pasipuo\u0161\u0119s tradiciniu, ry\u0161kiai raudonu kostiumu su auksiniais ornamentais, kurie simbolizuoja s\u0117km\u0119, klest\u0117jim\u0105 ir d\u017eiaugsm\u0105. Detalus dizainas meistri\u0161kai sujungia klasikin\u012f \u201eDisney\u201c \u017eaves\u012f su Ryt\u0173 Azijos \u0161ven\u010di\u0173 estetika, o rankose laikomas tradicinis elementas pabr\u0117\u017eia \u0161vent\u0117s autenti\u0161kum\u0105. Blizgios detal\u0117s ir sodrios spalvos paver\u010dia \u0161i\u0105 fig\u016br\u0117l\u0119 ne tik mielu \u017eaislu, bet ir simboliniu s\u0117km\u0117s amuletu, kuris papuo\u0161 bet kuri\u0105 erdv\u0119. Tai privalomas akcentas tiek aistringiems \u201eDisney\u201c gerb\u0117jams, tiek kolekcionieriams, vertinantiems riboto tira\u017eo leidimus, skirtus ypatingoms progoms.<\/p>","protected":false},"excerpt":{"rendered":"<p>\u201eFunko Pop! Disney: Lunar New Year Mickey\u201c yra spinduliuojantis ir kult\u016bri\u0161kai turtingas kolekcinis eksponatas, skirtas pamin\u0117ti M\u0117nulio naujuosius metus kartu<\/p>","protected":false},"featured_media":40726,"comment_status":"open","ping_status":"closed","template":"","meta":[],"product_brand":[426],"product_cat":[680,409,446],"product_tag":[],"class_list":{"0":"post-40725","1":"product","2":"type-product","3":"status-publish","4":"has-post-thumbnail","6":"product_brand-funko-pop","7":"product_cat-figureles","8":"product_cat-funko-pop","9":"product_cat-pop-disney","11":"first","12":"instock","13":"taxable","14":"shipping-taxable","15":"purchasable","16":"product-type-simple"},"yoast_head":"<!-- This site is optimized with the Yoast SEO plugin v25.9 - https:\/\/yoast.com\/wordpress\/plugins\/seo\/ -->\n<title>Pop! Lunar New Year Mickey - Collectin.eu<\/title>\n<meta name=\"description\" content=\"\u201eFunko Pop! Disney: Lunar New Year Mickey\u201c yra spinduliuojantis ir kult\u016bri\u0161kai turtingas kolekcinis eksponatas, skirtas pamin\u0117ti M\u0117nulio naujuosius metus kartu su pa\u010diu populiariausiu pasaulio peliuku.\" \/>\n<meta name=\"robots\" content=\"index, follow, max-snippet:-1, max-image-preview:large, max-video-preview:-1\" \/>\n<link rel=\"canonical\" href=\"https:\/\/collectin.eu\/en\/product\/pop-lunar-new-year-mickey\/\" \/>\n<meta property=\"og:locale\" content=\"en_US\" \/>\n<meta property=\"og:type\" content=\"article\" \/>\n<meta property=\"og:title\" content=\"Pop! Lunar New Year Mickey - Collectin.eu\" \/>\n<meta property=\"og:description\" content=\"\u201eFunko Pop! Disney: Lunar New Year Mickey\u201c yra spinduliuojantis ir kult\u016bri\u0161kai turtingas kolekcinis eksponatas, skirtas pamin\u0117ti M\u0117nulio naujuosius metus kartu su pa\u010diu populiariausiu pasaulio peliuku.\" \/>\n<meta property=\"og:url\" content=\"https:\/\/collectin.eu\/en\/product\/pop-lunar-new-year-mickey\/\" \/>\n<meta property=\"og:site_name\" content=\"Collectin.eu\" \/>\n<meta property=\"article:modified_time\" content=\"2026-04-21T07:55:00+00:00\" \/>\n<meta property=\"og:image\" content=\"http:\/\/collectin.eu\/wp-content\/uploads\/2026\/04\/Untitled-design-53.png\" \/>\n\t<meta property=\"og:image:width\" content=\"1080\" \/>\n\t<meta property=\"og:image:height\" content=\"1080\" \/>\n\t<meta property=\"og:image:type\" content=\"image\/png\" \/>\n<meta name=\"twitter:card\" content=\"summary_large_image\" \/>\n<meta name=\"twitter:label1\" content=\"Est. reading time\" \/>\n\t<meta name=\"twitter:data1\" content=\"1 minute\" \/>\n<script type=\"application\/ld+json\" class=\"yoast-schema-graph\">{\"@context\":\"https:\/\/schema.org\",\"@graph\":[{\"@type\":\"WebPage\",\"@id\":\"https:\/\/collectin.eu\/produktas\/pop-lunar-new-year-mickey\/\",\"url\":\"https:\/\/collectin.eu\/produktas\/pop-lunar-new-year-mickey\/\",\"name\":\"Pop! Lunar New Year Mickey - Collectin.eu\",\"isPartOf\":{\"@id\":\"https:\/\/collectin.eu\/#website\"},\"primaryImageOfPage\":{\"@id\":\"https:\/\/collectin.eu\/produktas\/pop-lunar-new-year-mickey\/#primaryimage\"},\"image\":{\"@id\":\"https:\/\/collectin.eu\/produktas\/pop-lunar-new-year-mickey\/#primaryimage\"},\"thumbnailUrl\":\"https:\/\/collectin.eu\/wp-content\/uploads\/2026\/04\/Untitled-design-53.png\",\"datePublished\":\"2026-04-21T07:54:59+00:00\",\"dateModified\":\"2026-04-21T07:55:00+00:00\",\"description\":\"\u201eFunko Pop! Disney: Lunar New Year Mickey\u201c yra spinduliuojantis ir kult\u016bri\u0161kai turtingas kolekcinis eksponatas, skirtas pamin\u0117ti M\u0117nulio naujuosius metus kartu su pa\u010diu populiariausiu pasaulio peliuku.\",\"breadcrumb\":{\"@id\":\"https:\/\/collectin.eu\/produktas\/pop-lunar-new-year-mickey\/#breadcrumb\"},\"inLanguage\":\"en-US\",\"potentialAction\":[{\"@type\":\"ReadAction\",\"target\":[\"https:\/\/collectin.eu\/produktas\/pop-lunar-new-year-mickey\/\"]}]},{\"@type\":\"ImageObject\",\"inLanguage\":\"en-US\",\"@id\":\"https:\/\/collectin.eu\/produktas\/pop-lunar-new-year-mickey\/#primaryimage\",\"url\":\"https:\/\/collectin.eu\/wp-content\/uploads\/2026\/04\/Untitled-design-53.png\",\"contentUrl\":\"https:\/\/collectin.eu\/wp-content\/uploads\/2026\/04\/Untitled-design-53.png\",\"width\":1080,\"height\":1080},{\"@type\":\"BreadcrumbList\",\"@id\":\"https:\/\/collectin.eu\/produktas\/pop-lunar-new-year-mickey\/#breadcrumb\",\"itemListElement\":[{\"@type\":\"ListItem\",\"position\":1,\"name\":\"Home\",\"item\":\"https:\/\/collectin.eu\/\"},{\"@type\":\"ListItem\",\"position\":2,\"name\":\"Parduotuv\u0117\",\"item\":\"https:\/\/collectin.eu\/parduotuve\/\"},{\"@type\":\"ListItem\",\"position\":3,\"name\":\"Pop! Lunar New Year Mickey\"}]},{\"@type\":\"WebSite\",\"@id\":\"https:\/\/collectin.eu\/#website\",\"url\":\"https:\/\/collectin.eu\/\",\"name\":\"Collectin.eu\",\"description\":\"\",\"potentialAction\":[{\"@type\":\"SearchAction\",\"target\":{\"@type\":\"EntryPoint\",\"urlTemplate\":\"https:\/\/collectin.eu\/?s={search_term_string}\"},\"query-input\":{\"@type\":\"PropertyValueSpecification\",\"valueRequired\":true,\"valueName\":\"search_term_string\"}}],\"inLanguage\":\"en-US\"}]}<\/script>\n<!-- \/ Yoast SEO plugin. -->","yoast_head_json":{"title":"Pop! Lunar New Year Mickey - Collectin.eu","description":"\u201eFunko Pop! Disney: Lunar New Year Mickey\u201c yra spinduliuojantis ir kult\u016bri\u0161kai turtingas kolekcinis eksponatas, skirtas pamin\u0117ti M\u0117nulio naujuosius metus kartu su pa\u010diu populiariausiu pasaulio peliuku.","robots":{"index":"index","follow":"follow","max-snippet":"max-snippet:-1","max-image-preview":"max-image-preview:large","max-video-preview":"max-video-preview:-1"},"canonical":"https:\/\/collectin.eu\/en\/product\/pop-lunar-new-year-mickey\/","og_locale":"en_US","og_type":"article","og_title":"Pop! Lunar New Year Mickey - Collectin.eu","og_description":"\u201eFunko Pop! Disney: Lunar New Year Mickey\u201c yra spinduliuojantis ir kult\u016bri\u0161kai turtingas kolekcinis eksponatas, skirtas pamin\u0117ti M\u0117nulio naujuosius metus kartu su pa\u010diu populiariausiu pasaulio peliuku.","og_url":"https:\/\/collectin.eu\/en\/product\/pop-lunar-new-year-mickey\/","og_site_name":"Collectin.eu","article_modified_time":"2026-04-21T07:55:00+00:00","og_image":[{"width":1080,"height":1080,"url":"http:\/\/collectin.eu\/wp-content\/uploads\/2026\/04\/Untitled-design-53.png","type":"image\/png"}],"twitter_card":"summary_large_image","twitter_misc":{"Est. reading time":"1 minute"},"schema":{"@context":"https:\/\/schema.org","@graph":[{"@type":"WebPage","@id":"https:\/\/collectin.eu\/produktas\/pop-lunar-new-year-mickey\/","url":"https:\/\/collectin.eu\/produktas\/pop-lunar-new-year-mickey\/","name":"Pop! Lunar New Year Mickey - Collectin.eu","isPartOf":{"@id":"https:\/\/collectin.eu\/#website"},"primaryImageOfPage":{"@id":"https:\/\/collectin.eu\/produktas\/pop-lunar-new-year-mickey\/#primaryimage"},"image":{"@id":"https:\/\/collectin.eu\/produktas\/pop-lunar-new-year-mickey\/#primaryimage"},"thumbnailUrl":"https:\/\/collectin.eu\/wp-content\/uploads\/2026\/04\/Untitled-design-53.png","datePublished":"2026-04-21T07:54:59+00:00","dateModified":"2026-04-21T07:55:00+00:00","description":"\u201eFunko Pop! Disney: Lunar New Year Mickey\u201c yra spinduliuojantis ir kult\u016bri\u0161kai turtingas kolekcinis eksponatas, skirtas pamin\u0117ti M\u0117nulio naujuosius metus kartu su pa\u010diu populiariausiu pasaulio peliuku.","breadcrumb":{"@id":"https:\/\/collectin.eu\/produktas\/pop-lunar-new-year-mickey\/#breadcrumb"},"inLanguage":"en-US","potentialAction":[{"@type":"ReadAction","target":["https:\/\/collectin.eu\/produktas\/pop-lunar-new-year-mickey\/"]}]},{"@type":"ImageObject","inLanguage":"en-US","@id":"https:\/\/collectin.eu\/produktas\/pop-lunar-new-year-mickey\/#primaryimage","url":"https:\/\/collectin.eu\/wp-content\/uploads\/2026\/04\/Untitled-design-53.png","contentUrl":"https:\/\/collectin.eu\/wp-content\/uploads\/2026\/04\/Untitled-design-53.png","width":1080,"height":1080},{"@type":"BreadcrumbList","@id":"https:\/\/collectin.eu\/produktas\/pop-lunar-new-year-mickey\/#breadcrumb","itemListElement":[{"@type":"ListItem","position":1,"name":"Home","item":"https:\/\/collectin.eu\/"},{"@type":"ListItem","position":2,"name":"Parduotuv\u0117","item":"https:\/\/collectin.eu\/parduotuve\/"},{"@type":"ListItem","position":3,"name":"Pop! Lunar New Year Mickey"}]},{"@type":"WebSite","@id":"https:\/\/collectin.eu\/#website","url":"https:\/\/collectin.eu\/","name":"Collectin.eu","description":"","potentialAction":[{"@type":"SearchAction","target":{"@type":"EntryPoint","urlTemplate":"https:\/\/collectin.eu\/?s={search_term_string}"},"query-input":{"@type":"PropertyValueSpecification","valueRequired":true,"valueName":"search_term_string"}}],"inLanguage":"en-US"}]}},"jetpack_sharing_enabled":true,"_links":{"self":[{"href":"https:\/\/collectin.eu\/en\/wp-json\/wp\/v2\/product\/40725","targetHints":{"allow":["GET"]}}],"collection":[{"href":"https:\/\/collectin.eu\/en\/wp-json\/wp\/v2\/product"}],"about":[{"href":"https:\/\/collectin.eu\/en\/wp-json\/wp\/v2\/types\/product"}],"replies":[{"embeddable":true,"href":"https:\/\/collectin.eu\/en\/wp-json\/wp\/v2\/comments?post=40725"}],"version-history":[{"count":2,"href":"https:\/\/collectin.eu\/en\/wp-json\/wp\/v2\/product\/40725\/revisions"}],"predecessor-version":[{"id":40729,"href":"https:\/\/collectin.eu\/en\/wp-json\/wp\/v2\/product\/40725\/revisions\/40729"}],"wp:featuredmedia":[{"embeddable":true,"href":"https:\/\/collectin.eu\/en\/wp-json\/wp\/v2\/media\/40726"}],"wp:attachment":[{"href":"https:\/\/collectin.eu\/en\/wp-json\/wp\/v2\/media?parent=40725"}],"wp:term":[{"taxonomy":"product_brand","embeddable":true,"href":"https:\/\/collectin.eu\/en\/wp-json\/wp\/v2\/product_brand?post=40725"},{"taxonomy":"product_cat","embeddable":true,"href":"https:\/\/collectin.eu\/en\/wp-json\/wp\/v2\/product_cat?post=40725"},{"taxonomy":"product_tag","embeddable":true,"href":"https:\/\/collectin.eu\/en\/wp-json\/wp\/v2\/product_tag?post=40725"}],"curies":[{"name":"wp","href":"https:\/\/api.w.org\/{rel}","templated":true}]}}