{"id":40730,"date":"2026-04-21T08:00:23","date_gmt":"2026-04-21T08:00:23","guid":{"rendered":"https:\/\/collectin.eu\/?post_type=product&#038;p=40730"},"modified":"2026-04-21T08:00:23","modified_gmt":"2026-04-21T08:00:23","slug":"pop-mega-minion-gus","status":"publish","type":"product","link":"https:\/\/collectin.eu\/en\/product\/pop-mega-minion-gus\/","title":{"rendered":"Pop! Mega Minion Gus"},"content":{"rendered":"<p>\u201eFunko Pop! Mega Minion Gus\u201c yra nuotaikingas ir vizualiai i\u0161skirtinis eksponatas, pristatantis vien\u0105 ry\u0161kiausi\u0173 \u201eBjaurusis a\u0161 4\u201c filmo heroj\u0173 naujoje, superheroji\u0161koje formoje. \u0160i fig\u016br\u0117l\u0117 \u012fam\u017eina Gus\u0105 po jo \u012fsp\u016bdingos \u201eMega\u201c transformacijos, kuri suteik\u0117 jam ne tik mil\u017eini\u0161k\u0105 gali\u0105, bet ir komi\u0161k\u0105, herojams b\u016bding\u0105 i\u0161vaizd\u0105 su aptemptu kostiumu bei ikoni\u0161kuoju apsiaustu. Charakteringas \u201eFunko Pop!\u201c dizainas puikiai pabr\u0117\u017eia Guso pasitik\u0117jim\u0105 savimi ir jo unikal\u0173 k\u016bno sud\u0117jim\u0105, o detal\u0117s, tokios kaip ry\u0161k\u016bs akiniai ir heroji\u0161ka stov\u0117sena, suteikia kolekcijai dinami\u0161kumo bei humoro jausm\u0105. Tai idealus pasirinkimas tiek ma\u017eiesiems gerb\u0117jams, tiek suaugusiems kolekcionieriams, ie\u0161kantiems spalvingo ir pozityvaus akcento savo lentynose.<\/p>","protected":false},"excerpt":{"rendered":"<p>\u201eFunko Pop! Mega Minion Gus\u201c yra nuotaikingas ir vizualiai i\u0161skirtinis eksponatas, pristatantis vien\u0105 ry\u0161kiausi\u0173 \u201eBjaurusis a\u0161 4\u201c filmo heroj\u0173 naujoje,<\/p>","protected":false},"featured_media":40731,"comment_status":"open","ping_status":"closed","template":"","meta":[],"product_brand":[426],"product_cat":[680,409,448],"product_tag":[],"class_list":{"0":"post-40730","1":"product","2":"type-product","3":"status-publish","4":"has-post-thumbnail","6":"product_brand-funko-pop","7":"product_cat-figureles","8":"product_cat-funko-pop","9":"product_cat-pop-movies","11":"first","12":"instock","13":"taxable","14":"shipping-taxable","15":"purchasable","16":"product-type-simple"},"yoast_head":"<!-- This site is optimized with the Yoast SEO plugin v25.9 - https:\/\/yoast.com\/wordpress\/plugins\/seo\/ -->\n<title>Pop! Mega Minion Gus - Collectin.eu<\/title>\n<meta name=\"description\" content=\"\u201eFunko Pop! Mega Minion Gus\u201c yra nuotaikingas ir vizualiai i\u0161skirtinis eksponatas, pristatantis vien\u0105 ry\u0161kiausi\u0173 \u201eBjaurusis a\u0161 4\u201c filmo heroj\u0173 naujoje, superheroji\u0161koje formoje.\" \/>\n<meta name=\"robots\" content=\"index, follow, max-snippet:-1, max-image-preview:large, max-video-preview:-1\" \/>\n<link rel=\"canonical\" href=\"https:\/\/collectin.eu\/en\/product\/pop-mega-minion-gus\/\" \/>\n<meta property=\"og:locale\" content=\"en_US\" \/>\n<meta property=\"og:type\" content=\"article\" \/>\n<meta property=\"og:title\" content=\"Pop! Mega Minion Gus - Collectin.eu\" \/>\n<meta property=\"og:description\" content=\"\u201eFunko Pop! Mega Minion Gus\u201c yra nuotaikingas ir vizualiai i\u0161skirtinis eksponatas, pristatantis vien\u0105 ry\u0161kiausi\u0173 \u201eBjaurusis a\u0161 4\u201c filmo heroj\u0173 naujoje, superheroji\u0161koje formoje.\" \/>\n<meta property=\"og:url\" content=\"https:\/\/collectin.eu\/en\/product\/pop-mega-minion-gus\/\" \/>\n<meta property=\"og:site_name\" content=\"Collectin.eu\" \/>\n<meta property=\"og:image\" content=\"http:\/\/collectin.eu\/wp-content\/uploads\/2026\/04\/Untitled-design-55.png\" \/>\n\t<meta property=\"og:image:width\" content=\"1080\" \/>\n\t<meta property=\"og:image:height\" content=\"1080\" \/>\n\t<meta property=\"og:image:type\" content=\"image\/png\" \/>\n<meta name=\"twitter:card\" content=\"summary_large_image\" \/>\n<meta name=\"twitter:label1\" content=\"Est. reading time\" \/>\n\t<meta name=\"twitter:data1\" content=\"1 minute\" \/>\n<script type=\"application\/ld+json\" class=\"yoast-schema-graph\">{\"@context\":\"https:\/\/schema.org\",\"@graph\":[{\"@type\":\"WebPage\",\"@id\":\"https:\/\/collectin.eu\/produktas\/pop-mega-minion-gus\/\",\"url\":\"https:\/\/collectin.eu\/produktas\/pop-mega-minion-gus\/\",\"name\":\"Pop! Mega Minion Gus - Collectin.eu\",\"isPartOf\":{\"@id\":\"https:\/\/collectin.eu\/#website\"},\"primaryImageOfPage\":{\"@id\":\"https:\/\/collectin.eu\/produktas\/pop-mega-minion-gus\/#primaryimage\"},\"image\":{\"@id\":\"https:\/\/collectin.eu\/produktas\/pop-mega-minion-gus\/#primaryimage\"},\"thumbnailUrl\":\"https:\/\/collectin.eu\/wp-content\/uploads\/2026\/04\/Untitled-design-55.png\",\"datePublished\":\"2026-04-21T08:00:23+00:00\",\"description\":\"\u201eFunko Pop! Mega Minion Gus\u201c yra nuotaikingas ir vizualiai i\u0161skirtinis eksponatas, pristatantis vien\u0105 ry\u0161kiausi\u0173 \u201eBjaurusis a\u0161 4\u201c filmo heroj\u0173 naujoje, superheroji\u0161koje formoje.\",\"breadcrumb\":{\"@id\":\"https:\/\/collectin.eu\/produktas\/pop-mega-minion-gus\/#breadcrumb\"},\"inLanguage\":\"en-US\",\"potentialAction\":[{\"@type\":\"ReadAction\",\"target\":[\"https:\/\/collectin.eu\/produktas\/pop-mega-minion-gus\/\"]}]},{\"@type\":\"ImageObject\",\"inLanguage\":\"en-US\",\"@id\":\"https:\/\/collectin.eu\/produktas\/pop-mega-minion-gus\/#primaryimage\",\"url\":\"https:\/\/collectin.eu\/wp-content\/uploads\/2026\/04\/Untitled-design-55.png\",\"contentUrl\":\"https:\/\/collectin.eu\/wp-content\/uploads\/2026\/04\/Untitled-design-55.png\",\"width\":1080,\"height\":1080},{\"@type\":\"BreadcrumbList\",\"@id\":\"https:\/\/collectin.eu\/produktas\/pop-mega-minion-gus\/#breadcrumb\",\"itemListElement\":[{\"@type\":\"ListItem\",\"position\":1,\"name\":\"Home\",\"item\":\"https:\/\/collectin.eu\/\"},{\"@type\":\"ListItem\",\"position\":2,\"name\":\"Parduotuv\u0117\",\"item\":\"https:\/\/collectin.eu\/parduotuve\/\"},{\"@type\":\"ListItem\",\"position\":3,\"name\":\"Pop! Mega Minion Gus\"}]},{\"@type\":\"WebSite\",\"@id\":\"https:\/\/collectin.eu\/#website\",\"url\":\"https:\/\/collectin.eu\/\",\"name\":\"Collectin.eu\",\"description\":\"\",\"potentialAction\":[{\"@type\":\"SearchAction\",\"target\":{\"@type\":\"EntryPoint\",\"urlTemplate\":\"https:\/\/collectin.eu\/?s={search_term_string}\"},\"query-input\":{\"@type\":\"PropertyValueSpecification\",\"valueRequired\":true,\"valueName\":\"search_term_string\"}}],\"inLanguage\":\"en-US\"}]}<\/script>\n<!-- \/ Yoast SEO plugin. -->","yoast_head_json":{"title":"Pop! Mega Minion Gus - Collectin.eu","description":"\u201eFunko Pop! Mega Minion Gus\u201c yra nuotaikingas ir vizualiai i\u0161skirtinis eksponatas, pristatantis vien\u0105 ry\u0161kiausi\u0173 \u201eBjaurusis a\u0161 4\u201c filmo heroj\u0173 naujoje, superheroji\u0161koje formoje.","robots":{"index":"index","follow":"follow","max-snippet":"max-snippet:-1","max-image-preview":"max-image-preview:large","max-video-preview":"max-video-preview:-1"},"canonical":"https:\/\/collectin.eu\/en\/product\/pop-mega-minion-gus\/","og_locale":"en_US","og_type":"article","og_title":"Pop! Mega Minion Gus - Collectin.eu","og_description":"\u201eFunko Pop! Mega Minion Gus\u201c yra nuotaikingas ir vizualiai i\u0161skirtinis eksponatas, pristatantis vien\u0105 ry\u0161kiausi\u0173 \u201eBjaurusis a\u0161 4\u201c filmo heroj\u0173 naujoje, superheroji\u0161koje formoje.","og_url":"https:\/\/collectin.eu\/en\/product\/pop-mega-minion-gus\/","og_site_name":"Collectin.eu","og_image":[{"width":1080,"height":1080,"url":"http:\/\/collectin.eu\/wp-content\/uploads\/2026\/04\/Untitled-design-55.png","type":"image\/png"}],"twitter_card":"summary_large_image","twitter_misc":{"Est. reading time":"1 minute"},"schema":{"@context":"https:\/\/schema.org","@graph":[{"@type":"WebPage","@id":"https:\/\/collectin.eu\/produktas\/pop-mega-minion-gus\/","url":"https:\/\/collectin.eu\/produktas\/pop-mega-minion-gus\/","name":"Pop! Mega Minion Gus - Collectin.eu","isPartOf":{"@id":"https:\/\/collectin.eu\/#website"},"primaryImageOfPage":{"@id":"https:\/\/collectin.eu\/produktas\/pop-mega-minion-gus\/#primaryimage"},"image":{"@id":"https:\/\/collectin.eu\/produktas\/pop-mega-minion-gus\/#primaryimage"},"thumbnailUrl":"https:\/\/collectin.eu\/wp-content\/uploads\/2026\/04\/Untitled-design-55.png","datePublished":"2026-04-21T08:00:23+00:00","description":"\u201eFunko Pop! Mega Minion Gus\u201c yra nuotaikingas ir vizualiai i\u0161skirtinis eksponatas, pristatantis vien\u0105 ry\u0161kiausi\u0173 \u201eBjaurusis a\u0161 4\u201c filmo heroj\u0173 naujoje, superheroji\u0161koje formoje.","breadcrumb":{"@id":"https:\/\/collectin.eu\/produktas\/pop-mega-minion-gus\/#breadcrumb"},"inLanguage":"en-US","potentialAction":[{"@type":"ReadAction","target":["https:\/\/collectin.eu\/produktas\/pop-mega-minion-gus\/"]}]},{"@type":"ImageObject","inLanguage":"en-US","@id":"https:\/\/collectin.eu\/produktas\/pop-mega-minion-gus\/#primaryimage","url":"https:\/\/collectin.eu\/wp-content\/uploads\/2026\/04\/Untitled-design-55.png","contentUrl":"https:\/\/collectin.eu\/wp-content\/uploads\/2026\/04\/Untitled-design-55.png","width":1080,"height":1080},{"@type":"BreadcrumbList","@id":"https:\/\/collectin.eu\/produktas\/pop-mega-minion-gus\/#breadcrumb","itemListElement":[{"@type":"ListItem","position":1,"name":"Home","item":"https:\/\/collectin.eu\/"},{"@type":"ListItem","position":2,"name":"Parduotuv\u0117","item":"https:\/\/collectin.eu\/parduotuve\/"},{"@type":"ListItem","position":3,"name":"Pop! Mega Minion Gus"}]},{"@type":"WebSite","@id":"https:\/\/collectin.eu\/#website","url":"https:\/\/collectin.eu\/","name":"Collectin.eu","description":"","potentialAction":[{"@type":"SearchAction","target":{"@type":"EntryPoint","urlTemplate":"https:\/\/collectin.eu\/?s={search_term_string}"},"query-input":{"@type":"PropertyValueSpecification","valueRequired":true,"valueName":"search_term_string"}}],"inLanguage":"en-US"}]}},"jetpack_sharing_enabled":true,"_links":{"self":[{"href":"https:\/\/collectin.eu\/en\/wp-json\/wp\/v2\/product\/40730","targetHints":{"allow":["GET"]}}],"collection":[{"href":"https:\/\/collectin.eu\/en\/wp-json\/wp\/v2\/product"}],"about":[{"href":"https:\/\/collectin.eu\/en\/wp-json\/wp\/v2\/types\/product"}],"replies":[{"embeddable":true,"href":"https:\/\/collectin.eu\/en\/wp-json\/wp\/v2\/comments?post=40730"}],"version-history":[{"count":2,"href":"https:\/\/collectin.eu\/en\/wp-json\/wp\/v2\/product\/40730\/revisions"}],"predecessor-version":[{"id":40734,"href":"https:\/\/collectin.eu\/en\/wp-json\/wp\/v2\/product\/40730\/revisions\/40734"}],"wp:featuredmedia":[{"embeddable":true,"href":"https:\/\/collectin.eu\/en\/wp-json\/wp\/v2\/media\/40731"}],"wp:attachment":[{"href":"https:\/\/collectin.eu\/en\/wp-json\/wp\/v2\/media?parent=40730"}],"wp:term":[{"taxonomy":"product_brand","embeddable":true,"href":"https:\/\/collectin.eu\/en\/wp-json\/wp\/v2\/product_brand?post=40730"},{"taxonomy":"product_cat","embeddable":true,"href":"https:\/\/collectin.eu\/en\/wp-json\/wp\/v2\/product_cat?post=40730"},{"taxonomy":"product_tag","embeddable":true,"href":"https:\/\/collectin.eu\/en\/wp-json\/wp\/v2\/product_tag?post=40730"}],"curies":[{"name":"wp","href":"https:\/\/api.w.org\/{rel}","templated":true}]}}