{"id":40735,"date":"2026-04-21T08:04:39","date_gmt":"2026-04-21T08:04:39","guid":{"rendered":"https:\/\/collectin.eu\/?post_type=product&#038;p=40735"},"modified":"2026-04-21T08:04:39","modified_gmt":"2026-04-21T08:04:39","slug":"pop-captain-america-with-wreath-shield","status":"publish","type":"product","link":"https:\/\/collectin.eu\/en\/product\/pop-captain-america-with-wreath-shield\/","title":{"rendered":"Pop! Captain America with Wreath Shield"},"content":{"rendered":"<p>Atidaroma naujame lange \u201eFunko Pop! Marvel: Captain America with Wreath Shield\u201c yra originalus ir jaukus kolekcinis eksponatas, kuriame pirmasis ker\u0161ytojas savo patriotin\u0119 dvasi\u0105 sujungia su \u0161ventine nuotaika. \u0160ioje specialioje \u201eMarvel Holiday\u201c serijos versijoje kapitonas Amerika vaizduojamas vilkintis savo klasikin\u012f kostium\u0105, ta\u010diau vietoj \u012fprasto vibraniumo skydo jis laiko k\u016brybi\u0161kai suformuot\u0105 kal\u0117din\u012f vainik\u0105, dekoruot\u0105 jo ikoni\u0161ka \u017evaig\u017ede bei spalvingais kaspinais. Detalus dizainas meistri\u0161kai perteikia herojaus ry\u017et\u0105 net ir \u0161ven\u010di\u0173 fone, o \u0161ventiniai elementai suteikia fig\u016br\u0117lei unikalumo, i\u0161skirian\u010dio j\u0105 i\u0161 standartini\u0173 superheroj\u0173 leidim\u0173. Stovinti ant stilingo pagrindo, \u0161i fig\u016br\u0117l\u0117 yra puiki dovana visiems komiks\u0173 gerb\u0117jams, norintiems \u012fne\u0161ti \u0161iek tiek superheroji\u0161kos magijos \u012f savo \u017eiemos \u0161ventes.<\/p>","protected":false},"excerpt":{"rendered":"<p>Atidaroma naujame lange \u201eFunko Pop! Marvel: Captain America with Wreath Shield\u201c yra originalus ir jaukus kolekcinis eksponatas, kuriame pirmasis ker\u0161ytojas<\/p>","protected":false},"featured_media":40736,"comment_status":"open","ping_status":"closed","template":"","meta":[],"product_brand":[426],"product_cat":[680,409,491],"product_tag":[],"class_list":{"0":"post-40735","1":"product","2":"type-product","3":"status-publish","4":"has-post-thumbnail","6":"product_brand-funko-pop","7":"product_cat-figureles","8":"product_cat-funko-pop","9":"product_cat-lego-marvel","11":"first","12":"instock","13":"taxable","14":"shipping-taxable","15":"purchasable","16":"product-type-simple"},"yoast_head":"<!-- This site is optimized with the Yoast SEO plugin v25.9 - https:\/\/yoast.com\/wordpress\/plugins\/seo\/ -->\n<title>Pop! Captain America with Wreath Shield - Collectin.eu<\/title>\n<meta name=\"description\" content=\"Atidaroma naujame lange \u201eFunko Pop! Marvel: Captain America with Wreath Shield\u201c yra originalus ir jaukus kolekcinis eksponatas.\" \/>\n<meta name=\"robots\" content=\"index, follow, max-snippet:-1, max-image-preview:large, max-video-preview:-1\" \/>\n<link rel=\"canonical\" href=\"https:\/\/collectin.eu\/en\/product\/pop-captain-america-with-wreath-shield\/\" \/>\n<meta property=\"og:locale\" content=\"en_US\" \/>\n<meta property=\"og:type\" content=\"article\" \/>\n<meta property=\"og:title\" content=\"Pop! Captain America with Wreath Shield - Collectin.eu\" \/>\n<meta property=\"og:description\" content=\"Atidaroma naujame lange \u201eFunko Pop! Marvel: Captain America with Wreath Shield\u201c yra originalus ir jaukus kolekcinis eksponatas.\" \/>\n<meta property=\"og:url\" content=\"https:\/\/collectin.eu\/en\/product\/pop-captain-america-with-wreath-shield\/\" \/>\n<meta property=\"og:site_name\" content=\"Collectin.eu\" \/>\n<meta property=\"og:image\" content=\"http:\/\/collectin.eu\/wp-content\/uploads\/2026\/04\/Untitled-design-57.png\" \/>\n\t<meta property=\"og:image:width\" content=\"1080\" \/>\n\t<meta property=\"og:image:height\" content=\"1080\" \/>\n\t<meta property=\"og:image:type\" content=\"image\/png\" \/>\n<meta name=\"twitter:card\" content=\"summary_large_image\" \/>\n<meta name=\"twitter:label1\" content=\"Est. reading time\" \/>\n\t<meta name=\"twitter:data1\" content=\"1 minute\" \/>\n<script type=\"application\/ld+json\" class=\"yoast-schema-graph\">{\"@context\":\"https:\/\/schema.org\",\"@graph\":[{\"@type\":\"WebPage\",\"@id\":\"https:\/\/collectin.eu\/produktas\/pop-captain-america-with-wreath-shield\/\",\"url\":\"https:\/\/collectin.eu\/produktas\/pop-captain-america-with-wreath-shield\/\",\"name\":\"Pop! Captain America with Wreath Shield - Collectin.eu\",\"isPartOf\":{\"@id\":\"https:\/\/collectin.eu\/#website\"},\"primaryImageOfPage\":{\"@id\":\"https:\/\/collectin.eu\/produktas\/pop-captain-america-with-wreath-shield\/#primaryimage\"},\"image\":{\"@id\":\"https:\/\/collectin.eu\/produktas\/pop-captain-america-with-wreath-shield\/#primaryimage\"},\"thumbnailUrl\":\"https:\/\/collectin.eu\/wp-content\/uploads\/2026\/04\/Untitled-design-57.png\",\"datePublished\":\"2026-04-21T08:04:39+00:00\",\"description\":\"Atidaroma naujame lange \u201eFunko Pop! Marvel: Captain America with Wreath Shield\u201c yra originalus ir jaukus kolekcinis eksponatas.\",\"breadcrumb\":{\"@id\":\"https:\/\/collectin.eu\/produktas\/pop-captain-america-with-wreath-shield\/#breadcrumb\"},\"inLanguage\":\"en-US\",\"potentialAction\":[{\"@type\":\"ReadAction\",\"target\":[\"https:\/\/collectin.eu\/produktas\/pop-captain-america-with-wreath-shield\/\"]}]},{\"@type\":\"ImageObject\",\"inLanguage\":\"en-US\",\"@id\":\"https:\/\/collectin.eu\/produktas\/pop-captain-america-with-wreath-shield\/#primaryimage\",\"url\":\"https:\/\/collectin.eu\/wp-content\/uploads\/2026\/04\/Untitled-design-57.png\",\"contentUrl\":\"https:\/\/collectin.eu\/wp-content\/uploads\/2026\/04\/Untitled-design-57.png\",\"width\":1080,\"height\":1080},{\"@type\":\"BreadcrumbList\",\"@id\":\"https:\/\/collectin.eu\/produktas\/pop-captain-america-with-wreath-shield\/#breadcrumb\",\"itemListElement\":[{\"@type\":\"ListItem\",\"position\":1,\"name\":\"Home\",\"item\":\"https:\/\/collectin.eu\/\"},{\"@type\":\"ListItem\",\"position\":2,\"name\":\"Parduotuv\u0117\",\"item\":\"https:\/\/collectin.eu\/parduotuve\/\"},{\"@type\":\"ListItem\",\"position\":3,\"name\":\"Pop! Captain America with Wreath Shield\"}]},{\"@type\":\"WebSite\",\"@id\":\"https:\/\/collectin.eu\/#website\",\"url\":\"https:\/\/collectin.eu\/\",\"name\":\"Collectin.eu\",\"description\":\"\",\"potentialAction\":[{\"@type\":\"SearchAction\",\"target\":{\"@type\":\"EntryPoint\",\"urlTemplate\":\"https:\/\/collectin.eu\/?s={search_term_string}\"},\"query-input\":{\"@type\":\"PropertyValueSpecification\",\"valueRequired\":true,\"valueName\":\"search_term_string\"}}],\"inLanguage\":\"en-US\"}]}<\/script>\n<!-- \/ Yoast SEO plugin. -->","yoast_head_json":{"title":"Pop! Captain America with Wreath Shield - Collectin.eu","description":"Atidaroma naujame lange \u201eFunko Pop! Marvel: Captain America with Wreath Shield\u201c yra originalus ir jaukus kolekcinis eksponatas.","robots":{"index":"index","follow":"follow","max-snippet":"max-snippet:-1","max-image-preview":"max-image-preview:large","max-video-preview":"max-video-preview:-1"},"canonical":"https:\/\/collectin.eu\/en\/product\/pop-captain-america-with-wreath-shield\/","og_locale":"en_US","og_type":"article","og_title":"Pop! Captain America with Wreath Shield - Collectin.eu","og_description":"Atidaroma naujame lange \u201eFunko Pop! Marvel: Captain America with Wreath Shield\u201c yra originalus ir jaukus kolekcinis eksponatas.","og_url":"https:\/\/collectin.eu\/en\/product\/pop-captain-america-with-wreath-shield\/","og_site_name":"Collectin.eu","og_image":[{"width":1080,"height":1080,"url":"http:\/\/collectin.eu\/wp-content\/uploads\/2026\/04\/Untitled-design-57.png","type":"image\/png"}],"twitter_card":"summary_large_image","twitter_misc":{"Est. reading time":"1 minute"},"schema":{"@context":"https:\/\/schema.org","@graph":[{"@type":"WebPage","@id":"https:\/\/collectin.eu\/produktas\/pop-captain-america-with-wreath-shield\/","url":"https:\/\/collectin.eu\/produktas\/pop-captain-america-with-wreath-shield\/","name":"Pop! Captain America with Wreath Shield - Collectin.eu","isPartOf":{"@id":"https:\/\/collectin.eu\/#website"},"primaryImageOfPage":{"@id":"https:\/\/collectin.eu\/produktas\/pop-captain-america-with-wreath-shield\/#primaryimage"},"image":{"@id":"https:\/\/collectin.eu\/produktas\/pop-captain-america-with-wreath-shield\/#primaryimage"},"thumbnailUrl":"https:\/\/collectin.eu\/wp-content\/uploads\/2026\/04\/Untitled-design-57.png","datePublished":"2026-04-21T08:04:39+00:00","description":"Atidaroma naujame lange \u201eFunko Pop! Marvel: Captain America with Wreath Shield\u201c yra originalus ir jaukus kolekcinis eksponatas.","breadcrumb":{"@id":"https:\/\/collectin.eu\/produktas\/pop-captain-america-with-wreath-shield\/#breadcrumb"},"inLanguage":"en-US","potentialAction":[{"@type":"ReadAction","target":["https:\/\/collectin.eu\/produktas\/pop-captain-america-with-wreath-shield\/"]}]},{"@type":"ImageObject","inLanguage":"en-US","@id":"https:\/\/collectin.eu\/produktas\/pop-captain-america-with-wreath-shield\/#primaryimage","url":"https:\/\/collectin.eu\/wp-content\/uploads\/2026\/04\/Untitled-design-57.png","contentUrl":"https:\/\/collectin.eu\/wp-content\/uploads\/2026\/04\/Untitled-design-57.png","width":1080,"height":1080},{"@type":"BreadcrumbList","@id":"https:\/\/collectin.eu\/produktas\/pop-captain-america-with-wreath-shield\/#breadcrumb","itemListElement":[{"@type":"ListItem","position":1,"name":"Home","item":"https:\/\/collectin.eu\/"},{"@type":"ListItem","position":2,"name":"Parduotuv\u0117","item":"https:\/\/collectin.eu\/parduotuve\/"},{"@type":"ListItem","position":3,"name":"Pop! Captain America with Wreath Shield"}]},{"@type":"WebSite","@id":"https:\/\/collectin.eu\/#website","url":"https:\/\/collectin.eu\/","name":"Collectin.eu","description":"","potentialAction":[{"@type":"SearchAction","target":{"@type":"EntryPoint","urlTemplate":"https:\/\/collectin.eu\/?s={search_term_string}"},"query-input":{"@type":"PropertyValueSpecification","valueRequired":true,"valueName":"search_term_string"}}],"inLanguage":"en-US"}]}},"jetpack_sharing_enabled":true,"_links":{"self":[{"href":"https:\/\/collectin.eu\/en\/wp-json\/wp\/v2\/product\/40735","targetHints":{"allow":["GET"]}}],"collection":[{"href":"https:\/\/collectin.eu\/en\/wp-json\/wp\/v2\/product"}],"about":[{"href":"https:\/\/collectin.eu\/en\/wp-json\/wp\/v2\/types\/product"}],"replies":[{"embeddable":true,"href":"https:\/\/collectin.eu\/en\/wp-json\/wp\/v2\/comments?post=40735"}],"version-history":[{"count":2,"href":"https:\/\/collectin.eu\/en\/wp-json\/wp\/v2\/product\/40735\/revisions"}],"predecessor-version":[{"id":40739,"href":"https:\/\/collectin.eu\/en\/wp-json\/wp\/v2\/product\/40735\/revisions\/40739"}],"wp:featuredmedia":[{"embeddable":true,"href":"https:\/\/collectin.eu\/en\/wp-json\/wp\/v2\/media\/40736"}],"wp:attachment":[{"href":"https:\/\/collectin.eu\/en\/wp-json\/wp\/v2\/media?parent=40735"}],"wp:term":[{"taxonomy":"product_brand","embeddable":true,"href":"https:\/\/collectin.eu\/en\/wp-json\/wp\/v2\/product_brand?post=40735"},{"taxonomy":"product_cat","embeddable":true,"href":"https:\/\/collectin.eu\/en\/wp-json\/wp\/v2\/product_cat?post=40735"},{"taxonomy":"product_tag","embeddable":true,"href":"https:\/\/collectin.eu\/en\/wp-json\/wp\/v2\/product_tag?post=40735"}],"curies":[{"name":"wp","href":"https:\/\/api.w.org\/{rel}","templated":true}]}}