{"id":40740,"date":"2026-04-21T08:10:37","date_gmt":"2026-04-21T08:10:37","guid":{"rendered":"https:\/\/collectin.eu\/?post_type=product&#038;p=40740"},"modified":"2026-04-21T08:10:37","modified_gmt":"2026-04-21T08:10:37","slug":"pop-mega-minion-tim","status":"publish","type":"product","link":"https:\/\/collectin.eu\/en\/product\/pop-mega-minion-tim\/","title":{"rendered":"Pop! Mega Minion Tim"},"content":{"rendered":"<p>\u201eFunko Pop! Mega Minion Tim\u201c yra itin nuotaikingas ir vizualiai i\u0161rai\u0161kingas kolekcinis eksponatas, pristatantis vien\u0105 auk\u0161\u010diausi\u0173 ir labiausiai atpa\u017e\u012fstam\u0173 pakalik\u0173 i\u0161 \u201eBjaurusis a\u0161 4\u201c filmo po jo stulbinan\u010dios transformacijos. \u0160i fig\u016br\u0117l\u0117 \u012fam\u017eina Tim\u0105 jo naujoje \u201eMega\u201c formoje, kurioje jis pasi\u017eymi ne\u012ftik\u0117tinai i\u0161t\u012fsusiu k\u016bnu, suteikian\u010diu jam ne tik superheroji\u0161kos galios, bet ir komi\u0161k\u0105, dinami\u0161k\u0105 i\u0161vaizd\u0105. Precizi\u0161kai atkurtas Timo pasitik\u0117jimas savimi, heroji\u0161ka poza ir jo firmin\u0117 apranga su specifiniais akcentais pabr\u0117\u017eia \u0161io leidimo unikalum\u0105 bei humoro jausm\u0105, b\u016bding\u0105 visai pakalik\u0173 visatai. Tai idealus pasirinkimas kolekcionieriams, ie\u0161kantiems i\u0161skirtini\u0173 proporcij\u0173 fig\u016br\u0117li\u0173, kurios akimirksniu patraukia d\u0117mes\u012f ir suteikia gyvumo bet kuriai lentynai.<\/p>","protected":false},"excerpt":{"rendered":"<p>\u201eFunko Pop! Mega Minion Tim\u201c yra itin nuotaikingas ir vizualiai i\u0161rai\u0161kingas kolekcinis eksponatas, pristatantis vien\u0105 auk\u0161\u010diausi\u0173 ir labiausiai atpa\u017e\u012fstam\u0173 pakalik\u0173<\/p>","protected":false},"featured_media":40741,"comment_status":"open","ping_status":"closed","template":"","meta":[],"product_brand":[426],"product_cat":[680,409,448],"product_tag":[],"class_list":{"0":"post-40740","1":"product","2":"type-product","3":"status-publish","4":"has-post-thumbnail","6":"product_brand-funko-pop","7":"product_cat-figureles","8":"product_cat-funko-pop","9":"product_cat-pop-movies","11":"first","12":"instock","13":"taxable","14":"shipping-taxable","15":"purchasable","16":"product-type-simple"},"yoast_head":"<!-- This site is optimized with the Yoast SEO plugin v25.9 - https:\/\/yoast.com\/wordpress\/plugins\/seo\/ -->\n<title>Pop! Mega Minion Tim - Collectin.eu<\/title>\n<meta name=\"description\" content=\"\u201eFunko Pop! Mega Minion Tim\u201c yra itin nuotaikingas ir vizualiai i\u0161rai\u0161kingas kolekcinis eksponatas, pristatantis vien\u0105 auk\u0161\u010diausi\u0173 ir labiausiai atpa\u017e\u012fstam\u0173 pakalik\u0173.\" \/>\n<meta name=\"robots\" content=\"index, follow, max-snippet:-1, max-image-preview:large, max-video-preview:-1\" \/>\n<link rel=\"canonical\" href=\"https:\/\/collectin.eu\/en\/product\/pop-mega-minion-tim\/\" \/>\n<meta property=\"og:locale\" content=\"en_US\" \/>\n<meta property=\"og:type\" content=\"article\" \/>\n<meta property=\"og:title\" content=\"Pop! Mega Minion Tim - Collectin.eu\" \/>\n<meta property=\"og:description\" content=\"\u201eFunko Pop! Mega Minion Tim\u201c yra itin nuotaikingas ir vizualiai i\u0161rai\u0161kingas kolekcinis eksponatas, pristatantis vien\u0105 auk\u0161\u010diausi\u0173 ir labiausiai atpa\u017e\u012fstam\u0173 pakalik\u0173.\" \/>\n<meta property=\"og:url\" content=\"https:\/\/collectin.eu\/en\/product\/pop-mega-minion-tim\/\" \/>\n<meta property=\"og:site_name\" content=\"Collectin.eu\" \/>\n<meta property=\"og:image\" content=\"http:\/\/collectin.eu\/wp-content\/uploads\/2026\/04\/Untitled-design-59.png\" \/>\n\t<meta property=\"og:image:width\" content=\"1080\" \/>\n\t<meta property=\"og:image:height\" content=\"1080\" \/>\n\t<meta property=\"og:image:type\" content=\"image\/png\" \/>\n<meta name=\"twitter:card\" content=\"summary_large_image\" \/>\n<meta name=\"twitter:label1\" content=\"Est. reading time\" \/>\n\t<meta name=\"twitter:data1\" content=\"1 minute\" \/>\n<script type=\"application\/ld+json\" class=\"yoast-schema-graph\">{\"@context\":\"https:\/\/schema.org\",\"@graph\":[{\"@type\":\"WebPage\",\"@id\":\"https:\/\/collectin.eu\/produktas\/pop-mega-minion-tim\/\",\"url\":\"https:\/\/collectin.eu\/produktas\/pop-mega-minion-tim\/\",\"name\":\"Pop! Mega Minion Tim - Collectin.eu\",\"isPartOf\":{\"@id\":\"https:\/\/collectin.eu\/#website\"},\"primaryImageOfPage\":{\"@id\":\"https:\/\/collectin.eu\/produktas\/pop-mega-minion-tim\/#primaryimage\"},\"image\":{\"@id\":\"https:\/\/collectin.eu\/produktas\/pop-mega-minion-tim\/#primaryimage\"},\"thumbnailUrl\":\"https:\/\/collectin.eu\/wp-content\/uploads\/2026\/04\/Untitled-design-59.png\",\"datePublished\":\"2026-04-21T08:10:37+00:00\",\"description\":\"\u201eFunko Pop! Mega Minion Tim\u201c yra itin nuotaikingas ir vizualiai i\u0161rai\u0161kingas kolekcinis eksponatas, pristatantis vien\u0105 auk\u0161\u010diausi\u0173 ir labiausiai atpa\u017e\u012fstam\u0173 pakalik\u0173.\",\"breadcrumb\":{\"@id\":\"https:\/\/collectin.eu\/produktas\/pop-mega-minion-tim\/#breadcrumb\"},\"inLanguage\":\"en-US\",\"potentialAction\":[{\"@type\":\"ReadAction\",\"target\":[\"https:\/\/collectin.eu\/produktas\/pop-mega-minion-tim\/\"]}]},{\"@type\":\"ImageObject\",\"inLanguage\":\"en-US\",\"@id\":\"https:\/\/collectin.eu\/produktas\/pop-mega-minion-tim\/#primaryimage\",\"url\":\"https:\/\/collectin.eu\/wp-content\/uploads\/2026\/04\/Untitled-design-59.png\",\"contentUrl\":\"https:\/\/collectin.eu\/wp-content\/uploads\/2026\/04\/Untitled-design-59.png\",\"width\":1080,\"height\":1080},{\"@type\":\"BreadcrumbList\",\"@id\":\"https:\/\/collectin.eu\/produktas\/pop-mega-minion-tim\/#breadcrumb\",\"itemListElement\":[{\"@type\":\"ListItem\",\"position\":1,\"name\":\"Home\",\"item\":\"https:\/\/collectin.eu\/\"},{\"@type\":\"ListItem\",\"position\":2,\"name\":\"Parduotuv\u0117\",\"item\":\"https:\/\/collectin.eu\/parduotuve\/\"},{\"@type\":\"ListItem\",\"position\":3,\"name\":\"Pop! Mega Minion Tim\"}]},{\"@type\":\"WebSite\",\"@id\":\"https:\/\/collectin.eu\/#website\",\"url\":\"https:\/\/collectin.eu\/\",\"name\":\"Collectin.eu\",\"description\":\"\",\"potentialAction\":[{\"@type\":\"SearchAction\",\"target\":{\"@type\":\"EntryPoint\",\"urlTemplate\":\"https:\/\/collectin.eu\/?s={search_term_string}\"},\"query-input\":{\"@type\":\"PropertyValueSpecification\",\"valueRequired\":true,\"valueName\":\"search_term_string\"}}],\"inLanguage\":\"en-US\"}]}<\/script>\n<!-- \/ Yoast SEO plugin. -->","yoast_head_json":{"title":"Pop! Mega Minion Tim - Collectin.eu","description":"\u201eFunko Pop! Mega Minion Tim\u201c yra itin nuotaikingas ir vizualiai i\u0161rai\u0161kingas kolekcinis eksponatas, pristatantis vien\u0105 auk\u0161\u010diausi\u0173 ir labiausiai atpa\u017e\u012fstam\u0173 pakalik\u0173.","robots":{"index":"index","follow":"follow","max-snippet":"max-snippet:-1","max-image-preview":"max-image-preview:large","max-video-preview":"max-video-preview:-1"},"canonical":"https:\/\/collectin.eu\/en\/product\/pop-mega-minion-tim\/","og_locale":"en_US","og_type":"article","og_title":"Pop! Mega Minion Tim - Collectin.eu","og_description":"\u201eFunko Pop! Mega Minion Tim\u201c yra itin nuotaikingas ir vizualiai i\u0161rai\u0161kingas kolekcinis eksponatas, pristatantis vien\u0105 auk\u0161\u010diausi\u0173 ir labiausiai atpa\u017e\u012fstam\u0173 pakalik\u0173.","og_url":"https:\/\/collectin.eu\/en\/product\/pop-mega-minion-tim\/","og_site_name":"Collectin.eu","og_image":[{"width":1080,"height":1080,"url":"http:\/\/collectin.eu\/wp-content\/uploads\/2026\/04\/Untitled-design-59.png","type":"image\/png"}],"twitter_card":"summary_large_image","twitter_misc":{"Est. reading time":"1 minute"},"schema":{"@context":"https:\/\/schema.org","@graph":[{"@type":"WebPage","@id":"https:\/\/collectin.eu\/produktas\/pop-mega-minion-tim\/","url":"https:\/\/collectin.eu\/produktas\/pop-mega-minion-tim\/","name":"Pop! Mega Minion Tim - Collectin.eu","isPartOf":{"@id":"https:\/\/collectin.eu\/#website"},"primaryImageOfPage":{"@id":"https:\/\/collectin.eu\/produktas\/pop-mega-minion-tim\/#primaryimage"},"image":{"@id":"https:\/\/collectin.eu\/produktas\/pop-mega-minion-tim\/#primaryimage"},"thumbnailUrl":"https:\/\/collectin.eu\/wp-content\/uploads\/2026\/04\/Untitled-design-59.png","datePublished":"2026-04-21T08:10:37+00:00","description":"\u201eFunko Pop! Mega Minion Tim\u201c yra itin nuotaikingas ir vizualiai i\u0161rai\u0161kingas kolekcinis eksponatas, pristatantis vien\u0105 auk\u0161\u010diausi\u0173 ir labiausiai atpa\u017e\u012fstam\u0173 pakalik\u0173.","breadcrumb":{"@id":"https:\/\/collectin.eu\/produktas\/pop-mega-minion-tim\/#breadcrumb"},"inLanguage":"en-US","potentialAction":[{"@type":"ReadAction","target":["https:\/\/collectin.eu\/produktas\/pop-mega-minion-tim\/"]}]},{"@type":"ImageObject","inLanguage":"en-US","@id":"https:\/\/collectin.eu\/produktas\/pop-mega-minion-tim\/#primaryimage","url":"https:\/\/collectin.eu\/wp-content\/uploads\/2026\/04\/Untitled-design-59.png","contentUrl":"https:\/\/collectin.eu\/wp-content\/uploads\/2026\/04\/Untitled-design-59.png","width":1080,"height":1080},{"@type":"BreadcrumbList","@id":"https:\/\/collectin.eu\/produktas\/pop-mega-minion-tim\/#breadcrumb","itemListElement":[{"@type":"ListItem","position":1,"name":"Home","item":"https:\/\/collectin.eu\/"},{"@type":"ListItem","position":2,"name":"Parduotuv\u0117","item":"https:\/\/collectin.eu\/parduotuve\/"},{"@type":"ListItem","position":3,"name":"Pop! Mega Minion Tim"}]},{"@type":"WebSite","@id":"https:\/\/collectin.eu\/#website","url":"https:\/\/collectin.eu\/","name":"Collectin.eu","description":"","potentialAction":[{"@type":"SearchAction","target":{"@type":"EntryPoint","urlTemplate":"https:\/\/collectin.eu\/?s={search_term_string}"},"query-input":{"@type":"PropertyValueSpecification","valueRequired":true,"valueName":"search_term_string"}}],"inLanguage":"en-US"}]}},"jetpack_sharing_enabled":true,"_links":{"self":[{"href":"https:\/\/collectin.eu\/en\/wp-json\/wp\/v2\/product\/40740","targetHints":{"allow":["GET"]}}],"collection":[{"href":"https:\/\/collectin.eu\/en\/wp-json\/wp\/v2\/product"}],"about":[{"href":"https:\/\/collectin.eu\/en\/wp-json\/wp\/v2\/types\/product"}],"replies":[{"embeddable":true,"href":"https:\/\/collectin.eu\/en\/wp-json\/wp\/v2\/comments?post=40740"}],"version-history":[{"count":2,"href":"https:\/\/collectin.eu\/en\/wp-json\/wp\/v2\/product\/40740\/revisions"}],"predecessor-version":[{"id":40744,"href":"https:\/\/collectin.eu\/en\/wp-json\/wp\/v2\/product\/40740\/revisions\/40744"}],"wp:featuredmedia":[{"embeddable":true,"href":"https:\/\/collectin.eu\/en\/wp-json\/wp\/v2\/media\/40741"}],"wp:attachment":[{"href":"https:\/\/collectin.eu\/en\/wp-json\/wp\/v2\/media?parent=40740"}],"wp:term":[{"taxonomy":"product_brand","embeddable":true,"href":"https:\/\/collectin.eu\/en\/wp-json\/wp\/v2\/product_brand?post=40740"},{"taxonomy":"product_cat","embeddable":true,"href":"https:\/\/collectin.eu\/en\/wp-json\/wp\/v2\/product_cat?post=40740"},{"taxonomy":"product_tag","embeddable":true,"href":"https:\/\/collectin.eu\/en\/wp-json\/wp\/v2\/product_tag?post=40740"}],"curies":[{"name":"wp","href":"https:\/\/api.w.org\/{rel}","templated":true}]}}