{"id":40745,"date":"2026-04-21T08:15:27","date_gmt":"2026-04-21T08:15:27","guid":{"rendered":"https:\/\/collectin.eu\/?post_type=product&#038;p=40745"},"modified":"2026-04-21T08:15:27","modified_gmt":"2026-04-21T08:15:27","slug":"pop-shorty-valentine","status":"publish","type":"product","link":"https:\/\/collectin.eu\/en\/product\/pop-shorty-valentine\/","title":{"rendered":"Pop! Shorty (Valentine)"},"content":{"rendered":"<p>\u201eFunko Pop! Shorty (Valentine)\u201c yra i\u0161skirtinis ir stilingas kolekcinis eksponatas, kuriame kultinis siaubo komedijos \u201eAteiviai klounai-\u017eudikai i\u0161 kosmoso\u201c (angl. Killer Klowns from Outer Space) persona\u017eas \u012fgyja netik\u0117t\u0105, romanti\u0161k\u0105 \u012fvaizd\u012f. \u0160i specialaus \u201eValentine\u201c leidimo fig\u016br\u0117l\u0117 pasi\u017eymi ak\u012f traukian\u010diu ro\u017einiu ir raudonu spalv\u0173 deriniu, kuris meistri\u0161kai kontrastuoja su \u0161iurpiu, ta\u010diau \u017eaismingu \u0160orto (angl. Shorty) veidu ir jo firminiais bokso pir\u0161tini\u0173 elementais. Detaliai atkurtos persona\u017eo garbanos, specifi\u0161ka klouno apranga ir \u0161ventiniai Valentino dienos akcentai paver\u010dia \u0161\u012f eksponat\u0105 tikru lobiu tiek siaubo \u017eanro gerb\u0117jams, tiek ie\u0161kantiems unikali\u0173, riboto tira\u017eo \u201eFunko\u201c variacij\u0173. Tai puikus b\u016bdas \u012fne\u0161ti \u0161iek tiek piktavali\u0161ko \u017eavesio \u012f savo kolekcij\u0105.<\/p>","protected":false},"excerpt":{"rendered":"<p>\u201eFunko Pop! Shorty (Valentine)\u201c yra i\u0161skirtinis ir stilingas kolekcinis eksponatas, kuriame kultinis siaubo komedijos \u201eAteiviai klounai-\u017eudikai i\u0161 kosmoso\u201c (angl. Killer<\/p>","protected":false},"featured_media":40746,"comment_status":"open","ping_status":"closed","template":"","meta":[],"product_brand":[426],"product_cat":[680,409,448],"product_tag":[],"class_list":{"0":"post-40745","1":"product","2":"type-product","3":"status-publish","4":"has-post-thumbnail","6":"product_brand-funko-pop","7":"product_cat-figureles","8":"product_cat-funko-pop","9":"product_cat-pop-movies","11":"first","12":"instock","13":"taxable","14":"shipping-taxable","15":"purchasable","16":"product-type-simple"},"yoast_head":"<!-- This site is optimized with the Yoast SEO plugin v25.9 - https:\/\/yoast.com\/wordpress\/plugins\/seo\/ -->\n<title>Pop! Shorty (Valentine) - Collectin.eu<\/title>\n<meta name=\"description\" content=\"\u201eFunko Pop! Shorty (Valentine)\u201c yra i\u0161skirtinis ir stilingas kolekcinis eksponatas, kuriame kultinis siaubo komedijos \u201eAteiviai klounai-\u017eudikai i\u0161 kosmoso\u201c.\" \/>\n<meta name=\"robots\" content=\"index, follow, max-snippet:-1, max-image-preview:large, max-video-preview:-1\" \/>\n<link rel=\"canonical\" href=\"https:\/\/collectin.eu\/en\/product\/pop-shorty-valentine\/\" \/>\n<meta property=\"og:locale\" content=\"en_US\" \/>\n<meta property=\"og:type\" content=\"article\" \/>\n<meta property=\"og:title\" content=\"Pop! Shorty (Valentine) - Collectin.eu\" \/>\n<meta property=\"og:description\" content=\"\u201eFunko Pop! Shorty (Valentine)\u201c yra i\u0161skirtinis ir stilingas kolekcinis eksponatas, kuriame kultinis siaubo komedijos \u201eAteiviai klounai-\u017eudikai i\u0161 kosmoso\u201c.\" \/>\n<meta property=\"og:url\" content=\"https:\/\/collectin.eu\/en\/product\/pop-shorty-valentine\/\" \/>\n<meta property=\"og:site_name\" content=\"Collectin.eu\" \/>\n<meta property=\"og:image\" content=\"http:\/\/collectin.eu\/wp-content\/uploads\/2026\/04\/Untitled-design-61.png\" \/>\n\t<meta property=\"og:image:width\" content=\"1080\" \/>\n\t<meta property=\"og:image:height\" content=\"1080\" \/>\n\t<meta property=\"og:image:type\" content=\"image\/png\" \/>\n<meta name=\"twitter:card\" content=\"summary_large_image\" \/>\n<meta name=\"twitter:label1\" content=\"Est. reading time\" \/>\n\t<meta name=\"twitter:data1\" content=\"1 minute\" \/>\n<script type=\"application\/ld+json\" class=\"yoast-schema-graph\">{\"@context\":\"https:\/\/schema.org\",\"@graph\":[{\"@type\":\"WebPage\",\"@id\":\"https:\/\/collectin.eu\/produktas\/pop-shorty-valentine\/\",\"url\":\"https:\/\/collectin.eu\/produktas\/pop-shorty-valentine\/\",\"name\":\"Pop! Shorty (Valentine) - Collectin.eu\",\"isPartOf\":{\"@id\":\"https:\/\/collectin.eu\/#website\"},\"primaryImageOfPage\":{\"@id\":\"https:\/\/collectin.eu\/produktas\/pop-shorty-valentine\/#primaryimage\"},\"image\":{\"@id\":\"https:\/\/collectin.eu\/produktas\/pop-shorty-valentine\/#primaryimage\"},\"thumbnailUrl\":\"https:\/\/collectin.eu\/wp-content\/uploads\/2026\/04\/Untitled-design-61.png\",\"datePublished\":\"2026-04-21T08:15:27+00:00\",\"description\":\"\u201eFunko Pop! Shorty (Valentine)\u201c yra i\u0161skirtinis ir stilingas kolekcinis eksponatas, kuriame kultinis siaubo komedijos \u201eAteiviai klounai-\u017eudikai i\u0161 kosmoso\u201c.\",\"breadcrumb\":{\"@id\":\"https:\/\/collectin.eu\/produktas\/pop-shorty-valentine\/#breadcrumb\"},\"inLanguage\":\"en-US\",\"potentialAction\":[{\"@type\":\"ReadAction\",\"target\":[\"https:\/\/collectin.eu\/produktas\/pop-shorty-valentine\/\"]}]},{\"@type\":\"ImageObject\",\"inLanguage\":\"en-US\",\"@id\":\"https:\/\/collectin.eu\/produktas\/pop-shorty-valentine\/#primaryimage\",\"url\":\"https:\/\/collectin.eu\/wp-content\/uploads\/2026\/04\/Untitled-design-61.png\",\"contentUrl\":\"https:\/\/collectin.eu\/wp-content\/uploads\/2026\/04\/Untitled-design-61.png\",\"width\":1080,\"height\":1080},{\"@type\":\"BreadcrumbList\",\"@id\":\"https:\/\/collectin.eu\/produktas\/pop-shorty-valentine\/#breadcrumb\",\"itemListElement\":[{\"@type\":\"ListItem\",\"position\":1,\"name\":\"Home\",\"item\":\"https:\/\/collectin.eu\/\"},{\"@type\":\"ListItem\",\"position\":2,\"name\":\"Parduotuv\u0117\",\"item\":\"https:\/\/collectin.eu\/parduotuve\/\"},{\"@type\":\"ListItem\",\"position\":3,\"name\":\"Pop! Shorty (Valentine)\"}]},{\"@type\":\"WebSite\",\"@id\":\"https:\/\/collectin.eu\/#website\",\"url\":\"https:\/\/collectin.eu\/\",\"name\":\"Collectin.eu\",\"description\":\"\",\"potentialAction\":[{\"@type\":\"SearchAction\",\"target\":{\"@type\":\"EntryPoint\",\"urlTemplate\":\"https:\/\/collectin.eu\/?s={search_term_string}\"},\"query-input\":{\"@type\":\"PropertyValueSpecification\",\"valueRequired\":true,\"valueName\":\"search_term_string\"}}],\"inLanguage\":\"en-US\"}]}<\/script>\n<!-- \/ Yoast SEO plugin. -->","yoast_head_json":{"title":"Pop! Shorty (Valentine) - Collectin.eu","description":"\u201eFunko Pop! Shorty (Valentine)\u201c yra i\u0161skirtinis ir stilingas kolekcinis eksponatas, kuriame kultinis siaubo komedijos \u201eAteiviai klounai-\u017eudikai i\u0161 kosmoso\u201c.","robots":{"index":"index","follow":"follow","max-snippet":"max-snippet:-1","max-image-preview":"max-image-preview:large","max-video-preview":"max-video-preview:-1"},"canonical":"https:\/\/collectin.eu\/en\/product\/pop-shorty-valentine\/","og_locale":"en_US","og_type":"article","og_title":"Pop! Shorty (Valentine) - Collectin.eu","og_description":"\u201eFunko Pop! Shorty (Valentine)\u201c yra i\u0161skirtinis ir stilingas kolekcinis eksponatas, kuriame kultinis siaubo komedijos \u201eAteiviai klounai-\u017eudikai i\u0161 kosmoso\u201c.","og_url":"https:\/\/collectin.eu\/en\/product\/pop-shorty-valentine\/","og_site_name":"Collectin.eu","og_image":[{"width":1080,"height":1080,"url":"http:\/\/collectin.eu\/wp-content\/uploads\/2026\/04\/Untitled-design-61.png","type":"image\/png"}],"twitter_card":"summary_large_image","twitter_misc":{"Est. reading time":"1 minute"},"schema":{"@context":"https:\/\/schema.org","@graph":[{"@type":"WebPage","@id":"https:\/\/collectin.eu\/produktas\/pop-shorty-valentine\/","url":"https:\/\/collectin.eu\/produktas\/pop-shorty-valentine\/","name":"Pop! Shorty (Valentine) - Collectin.eu","isPartOf":{"@id":"https:\/\/collectin.eu\/#website"},"primaryImageOfPage":{"@id":"https:\/\/collectin.eu\/produktas\/pop-shorty-valentine\/#primaryimage"},"image":{"@id":"https:\/\/collectin.eu\/produktas\/pop-shorty-valentine\/#primaryimage"},"thumbnailUrl":"https:\/\/collectin.eu\/wp-content\/uploads\/2026\/04\/Untitled-design-61.png","datePublished":"2026-04-21T08:15:27+00:00","description":"\u201eFunko Pop! Shorty (Valentine)\u201c yra i\u0161skirtinis ir stilingas kolekcinis eksponatas, kuriame kultinis siaubo komedijos \u201eAteiviai klounai-\u017eudikai i\u0161 kosmoso\u201c.","breadcrumb":{"@id":"https:\/\/collectin.eu\/produktas\/pop-shorty-valentine\/#breadcrumb"},"inLanguage":"en-US","potentialAction":[{"@type":"ReadAction","target":["https:\/\/collectin.eu\/produktas\/pop-shorty-valentine\/"]}]},{"@type":"ImageObject","inLanguage":"en-US","@id":"https:\/\/collectin.eu\/produktas\/pop-shorty-valentine\/#primaryimage","url":"https:\/\/collectin.eu\/wp-content\/uploads\/2026\/04\/Untitled-design-61.png","contentUrl":"https:\/\/collectin.eu\/wp-content\/uploads\/2026\/04\/Untitled-design-61.png","width":1080,"height":1080},{"@type":"BreadcrumbList","@id":"https:\/\/collectin.eu\/produktas\/pop-shorty-valentine\/#breadcrumb","itemListElement":[{"@type":"ListItem","position":1,"name":"Home","item":"https:\/\/collectin.eu\/"},{"@type":"ListItem","position":2,"name":"Parduotuv\u0117","item":"https:\/\/collectin.eu\/parduotuve\/"},{"@type":"ListItem","position":3,"name":"Pop! Shorty (Valentine)"}]},{"@type":"WebSite","@id":"https:\/\/collectin.eu\/#website","url":"https:\/\/collectin.eu\/","name":"Collectin.eu","description":"","potentialAction":[{"@type":"SearchAction","target":{"@type":"EntryPoint","urlTemplate":"https:\/\/collectin.eu\/?s={search_term_string}"},"query-input":{"@type":"PropertyValueSpecification","valueRequired":true,"valueName":"search_term_string"}}],"inLanguage":"en-US"}]}},"jetpack_sharing_enabled":true,"_links":{"self":[{"href":"https:\/\/collectin.eu\/en\/wp-json\/wp\/v2\/product\/40745","targetHints":{"allow":["GET"]}}],"collection":[{"href":"https:\/\/collectin.eu\/en\/wp-json\/wp\/v2\/product"}],"about":[{"href":"https:\/\/collectin.eu\/en\/wp-json\/wp\/v2\/types\/product"}],"replies":[{"embeddable":true,"href":"https:\/\/collectin.eu\/en\/wp-json\/wp\/v2\/comments?post=40745"}],"version-history":[{"count":2,"href":"https:\/\/collectin.eu\/en\/wp-json\/wp\/v2\/product\/40745\/revisions"}],"predecessor-version":[{"id":40749,"href":"https:\/\/collectin.eu\/en\/wp-json\/wp\/v2\/product\/40745\/revisions\/40749"}],"wp:featuredmedia":[{"embeddable":true,"href":"https:\/\/collectin.eu\/en\/wp-json\/wp\/v2\/media\/40746"}],"wp:attachment":[{"href":"https:\/\/collectin.eu\/en\/wp-json\/wp\/v2\/media?parent=40745"}],"wp:term":[{"taxonomy":"product_brand","embeddable":true,"href":"https:\/\/collectin.eu\/en\/wp-json\/wp\/v2\/product_brand?post=40745"},{"taxonomy":"product_cat","embeddable":true,"href":"https:\/\/collectin.eu\/en\/wp-json\/wp\/v2\/product_cat?post=40745"},{"taxonomy":"product_tag","embeddable":true,"href":"https:\/\/collectin.eu\/en\/wp-json\/wp\/v2\/product_tag?post=40745"}],"curies":[{"name":"wp","href":"https:\/\/api.w.org\/{rel}","templated":true}]}}