{"id":40750,"date":"2026-04-21T08:20:30","date_gmt":"2026-04-21T08:20:30","guid":{"rendered":"https:\/\/collectin.eu\/?post_type=product&#038;p=40750"},"modified":"2026-04-21T08:20:31","modified_gmt":"2026-04-21T08:20:31","slug":"pop-backpacking-freddy","status":"publish","type":"product","link":"https:\/\/collectin.eu\/en\/product\/pop-backpacking-freddy\/","title":{"rendered":"Pop! Backpacking Freddy"},"content":{"rendered":"<p>\u201eFunko Pop! Backpacking Freddy Funko\u201c yra \u017eaismingas ir itin retas kolekcinis eksponatas, vaizduojantis pat\u012f \u201eFunko\u201c kompanijos simbol\u012f Fred\u012f, pasiruo\u0161us\u012f \u012fsimintinam \u017eygiui \u012f gamt\u0105. \u0160i fig\u016br\u0117l\u0117 meistri\u0161kai perteikia kelioni\u0173 entuziazm\u0105 \u2013 Fredis pavaizduotas su detaliai atkurta kuprine, turistiniais batais ir prakti\u0161ka apranga, skirta tyrin\u0117ti tolimiausius pasaulio kampelius. Charakteringa Fred\u017eio \u0161ypsena ir jo ikoni\u0161ka kar\u016bna \u0161ioje versijoje puikiai dera su aktyvaus laisvalaikio atributika, sukurdama unikal\u0173 derin\u012f, kuris itin vertinamas lojali\u0173 \u201eFunko\u201c gerb\u0117j\u0173. Kadangi Fred\u017eio fig\u016br\u0117l\u0117s da\u017eniausiai i\u0161leid\u017eiamos ribotais tira\u017eais specialioms progoms ar renginiams, \u0161is keliautojo \u012fvaizdis tampa ne tik stilingu lentynos akcentu, bet ir vertingu laimikiu bet kuriam kolekcininkui.<\/p>","protected":false},"excerpt":{"rendered":"<p>\u201eFunko Pop! Backpacking Freddy Funko\u201c yra \u017eaismingas ir itin retas kolekcinis eksponatas, vaizduojantis pat\u012f \u201eFunko\u201c kompanijos simbol\u012f Fred\u012f, pasiruo\u0161us\u012f \u012fsimintinam<\/p>","protected":false},"featured_media":40751,"comment_status":"open","ping_status":"closed","template":"","meta":[],"product_brand":[426],"product_cat":[680,409,498],"product_tag":[],"class_list":{"0":"post-40750","1":"product","2":"type-product","3":"status-publish","4":"has-post-thumbnail","6":"product_brand-funko-pop","7":"product_cat-figureles","8":"product_cat-funko-pop","9":"product_cat-pop-limited-edition","11":"first","12":"instock","13":"taxable","14":"shipping-taxable","15":"purchasable","16":"product-type-simple"},"yoast_head":"<!-- This site is optimized with the Yoast SEO plugin v25.9 - https:\/\/yoast.com\/wordpress\/plugins\/seo\/ -->\n<title>Pop! Backpacking Freddy - Collectin.eu<\/title>\n<meta name=\"description\" content=\"\u201eFunko Pop! Backpacking Freddy Funko\u201c yra \u017eaismingas ir itin retas kolekcinis eksponatas, vaizduojantis pat\u012f \u201eFunko\u201c kompanijos simbol\u012f Fred\u012f.\" \/>\n<meta name=\"robots\" content=\"index, follow, max-snippet:-1, max-image-preview:large, max-video-preview:-1\" \/>\n<link rel=\"canonical\" href=\"https:\/\/collectin.eu\/en\/product\/pop-backpacking-freddy\/\" \/>\n<meta property=\"og:locale\" content=\"en_US\" \/>\n<meta property=\"og:type\" content=\"article\" \/>\n<meta property=\"og:title\" content=\"Pop! Backpacking Freddy - Collectin.eu\" \/>\n<meta property=\"og:description\" content=\"\u201eFunko Pop! Backpacking Freddy Funko\u201c yra \u017eaismingas ir itin retas kolekcinis eksponatas, vaizduojantis pat\u012f \u201eFunko\u201c kompanijos simbol\u012f Fred\u012f.\" \/>\n<meta property=\"og:url\" content=\"https:\/\/collectin.eu\/en\/product\/pop-backpacking-freddy\/\" \/>\n<meta property=\"og:site_name\" content=\"Collectin.eu\" \/>\n<meta property=\"article:modified_time\" content=\"2026-04-21T08:20:31+00:00\" \/>\n<meta property=\"og:image\" content=\"http:\/\/collectin.eu\/wp-content\/uploads\/2026\/04\/Untitled-design-63.png\" \/>\n\t<meta property=\"og:image:width\" content=\"1080\" \/>\n\t<meta property=\"og:image:height\" content=\"1080\" \/>\n\t<meta property=\"og:image:type\" content=\"image\/png\" \/>\n<meta name=\"twitter:card\" content=\"summary_large_image\" \/>\n<meta name=\"twitter:label1\" content=\"Est. reading time\" \/>\n\t<meta name=\"twitter:data1\" content=\"1 minute\" \/>\n<script type=\"application\/ld+json\" class=\"yoast-schema-graph\">{\"@context\":\"https:\/\/schema.org\",\"@graph\":[{\"@type\":\"WebPage\",\"@id\":\"https:\/\/collectin.eu\/produktas\/pop-backpacking-freddy\/\",\"url\":\"https:\/\/collectin.eu\/produktas\/pop-backpacking-freddy\/\",\"name\":\"Pop! Backpacking Freddy - Collectin.eu\",\"isPartOf\":{\"@id\":\"https:\/\/collectin.eu\/#website\"},\"primaryImageOfPage\":{\"@id\":\"https:\/\/collectin.eu\/produktas\/pop-backpacking-freddy\/#primaryimage\"},\"image\":{\"@id\":\"https:\/\/collectin.eu\/produktas\/pop-backpacking-freddy\/#primaryimage\"},\"thumbnailUrl\":\"https:\/\/collectin.eu\/wp-content\/uploads\/2026\/04\/Untitled-design-63.png\",\"datePublished\":\"2026-04-21T08:20:30+00:00\",\"dateModified\":\"2026-04-21T08:20:31+00:00\",\"description\":\"\u201eFunko Pop! Backpacking Freddy Funko\u201c yra \u017eaismingas ir itin retas kolekcinis eksponatas, vaizduojantis pat\u012f \u201eFunko\u201c kompanijos simbol\u012f Fred\u012f.\",\"breadcrumb\":{\"@id\":\"https:\/\/collectin.eu\/produktas\/pop-backpacking-freddy\/#breadcrumb\"},\"inLanguage\":\"en-US\",\"potentialAction\":[{\"@type\":\"ReadAction\",\"target\":[\"https:\/\/collectin.eu\/produktas\/pop-backpacking-freddy\/\"]}]},{\"@type\":\"ImageObject\",\"inLanguage\":\"en-US\",\"@id\":\"https:\/\/collectin.eu\/produktas\/pop-backpacking-freddy\/#primaryimage\",\"url\":\"https:\/\/collectin.eu\/wp-content\/uploads\/2026\/04\/Untitled-design-63.png\",\"contentUrl\":\"https:\/\/collectin.eu\/wp-content\/uploads\/2026\/04\/Untitled-design-63.png\",\"width\":1080,\"height\":1080},{\"@type\":\"BreadcrumbList\",\"@id\":\"https:\/\/collectin.eu\/produktas\/pop-backpacking-freddy\/#breadcrumb\",\"itemListElement\":[{\"@type\":\"ListItem\",\"position\":1,\"name\":\"Home\",\"item\":\"https:\/\/collectin.eu\/\"},{\"@type\":\"ListItem\",\"position\":2,\"name\":\"Parduotuv\u0117\",\"item\":\"https:\/\/collectin.eu\/parduotuve\/\"},{\"@type\":\"ListItem\",\"position\":3,\"name\":\"Pop! Backpacking Freddy\"}]},{\"@type\":\"WebSite\",\"@id\":\"https:\/\/collectin.eu\/#website\",\"url\":\"https:\/\/collectin.eu\/\",\"name\":\"Collectin.eu\",\"description\":\"\",\"potentialAction\":[{\"@type\":\"SearchAction\",\"target\":{\"@type\":\"EntryPoint\",\"urlTemplate\":\"https:\/\/collectin.eu\/?s={search_term_string}\"},\"query-input\":{\"@type\":\"PropertyValueSpecification\",\"valueRequired\":true,\"valueName\":\"search_term_string\"}}],\"inLanguage\":\"en-US\"}]}<\/script>\n<!-- \/ Yoast SEO plugin. -->","yoast_head_json":{"title":"Pop! Backpacking Freddy - Collectin.eu","description":"\u201eFunko Pop! Backpacking Freddy Funko\u201c yra \u017eaismingas ir itin retas kolekcinis eksponatas, vaizduojantis pat\u012f \u201eFunko\u201c kompanijos simbol\u012f Fred\u012f.","robots":{"index":"index","follow":"follow","max-snippet":"max-snippet:-1","max-image-preview":"max-image-preview:large","max-video-preview":"max-video-preview:-1"},"canonical":"https:\/\/collectin.eu\/en\/product\/pop-backpacking-freddy\/","og_locale":"en_US","og_type":"article","og_title":"Pop! Backpacking Freddy - Collectin.eu","og_description":"\u201eFunko Pop! Backpacking Freddy Funko\u201c yra \u017eaismingas ir itin retas kolekcinis eksponatas, vaizduojantis pat\u012f \u201eFunko\u201c kompanijos simbol\u012f Fred\u012f.","og_url":"https:\/\/collectin.eu\/en\/product\/pop-backpacking-freddy\/","og_site_name":"Collectin.eu","article_modified_time":"2026-04-21T08:20:31+00:00","og_image":[{"width":1080,"height":1080,"url":"http:\/\/collectin.eu\/wp-content\/uploads\/2026\/04\/Untitled-design-63.png","type":"image\/png"}],"twitter_card":"summary_large_image","twitter_misc":{"Est. reading time":"1 minute"},"schema":{"@context":"https:\/\/schema.org","@graph":[{"@type":"WebPage","@id":"https:\/\/collectin.eu\/produktas\/pop-backpacking-freddy\/","url":"https:\/\/collectin.eu\/produktas\/pop-backpacking-freddy\/","name":"Pop! Backpacking Freddy - Collectin.eu","isPartOf":{"@id":"https:\/\/collectin.eu\/#website"},"primaryImageOfPage":{"@id":"https:\/\/collectin.eu\/produktas\/pop-backpacking-freddy\/#primaryimage"},"image":{"@id":"https:\/\/collectin.eu\/produktas\/pop-backpacking-freddy\/#primaryimage"},"thumbnailUrl":"https:\/\/collectin.eu\/wp-content\/uploads\/2026\/04\/Untitled-design-63.png","datePublished":"2026-04-21T08:20:30+00:00","dateModified":"2026-04-21T08:20:31+00:00","description":"\u201eFunko Pop! Backpacking Freddy Funko\u201c yra \u017eaismingas ir itin retas kolekcinis eksponatas, vaizduojantis pat\u012f \u201eFunko\u201c kompanijos simbol\u012f Fred\u012f.","breadcrumb":{"@id":"https:\/\/collectin.eu\/produktas\/pop-backpacking-freddy\/#breadcrumb"},"inLanguage":"en-US","potentialAction":[{"@type":"ReadAction","target":["https:\/\/collectin.eu\/produktas\/pop-backpacking-freddy\/"]}]},{"@type":"ImageObject","inLanguage":"en-US","@id":"https:\/\/collectin.eu\/produktas\/pop-backpacking-freddy\/#primaryimage","url":"https:\/\/collectin.eu\/wp-content\/uploads\/2026\/04\/Untitled-design-63.png","contentUrl":"https:\/\/collectin.eu\/wp-content\/uploads\/2026\/04\/Untitled-design-63.png","width":1080,"height":1080},{"@type":"BreadcrumbList","@id":"https:\/\/collectin.eu\/produktas\/pop-backpacking-freddy\/#breadcrumb","itemListElement":[{"@type":"ListItem","position":1,"name":"Home","item":"https:\/\/collectin.eu\/"},{"@type":"ListItem","position":2,"name":"Parduotuv\u0117","item":"https:\/\/collectin.eu\/parduotuve\/"},{"@type":"ListItem","position":3,"name":"Pop! Backpacking Freddy"}]},{"@type":"WebSite","@id":"https:\/\/collectin.eu\/#website","url":"https:\/\/collectin.eu\/","name":"Collectin.eu","description":"","potentialAction":[{"@type":"SearchAction","target":{"@type":"EntryPoint","urlTemplate":"https:\/\/collectin.eu\/?s={search_term_string}"},"query-input":{"@type":"PropertyValueSpecification","valueRequired":true,"valueName":"search_term_string"}}],"inLanguage":"en-US"}]}},"jetpack_sharing_enabled":true,"_links":{"self":[{"href":"https:\/\/collectin.eu\/en\/wp-json\/wp\/v2\/product\/40750","targetHints":{"allow":["GET"]}}],"collection":[{"href":"https:\/\/collectin.eu\/en\/wp-json\/wp\/v2\/product"}],"about":[{"href":"https:\/\/collectin.eu\/en\/wp-json\/wp\/v2\/types\/product"}],"replies":[{"embeddable":true,"href":"https:\/\/collectin.eu\/en\/wp-json\/wp\/v2\/comments?post=40750"}],"version-history":[{"count":2,"href":"https:\/\/collectin.eu\/en\/wp-json\/wp\/v2\/product\/40750\/revisions"}],"predecessor-version":[{"id":40754,"href":"https:\/\/collectin.eu\/en\/wp-json\/wp\/v2\/product\/40750\/revisions\/40754"}],"wp:featuredmedia":[{"embeddable":true,"href":"https:\/\/collectin.eu\/en\/wp-json\/wp\/v2\/media\/40751"}],"wp:attachment":[{"href":"https:\/\/collectin.eu\/en\/wp-json\/wp\/v2\/media?parent=40750"}],"wp:term":[{"taxonomy":"product_brand","embeddable":true,"href":"https:\/\/collectin.eu\/en\/wp-json\/wp\/v2\/product_brand?post=40750"},{"taxonomy":"product_cat","embeddable":true,"href":"https:\/\/collectin.eu\/en\/wp-json\/wp\/v2\/product_cat?post=40750"},{"taxonomy":"product_tag","embeddable":true,"href":"https:\/\/collectin.eu\/en\/wp-json\/wp\/v2\/product_tag?post=40750"}],"curies":[{"name":"wp","href":"https:\/\/api.w.org\/{rel}","templated":true}]}}