{"id":40755,"date":"2026-04-21T08:24:19","date_gmt":"2026-04-21T08:24:19","guid":{"rendered":"https:\/\/collectin.eu\/?post_type=product&#038;p=40755"},"modified":"2026-04-21T08:24:19","modified_gmt":"2026-04-21T08:24:19","slug":"pop-justin-captain-uniform","status":"publish","type":"product","link":"https:\/\/collectin.eu\/en\/product\/pop-justin-captain-uniform\/","title":{"rendered":"Pop! Justin (Captain Uniform)"},"content":{"rendered":"<p>Atidaroma naujame lange \u201eFunko Pop! Justin (Captain Uniform)\u201c yra i\u0161skirtinis ir autoritetingas kolekcinis eksponatas, pasirodantis ambicingojo \u201eFunko Fusion\u201c vaizdo \u017eaidimo kontekste. \u0160i fig\u016br\u0117l\u0117 \u012fam\u017eina persona\u017e\u0105 Justin\u0105, vilkint\u012f grie\u017et\u0105 ir detaliai atkurt\u0105 kapitono uniform\u0105, kuri suteikia jam lyderio laikysen\u0105 bei oficialumo poj\u016bt\u012f. Precizi\u0161kai nupie\u0161ti antpe\u010diai, sagos ir uniformos elementai pabr\u0117\u017eia auk\u0161t\u0105 gamybos kokyb\u0119, o b\u016bdingas \u201eFunko Pop!\u201c stilius suteikia \u0161iam persona\u017eui savit\u0105, \u017eaisming\u0105 charakter\u012f. Tai puikus pasirinkimas vaizdo \u017eaidim\u0173 entuziastams ir kolekcionieriams, siekiantiems u\u017epildyti savo lentynas unikaliais persona\u017eais, kurie pasi\u017eymi tiek elegancija, tiek modernia popkult\u016bros estetika.<\/p>","protected":false},"excerpt":{"rendered":"<p>Atidaroma naujame lange \u201eFunko Pop! Justin (Captain Uniform)\u201c yra i\u0161skirtinis ir autoritetingas kolekcinis eksponatas, pasirodantis ambicingojo \u201eFunko Fusion\u201c vaizdo \u017eaidimo<\/p>","protected":false},"featured_media":40756,"comment_status":"open","ping_status":"closed","template":"","meta":[],"product_brand":[426],"product_cat":[680,409,448],"product_tag":[],"class_list":{"0":"post-40755","1":"product","2":"type-product","3":"status-publish","4":"has-post-thumbnail","6":"product_brand-funko-pop","7":"product_cat-figureles","8":"product_cat-funko-pop","9":"product_cat-pop-movies","11":"first","12":"instock","13":"taxable","14":"shipping-taxable","15":"purchasable","16":"product-type-simple"},"yoast_head":"<!-- This site is optimized with the Yoast SEO plugin v25.9 - https:\/\/yoast.com\/wordpress\/plugins\/seo\/ -->\n<title>Pop! Justin (Captain Uniform) - Collectin.eu<\/title>\n<meta name=\"description\" content=\"Atidaroma naujame lange \u201eFunko Pop! Justin (Captain Uniform)\u201c yra i\u0161skirtinis ir autoritetingas kolekcinis eksponatas, pasirodantis ambicingojo \u201eFunko Fusion\u201c vaizdo \u017eaidimo kontekste.\" \/>\n<meta name=\"robots\" content=\"index, follow, max-snippet:-1, max-image-preview:large, max-video-preview:-1\" \/>\n<link rel=\"canonical\" href=\"https:\/\/collectin.eu\/en\/product\/pop-justin-captain-uniform\/\" \/>\n<meta property=\"og:locale\" content=\"en_US\" \/>\n<meta property=\"og:type\" content=\"article\" \/>\n<meta property=\"og:title\" content=\"Pop! Justin (Captain Uniform) - Collectin.eu\" \/>\n<meta property=\"og:description\" content=\"Atidaroma naujame lange \u201eFunko Pop! Justin (Captain Uniform)\u201c yra i\u0161skirtinis ir autoritetingas kolekcinis eksponatas, pasirodantis ambicingojo \u201eFunko Fusion\u201c vaizdo \u017eaidimo kontekste.\" \/>\n<meta property=\"og:url\" content=\"https:\/\/collectin.eu\/en\/product\/pop-justin-captain-uniform\/\" \/>\n<meta property=\"og:site_name\" content=\"Collectin.eu\" \/>\n<meta property=\"og:image\" content=\"http:\/\/collectin.eu\/wp-content\/uploads\/2026\/04\/Untitled-design-65.png\" \/>\n\t<meta property=\"og:image:width\" content=\"1080\" \/>\n\t<meta property=\"og:image:height\" content=\"1080\" \/>\n\t<meta property=\"og:image:type\" content=\"image\/png\" \/>\n<meta name=\"twitter:card\" content=\"summary_large_image\" \/>\n<meta name=\"twitter:label1\" content=\"Est. reading time\" \/>\n\t<meta name=\"twitter:data1\" content=\"1 minute\" \/>\n<script type=\"application\/ld+json\" class=\"yoast-schema-graph\">{\"@context\":\"https:\/\/schema.org\",\"@graph\":[{\"@type\":\"WebPage\",\"@id\":\"https:\/\/collectin.eu\/produktas\/pop-justin-captain-uniform\/\",\"url\":\"https:\/\/collectin.eu\/produktas\/pop-justin-captain-uniform\/\",\"name\":\"Pop! Justin (Captain Uniform) - Collectin.eu\",\"isPartOf\":{\"@id\":\"https:\/\/collectin.eu\/#website\"},\"primaryImageOfPage\":{\"@id\":\"https:\/\/collectin.eu\/produktas\/pop-justin-captain-uniform\/#primaryimage\"},\"image\":{\"@id\":\"https:\/\/collectin.eu\/produktas\/pop-justin-captain-uniform\/#primaryimage\"},\"thumbnailUrl\":\"https:\/\/collectin.eu\/wp-content\/uploads\/2026\/04\/Untitled-design-65.png\",\"datePublished\":\"2026-04-21T08:24:19+00:00\",\"description\":\"Atidaroma naujame lange \u201eFunko Pop! Justin (Captain Uniform)\u201c yra i\u0161skirtinis ir autoritetingas kolekcinis eksponatas, pasirodantis ambicingojo \u201eFunko Fusion\u201c vaizdo \u017eaidimo kontekste.\",\"breadcrumb\":{\"@id\":\"https:\/\/collectin.eu\/produktas\/pop-justin-captain-uniform\/#breadcrumb\"},\"inLanguage\":\"en-US\",\"potentialAction\":[{\"@type\":\"ReadAction\",\"target\":[\"https:\/\/collectin.eu\/produktas\/pop-justin-captain-uniform\/\"]}]},{\"@type\":\"ImageObject\",\"inLanguage\":\"en-US\",\"@id\":\"https:\/\/collectin.eu\/produktas\/pop-justin-captain-uniform\/#primaryimage\",\"url\":\"https:\/\/collectin.eu\/wp-content\/uploads\/2026\/04\/Untitled-design-65.png\",\"contentUrl\":\"https:\/\/collectin.eu\/wp-content\/uploads\/2026\/04\/Untitled-design-65.png\",\"width\":1080,\"height\":1080},{\"@type\":\"BreadcrumbList\",\"@id\":\"https:\/\/collectin.eu\/produktas\/pop-justin-captain-uniform\/#breadcrumb\",\"itemListElement\":[{\"@type\":\"ListItem\",\"position\":1,\"name\":\"Home\",\"item\":\"https:\/\/collectin.eu\/\"},{\"@type\":\"ListItem\",\"position\":2,\"name\":\"Parduotuv\u0117\",\"item\":\"https:\/\/collectin.eu\/parduotuve\/\"},{\"@type\":\"ListItem\",\"position\":3,\"name\":\"Pop! Justin (Captain Uniform)\"}]},{\"@type\":\"WebSite\",\"@id\":\"https:\/\/collectin.eu\/#website\",\"url\":\"https:\/\/collectin.eu\/\",\"name\":\"Collectin.eu\",\"description\":\"\",\"potentialAction\":[{\"@type\":\"SearchAction\",\"target\":{\"@type\":\"EntryPoint\",\"urlTemplate\":\"https:\/\/collectin.eu\/?s={search_term_string}\"},\"query-input\":{\"@type\":\"PropertyValueSpecification\",\"valueRequired\":true,\"valueName\":\"search_term_string\"}}],\"inLanguage\":\"en-US\"}]}<\/script>\n<!-- \/ Yoast SEO plugin. -->","yoast_head_json":{"title":"Pop! Justin (Captain Uniform) - Collectin.eu","description":"Atidaroma naujame lange \u201eFunko Pop! Justin (Captain Uniform)\u201c yra i\u0161skirtinis ir autoritetingas kolekcinis eksponatas, pasirodantis ambicingojo \u201eFunko Fusion\u201c vaizdo \u017eaidimo kontekste.","robots":{"index":"index","follow":"follow","max-snippet":"max-snippet:-1","max-image-preview":"max-image-preview:large","max-video-preview":"max-video-preview:-1"},"canonical":"https:\/\/collectin.eu\/en\/product\/pop-justin-captain-uniform\/","og_locale":"en_US","og_type":"article","og_title":"Pop! Justin (Captain Uniform) - Collectin.eu","og_description":"Atidaroma naujame lange \u201eFunko Pop! Justin (Captain Uniform)\u201c yra i\u0161skirtinis ir autoritetingas kolekcinis eksponatas, pasirodantis ambicingojo \u201eFunko Fusion\u201c vaizdo \u017eaidimo kontekste.","og_url":"https:\/\/collectin.eu\/en\/product\/pop-justin-captain-uniform\/","og_site_name":"Collectin.eu","og_image":[{"width":1080,"height":1080,"url":"http:\/\/collectin.eu\/wp-content\/uploads\/2026\/04\/Untitled-design-65.png","type":"image\/png"}],"twitter_card":"summary_large_image","twitter_misc":{"Est. reading time":"1 minute"},"schema":{"@context":"https:\/\/schema.org","@graph":[{"@type":"WebPage","@id":"https:\/\/collectin.eu\/produktas\/pop-justin-captain-uniform\/","url":"https:\/\/collectin.eu\/produktas\/pop-justin-captain-uniform\/","name":"Pop! Justin (Captain Uniform) - Collectin.eu","isPartOf":{"@id":"https:\/\/collectin.eu\/#website"},"primaryImageOfPage":{"@id":"https:\/\/collectin.eu\/produktas\/pop-justin-captain-uniform\/#primaryimage"},"image":{"@id":"https:\/\/collectin.eu\/produktas\/pop-justin-captain-uniform\/#primaryimage"},"thumbnailUrl":"https:\/\/collectin.eu\/wp-content\/uploads\/2026\/04\/Untitled-design-65.png","datePublished":"2026-04-21T08:24:19+00:00","description":"Atidaroma naujame lange \u201eFunko Pop! Justin (Captain Uniform)\u201c yra i\u0161skirtinis ir autoritetingas kolekcinis eksponatas, pasirodantis ambicingojo \u201eFunko Fusion\u201c vaizdo \u017eaidimo kontekste.","breadcrumb":{"@id":"https:\/\/collectin.eu\/produktas\/pop-justin-captain-uniform\/#breadcrumb"},"inLanguage":"en-US","potentialAction":[{"@type":"ReadAction","target":["https:\/\/collectin.eu\/produktas\/pop-justin-captain-uniform\/"]}]},{"@type":"ImageObject","inLanguage":"en-US","@id":"https:\/\/collectin.eu\/produktas\/pop-justin-captain-uniform\/#primaryimage","url":"https:\/\/collectin.eu\/wp-content\/uploads\/2026\/04\/Untitled-design-65.png","contentUrl":"https:\/\/collectin.eu\/wp-content\/uploads\/2026\/04\/Untitled-design-65.png","width":1080,"height":1080},{"@type":"BreadcrumbList","@id":"https:\/\/collectin.eu\/produktas\/pop-justin-captain-uniform\/#breadcrumb","itemListElement":[{"@type":"ListItem","position":1,"name":"Home","item":"https:\/\/collectin.eu\/"},{"@type":"ListItem","position":2,"name":"Parduotuv\u0117","item":"https:\/\/collectin.eu\/parduotuve\/"},{"@type":"ListItem","position":3,"name":"Pop! Justin (Captain Uniform)"}]},{"@type":"WebSite","@id":"https:\/\/collectin.eu\/#website","url":"https:\/\/collectin.eu\/","name":"Collectin.eu","description":"","potentialAction":[{"@type":"SearchAction","target":{"@type":"EntryPoint","urlTemplate":"https:\/\/collectin.eu\/?s={search_term_string}"},"query-input":{"@type":"PropertyValueSpecification","valueRequired":true,"valueName":"search_term_string"}}],"inLanguage":"en-US"}]}},"jetpack_sharing_enabled":true,"_links":{"self":[{"href":"https:\/\/collectin.eu\/en\/wp-json\/wp\/v2\/product\/40755","targetHints":{"allow":["GET"]}}],"collection":[{"href":"https:\/\/collectin.eu\/en\/wp-json\/wp\/v2\/product"}],"about":[{"href":"https:\/\/collectin.eu\/en\/wp-json\/wp\/v2\/types\/product"}],"replies":[{"embeddable":true,"href":"https:\/\/collectin.eu\/en\/wp-json\/wp\/v2\/comments?post=40755"}],"version-history":[{"count":2,"href":"https:\/\/collectin.eu\/en\/wp-json\/wp\/v2\/product\/40755\/revisions"}],"predecessor-version":[{"id":40759,"href":"https:\/\/collectin.eu\/en\/wp-json\/wp\/v2\/product\/40755\/revisions\/40759"}],"wp:featuredmedia":[{"embeddable":true,"href":"https:\/\/collectin.eu\/en\/wp-json\/wp\/v2\/media\/40756"}],"wp:attachment":[{"href":"https:\/\/collectin.eu\/en\/wp-json\/wp\/v2\/media?parent=40755"}],"wp:term":[{"taxonomy":"product_brand","embeddable":true,"href":"https:\/\/collectin.eu\/en\/wp-json\/wp\/v2\/product_brand?post=40755"},{"taxonomy":"product_cat","embeddable":true,"href":"https:\/\/collectin.eu\/en\/wp-json\/wp\/v2\/product_cat?post=40755"},{"taxonomy":"product_tag","embeddable":true,"href":"https:\/\/collectin.eu\/en\/wp-json\/wp\/v2\/product_tag?post=40755"}],"curies":[{"name":"wp","href":"https:\/\/api.w.org\/{rel}","templated":true}]}}