{"id":40760,"date":"2026-04-21T08:28:08","date_gmt":"2026-04-21T08:28:08","guid":{"rendered":"https:\/\/collectin.eu\/?post_type=product&#038;p=40760"},"modified":"2026-04-21T08:28:08","modified_gmt":"2026-04-21T08:28:08","slug":"pop-dr-phosphorus-glow","status":"publish","type":"product","link":"https:\/\/collectin.eu\/en\/product\/pop-dr-phosphorus-glow\/","title":{"rendered":"Pop! Dr. Phosphorus (Glow)"},"content":{"rendered":"<p>\u201eFunko Pop! DC: Dr. Phosphorus (Glow)\u201c yra vizualiai stulbinantis ir radioaktyvia energija spinduliuojantis eksponatas, \u012fam\u017einantis vien\u0105 pavojingiausi\u0173 ir vizualiai unikaliausi\u0173 Betmeno prie\u0161inink\u0173. \u0160i fig\u016br\u0117l\u0117 meistri\u0161kai perteikia daktaro Fosforo \u0161iurp\u0173j\u012f \u012fvaizd\u012f \u2013 po skaidria, degan\u010di\u0105 od\u0105 imituojan\u010dia i\u0161ore matomas \u0161iurp\u0105 keliantis skeletas, kuris sukuria gylio ir mistikos poj\u016bt\u012f. Svarbiausia \u0161io modelio savyb\u0117 yra speciali \u201eGlow in the Dark\u201c funkcija, leid\u017eianti fig\u016br\u0117lei tamsoje skleisti gr\u0117sming\u0105 liuminescencin\u012f \u0161vyt\u0117jim\u0105, puikiai atitinkant\u012f persona\u017eo geb\u0117jim\u0105 generuoti mil\u017eini\u0161k\u0105 kar\u0161t\u012f ir spinduliuot\u0119. Detalus dizainas ir ry\u0161kios, degan\u010dios ugnies atspalvi\u0173 detal\u0117s paver\u010dia \u0161\u012f eksponat\u0105 tikra bet kurios lentynos \u017evaig\u017ede, kuri akimirksniu patraukia d\u0117mes\u012f tiek dien\u0105, tiek nakt\u012f. Tai privalomas pirkinys DC visatos gerb\u0117jams ir kolekcionieriams<\/p>","protected":false},"excerpt":{"rendered":"<p>\u201eFunko Pop! DC: Dr. Phosphorus (Glow)\u201c yra vizualiai stulbinantis ir radioaktyvia energija spinduliuojantis eksponatas, \u012fam\u017einantis vien\u0105 pavojingiausi\u0173 ir vizualiai unikaliausi\u0173<\/p>","protected":false},"featured_media":40761,"comment_status":"open","ping_status":"closed","template":"","meta":[],"product_brand":[426],"product_cat":[680,409,447],"product_tag":[],"class_list":{"0":"post-40760","1":"product","2":"type-product","3":"status-publish","4":"has-post-thumbnail","6":"product_brand-funko-pop","7":"product_cat-figureles","8":"product_cat-funko-pop","9":"product_cat-pop-dc-heroes","11":"first","12":"instock","13":"taxable","14":"shipping-taxable","15":"purchasable","16":"product-type-simple"},"yoast_head":"<!-- This site is optimized with the Yoast SEO plugin v25.9 - https:\/\/yoast.com\/wordpress\/plugins\/seo\/ -->\n<title>Pop! Dr. Phosphorus (Glow) - Collectin.eu<\/title>\n<meta name=\"description\" content=\"\u201eFunko Pop! DC: Dr. Phosphorus (Glow)\u201c yra vizualiai stulbinantis ir radioaktyvia energija spinduliuojantis eksponatas, \u012fam\u017einantis vien\u0105 pavojingiausi\u0173 ir vizualiai unikaliausi\u0173 Betmeno prie\u0161inink\u0173.\" \/>\n<meta name=\"robots\" content=\"index, follow, max-snippet:-1, max-image-preview:large, max-video-preview:-1\" \/>\n<link rel=\"canonical\" href=\"https:\/\/collectin.eu\/en\/product\/pop-dr-phosphorus-glow\/\" \/>\n<meta property=\"og:locale\" content=\"en_US\" \/>\n<meta property=\"og:type\" content=\"article\" \/>\n<meta property=\"og:title\" content=\"Pop! Dr. Phosphorus (Glow) - Collectin.eu\" \/>\n<meta property=\"og:description\" content=\"\u201eFunko Pop! DC: Dr. Phosphorus (Glow)\u201c yra vizualiai stulbinantis ir radioaktyvia energija spinduliuojantis eksponatas, \u012fam\u017einantis vien\u0105 pavojingiausi\u0173 ir vizualiai unikaliausi\u0173 Betmeno prie\u0161inink\u0173.\" \/>\n<meta property=\"og:url\" content=\"https:\/\/collectin.eu\/en\/product\/pop-dr-phosphorus-glow\/\" \/>\n<meta property=\"og:site_name\" content=\"Collectin.eu\" \/>\n<meta property=\"og:image\" content=\"http:\/\/collectin.eu\/wp-content\/uploads\/2026\/04\/Untitled-design-67.png\" \/>\n\t<meta property=\"og:image:width\" content=\"1080\" \/>\n\t<meta property=\"og:image:height\" content=\"1080\" \/>\n\t<meta property=\"og:image:type\" content=\"image\/png\" \/>\n<meta name=\"twitter:card\" content=\"summary_large_image\" \/>\n<meta name=\"twitter:label1\" content=\"Est. reading time\" \/>\n\t<meta name=\"twitter:data1\" content=\"1 minute\" \/>\n<script type=\"application\/ld+json\" class=\"yoast-schema-graph\">{\"@context\":\"https:\/\/schema.org\",\"@graph\":[{\"@type\":\"WebPage\",\"@id\":\"https:\/\/collectin.eu\/produktas\/pop-dr-phosphorus-glow\/\",\"url\":\"https:\/\/collectin.eu\/produktas\/pop-dr-phosphorus-glow\/\",\"name\":\"Pop! Dr. Phosphorus (Glow) - Collectin.eu\",\"isPartOf\":{\"@id\":\"https:\/\/collectin.eu\/#website\"},\"primaryImageOfPage\":{\"@id\":\"https:\/\/collectin.eu\/produktas\/pop-dr-phosphorus-glow\/#primaryimage\"},\"image\":{\"@id\":\"https:\/\/collectin.eu\/produktas\/pop-dr-phosphorus-glow\/#primaryimage\"},\"thumbnailUrl\":\"https:\/\/collectin.eu\/wp-content\/uploads\/2026\/04\/Untitled-design-67.png\",\"datePublished\":\"2026-04-21T08:28:08+00:00\",\"description\":\"\u201eFunko Pop! DC: Dr. Phosphorus (Glow)\u201c yra vizualiai stulbinantis ir radioaktyvia energija spinduliuojantis eksponatas, \u012fam\u017einantis vien\u0105 pavojingiausi\u0173 ir vizualiai unikaliausi\u0173 Betmeno prie\u0161inink\u0173.\",\"breadcrumb\":{\"@id\":\"https:\/\/collectin.eu\/produktas\/pop-dr-phosphorus-glow\/#breadcrumb\"},\"inLanguage\":\"en-US\",\"potentialAction\":[{\"@type\":\"ReadAction\",\"target\":[\"https:\/\/collectin.eu\/produktas\/pop-dr-phosphorus-glow\/\"]}]},{\"@type\":\"ImageObject\",\"inLanguage\":\"en-US\",\"@id\":\"https:\/\/collectin.eu\/produktas\/pop-dr-phosphorus-glow\/#primaryimage\",\"url\":\"https:\/\/collectin.eu\/wp-content\/uploads\/2026\/04\/Untitled-design-67.png\",\"contentUrl\":\"https:\/\/collectin.eu\/wp-content\/uploads\/2026\/04\/Untitled-design-67.png\",\"width\":1080,\"height\":1080},{\"@type\":\"BreadcrumbList\",\"@id\":\"https:\/\/collectin.eu\/produktas\/pop-dr-phosphorus-glow\/#breadcrumb\",\"itemListElement\":[{\"@type\":\"ListItem\",\"position\":1,\"name\":\"Home\",\"item\":\"https:\/\/collectin.eu\/\"},{\"@type\":\"ListItem\",\"position\":2,\"name\":\"Parduotuv\u0117\",\"item\":\"https:\/\/collectin.eu\/parduotuve\/\"},{\"@type\":\"ListItem\",\"position\":3,\"name\":\"Pop! Dr. Phosphorus (Glow)\"}]},{\"@type\":\"WebSite\",\"@id\":\"https:\/\/collectin.eu\/#website\",\"url\":\"https:\/\/collectin.eu\/\",\"name\":\"Collectin.eu\",\"description\":\"\",\"potentialAction\":[{\"@type\":\"SearchAction\",\"target\":{\"@type\":\"EntryPoint\",\"urlTemplate\":\"https:\/\/collectin.eu\/?s={search_term_string}\"},\"query-input\":{\"@type\":\"PropertyValueSpecification\",\"valueRequired\":true,\"valueName\":\"search_term_string\"}}],\"inLanguage\":\"en-US\"}]}<\/script>\n<!-- \/ Yoast SEO plugin. -->","yoast_head_json":{"title":"Pop! Dr. Phosphorus (Glow) - Collectin.eu","description":"\u201eFunko Pop! DC: Dr. Phosphorus (Glow)\u201c yra vizualiai stulbinantis ir radioaktyvia energija spinduliuojantis eksponatas, \u012fam\u017einantis vien\u0105 pavojingiausi\u0173 ir vizualiai unikaliausi\u0173 Betmeno prie\u0161inink\u0173.","robots":{"index":"index","follow":"follow","max-snippet":"max-snippet:-1","max-image-preview":"max-image-preview:large","max-video-preview":"max-video-preview:-1"},"canonical":"https:\/\/collectin.eu\/en\/product\/pop-dr-phosphorus-glow\/","og_locale":"en_US","og_type":"article","og_title":"Pop! Dr. Phosphorus (Glow) - Collectin.eu","og_description":"\u201eFunko Pop! DC: Dr. Phosphorus (Glow)\u201c yra vizualiai stulbinantis ir radioaktyvia energija spinduliuojantis eksponatas, \u012fam\u017einantis vien\u0105 pavojingiausi\u0173 ir vizualiai unikaliausi\u0173 Betmeno prie\u0161inink\u0173.","og_url":"https:\/\/collectin.eu\/en\/product\/pop-dr-phosphorus-glow\/","og_site_name":"Collectin.eu","og_image":[{"width":1080,"height":1080,"url":"http:\/\/collectin.eu\/wp-content\/uploads\/2026\/04\/Untitled-design-67.png","type":"image\/png"}],"twitter_card":"summary_large_image","twitter_misc":{"Est. reading time":"1 minute"},"schema":{"@context":"https:\/\/schema.org","@graph":[{"@type":"WebPage","@id":"https:\/\/collectin.eu\/produktas\/pop-dr-phosphorus-glow\/","url":"https:\/\/collectin.eu\/produktas\/pop-dr-phosphorus-glow\/","name":"Pop! Dr. Phosphorus (Glow) - Collectin.eu","isPartOf":{"@id":"https:\/\/collectin.eu\/#website"},"primaryImageOfPage":{"@id":"https:\/\/collectin.eu\/produktas\/pop-dr-phosphorus-glow\/#primaryimage"},"image":{"@id":"https:\/\/collectin.eu\/produktas\/pop-dr-phosphorus-glow\/#primaryimage"},"thumbnailUrl":"https:\/\/collectin.eu\/wp-content\/uploads\/2026\/04\/Untitled-design-67.png","datePublished":"2026-04-21T08:28:08+00:00","description":"\u201eFunko Pop! DC: Dr. Phosphorus (Glow)\u201c yra vizualiai stulbinantis ir radioaktyvia energija spinduliuojantis eksponatas, \u012fam\u017einantis vien\u0105 pavojingiausi\u0173 ir vizualiai unikaliausi\u0173 Betmeno prie\u0161inink\u0173.","breadcrumb":{"@id":"https:\/\/collectin.eu\/produktas\/pop-dr-phosphorus-glow\/#breadcrumb"},"inLanguage":"en-US","potentialAction":[{"@type":"ReadAction","target":["https:\/\/collectin.eu\/produktas\/pop-dr-phosphorus-glow\/"]}]},{"@type":"ImageObject","inLanguage":"en-US","@id":"https:\/\/collectin.eu\/produktas\/pop-dr-phosphorus-glow\/#primaryimage","url":"https:\/\/collectin.eu\/wp-content\/uploads\/2026\/04\/Untitled-design-67.png","contentUrl":"https:\/\/collectin.eu\/wp-content\/uploads\/2026\/04\/Untitled-design-67.png","width":1080,"height":1080},{"@type":"BreadcrumbList","@id":"https:\/\/collectin.eu\/produktas\/pop-dr-phosphorus-glow\/#breadcrumb","itemListElement":[{"@type":"ListItem","position":1,"name":"Home","item":"https:\/\/collectin.eu\/"},{"@type":"ListItem","position":2,"name":"Parduotuv\u0117","item":"https:\/\/collectin.eu\/parduotuve\/"},{"@type":"ListItem","position":3,"name":"Pop! Dr. Phosphorus (Glow)"}]},{"@type":"WebSite","@id":"https:\/\/collectin.eu\/#website","url":"https:\/\/collectin.eu\/","name":"Collectin.eu","description":"","potentialAction":[{"@type":"SearchAction","target":{"@type":"EntryPoint","urlTemplate":"https:\/\/collectin.eu\/?s={search_term_string}"},"query-input":{"@type":"PropertyValueSpecification","valueRequired":true,"valueName":"search_term_string"}}],"inLanguage":"en-US"}]}},"jetpack_sharing_enabled":true,"_links":{"self":[{"href":"https:\/\/collectin.eu\/en\/wp-json\/wp\/v2\/product\/40760","targetHints":{"allow":["GET"]}}],"collection":[{"href":"https:\/\/collectin.eu\/en\/wp-json\/wp\/v2\/product"}],"about":[{"href":"https:\/\/collectin.eu\/en\/wp-json\/wp\/v2\/types\/product"}],"replies":[{"embeddable":true,"href":"https:\/\/collectin.eu\/en\/wp-json\/wp\/v2\/comments?post=40760"}],"version-history":[{"count":2,"href":"https:\/\/collectin.eu\/en\/wp-json\/wp\/v2\/product\/40760\/revisions"}],"predecessor-version":[{"id":40764,"href":"https:\/\/collectin.eu\/en\/wp-json\/wp\/v2\/product\/40760\/revisions\/40764"}],"wp:featuredmedia":[{"embeddable":true,"href":"https:\/\/collectin.eu\/en\/wp-json\/wp\/v2\/media\/40761"}],"wp:attachment":[{"href":"https:\/\/collectin.eu\/en\/wp-json\/wp\/v2\/media?parent=40760"}],"wp:term":[{"taxonomy":"product_brand","embeddable":true,"href":"https:\/\/collectin.eu\/en\/wp-json\/wp\/v2\/product_brand?post=40760"},{"taxonomy":"product_cat","embeddable":true,"href":"https:\/\/collectin.eu\/en\/wp-json\/wp\/v2\/product_cat?post=40760"},{"taxonomy":"product_tag","embeddable":true,"href":"https:\/\/collectin.eu\/en\/wp-json\/wp\/v2\/product_tag?post=40760"}],"curies":[{"name":"wp","href":"https:\/\/api.w.org\/{rel}","templated":true}]}}