{"id":40765,"date":"2026-04-21T08:32:20","date_gmt":"2026-04-21T08:32:20","guid":{"rendered":"https:\/\/collectin.eu\/?post_type=product&#038;p=40765"},"modified":"2026-04-21T08:32:20","modified_gmt":"2026-04-21T08:32:20","slug":"pop-plus-space-ghost-with-shark","status":"publish","type":"product","link":"https:\/\/collectin.eu\/en\/product\/pop-plus-space-ghost-with-shark\/","title":{"rendered":"Pop! Plus Space Ghost with Shark"},"content":{"rendered":"<p>\u201eFunko Pop! Plus: Space Ghost with Shark\u201c yra i\u0161skirtinis ir nostalgi\u0161kas kolekcinis eksponatas, sugr\u0105\u017einantis \u012f ekranus kultin\u012f 1960-\u0173j\u0173 animacin\u012f heroj\u0173 i\u0161 Hanna-Barbera visatos. \u0160i fig\u016br\u0117l\u0117 meistri\u0161kai \u012fam\u017eina tarpgalaktin\u012f kovotoj\u0105 Space Ghost su jo firminiu baltu kostiumu, ry\u0161kiai geltonu apsiaustu ir paslapting\u0105ja kauke, o unikalumo \u0161iam leidimui suteikia kartu pavaizduotas ryklys, primenantis apie siurrealistinius ir linksmus persona\u017eo nuotykius. \u201ePop! Plus\u201c serija pasi\u017eymi \u0161iek tiek didesniu detalumu ar papildomais elementais, kurie pabr\u0117\u017eia klasikin\u0117s animacijos \u017eaves\u012f ir heroj\u0173 charizm\u0105. Tai ne tik stilingas retro akcentas bet kuriai lentynai, bet ir vertingas radinys tiems, kurie vertina animacijos aukso am\u017ei\u0173 bei ie\u0161ko i\u0161skirtini\u0173 s\u0105saj\u0173 tarp kosmini\u0173 nuotyki\u0173 ir vandenyno gelmi\u0173 paslap\u010di\u0173.<\/p>","protected":false},"excerpt":{"rendered":"<p>\u201eFunko Pop! Plus: Space Ghost with Shark\u201c yra i\u0161skirtinis ir nostalgi\u0161kas kolekcinis eksponatas, sugr\u0105\u017einantis \u012f ekranus kultin\u012f 1960-\u0173j\u0173 animacin\u012f heroj\u0173<\/p>","protected":false},"featured_media":40766,"comment_status":"open","ping_status":"closed","template":"","meta":[],"product_brand":[426],"product_cat":[680,409,448],"product_tag":[],"class_list":{"0":"post-40765","1":"product","2":"type-product","3":"status-publish","4":"has-post-thumbnail","6":"product_brand-funko-pop","7":"product_cat-figureles","8":"product_cat-funko-pop","9":"product_cat-pop-movies","11":"first","12":"instock","13":"taxable","14":"shipping-taxable","15":"purchasable","16":"product-type-simple"},"yoast_head":"<!-- This site is optimized with the Yoast SEO plugin v25.9 - https:\/\/yoast.com\/wordpress\/plugins\/seo\/ -->\n<title>Pop! Plus Space Ghost with Shark - Collectin.eu<\/title>\n<meta name=\"description\" content=\"\u201eFunko Pop! Plus: Space Ghost with Shark\u201c yra i\u0161skirtinis ir nostalgi\u0161kas kolekcinis eksponatas, sugr\u0105\u017einantis \u012f ekranus kultin\u012f 1960-\u0173j\u0173 animacin\u012f heroj\u0173 i\u0161 Hanna-Barbera visatos.\" \/>\n<meta name=\"robots\" content=\"index, follow, max-snippet:-1, max-image-preview:large, max-video-preview:-1\" \/>\n<link rel=\"canonical\" href=\"https:\/\/collectin.eu\/en\/product\/pop-plus-space-ghost-with-shark\/\" \/>\n<meta property=\"og:locale\" content=\"en_US\" \/>\n<meta property=\"og:type\" content=\"article\" \/>\n<meta property=\"og:title\" content=\"Pop! Plus Space Ghost with Shark - Collectin.eu\" \/>\n<meta property=\"og:description\" content=\"\u201eFunko Pop! Plus: Space Ghost with Shark\u201c yra i\u0161skirtinis ir nostalgi\u0161kas kolekcinis eksponatas, sugr\u0105\u017einantis \u012f ekranus kultin\u012f 1960-\u0173j\u0173 animacin\u012f heroj\u0173 i\u0161 Hanna-Barbera visatos.\" \/>\n<meta property=\"og:url\" content=\"https:\/\/collectin.eu\/en\/product\/pop-plus-space-ghost-with-shark\/\" \/>\n<meta property=\"og:site_name\" content=\"Collectin.eu\" \/>\n<meta property=\"og:image\" content=\"http:\/\/collectin.eu\/wp-content\/uploads\/2026\/04\/Untitled-design-69.png\" \/>\n\t<meta property=\"og:image:width\" content=\"1080\" \/>\n\t<meta property=\"og:image:height\" content=\"1080\" \/>\n\t<meta property=\"og:image:type\" content=\"image\/png\" \/>\n<meta name=\"twitter:card\" content=\"summary_large_image\" \/>\n<meta name=\"twitter:label1\" content=\"Est. reading time\" \/>\n\t<meta name=\"twitter:data1\" content=\"1 minute\" \/>\n<script type=\"application\/ld+json\" class=\"yoast-schema-graph\">{\"@context\":\"https:\/\/schema.org\",\"@graph\":[{\"@type\":\"WebPage\",\"@id\":\"https:\/\/collectin.eu\/produktas\/pop-plus-space-ghost-with-shark\/\",\"url\":\"https:\/\/collectin.eu\/produktas\/pop-plus-space-ghost-with-shark\/\",\"name\":\"Pop! Plus Space Ghost with Shark - Collectin.eu\",\"isPartOf\":{\"@id\":\"https:\/\/collectin.eu\/#website\"},\"primaryImageOfPage\":{\"@id\":\"https:\/\/collectin.eu\/produktas\/pop-plus-space-ghost-with-shark\/#primaryimage\"},\"image\":{\"@id\":\"https:\/\/collectin.eu\/produktas\/pop-plus-space-ghost-with-shark\/#primaryimage\"},\"thumbnailUrl\":\"https:\/\/collectin.eu\/wp-content\/uploads\/2026\/04\/Untitled-design-69.png\",\"datePublished\":\"2026-04-21T08:32:20+00:00\",\"description\":\"\u201eFunko Pop! Plus: Space Ghost with Shark\u201c yra i\u0161skirtinis ir nostalgi\u0161kas kolekcinis eksponatas, sugr\u0105\u017einantis \u012f ekranus kultin\u012f 1960-\u0173j\u0173 animacin\u012f heroj\u0173 i\u0161 Hanna-Barbera visatos.\",\"breadcrumb\":{\"@id\":\"https:\/\/collectin.eu\/produktas\/pop-plus-space-ghost-with-shark\/#breadcrumb\"},\"inLanguage\":\"en-US\",\"potentialAction\":[{\"@type\":\"ReadAction\",\"target\":[\"https:\/\/collectin.eu\/produktas\/pop-plus-space-ghost-with-shark\/\"]}]},{\"@type\":\"ImageObject\",\"inLanguage\":\"en-US\",\"@id\":\"https:\/\/collectin.eu\/produktas\/pop-plus-space-ghost-with-shark\/#primaryimage\",\"url\":\"https:\/\/collectin.eu\/wp-content\/uploads\/2026\/04\/Untitled-design-69.png\",\"contentUrl\":\"https:\/\/collectin.eu\/wp-content\/uploads\/2026\/04\/Untitled-design-69.png\",\"width\":1080,\"height\":1080},{\"@type\":\"BreadcrumbList\",\"@id\":\"https:\/\/collectin.eu\/produktas\/pop-plus-space-ghost-with-shark\/#breadcrumb\",\"itemListElement\":[{\"@type\":\"ListItem\",\"position\":1,\"name\":\"Home\",\"item\":\"https:\/\/collectin.eu\/\"},{\"@type\":\"ListItem\",\"position\":2,\"name\":\"Parduotuv\u0117\",\"item\":\"https:\/\/collectin.eu\/parduotuve\/\"},{\"@type\":\"ListItem\",\"position\":3,\"name\":\"Pop! Plus Space Ghost with Shark\"}]},{\"@type\":\"WebSite\",\"@id\":\"https:\/\/collectin.eu\/#website\",\"url\":\"https:\/\/collectin.eu\/\",\"name\":\"Collectin.eu\",\"description\":\"\",\"potentialAction\":[{\"@type\":\"SearchAction\",\"target\":{\"@type\":\"EntryPoint\",\"urlTemplate\":\"https:\/\/collectin.eu\/?s={search_term_string}\"},\"query-input\":{\"@type\":\"PropertyValueSpecification\",\"valueRequired\":true,\"valueName\":\"search_term_string\"}}],\"inLanguage\":\"en-US\"}]}<\/script>\n<!-- \/ Yoast SEO plugin. -->","yoast_head_json":{"title":"Pop! Plus Space Ghost with Shark - Collectin.eu","description":"\u201eFunko Pop! Plus: Space Ghost with Shark\u201c yra i\u0161skirtinis ir nostalgi\u0161kas kolekcinis eksponatas, sugr\u0105\u017einantis \u012f ekranus kultin\u012f 1960-\u0173j\u0173 animacin\u012f heroj\u0173 i\u0161 Hanna-Barbera visatos.","robots":{"index":"index","follow":"follow","max-snippet":"max-snippet:-1","max-image-preview":"max-image-preview:large","max-video-preview":"max-video-preview:-1"},"canonical":"https:\/\/collectin.eu\/en\/product\/pop-plus-space-ghost-with-shark\/","og_locale":"en_US","og_type":"article","og_title":"Pop! Plus Space Ghost with Shark - Collectin.eu","og_description":"\u201eFunko Pop! Plus: Space Ghost with Shark\u201c yra i\u0161skirtinis ir nostalgi\u0161kas kolekcinis eksponatas, sugr\u0105\u017einantis \u012f ekranus kultin\u012f 1960-\u0173j\u0173 animacin\u012f heroj\u0173 i\u0161 Hanna-Barbera visatos.","og_url":"https:\/\/collectin.eu\/en\/product\/pop-plus-space-ghost-with-shark\/","og_site_name":"Collectin.eu","og_image":[{"width":1080,"height":1080,"url":"http:\/\/collectin.eu\/wp-content\/uploads\/2026\/04\/Untitled-design-69.png","type":"image\/png"}],"twitter_card":"summary_large_image","twitter_misc":{"Est. reading time":"1 minute"},"schema":{"@context":"https:\/\/schema.org","@graph":[{"@type":"WebPage","@id":"https:\/\/collectin.eu\/produktas\/pop-plus-space-ghost-with-shark\/","url":"https:\/\/collectin.eu\/produktas\/pop-plus-space-ghost-with-shark\/","name":"Pop! Plus Space Ghost with Shark - Collectin.eu","isPartOf":{"@id":"https:\/\/collectin.eu\/#website"},"primaryImageOfPage":{"@id":"https:\/\/collectin.eu\/produktas\/pop-plus-space-ghost-with-shark\/#primaryimage"},"image":{"@id":"https:\/\/collectin.eu\/produktas\/pop-plus-space-ghost-with-shark\/#primaryimage"},"thumbnailUrl":"https:\/\/collectin.eu\/wp-content\/uploads\/2026\/04\/Untitled-design-69.png","datePublished":"2026-04-21T08:32:20+00:00","description":"\u201eFunko Pop! Plus: Space Ghost with Shark\u201c yra i\u0161skirtinis ir nostalgi\u0161kas kolekcinis eksponatas, sugr\u0105\u017einantis \u012f ekranus kultin\u012f 1960-\u0173j\u0173 animacin\u012f heroj\u0173 i\u0161 Hanna-Barbera visatos.","breadcrumb":{"@id":"https:\/\/collectin.eu\/produktas\/pop-plus-space-ghost-with-shark\/#breadcrumb"},"inLanguage":"en-US","potentialAction":[{"@type":"ReadAction","target":["https:\/\/collectin.eu\/produktas\/pop-plus-space-ghost-with-shark\/"]}]},{"@type":"ImageObject","inLanguage":"en-US","@id":"https:\/\/collectin.eu\/produktas\/pop-plus-space-ghost-with-shark\/#primaryimage","url":"https:\/\/collectin.eu\/wp-content\/uploads\/2026\/04\/Untitled-design-69.png","contentUrl":"https:\/\/collectin.eu\/wp-content\/uploads\/2026\/04\/Untitled-design-69.png","width":1080,"height":1080},{"@type":"BreadcrumbList","@id":"https:\/\/collectin.eu\/produktas\/pop-plus-space-ghost-with-shark\/#breadcrumb","itemListElement":[{"@type":"ListItem","position":1,"name":"Home","item":"https:\/\/collectin.eu\/"},{"@type":"ListItem","position":2,"name":"Parduotuv\u0117","item":"https:\/\/collectin.eu\/parduotuve\/"},{"@type":"ListItem","position":3,"name":"Pop! Plus Space Ghost with Shark"}]},{"@type":"WebSite","@id":"https:\/\/collectin.eu\/#website","url":"https:\/\/collectin.eu\/","name":"Collectin.eu","description":"","potentialAction":[{"@type":"SearchAction","target":{"@type":"EntryPoint","urlTemplate":"https:\/\/collectin.eu\/?s={search_term_string}"},"query-input":{"@type":"PropertyValueSpecification","valueRequired":true,"valueName":"search_term_string"}}],"inLanguage":"en-US"}]}},"jetpack_sharing_enabled":true,"_links":{"self":[{"href":"https:\/\/collectin.eu\/en\/wp-json\/wp\/v2\/product\/40765","targetHints":{"allow":["GET"]}}],"collection":[{"href":"https:\/\/collectin.eu\/en\/wp-json\/wp\/v2\/product"}],"about":[{"href":"https:\/\/collectin.eu\/en\/wp-json\/wp\/v2\/types\/product"}],"replies":[{"embeddable":true,"href":"https:\/\/collectin.eu\/en\/wp-json\/wp\/v2\/comments?post=40765"}],"version-history":[{"count":1,"href":"https:\/\/collectin.eu\/en\/wp-json\/wp\/v2\/product\/40765\/revisions"}],"predecessor-version":[{"id":40768,"href":"https:\/\/collectin.eu\/en\/wp-json\/wp\/v2\/product\/40765\/revisions\/40768"}],"wp:featuredmedia":[{"embeddable":true,"href":"https:\/\/collectin.eu\/en\/wp-json\/wp\/v2\/media\/40766"}],"wp:attachment":[{"href":"https:\/\/collectin.eu\/en\/wp-json\/wp\/v2\/media?parent=40765"}],"wp:term":[{"taxonomy":"product_brand","embeddable":true,"href":"https:\/\/collectin.eu\/en\/wp-json\/wp\/v2\/product_brand?post=40765"},{"taxonomy":"product_cat","embeddable":true,"href":"https:\/\/collectin.eu\/en\/wp-json\/wp\/v2\/product_cat?post=40765"},{"taxonomy":"product_tag","embeddable":true,"href":"https:\/\/collectin.eu\/en\/wp-json\/wp\/v2\/product_tag?post=40765"}],"curies":[{"name":"wp","href":"https:\/\/api.w.org\/{rel}","templated":true}]}}