{"id":40769,"date":"2026-04-21T08:35:44","date_gmt":"2026-04-21T08:35:44","guid":{"rendered":"https:\/\/collectin.eu\/?post_type=product&#038;p=40769"},"modified":"2026-04-21T08:35:44","modified_gmt":"2026-04-21T08:35:44","slug":"pop-mega-minion-dave","status":"publish","type":"product","link":"https:\/\/collectin.eu\/en\/product\/pop-mega-minion-dave\/","title":{"rendered":"Pop! Mega Minion Dave"},"content":{"rendered":"<p>\u201eFunko Pop! Despicable Me 4: Mega Minion Dave\u201c yra itin nuotaikingas ir vizualiai i\u0161skirtinis eksponatas, pristatantis vien\u0105 populiariausi\u0173 pakalik\u0173 visi\u0161kai naujame, heroji\u0161kame amplua. \u0160i fig\u016br\u0117l\u0117 \u012fam\u017eina Dave\u2019\u0105 po jo \u012fsp\u016bdingos \u201eMega\u201c transformacijos, kuri suteik\u0117 jam ne tik mil\u017eini\u0161k\u0105 fizin\u0119 gali\u0105, bet ir tvirt\u0105, raumening\u0105 k\u016bno sud\u0117jim\u0105, kontrastuojant\u012f su jam b\u016bdingu \u017eaismingumu. Detaliai atkurtas ry\u0161kiai geltonas k\u016bnas, firminiai darbiniai kombinezonai ir pasitik\u0117jimo savimi kupina veido i\u0161rai\u0161ka puikiai perteikia persona\u017eo evoliucij\u0105 naujausioje filmo dalyje. Tai idealus pasirinkimas tiek ilgame\u010diams \u201eBjaurusis a\u0161\u201c gerb\u0117jams, tiek kolekcionieriams, ie\u0161kantiems dinami\u0161k\u0173 ir charaktering\u0173 fig\u016br\u0117li\u0173, kurios akimirksniu suteikia lentynai gyvumo ir humoro.<\/p>","protected":false},"excerpt":{"rendered":"<p>\u201eFunko Pop! Despicable Me 4: Mega Minion Dave\u201c yra itin nuotaikingas ir vizualiai i\u0161skirtinis eksponatas, pristatantis vien\u0105 populiariausi\u0173 pakalik\u0173 visi\u0161kai<\/p>","protected":false},"featured_media":40770,"comment_status":"open","ping_status":"closed","template":"","meta":[],"product_brand":[426],"product_cat":[680,409,448],"product_tag":[],"class_list":{"0":"post-40769","1":"product","2":"type-product","3":"status-publish","4":"has-post-thumbnail","6":"product_brand-funko-pop","7":"product_cat-figureles","8":"product_cat-funko-pop","9":"product_cat-pop-movies","11":"first","12":"instock","13":"taxable","14":"shipping-taxable","15":"purchasable","16":"product-type-simple"},"yoast_head":"<!-- This site is optimized with the Yoast SEO plugin v25.9 - https:\/\/yoast.com\/wordpress\/plugins\/seo\/ -->\n<title>Pop! Mega Minion Dave - Collectin.eu<\/title>\n<meta name=\"description\" content=\"\u201eFunko Pop! Despicable Me 4: Mega Minion Dave\u201c yra itin nuotaikingas ir vizualiai i\u0161skirtinis eksponatas, pristatantis vien\u0105 populiariausi\u0173 pakalik\u0173 visi\u0161kai naujame, heroji\u0161kame amplua.\" \/>\n<meta name=\"robots\" content=\"index, follow, max-snippet:-1, max-image-preview:large, max-video-preview:-1\" \/>\n<link rel=\"canonical\" href=\"https:\/\/collectin.eu\/en\/product\/pop-mega-minion-dave\/\" \/>\n<meta property=\"og:locale\" content=\"en_US\" \/>\n<meta property=\"og:type\" content=\"article\" \/>\n<meta property=\"og:title\" content=\"Pop! Mega Minion Dave - Collectin.eu\" \/>\n<meta property=\"og:description\" content=\"\u201eFunko Pop! Despicable Me 4: Mega Minion Dave\u201c yra itin nuotaikingas ir vizualiai i\u0161skirtinis eksponatas, pristatantis vien\u0105 populiariausi\u0173 pakalik\u0173 visi\u0161kai naujame, heroji\u0161kame amplua.\" \/>\n<meta property=\"og:url\" content=\"https:\/\/collectin.eu\/en\/product\/pop-mega-minion-dave\/\" \/>\n<meta property=\"og:site_name\" content=\"Collectin.eu\" \/>\n<meta property=\"og:image\" content=\"http:\/\/collectin.eu\/wp-content\/uploads\/2026\/04\/Untitled-design-71.png\" \/>\n\t<meta property=\"og:image:width\" content=\"1080\" \/>\n\t<meta property=\"og:image:height\" content=\"1080\" \/>\n\t<meta property=\"og:image:type\" content=\"image\/png\" \/>\n<meta name=\"twitter:card\" content=\"summary_large_image\" \/>\n<meta name=\"twitter:label1\" content=\"Est. reading time\" \/>\n\t<meta name=\"twitter:data1\" content=\"1 minute\" \/>\n<script type=\"application\/ld+json\" class=\"yoast-schema-graph\">{\"@context\":\"https:\/\/schema.org\",\"@graph\":[{\"@type\":\"WebPage\",\"@id\":\"https:\/\/collectin.eu\/produktas\/pop-mega-minion-dave\/\",\"url\":\"https:\/\/collectin.eu\/produktas\/pop-mega-minion-dave\/\",\"name\":\"Pop! Mega Minion Dave - Collectin.eu\",\"isPartOf\":{\"@id\":\"https:\/\/collectin.eu\/#website\"},\"primaryImageOfPage\":{\"@id\":\"https:\/\/collectin.eu\/produktas\/pop-mega-minion-dave\/#primaryimage\"},\"image\":{\"@id\":\"https:\/\/collectin.eu\/produktas\/pop-mega-minion-dave\/#primaryimage\"},\"thumbnailUrl\":\"https:\/\/collectin.eu\/wp-content\/uploads\/2026\/04\/Untitled-design-71.png\",\"datePublished\":\"2026-04-21T08:35:44+00:00\",\"description\":\"\u201eFunko Pop! Despicable Me 4: Mega Minion Dave\u201c yra itin nuotaikingas ir vizualiai i\u0161skirtinis eksponatas, pristatantis vien\u0105 populiariausi\u0173 pakalik\u0173 visi\u0161kai naujame, heroji\u0161kame amplua.\",\"breadcrumb\":{\"@id\":\"https:\/\/collectin.eu\/produktas\/pop-mega-minion-dave\/#breadcrumb\"},\"inLanguage\":\"en-US\",\"potentialAction\":[{\"@type\":\"ReadAction\",\"target\":[\"https:\/\/collectin.eu\/produktas\/pop-mega-minion-dave\/\"]}]},{\"@type\":\"ImageObject\",\"inLanguage\":\"en-US\",\"@id\":\"https:\/\/collectin.eu\/produktas\/pop-mega-minion-dave\/#primaryimage\",\"url\":\"https:\/\/collectin.eu\/wp-content\/uploads\/2026\/04\/Untitled-design-71.png\",\"contentUrl\":\"https:\/\/collectin.eu\/wp-content\/uploads\/2026\/04\/Untitled-design-71.png\",\"width\":1080,\"height\":1080},{\"@type\":\"BreadcrumbList\",\"@id\":\"https:\/\/collectin.eu\/produktas\/pop-mega-minion-dave\/#breadcrumb\",\"itemListElement\":[{\"@type\":\"ListItem\",\"position\":1,\"name\":\"Home\",\"item\":\"https:\/\/collectin.eu\/\"},{\"@type\":\"ListItem\",\"position\":2,\"name\":\"Parduotuv\u0117\",\"item\":\"https:\/\/collectin.eu\/parduotuve\/\"},{\"@type\":\"ListItem\",\"position\":3,\"name\":\"Pop! Mega Minion Dave\"}]},{\"@type\":\"WebSite\",\"@id\":\"https:\/\/collectin.eu\/#website\",\"url\":\"https:\/\/collectin.eu\/\",\"name\":\"Collectin.eu\",\"description\":\"\",\"potentialAction\":[{\"@type\":\"SearchAction\",\"target\":{\"@type\":\"EntryPoint\",\"urlTemplate\":\"https:\/\/collectin.eu\/?s={search_term_string}\"},\"query-input\":{\"@type\":\"PropertyValueSpecification\",\"valueRequired\":true,\"valueName\":\"search_term_string\"}}],\"inLanguage\":\"en-US\"}]}<\/script>\n<!-- \/ Yoast SEO plugin. -->","yoast_head_json":{"title":"Pop! Mega Minion Dave - Collectin.eu","description":"\u201eFunko Pop! Despicable Me 4: Mega Minion Dave\u201c yra itin nuotaikingas ir vizualiai i\u0161skirtinis eksponatas, pristatantis vien\u0105 populiariausi\u0173 pakalik\u0173 visi\u0161kai naujame, heroji\u0161kame amplua.","robots":{"index":"index","follow":"follow","max-snippet":"max-snippet:-1","max-image-preview":"max-image-preview:large","max-video-preview":"max-video-preview:-1"},"canonical":"https:\/\/collectin.eu\/en\/product\/pop-mega-minion-dave\/","og_locale":"en_US","og_type":"article","og_title":"Pop! Mega Minion Dave - Collectin.eu","og_description":"\u201eFunko Pop! Despicable Me 4: Mega Minion Dave\u201c yra itin nuotaikingas ir vizualiai i\u0161skirtinis eksponatas, pristatantis vien\u0105 populiariausi\u0173 pakalik\u0173 visi\u0161kai naujame, heroji\u0161kame amplua.","og_url":"https:\/\/collectin.eu\/en\/product\/pop-mega-minion-dave\/","og_site_name":"Collectin.eu","og_image":[{"width":1080,"height":1080,"url":"http:\/\/collectin.eu\/wp-content\/uploads\/2026\/04\/Untitled-design-71.png","type":"image\/png"}],"twitter_card":"summary_large_image","twitter_misc":{"Est. reading time":"1 minute"},"schema":{"@context":"https:\/\/schema.org","@graph":[{"@type":"WebPage","@id":"https:\/\/collectin.eu\/produktas\/pop-mega-minion-dave\/","url":"https:\/\/collectin.eu\/produktas\/pop-mega-minion-dave\/","name":"Pop! Mega Minion Dave - Collectin.eu","isPartOf":{"@id":"https:\/\/collectin.eu\/#website"},"primaryImageOfPage":{"@id":"https:\/\/collectin.eu\/produktas\/pop-mega-minion-dave\/#primaryimage"},"image":{"@id":"https:\/\/collectin.eu\/produktas\/pop-mega-minion-dave\/#primaryimage"},"thumbnailUrl":"https:\/\/collectin.eu\/wp-content\/uploads\/2026\/04\/Untitled-design-71.png","datePublished":"2026-04-21T08:35:44+00:00","description":"\u201eFunko Pop! Despicable Me 4: Mega Minion Dave\u201c yra itin nuotaikingas ir vizualiai i\u0161skirtinis eksponatas, pristatantis vien\u0105 populiariausi\u0173 pakalik\u0173 visi\u0161kai naujame, heroji\u0161kame amplua.","breadcrumb":{"@id":"https:\/\/collectin.eu\/produktas\/pop-mega-minion-dave\/#breadcrumb"},"inLanguage":"en-US","potentialAction":[{"@type":"ReadAction","target":["https:\/\/collectin.eu\/produktas\/pop-mega-minion-dave\/"]}]},{"@type":"ImageObject","inLanguage":"en-US","@id":"https:\/\/collectin.eu\/produktas\/pop-mega-minion-dave\/#primaryimage","url":"https:\/\/collectin.eu\/wp-content\/uploads\/2026\/04\/Untitled-design-71.png","contentUrl":"https:\/\/collectin.eu\/wp-content\/uploads\/2026\/04\/Untitled-design-71.png","width":1080,"height":1080},{"@type":"BreadcrumbList","@id":"https:\/\/collectin.eu\/produktas\/pop-mega-minion-dave\/#breadcrumb","itemListElement":[{"@type":"ListItem","position":1,"name":"Home","item":"https:\/\/collectin.eu\/"},{"@type":"ListItem","position":2,"name":"Parduotuv\u0117","item":"https:\/\/collectin.eu\/parduotuve\/"},{"@type":"ListItem","position":3,"name":"Pop! Mega Minion Dave"}]},{"@type":"WebSite","@id":"https:\/\/collectin.eu\/#website","url":"https:\/\/collectin.eu\/","name":"Collectin.eu","description":"","potentialAction":[{"@type":"SearchAction","target":{"@type":"EntryPoint","urlTemplate":"https:\/\/collectin.eu\/?s={search_term_string}"},"query-input":{"@type":"PropertyValueSpecification","valueRequired":true,"valueName":"search_term_string"}}],"inLanguage":"en-US"}]}},"jetpack_sharing_enabled":true,"_links":{"self":[{"href":"https:\/\/collectin.eu\/en\/wp-json\/wp\/v2\/product\/40769","targetHints":{"allow":["GET"]}}],"collection":[{"href":"https:\/\/collectin.eu\/en\/wp-json\/wp\/v2\/product"}],"about":[{"href":"https:\/\/collectin.eu\/en\/wp-json\/wp\/v2\/types\/product"}],"replies":[{"embeddable":true,"href":"https:\/\/collectin.eu\/en\/wp-json\/wp\/v2\/comments?post=40769"}],"version-history":[{"count":2,"href":"https:\/\/collectin.eu\/en\/wp-json\/wp\/v2\/product\/40769\/revisions"}],"predecessor-version":[{"id":40773,"href":"https:\/\/collectin.eu\/en\/wp-json\/wp\/v2\/product\/40769\/revisions\/40773"}],"wp:featuredmedia":[{"embeddable":true,"href":"https:\/\/collectin.eu\/en\/wp-json\/wp\/v2\/media\/40770"}],"wp:attachment":[{"href":"https:\/\/collectin.eu\/en\/wp-json\/wp\/v2\/media?parent=40769"}],"wp:term":[{"taxonomy":"product_brand","embeddable":true,"href":"https:\/\/collectin.eu\/en\/wp-json\/wp\/v2\/product_brand?post=40769"},{"taxonomy":"product_cat","embeddable":true,"href":"https:\/\/collectin.eu\/en\/wp-json\/wp\/v2\/product_cat?post=40769"},{"taxonomy":"product_tag","embeddable":true,"href":"https:\/\/collectin.eu\/en\/wp-json\/wp\/v2\/product_tag?post=40769"}],"curies":[{"name":"wp","href":"https:\/\/api.w.org\/{rel}","templated":true}]}}