{"id":40774,"date":"2026-04-21T08:39:32","date_gmt":"2026-04-21T08:39:32","guid":{"rendered":"https:\/\/collectin.eu\/?post_type=product&#038;p=40774"},"modified":"2026-04-21T08:39:32","modified_gmt":"2026-04-21T08:39:32","slug":"pop-dr-zaius","status":"publish","type":"product","link":"https:\/\/collectin.eu\/en\/product\/pop-dr-zaius\/","title":{"rendered":"Pop! Dr. Zaius"},"content":{"rendered":"<p>\u201eFunko Pop! Planet of the Apes: Dr. Zaius\u201c yra tikra klasika dvelkiantis kolekcinis eksponatas, pagerbiantis vien\u0105 \u012ftakingiausi\u0173 ir sud\u0117tingiausi\u0173 persona\u017e\u0173 i\u0161 kultin\u0117s 1968-\u0173j\u0173 mokslin\u0117s fantastikos sagos \u201eBe\u017ed\u017eioni\u0173 planeta\u201c. \u0160i fig\u016br\u0117l\u0117 meistri\u0161kai \u012fk\u016bnija be\u017ed\u017eioni\u0173 bendruomen\u0117s mokslo ministr\u0105 ir tik\u0117jimo serg\u0117toj\u0105 daktar\u0105 Zaius\u0105, pasipuo\u0161us\u012f savo firminiu, detaliai atkurtu oran\u017ein\u0117s spalvos kostiumu su autenti\u0161kais ra\u0161tais. Charakteringas persona\u017eo veidas su i\u0161rai\u0161kingais bruo\u017eais ir i\u0161mintingas, ta\u010diau grie\u017etas \u017evilgsnis puikiai perteikia jo autoritet\u0105 bei siek\u012f i\u0161saugoti be\u017ed\u017eioni\u0173 civilizacijos paslaptis. Tai ne tik stilingas retro akcentas bet kurioje lentynoje, bet ir privalomas radinys kino istorijos gerb\u0117jams bei kolekcionieriams, vertinantiems persona\u017eus, tapusius \u017eanro simboliais.<\/p>","protected":false},"excerpt":{"rendered":"<p>\u201eFunko Pop! Planet of the Apes: Dr. Zaius\u201c yra tikra klasika dvelkiantis kolekcinis eksponatas, pagerbiantis vien\u0105 \u012ftakingiausi\u0173 ir sud\u0117tingiausi\u0173 persona\u017e\u0173<\/p>","protected":false},"featured_media":40775,"comment_status":"open","ping_status":"closed","template":"","meta":[],"product_brand":[426],"product_cat":[680,409,448],"product_tag":[],"class_list":{"0":"post-40774","1":"product","2":"type-product","3":"status-publish","4":"has-post-thumbnail","6":"product_brand-funko-pop","7":"product_cat-figureles","8":"product_cat-funko-pop","9":"product_cat-pop-movies","11":"first","12":"instock","13":"taxable","14":"shipping-taxable","15":"purchasable","16":"product-type-simple"},"yoast_head":"<!-- This site is optimized with the Yoast SEO plugin v25.9 - https:\/\/yoast.com\/wordpress\/plugins\/seo\/ -->\n<title>Pop! Dr. Zaius - Collectin.eu<\/title>\n<meta name=\"description\" content=\"\u201eFunko Pop! Planet of the Apes: Dr. Zaius\u201c yra tikra klasika dvelkiantis kolekcinis eksponatas, pagerbiantis vien\u0105 \u012ftakingiausi\u0173 ir sud\u0117tingiausi\u0173 persona\u017e\u0173.\" \/>\n<meta name=\"robots\" content=\"index, follow, max-snippet:-1, max-image-preview:large, max-video-preview:-1\" \/>\n<link rel=\"canonical\" href=\"https:\/\/collectin.eu\/en\/product\/pop-dr-zaius\/\" \/>\n<meta property=\"og:locale\" content=\"en_US\" \/>\n<meta property=\"og:type\" content=\"article\" \/>\n<meta property=\"og:title\" content=\"Pop! Dr. Zaius - Collectin.eu\" \/>\n<meta property=\"og:description\" content=\"\u201eFunko Pop! Planet of the Apes: Dr. Zaius\u201c yra tikra klasika dvelkiantis kolekcinis eksponatas, pagerbiantis vien\u0105 \u012ftakingiausi\u0173 ir sud\u0117tingiausi\u0173 persona\u017e\u0173.\" \/>\n<meta property=\"og:url\" content=\"https:\/\/collectin.eu\/en\/product\/pop-dr-zaius\/\" \/>\n<meta property=\"og:site_name\" content=\"Collectin.eu\" \/>\n<meta property=\"og:image\" content=\"http:\/\/collectin.eu\/wp-content\/uploads\/2026\/04\/Untitled-design-73.png\" \/>\n\t<meta property=\"og:image:width\" content=\"1080\" \/>\n\t<meta property=\"og:image:height\" content=\"1080\" \/>\n\t<meta property=\"og:image:type\" content=\"image\/png\" \/>\n<meta name=\"twitter:card\" content=\"summary_large_image\" \/>\n<meta name=\"twitter:label1\" content=\"Est. reading time\" \/>\n\t<meta name=\"twitter:data1\" content=\"1 minute\" \/>\n<script type=\"application\/ld+json\" class=\"yoast-schema-graph\">{\"@context\":\"https:\/\/schema.org\",\"@graph\":[{\"@type\":\"WebPage\",\"@id\":\"https:\/\/collectin.eu\/produktas\/pop-dr-zaius\/\",\"url\":\"https:\/\/collectin.eu\/produktas\/pop-dr-zaius\/\",\"name\":\"Pop! Dr. Zaius - Collectin.eu\",\"isPartOf\":{\"@id\":\"https:\/\/collectin.eu\/#website\"},\"primaryImageOfPage\":{\"@id\":\"https:\/\/collectin.eu\/produktas\/pop-dr-zaius\/#primaryimage\"},\"image\":{\"@id\":\"https:\/\/collectin.eu\/produktas\/pop-dr-zaius\/#primaryimage\"},\"thumbnailUrl\":\"https:\/\/collectin.eu\/wp-content\/uploads\/2026\/04\/Untitled-design-73.png\",\"datePublished\":\"2026-04-21T08:39:32+00:00\",\"description\":\"\u201eFunko Pop! Planet of the Apes: Dr. Zaius\u201c yra tikra klasika dvelkiantis kolekcinis eksponatas, pagerbiantis vien\u0105 \u012ftakingiausi\u0173 ir sud\u0117tingiausi\u0173 persona\u017e\u0173.\",\"breadcrumb\":{\"@id\":\"https:\/\/collectin.eu\/produktas\/pop-dr-zaius\/#breadcrumb\"},\"inLanguage\":\"en-US\",\"potentialAction\":[{\"@type\":\"ReadAction\",\"target\":[\"https:\/\/collectin.eu\/produktas\/pop-dr-zaius\/\"]}]},{\"@type\":\"ImageObject\",\"inLanguage\":\"en-US\",\"@id\":\"https:\/\/collectin.eu\/produktas\/pop-dr-zaius\/#primaryimage\",\"url\":\"https:\/\/collectin.eu\/wp-content\/uploads\/2026\/04\/Untitled-design-73.png\",\"contentUrl\":\"https:\/\/collectin.eu\/wp-content\/uploads\/2026\/04\/Untitled-design-73.png\",\"width\":1080,\"height\":1080},{\"@type\":\"BreadcrumbList\",\"@id\":\"https:\/\/collectin.eu\/produktas\/pop-dr-zaius\/#breadcrumb\",\"itemListElement\":[{\"@type\":\"ListItem\",\"position\":1,\"name\":\"Home\",\"item\":\"https:\/\/collectin.eu\/\"},{\"@type\":\"ListItem\",\"position\":2,\"name\":\"Parduotuv\u0117\",\"item\":\"https:\/\/collectin.eu\/parduotuve\/\"},{\"@type\":\"ListItem\",\"position\":3,\"name\":\"Pop! Dr. Zaius\"}]},{\"@type\":\"WebSite\",\"@id\":\"https:\/\/collectin.eu\/#website\",\"url\":\"https:\/\/collectin.eu\/\",\"name\":\"Collectin.eu\",\"description\":\"\",\"potentialAction\":[{\"@type\":\"SearchAction\",\"target\":{\"@type\":\"EntryPoint\",\"urlTemplate\":\"https:\/\/collectin.eu\/?s={search_term_string}\"},\"query-input\":{\"@type\":\"PropertyValueSpecification\",\"valueRequired\":true,\"valueName\":\"search_term_string\"}}],\"inLanguage\":\"en-US\"}]}<\/script>\n<!-- \/ Yoast SEO plugin. -->","yoast_head_json":{"title":"Pop! Dr. Zaius - Collectin.eu","description":"\u201eFunko Pop! Planet of the Apes: Dr. Zaius\u201c yra tikra klasika dvelkiantis kolekcinis eksponatas, pagerbiantis vien\u0105 \u012ftakingiausi\u0173 ir sud\u0117tingiausi\u0173 persona\u017e\u0173.","robots":{"index":"index","follow":"follow","max-snippet":"max-snippet:-1","max-image-preview":"max-image-preview:large","max-video-preview":"max-video-preview:-1"},"canonical":"https:\/\/collectin.eu\/en\/product\/pop-dr-zaius\/","og_locale":"en_US","og_type":"article","og_title":"Pop! Dr. Zaius - Collectin.eu","og_description":"\u201eFunko Pop! Planet of the Apes: Dr. Zaius\u201c yra tikra klasika dvelkiantis kolekcinis eksponatas, pagerbiantis vien\u0105 \u012ftakingiausi\u0173 ir sud\u0117tingiausi\u0173 persona\u017e\u0173.","og_url":"https:\/\/collectin.eu\/en\/product\/pop-dr-zaius\/","og_site_name":"Collectin.eu","og_image":[{"width":1080,"height":1080,"url":"http:\/\/collectin.eu\/wp-content\/uploads\/2026\/04\/Untitled-design-73.png","type":"image\/png"}],"twitter_card":"summary_large_image","twitter_misc":{"Est. reading time":"1 minute"},"schema":{"@context":"https:\/\/schema.org","@graph":[{"@type":"WebPage","@id":"https:\/\/collectin.eu\/produktas\/pop-dr-zaius\/","url":"https:\/\/collectin.eu\/produktas\/pop-dr-zaius\/","name":"Pop! Dr. Zaius - Collectin.eu","isPartOf":{"@id":"https:\/\/collectin.eu\/#website"},"primaryImageOfPage":{"@id":"https:\/\/collectin.eu\/produktas\/pop-dr-zaius\/#primaryimage"},"image":{"@id":"https:\/\/collectin.eu\/produktas\/pop-dr-zaius\/#primaryimage"},"thumbnailUrl":"https:\/\/collectin.eu\/wp-content\/uploads\/2026\/04\/Untitled-design-73.png","datePublished":"2026-04-21T08:39:32+00:00","description":"\u201eFunko Pop! Planet of the Apes: Dr. Zaius\u201c yra tikra klasika dvelkiantis kolekcinis eksponatas, pagerbiantis vien\u0105 \u012ftakingiausi\u0173 ir sud\u0117tingiausi\u0173 persona\u017e\u0173.","breadcrumb":{"@id":"https:\/\/collectin.eu\/produktas\/pop-dr-zaius\/#breadcrumb"},"inLanguage":"en-US","potentialAction":[{"@type":"ReadAction","target":["https:\/\/collectin.eu\/produktas\/pop-dr-zaius\/"]}]},{"@type":"ImageObject","inLanguage":"en-US","@id":"https:\/\/collectin.eu\/produktas\/pop-dr-zaius\/#primaryimage","url":"https:\/\/collectin.eu\/wp-content\/uploads\/2026\/04\/Untitled-design-73.png","contentUrl":"https:\/\/collectin.eu\/wp-content\/uploads\/2026\/04\/Untitled-design-73.png","width":1080,"height":1080},{"@type":"BreadcrumbList","@id":"https:\/\/collectin.eu\/produktas\/pop-dr-zaius\/#breadcrumb","itemListElement":[{"@type":"ListItem","position":1,"name":"Home","item":"https:\/\/collectin.eu\/"},{"@type":"ListItem","position":2,"name":"Parduotuv\u0117","item":"https:\/\/collectin.eu\/parduotuve\/"},{"@type":"ListItem","position":3,"name":"Pop! Dr. Zaius"}]},{"@type":"WebSite","@id":"https:\/\/collectin.eu\/#website","url":"https:\/\/collectin.eu\/","name":"Collectin.eu","description":"","potentialAction":[{"@type":"SearchAction","target":{"@type":"EntryPoint","urlTemplate":"https:\/\/collectin.eu\/?s={search_term_string}"},"query-input":{"@type":"PropertyValueSpecification","valueRequired":true,"valueName":"search_term_string"}}],"inLanguage":"en-US"}]}},"jetpack_sharing_enabled":true,"_links":{"self":[{"href":"https:\/\/collectin.eu\/en\/wp-json\/wp\/v2\/product\/40774","targetHints":{"allow":["GET"]}}],"collection":[{"href":"https:\/\/collectin.eu\/en\/wp-json\/wp\/v2\/product"}],"about":[{"href":"https:\/\/collectin.eu\/en\/wp-json\/wp\/v2\/types\/product"}],"replies":[{"embeddable":true,"href":"https:\/\/collectin.eu\/en\/wp-json\/wp\/v2\/comments?post=40774"}],"version-history":[{"count":2,"href":"https:\/\/collectin.eu\/en\/wp-json\/wp\/v2\/product\/40774\/revisions"}],"predecessor-version":[{"id":40778,"href":"https:\/\/collectin.eu\/en\/wp-json\/wp\/v2\/product\/40774\/revisions\/40778"}],"wp:featuredmedia":[{"embeddable":true,"href":"https:\/\/collectin.eu\/en\/wp-json\/wp\/v2\/media\/40775"}],"wp:attachment":[{"href":"https:\/\/collectin.eu\/en\/wp-json\/wp\/v2\/media?parent=40774"}],"wp:term":[{"taxonomy":"product_brand","embeddable":true,"href":"https:\/\/collectin.eu\/en\/wp-json\/wp\/v2\/product_brand?post=40774"},{"taxonomy":"product_cat","embeddable":true,"href":"https:\/\/collectin.eu\/en\/wp-json\/wp\/v2\/product_cat?post=40774"},{"taxonomy":"product_tag","embeddable":true,"href":"https:\/\/collectin.eu\/en\/wp-json\/wp\/v2\/product_tag?post=40774"}],"curies":[{"name":"wp","href":"https:\/\/api.w.org\/{rel}","templated":true}]}}