{"id":40779,"date":"2026-04-21T08:43:06","date_gmt":"2026-04-21T08:43:06","guid":{"rendered":"https:\/\/collectin.eu\/?post_type=product&#038;p=40779"},"modified":"2026-04-21T08:43:07","modified_gmt":"2026-04-21T08:43:07","slug":"pop-fatso-with-heart-box-valentine","status":"publish","type":"product","link":"https:\/\/collectin.eu\/en\/product\/pop-fatso-with-heart-box-valentine\/","title":{"rendered":"Pop! Fatso with Heart Box (Valentine)"},"content":{"rendered":"<p>\u201eFunko Pop! Fatso with Heart Box (Valentine)\u201c yra unikalus ir ironi\u0161kas kolekcinis eksponatas, kuriame kultinis siaubo komedijos \u201eAteiviai klounai-\u017eudikai i\u0161 kosmoso\u201c (angl. Killer Klowns from Outer Space) persona\u017eas pasirodo romanti\u0161kame, specialiame Valentino dienos leidime. \u0160i fig\u016br\u0117l\u0117 \u012fam\u017eina stamb\u0173j\u012f Fats\u0105 (angl. Fatso), kuris savo rankose laiko \u0161irdies formos saldaini\u0173 d\u0117\u017eut\u0119, ta\u010diau jo gr\u0117sminga \u0161ypsena ir ry\u0161kus klouno makia\u017eas primena apie jo tikruosius, ne\u017eemi\u0161kus ketinimus. Ry\u0161kus, saldus spalv\u0173 derinys puikiai kontrastuoja su persona\u017eo groteski\u0161kumu, sukuriant i\u0161skirtin\u012f vizualin\u012f akcent\u0105 bet kuriai lentynai. Tai ne tik puiki dovana siaubo \u017eanro gerb\u0117jams, bet ir retas radinys kolekcionieriams, ie\u0161kantiems netik\u0117t\u0173 populiari\u0173 piktadari\u0173 interpretacij\u0173.<\/p>","protected":false},"excerpt":{"rendered":"<p>\u201eFunko Pop! Fatso with Heart Box (Valentine)\u201c yra unikalus ir ironi\u0161kas kolekcinis eksponatas, kuriame kultinis siaubo komedijos \u201eAteiviai klounai-\u017eudikai i\u0161<\/p>","protected":false},"featured_media":40780,"comment_status":"open","ping_status":"closed","template":"","meta":[],"product_brand":[426],"product_cat":[680,409,448],"product_tag":[],"class_list":{"0":"post-40779","1":"product","2":"type-product","3":"status-publish","4":"has-post-thumbnail","6":"product_brand-funko-pop","7":"product_cat-figureles","8":"product_cat-funko-pop","9":"product_cat-pop-movies","11":"first","12":"instock","13":"taxable","14":"shipping-taxable","15":"purchasable","16":"product-type-simple"},"yoast_head":"<!-- This site is optimized with the Yoast SEO plugin v25.9 - https:\/\/yoast.com\/wordpress\/plugins\/seo\/ -->\n<title>Pop! Fatso with Heart Box (Valentine) - Collectin.eu<\/title>\n<meta name=\"description\" content=\"\u201eFunko Pop! Fatso with Heart Box (Valentine)\u201c yra unikalus ir ironi\u0161kas kolekcinis eksponatas, kuriame kultinis siaubo komedijos \u201eAteiviai klounai-\u017eudikai i\u0161 kosmoso\u201c.\" \/>\n<meta name=\"robots\" content=\"index, follow, max-snippet:-1, max-image-preview:large, max-video-preview:-1\" \/>\n<link rel=\"canonical\" href=\"https:\/\/collectin.eu\/en\/product\/pop-fatso-with-heart-box-valentine\/\" \/>\n<meta property=\"og:locale\" content=\"en_US\" \/>\n<meta property=\"og:type\" content=\"article\" \/>\n<meta property=\"og:title\" content=\"Pop! Fatso with Heart Box (Valentine) - Collectin.eu\" \/>\n<meta property=\"og:description\" content=\"\u201eFunko Pop! Fatso with Heart Box (Valentine)\u201c yra unikalus ir ironi\u0161kas kolekcinis eksponatas, kuriame kultinis siaubo komedijos \u201eAteiviai klounai-\u017eudikai i\u0161 kosmoso\u201c.\" \/>\n<meta property=\"og:url\" content=\"https:\/\/collectin.eu\/en\/product\/pop-fatso-with-heart-box-valentine\/\" \/>\n<meta property=\"og:site_name\" content=\"Collectin.eu\" \/>\n<meta property=\"article:modified_time\" content=\"2026-04-21T08:43:07+00:00\" \/>\n<meta property=\"og:image\" content=\"http:\/\/collectin.eu\/wp-content\/uploads\/2026\/04\/Untitled-design-75.png\" \/>\n\t<meta property=\"og:image:width\" content=\"1080\" \/>\n\t<meta property=\"og:image:height\" content=\"1080\" \/>\n\t<meta property=\"og:image:type\" content=\"image\/png\" \/>\n<meta name=\"twitter:card\" content=\"summary_large_image\" \/>\n<meta name=\"twitter:label1\" content=\"Est. reading time\" \/>\n\t<meta name=\"twitter:data1\" content=\"1 minute\" \/>\n<script type=\"application\/ld+json\" class=\"yoast-schema-graph\">{\"@context\":\"https:\/\/schema.org\",\"@graph\":[{\"@type\":\"WebPage\",\"@id\":\"https:\/\/collectin.eu\/produktas\/pop-fatso-with-heart-box-valentine\/\",\"url\":\"https:\/\/collectin.eu\/produktas\/pop-fatso-with-heart-box-valentine\/\",\"name\":\"Pop! Fatso with Heart Box (Valentine) - Collectin.eu\",\"isPartOf\":{\"@id\":\"https:\/\/collectin.eu\/#website\"},\"primaryImageOfPage\":{\"@id\":\"https:\/\/collectin.eu\/produktas\/pop-fatso-with-heart-box-valentine\/#primaryimage\"},\"image\":{\"@id\":\"https:\/\/collectin.eu\/produktas\/pop-fatso-with-heart-box-valentine\/#primaryimage\"},\"thumbnailUrl\":\"https:\/\/collectin.eu\/wp-content\/uploads\/2026\/04\/Untitled-design-75.png\",\"datePublished\":\"2026-04-21T08:43:06+00:00\",\"dateModified\":\"2026-04-21T08:43:07+00:00\",\"description\":\"\u201eFunko Pop! Fatso with Heart Box (Valentine)\u201c yra unikalus ir ironi\u0161kas kolekcinis eksponatas, kuriame kultinis siaubo komedijos \u201eAteiviai klounai-\u017eudikai i\u0161 kosmoso\u201c.\",\"breadcrumb\":{\"@id\":\"https:\/\/collectin.eu\/produktas\/pop-fatso-with-heart-box-valentine\/#breadcrumb\"},\"inLanguage\":\"en-US\",\"potentialAction\":[{\"@type\":\"ReadAction\",\"target\":[\"https:\/\/collectin.eu\/produktas\/pop-fatso-with-heart-box-valentine\/\"]}]},{\"@type\":\"ImageObject\",\"inLanguage\":\"en-US\",\"@id\":\"https:\/\/collectin.eu\/produktas\/pop-fatso-with-heart-box-valentine\/#primaryimage\",\"url\":\"https:\/\/collectin.eu\/wp-content\/uploads\/2026\/04\/Untitled-design-75.png\",\"contentUrl\":\"https:\/\/collectin.eu\/wp-content\/uploads\/2026\/04\/Untitled-design-75.png\",\"width\":1080,\"height\":1080},{\"@type\":\"BreadcrumbList\",\"@id\":\"https:\/\/collectin.eu\/produktas\/pop-fatso-with-heart-box-valentine\/#breadcrumb\",\"itemListElement\":[{\"@type\":\"ListItem\",\"position\":1,\"name\":\"Home\",\"item\":\"https:\/\/collectin.eu\/\"},{\"@type\":\"ListItem\",\"position\":2,\"name\":\"Parduotuv\u0117\",\"item\":\"https:\/\/collectin.eu\/parduotuve\/\"},{\"@type\":\"ListItem\",\"position\":3,\"name\":\"Pop! Fatso with Heart Box (Valentine)\"}]},{\"@type\":\"WebSite\",\"@id\":\"https:\/\/collectin.eu\/#website\",\"url\":\"https:\/\/collectin.eu\/\",\"name\":\"Collectin.eu\",\"description\":\"\",\"potentialAction\":[{\"@type\":\"SearchAction\",\"target\":{\"@type\":\"EntryPoint\",\"urlTemplate\":\"https:\/\/collectin.eu\/?s={search_term_string}\"},\"query-input\":{\"@type\":\"PropertyValueSpecification\",\"valueRequired\":true,\"valueName\":\"search_term_string\"}}],\"inLanguage\":\"en-US\"}]}<\/script>\n<!-- \/ Yoast SEO plugin. -->","yoast_head_json":{"title":"Pop! Fatso with Heart Box (Valentine) - Collectin.eu","description":"\u201eFunko Pop! Fatso with Heart Box (Valentine)\u201c yra unikalus ir ironi\u0161kas kolekcinis eksponatas, kuriame kultinis siaubo komedijos \u201eAteiviai klounai-\u017eudikai i\u0161 kosmoso\u201c.","robots":{"index":"index","follow":"follow","max-snippet":"max-snippet:-1","max-image-preview":"max-image-preview:large","max-video-preview":"max-video-preview:-1"},"canonical":"https:\/\/collectin.eu\/en\/product\/pop-fatso-with-heart-box-valentine\/","og_locale":"en_US","og_type":"article","og_title":"Pop! Fatso with Heart Box (Valentine) - Collectin.eu","og_description":"\u201eFunko Pop! Fatso with Heart Box (Valentine)\u201c yra unikalus ir ironi\u0161kas kolekcinis eksponatas, kuriame kultinis siaubo komedijos \u201eAteiviai klounai-\u017eudikai i\u0161 kosmoso\u201c.","og_url":"https:\/\/collectin.eu\/en\/product\/pop-fatso-with-heart-box-valentine\/","og_site_name":"Collectin.eu","article_modified_time":"2026-04-21T08:43:07+00:00","og_image":[{"width":1080,"height":1080,"url":"http:\/\/collectin.eu\/wp-content\/uploads\/2026\/04\/Untitled-design-75.png","type":"image\/png"}],"twitter_card":"summary_large_image","twitter_misc":{"Est. reading time":"1 minute"},"schema":{"@context":"https:\/\/schema.org","@graph":[{"@type":"WebPage","@id":"https:\/\/collectin.eu\/produktas\/pop-fatso-with-heart-box-valentine\/","url":"https:\/\/collectin.eu\/produktas\/pop-fatso-with-heart-box-valentine\/","name":"Pop! Fatso with Heart Box (Valentine) - Collectin.eu","isPartOf":{"@id":"https:\/\/collectin.eu\/#website"},"primaryImageOfPage":{"@id":"https:\/\/collectin.eu\/produktas\/pop-fatso-with-heart-box-valentine\/#primaryimage"},"image":{"@id":"https:\/\/collectin.eu\/produktas\/pop-fatso-with-heart-box-valentine\/#primaryimage"},"thumbnailUrl":"https:\/\/collectin.eu\/wp-content\/uploads\/2026\/04\/Untitled-design-75.png","datePublished":"2026-04-21T08:43:06+00:00","dateModified":"2026-04-21T08:43:07+00:00","description":"\u201eFunko Pop! Fatso with Heart Box (Valentine)\u201c yra unikalus ir ironi\u0161kas kolekcinis eksponatas, kuriame kultinis siaubo komedijos \u201eAteiviai klounai-\u017eudikai i\u0161 kosmoso\u201c.","breadcrumb":{"@id":"https:\/\/collectin.eu\/produktas\/pop-fatso-with-heart-box-valentine\/#breadcrumb"},"inLanguage":"en-US","potentialAction":[{"@type":"ReadAction","target":["https:\/\/collectin.eu\/produktas\/pop-fatso-with-heart-box-valentine\/"]}]},{"@type":"ImageObject","inLanguage":"en-US","@id":"https:\/\/collectin.eu\/produktas\/pop-fatso-with-heart-box-valentine\/#primaryimage","url":"https:\/\/collectin.eu\/wp-content\/uploads\/2026\/04\/Untitled-design-75.png","contentUrl":"https:\/\/collectin.eu\/wp-content\/uploads\/2026\/04\/Untitled-design-75.png","width":1080,"height":1080},{"@type":"BreadcrumbList","@id":"https:\/\/collectin.eu\/produktas\/pop-fatso-with-heart-box-valentine\/#breadcrumb","itemListElement":[{"@type":"ListItem","position":1,"name":"Home","item":"https:\/\/collectin.eu\/"},{"@type":"ListItem","position":2,"name":"Parduotuv\u0117","item":"https:\/\/collectin.eu\/parduotuve\/"},{"@type":"ListItem","position":3,"name":"Pop! Fatso with Heart Box (Valentine)"}]},{"@type":"WebSite","@id":"https:\/\/collectin.eu\/#website","url":"https:\/\/collectin.eu\/","name":"Collectin.eu","description":"","potentialAction":[{"@type":"SearchAction","target":{"@type":"EntryPoint","urlTemplate":"https:\/\/collectin.eu\/?s={search_term_string}"},"query-input":{"@type":"PropertyValueSpecification","valueRequired":true,"valueName":"search_term_string"}}],"inLanguage":"en-US"}]}},"jetpack_sharing_enabled":true,"_links":{"self":[{"href":"https:\/\/collectin.eu\/en\/wp-json\/wp\/v2\/product\/40779","targetHints":{"allow":["GET"]}}],"collection":[{"href":"https:\/\/collectin.eu\/en\/wp-json\/wp\/v2\/product"}],"about":[{"href":"https:\/\/collectin.eu\/en\/wp-json\/wp\/v2\/types\/product"}],"replies":[{"embeddable":true,"href":"https:\/\/collectin.eu\/en\/wp-json\/wp\/v2\/comments?post=40779"}],"version-history":[{"count":2,"href":"https:\/\/collectin.eu\/en\/wp-json\/wp\/v2\/product\/40779\/revisions"}],"predecessor-version":[{"id":40783,"href":"https:\/\/collectin.eu\/en\/wp-json\/wp\/v2\/product\/40779\/revisions\/40783"}],"wp:featuredmedia":[{"embeddable":true,"href":"https:\/\/collectin.eu\/en\/wp-json\/wp\/v2\/media\/40780"}],"wp:attachment":[{"href":"https:\/\/collectin.eu\/en\/wp-json\/wp\/v2\/media?parent=40779"}],"wp:term":[{"taxonomy":"product_brand","embeddable":true,"href":"https:\/\/collectin.eu\/en\/wp-json\/wp\/v2\/product_brand?post=40779"},{"taxonomy":"product_cat","embeddable":true,"href":"https:\/\/collectin.eu\/en\/wp-json\/wp\/v2\/product_cat?post=40779"},{"taxonomy":"product_tag","embeddable":true,"href":"https:\/\/collectin.eu\/en\/wp-json\/wp\/v2\/product_tag?post=40779"}],"curies":[{"name":"wp","href":"https:\/\/api.w.org\/{rel}","templated":true}]}}