{"id":40784,"date":"2026-04-21T08:48:03","date_gmt":"2026-04-21T08:48:03","guid":{"rendered":"https:\/\/collectin.eu\/?post_type=product&#038;p=40784"},"modified":"2026-04-21T08:48:03","modified_gmt":"2026-04-21T08:48:03","slug":"pop-moment-oracle-red-bull-racing-team","status":"publish","type":"product","link":"https:\/\/collectin.eu\/en\/product\/pop-moment-oracle-red-bull-racing-team\/","title":{"rendered":"Pop! Moment Oracle Red Bull Racing Team"},"content":{"rendered":"<p>Atidaroma naujame lange \u201eFunko Pop! Moment: Oracle Red Bull Racing Team\u201c yra \u012fsp\u016bdingas ir dinami\u0161kas kolekcinis eksponatas, skirtas u\u017efiksuoti vien\u0105 s\u0117kmingiausi\u0173 \u201eFormul\u0117s 1\u201c komand\u0173 jos \u0161lov\u0117s akimirkoje. \u0160i \u201ePop! Moment\u201c kompozicija vaizduoja abu elitinius komandos lenktynininkus \u2013 Max\u0105 Verstappen\u0105 ir Sergio \u201eCheco\u201c P\u00e9rez\u0105 \u2013 stovin\u010dius \u0161alia savo technologi\u0161kai pa\u017eangaus bolido, papuo\u0161to ikoni\u0161komis \u201eRed Bull Racing\u201c spalvomis ir r\u0117m\u0117j\u0173 logotipais. Detaliai atkurtos lenktyninink\u0173 aprangos, \u0161almai bei aerodinami\u0161kos bolido formos suteikia \u0161iam rinkiniui autenti\u0161kumo ir grei\u010dio poj\u016bt\u012f. Tai ne tik fig\u016br\u0117li\u0173 rinkinys, bet ir tikras pergal\u0117s simbolis, puikiai tinkantis tiek aistringiems autosporto gerb\u0117jams, tiek kolekcionieriams, vertinantiems istorinius sporto momentus.<\/p>","protected":false},"excerpt":{"rendered":"<p>Atidaroma naujame lange \u201eFunko Pop! Moment: Oracle Red Bull Racing Team\u201c yra \u012fsp\u016bdingas ir dinami\u0161kas kolekcinis eksponatas, skirtas u\u017efiksuoti vien\u0105<\/p>","protected":false},"featured_media":40785,"comment_status":"open","ping_status":"closed","template":"","meta":[],"product_brand":[426],"product_cat":[680,409,497],"product_tag":[],"class_list":{"0":"post-40784","1":"product","2":"type-product","3":"status-publish","4":"has-post-thumbnail","6":"product_brand-funko-pop","7":"product_cat-figureles","8":"product_cat-funko-pop","9":"product_cat-pop-sports","11":"first","12":"instock","13":"taxable","14":"shipping-taxable","15":"purchasable","16":"product-type-simple"},"yoast_head":"<!-- This site is optimized with the Yoast SEO plugin v25.9 - https:\/\/yoast.com\/wordpress\/plugins\/seo\/ -->\n<title>Pop! Moment Oracle Red Bull Racing Team - Collectin.eu<\/title>\n<meta name=\"description\" content=\"Atidaroma naujame lange \u201eFunko Pop! Moment: Oracle Red Bull Racing Team\u201c yra \u012fsp\u016bdingas ir dinami\u0161kas kolekcinis eksponatas.\" \/>\n<meta name=\"robots\" content=\"index, follow, max-snippet:-1, max-image-preview:large, max-video-preview:-1\" \/>\n<link rel=\"canonical\" href=\"https:\/\/collectin.eu\/en\/product\/pop-moment-oracle-red-bull-racing-team\/\" \/>\n<meta property=\"og:locale\" content=\"en_US\" \/>\n<meta property=\"og:type\" content=\"article\" \/>\n<meta property=\"og:title\" content=\"Pop! Moment Oracle Red Bull Racing Team - Collectin.eu\" \/>\n<meta property=\"og:description\" content=\"Atidaroma naujame lange \u201eFunko Pop! Moment: Oracle Red Bull Racing Team\u201c yra \u012fsp\u016bdingas ir dinami\u0161kas kolekcinis eksponatas.\" \/>\n<meta property=\"og:url\" content=\"https:\/\/collectin.eu\/en\/product\/pop-moment-oracle-red-bull-racing-team\/\" \/>\n<meta property=\"og:site_name\" content=\"Collectin.eu\" \/>\n<meta property=\"og:image\" content=\"http:\/\/collectin.eu\/wp-content\/uploads\/2026\/04\/Untitled-design-77.png\" \/>\n\t<meta property=\"og:image:width\" content=\"1080\" \/>\n\t<meta property=\"og:image:height\" content=\"1080\" \/>\n\t<meta property=\"og:image:type\" content=\"image\/png\" \/>\n<meta name=\"twitter:card\" content=\"summary_large_image\" \/>\n<meta name=\"twitter:label1\" content=\"Est. reading time\" \/>\n\t<meta name=\"twitter:data1\" content=\"1 minute\" \/>\n<script type=\"application\/ld+json\" class=\"yoast-schema-graph\">{\"@context\":\"https:\/\/schema.org\",\"@graph\":[{\"@type\":\"WebPage\",\"@id\":\"https:\/\/collectin.eu\/produktas\/pop-moment-oracle-red-bull-racing-team\/\",\"url\":\"https:\/\/collectin.eu\/produktas\/pop-moment-oracle-red-bull-racing-team\/\",\"name\":\"Pop! Moment Oracle Red Bull Racing Team - Collectin.eu\",\"isPartOf\":{\"@id\":\"https:\/\/collectin.eu\/#website\"},\"primaryImageOfPage\":{\"@id\":\"https:\/\/collectin.eu\/produktas\/pop-moment-oracle-red-bull-racing-team\/#primaryimage\"},\"image\":{\"@id\":\"https:\/\/collectin.eu\/produktas\/pop-moment-oracle-red-bull-racing-team\/#primaryimage\"},\"thumbnailUrl\":\"https:\/\/collectin.eu\/wp-content\/uploads\/2026\/04\/Untitled-design-77.png\",\"datePublished\":\"2026-04-21T08:48:03+00:00\",\"description\":\"Atidaroma naujame lange \u201eFunko Pop! Moment: Oracle Red Bull Racing Team\u201c yra \u012fsp\u016bdingas ir dinami\u0161kas kolekcinis eksponatas.\",\"breadcrumb\":{\"@id\":\"https:\/\/collectin.eu\/produktas\/pop-moment-oracle-red-bull-racing-team\/#breadcrumb\"},\"inLanguage\":\"en-US\",\"potentialAction\":[{\"@type\":\"ReadAction\",\"target\":[\"https:\/\/collectin.eu\/produktas\/pop-moment-oracle-red-bull-racing-team\/\"]}]},{\"@type\":\"ImageObject\",\"inLanguage\":\"en-US\",\"@id\":\"https:\/\/collectin.eu\/produktas\/pop-moment-oracle-red-bull-racing-team\/#primaryimage\",\"url\":\"https:\/\/collectin.eu\/wp-content\/uploads\/2026\/04\/Untitled-design-77.png\",\"contentUrl\":\"https:\/\/collectin.eu\/wp-content\/uploads\/2026\/04\/Untitled-design-77.png\",\"width\":1080,\"height\":1080},{\"@type\":\"BreadcrumbList\",\"@id\":\"https:\/\/collectin.eu\/produktas\/pop-moment-oracle-red-bull-racing-team\/#breadcrumb\",\"itemListElement\":[{\"@type\":\"ListItem\",\"position\":1,\"name\":\"Home\",\"item\":\"https:\/\/collectin.eu\/\"},{\"@type\":\"ListItem\",\"position\":2,\"name\":\"Parduotuv\u0117\",\"item\":\"https:\/\/collectin.eu\/parduotuve\/\"},{\"@type\":\"ListItem\",\"position\":3,\"name\":\"Pop! Moment Oracle Red Bull Racing Team\"}]},{\"@type\":\"WebSite\",\"@id\":\"https:\/\/collectin.eu\/#website\",\"url\":\"https:\/\/collectin.eu\/\",\"name\":\"Collectin.eu\",\"description\":\"\",\"potentialAction\":[{\"@type\":\"SearchAction\",\"target\":{\"@type\":\"EntryPoint\",\"urlTemplate\":\"https:\/\/collectin.eu\/?s={search_term_string}\"},\"query-input\":{\"@type\":\"PropertyValueSpecification\",\"valueRequired\":true,\"valueName\":\"search_term_string\"}}],\"inLanguage\":\"en-US\"}]}<\/script>\n<!-- \/ Yoast SEO plugin. -->","yoast_head_json":{"title":"Pop! Moment Oracle Red Bull Racing Team - Collectin.eu","description":"Atidaroma naujame lange \u201eFunko Pop! Moment: Oracle Red Bull Racing Team\u201c yra \u012fsp\u016bdingas ir dinami\u0161kas kolekcinis eksponatas.","robots":{"index":"index","follow":"follow","max-snippet":"max-snippet:-1","max-image-preview":"max-image-preview:large","max-video-preview":"max-video-preview:-1"},"canonical":"https:\/\/collectin.eu\/en\/product\/pop-moment-oracle-red-bull-racing-team\/","og_locale":"en_US","og_type":"article","og_title":"Pop! Moment Oracle Red Bull Racing Team - Collectin.eu","og_description":"Atidaroma naujame lange \u201eFunko Pop! Moment: Oracle Red Bull Racing Team\u201c yra \u012fsp\u016bdingas ir dinami\u0161kas kolekcinis eksponatas.","og_url":"https:\/\/collectin.eu\/en\/product\/pop-moment-oracle-red-bull-racing-team\/","og_site_name":"Collectin.eu","og_image":[{"width":1080,"height":1080,"url":"http:\/\/collectin.eu\/wp-content\/uploads\/2026\/04\/Untitled-design-77.png","type":"image\/png"}],"twitter_card":"summary_large_image","twitter_misc":{"Est. reading time":"1 minute"},"schema":{"@context":"https:\/\/schema.org","@graph":[{"@type":"WebPage","@id":"https:\/\/collectin.eu\/produktas\/pop-moment-oracle-red-bull-racing-team\/","url":"https:\/\/collectin.eu\/produktas\/pop-moment-oracle-red-bull-racing-team\/","name":"Pop! Moment Oracle Red Bull Racing Team - Collectin.eu","isPartOf":{"@id":"https:\/\/collectin.eu\/#website"},"primaryImageOfPage":{"@id":"https:\/\/collectin.eu\/produktas\/pop-moment-oracle-red-bull-racing-team\/#primaryimage"},"image":{"@id":"https:\/\/collectin.eu\/produktas\/pop-moment-oracle-red-bull-racing-team\/#primaryimage"},"thumbnailUrl":"https:\/\/collectin.eu\/wp-content\/uploads\/2026\/04\/Untitled-design-77.png","datePublished":"2026-04-21T08:48:03+00:00","description":"Atidaroma naujame lange \u201eFunko Pop! Moment: Oracle Red Bull Racing Team\u201c yra \u012fsp\u016bdingas ir dinami\u0161kas kolekcinis eksponatas.","breadcrumb":{"@id":"https:\/\/collectin.eu\/produktas\/pop-moment-oracle-red-bull-racing-team\/#breadcrumb"},"inLanguage":"en-US","potentialAction":[{"@type":"ReadAction","target":["https:\/\/collectin.eu\/produktas\/pop-moment-oracle-red-bull-racing-team\/"]}]},{"@type":"ImageObject","inLanguage":"en-US","@id":"https:\/\/collectin.eu\/produktas\/pop-moment-oracle-red-bull-racing-team\/#primaryimage","url":"https:\/\/collectin.eu\/wp-content\/uploads\/2026\/04\/Untitled-design-77.png","contentUrl":"https:\/\/collectin.eu\/wp-content\/uploads\/2026\/04\/Untitled-design-77.png","width":1080,"height":1080},{"@type":"BreadcrumbList","@id":"https:\/\/collectin.eu\/produktas\/pop-moment-oracle-red-bull-racing-team\/#breadcrumb","itemListElement":[{"@type":"ListItem","position":1,"name":"Home","item":"https:\/\/collectin.eu\/"},{"@type":"ListItem","position":2,"name":"Parduotuv\u0117","item":"https:\/\/collectin.eu\/parduotuve\/"},{"@type":"ListItem","position":3,"name":"Pop! Moment Oracle Red Bull Racing Team"}]},{"@type":"WebSite","@id":"https:\/\/collectin.eu\/#website","url":"https:\/\/collectin.eu\/","name":"Collectin.eu","description":"","potentialAction":[{"@type":"SearchAction","target":{"@type":"EntryPoint","urlTemplate":"https:\/\/collectin.eu\/?s={search_term_string}"},"query-input":{"@type":"PropertyValueSpecification","valueRequired":true,"valueName":"search_term_string"}}],"inLanguage":"en-US"}]}},"jetpack_sharing_enabled":true,"_links":{"self":[{"href":"https:\/\/collectin.eu\/en\/wp-json\/wp\/v2\/product\/40784","targetHints":{"allow":["GET"]}}],"collection":[{"href":"https:\/\/collectin.eu\/en\/wp-json\/wp\/v2\/product"}],"about":[{"href":"https:\/\/collectin.eu\/en\/wp-json\/wp\/v2\/types\/product"}],"replies":[{"embeddable":true,"href":"https:\/\/collectin.eu\/en\/wp-json\/wp\/v2\/comments?post=40784"}],"version-history":[{"count":2,"href":"https:\/\/collectin.eu\/en\/wp-json\/wp\/v2\/product\/40784\/revisions"}],"predecessor-version":[{"id":40788,"href":"https:\/\/collectin.eu\/en\/wp-json\/wp\/v2\/product\/40784\/revisions\/40788"}],"wp:featuredmedia":[{"embeddable":true,"href":"https:\/\/collectin.eu\/en\/wp-json\/wp\/v2\/media\/40785"}],"wp:attachment":[{"href":"https:\/\/collectin.eu\/en\/wp-json\/wp\/v2\/media?parent=40784"}],"wp:term":[{"taxonomy":"product_brand","embeddable":true,"href":"https:\/\/collectin.eu\/en\/wp-json\/wp\/v2\/product_brand?post=40784"},{"taxonomy":"product_cat","embeddable":true,"href":"https:\/\/collectin.eu\/en\/wp-json\/wp\/v2\/product_cat?post=40784"},{"taxonomy":"product_tag","embeddable":true,"href":"https:\/\/collectin.eu\/en\/wp-json\/wp\/v2\/product_tag?post=40784"}],"curies":[{"name":"wp","href":"https:\/\/api.w.org\/{rel}","templated":true}]}}