{"id":40789,"date":"2026-04-22T12:38:48","date_gmt":"2026-04-22T12:38:48","guid":{"rendered":"https:\/\/collectin.eu\/?post_type=product&#038;p=40789"},"modified":"2026-04-22T12:38:48","modified_gmt":"2026-04-22T12:38:48","slug":"lego-40381-monkey-king","status":"publish","type":"product","link":"https:\/\/collectin.eu\/en\/product\/lego-40381-monkey-king\/","title":{"rendered":"LEGO\u00ae 40381 Monkey King"},"content":{"rendered":"<p>\u201eLEGO\u00ae Monkie Kid\u2122\u201c gerb\u0117jams patiks konstruoti nuostabi\u0105 savo pa\u010di\u0173 \u201eLEGO BrickHeadz\u2122\u201c Monkey King versij\u0105 (40381). \u0160\u012f nuostab\u0173 nedidel\u012f legendinio klasikinio kin\u0173 romano \u201eKelion\u0117 \u012f Vakarus\u201c veik\u0117jo model\u012f bus smagu konstruoti pavieniui arba su draugais. Prie jo pridedamos nuoseklios iliustruotos instrukcijos, kad net LEGO naujokai gal\u0117t\u0173 konstruoti u\u017etikrintai. Smagi dovanos id\u0117ja k\u016brybingiems vaikams nuo 10 met\u0173 am\u017eiaus. \u0160is kolekcionuojamas \u017eaislas turi pagrindo plok\u0161tel\u0119, ant kurios j\u012f galima demonstruoti.<\/p>","protected":false},"excerpt":{"rendered":"<p>\u201eLEGO\u00ae Monkie Kid\u2122\u201c gerb\u0117jams patiks konstruoti nuostabi\u0105 savo pa\u010di\u0173 \u201eLEGO BrickHeadz\u2122\u201c Monkey King versij\u0105 (40381). \u0160\u012f nuostab\u0173 nedidel\u012f legendinio klasikinio<\/p>","protected":false},"featured_media":40790,"comment_status":"open","ping_status":"closed","template":"","meta":[],"product_brand":[423],"product_cat":[677,406,432],"product_tag":[],"class_list":{"0":"post-40789","1":"product","2":"type-product","3":"status-publish","4":"has-post-thumbnail","6":"product_brand-lego","7":"product_cat-lego-konstruktoriai","8":"product_cat-lego","9":"product_cat-lego-brickheadz","11":"first","12":"instock","13":"taxable","14":"shipping-taxable","15":"purchasable","16":"product-type-simple"},"yoast_head":"<!-- This site is optimized with the Yoast SEO plugin v25.9 - https:\/\/yoast.com\/wordpress\/plugins\/seo\/ -->\n<title>LEGO\u00ae 40381 Monkey King - Collectin.eu<\/title>\n<meta name=\"description\" content=\"\u201eLEGO\u00ae Monkie Kid\u2122\u201c gerb\u0117jams patiks konstruoti nuostabi\u0105 savo pa\u010di\u0173 \u201eLEGO BrickHeadz\u2122\u201c Monkey King versij\u0105 (40381).\" \/>\n<meta name=\"robots\" content=\"index, follow, max-snippet:-1, max-image-preview:large, max-video-preview:-1\" \/>\n<link rel=\"canonical\" href=\"https:\/\/collectin.eu\/en\/product\/lego-40381-monkey-king\/\" \/>\n<meta property=\"og:locale\" content=\"en_US\" \/>\n<meta property=\"og:type\" content=\"article\" \/>\n<meta property=\"og:title\" content=\"LEGO\u00ae 40381 Monkey King - Collectin.eu\" \/>\n<meta property=\"og:description\" content=\"\u201eLEGO\u00ae Monkie Kid\u2122\u201c gerb\u0117jams patiks konstruoti nuostabi\u0105 savo pa\u010di\u0173 \u201eLEGO BrickHeadz\u2122\u201c Monkey King versij\u0105 (40381).\" \/>\n<meta property=\"og:url\" content=\"https:\/\/collectin.eu\/en\/product\/lego-40381-monkey-king\/\" \/>\n<meta property=\"og:site_name\" content=\"Collectin.eu\" \/>\n<meta property=\"og:image\" content=\"http:\/\/collectin.eu\/wp-content\/uploads\/2026\/04\/Untitled-design-79.png\" \/>\n\t<meta property=\"og:image:width\" content=\"1080\" \/>\n\t<meta property=\"og:image:height\" content=\"1080\" \/>\n\t<meta property=\"og:image:type\" content=\"image\/png\" \/>\n<meta name=\"twitter:card\" content=\"summary_large_image\" \/>\n<meta name=\"twitter:label1\" content=\"Est. reading time\" \/>\n\t<meta name=\"twitter:data1\" content=\"1 minute\" \/>\n<script type=\"application\/ld+json\" class=\"yoast-schema-graph\">{\"@context\":\"https:\/\/schema.org\",\"@graph\":[{\"@type\":\"WebPage\",\"@id\":\"https:\/\/collectin.eu\/produktas\/lego-40381-monkey-king\/\",\"url\":\"https:\/\/collectin.eu\/produktas\/lego-40381-monkey-king\/\",\"name\":\"LEGO\u00ae 40381 Monkey King - Collectin.eu\",\"isPartOf\":{\"@id\":\"https:\/\/collectin.eu\/#website\"},\"primaryImageOfPage\":{\"@id\":\"https:\/\/collectin.eu\/produktas\/lego-40381-monkey-king\/#primaryimage\"},\"image\":{\"@id\":\"https:\/\/collectin.eu\/produktas\/lego-40381-monkey-king\/#primaryimage\"},\"thumbnailUrl\":\"https:\/\/collectin.eu\/wp-content\/uploads\/2026\/04\/Untitled-design-79.png\",\"datePublished\":\"2026-04-22T12:38:48+00:00\",\"description\":\"\u201eLEGO\u00ae Monkie Kid\u2122\u201c gerb\u0117jams patiks konstruoti nuostabi\u0105 savo pa\u010di\u0173 \u201eLEGO BrickHeadz\u2122\u201c Monkey King versij\u0105 (40381).\",\"breadcrumb\":{\"@id\":\"https:\/\/collectin.eu\/produktas\/lego-40381-monkey-king\/#breadcrumb\"},\"inLanguage\":\"en-US\",\"potentialAction\":[{\"@type\":\"ReadAction\",\"target\":[\"https:\/\/collectin.eu\/produktas\/lego-40381-monkey-king\/\"]}]},{\"@type\":\"ImageObject\",\"inLanguage\":\"en-US\",\"@id\":\"https:\/\/collectin.eu\/produktas\/lego-40381-monkey-king\/#primaryimage\",\"url\":\"https:\/\/collectin.eu\/wp-content\/uploads\/2026\/04\/Untitled-design-79.png\",\"contentUrl\":\"https:\/\/collectin.eu\/wp-content\/uploads\/2026\/04\/Untitled-design-79.png\",\"width\":1080,\"height\":1080},{\"@type\":\"BreadcrumbList\",\"@id\":\"https:\/\/collectin.eu\/produktas\/lego-40381-monkey-king\/#breadcrumb\",\"itemListElement\":[{\"@type\":\"ListItem\",\"position\":1,\"name\":\"Home\",\"item\":\"https:\/\/collectin.eu\/\"},{\"@type\":\"ListItem\",\"position\":2,\"name\":\"Parduotuv\u0117\",\"item\":\"https:\/\/collectin.eu\/parduotuve\/\"},{\"@type\":\"ListItem\",\"position\":3,\"name\":\"LEGO\u00ae 40381 Monkey King\"}]},{\"@type\":\"WebSite\",\"@id\":\"https:\/\/collectin.eu\/#website\",\"url\":\"https:\/\/collectin.eu\/\",\"name\":\"Collectin.eu\",\"description\":\"\",\"potentialAction\":[{\"@type\":\"SearchAction\",\"target\":{\"@type\":\"EntryPoint\",\"urlTemplate\":\"https:\/\/collectin.eu\/?s={search_term_string}\"},\"query-input\":{\"@type\":\"PropertyValueSpecification\",\"valueRequired\":true,\"valueName\":\"search_term_string\"}}],\"inLanguage\":\"en-US\"}]}<\/script>\n<!-- \/ Yoast SEO plugin. -->","yoast_head_json":{"title":"LEGO\u00ae 40381 Monkey King - Collectin.eu","description":"\u201eLEGO\u00ae Monkie Kid\u2122\u201c gerb\u0117jams patiks konstruoti nuostabi\u0105 savo pa\u010di\u0173 \u201eLEGO BrickHeadz\u2122\u201c Monkey King versij\u0105 (40381).","robots":{"index":"index","follow":"follow","max-snippet":"max-snippet:-1","max-image-preview":"max-image-preview:large","max-video-preview":"max-video-preview:-1"},"canonical":"https:\/\/collectin.eu\/en\/product\/lego-40381-monkey-king\/","og_locale":"en_US","og_type":"article","og_title":"LEGO\u00ae 40381 Monkey King - Collectin.eu","og_description":"\u201eLEGO\u00ae Monkie Kid\u2122\u201c gerb\u0117jams patiks konstruoti nuostabi\u0105 savo pa\u010di\u0173 \u201eLEGO BrickHeadz\u2122\u201c Monkey King versij\u0105 (40381).","og_url":"https:\/\/collectin.eu\/en\/product\/lego-40381-monkey-king\/","og_site_name":"Collectin.eu","og_image":[{"width":1080,"height":1080,"url":"http:\/\/collectin.eu\/wp-content\/uploads\/2026\/04\/Untitled-design-79.png","type":"image\/png"}],"twitter_card":"summary_large_image","twitter_misc":{"Est. reading time":"1 minute"},"schema":{"@context":"https:\/\/schema.org","@graph":[{"@type":"WebPage","@id":"https:\/\/collectin.eu\/produktas\/lego-40381-monkey-king\/","url":"https:\/\/collectin.eu\/produktas\/lego-40381-monkey-king\/","name":"LEGO\u00ae 40381 Monkey King - Collectin.eu","isPartOf":{"@id":"https:\/\/collectin.eu\/#website"},"primaryImageOfPage":{"@id":"https:\/\/collectin.eu\/produktas\/lego-40381-monkey-king\/#primaryimage"},"image":{"@id":"https:\/\/collectin.eu\/produktas\/lego-40381-monkey-king\/#primaryimage"},"thumbnailUrl":"https:\/\/collectin.eu\/wp-content\/uploads\/2026\/04\/Untitled-design-79.png","datePublished":"2026-04-22T12:38:48+00:00","description":"\u201eLEGO\u00ae Monkie Kid\u2122\u201c gerb\u0117jams patiks konstruoti nuostabi\u0105 savo pa\u010di\u0173 \u201eLEGO BrickHeadz\u2122\u201c Monkey King versij\u0105 (40381).","breadcrumb":{"@id":"https:\/\/collectin.eu\/produktas\/lego-40381-monkey-king\/#breadcrumb"},"inLanguage":"en-US","potentialAction":[{"@type":"ReadAction","target":["https:\/\/collectin.eu\/produktas\/lego-40381-monkey-king\/"]}]},{"@type":"ImageObject","inLanguage":"en-US","@id":"https:\/\/collectin.eu\/produktas\/lego-40381-monkey-king\/#primaryimage","url":"https:\/\/collectin.eu\/wp-content\/uploads\/2026\/04\/Untitled-design-79.png","contentUrl":"https:\/\/collectin.eu\/wp-content\/uploads\/2026\/04\/Untitled-design-79.png","width":1080,"height":1080},{"@type":"BreadcrumbList","@id":"https:\/\/collectin.eu\/produktas\/lego-40381-monkey-king\/#breadcrumb","itemListElement":[{"@type":"ListItem","position":1,"name":"Home","item":"https:\/\/collectin.eu\/"},{"@type":"ListItem","position":2,"name":"Parduotuv\u0117","item":"https:\/\/collectin.eu\/parduotuve\/"},{"@type":"ListItem","position":3,"name":"LEGO\u00ae 40381 Monkey King"}]},{"@type":"WebSite","@id":"https:\/\/collectin.eu\/#website","url":"https:\/\/collectin.eu\/","name":"Collectin.eu","description":"","potentialAction":[{"@type":"SearchAction","target":{"@type":"EntryPoint","urlTemplate":"https:\/\/collectin.eu\/?s={search_term_string}"},"query-input":{"@type":"PropertyValueSpecification","valueRequired":true,"valueName":"search_term_string"}}],"inLanguage":"en-US"}]}},"jetpack_sharing_enabled":true,"_links":{"self":[{"href":"https:\/\/collectin.eu\/en\/wp-json\/wp\/v2\/product\/40789","targetHints":{"allow":["GET"]}}],"collection":[{"href":"https:\/\/collectin.eu\/en\/wp-json\/wp\/v2\/product"}],"about":[{"href":"https:\/\/collectin.eu\/en\/wp-json\/wp\/v2\/types\/product"}],"replies":[{"embeddable":true,"href":"https:\/\/collectin.eu\/en\/wp-json\/wp\/v2\/comments?post=40789"}],"version-history":[{"count":2,"href":"https:\/\/collectin.eu\/en\/wp-json\/wp\/v2\/product\/40789\/revisions"}],"predecessor-version":[{"id":40794,"href":"https:\/\/collectin.eu\/en\/wp-json\/wp\/v2\/product\/40789\/revisions\/40794"}],"wp:featuredmedia":[{"embeddable":true,"href":"https:\/\/collectin.eu\/en\/wp-json\/wp\/v2\/media\/40790"}],"wp:attachment":[{"href":"https:\/\/collectin.eu\/en\/wp-json\/wp\/v2\/media?parent=40789"}],"wp:term":[{"taxonomy":"product_brand","embeddable":true,"href":"https:\/\/collectin.eu\/en\/wp-json\/wp\/v2\/product_brand?post=40789"},{"taxonomy":"product_cat","embeddable":true,"href":"https:\/\/collectin.eu\/en\/wp-json\/wp\/v2\/product_cat?post=40789"},{"taxonomy":"product_tag","embeddable":true,"href":"https:\/\/collectin.eu\/en\/wp-json\/wp\/v2\/product_tag?post=40789"}],"curies":[{"name":"wp","href":"https:\/\/api.w.org\/{rel}","templated":true}]}}