{"id":40795,"date":"2026-04-22T12:46:39","date_gmt":"2026-04-22T12:46:39","guid":{"rendered":"https:\/\/collectin.eu\/?post_type=product&#038;p=40795"},"modified":"2026-04-22T12:46:39","modified_gmt":"2026-04-22T12:46:39","slug":"lego-40753-mirabel-madrigal","status":"publish","type":"product","link":"https:\/\/collectin.eu\/en\/product\/lego-40753-mirabel-madrigal\/","title":{"rendered":"LEGO\u00ae 40753 Mirabel Madrigal"},"content":{"rendered":"<p>Su\u017eav\u0117kite vaikus ir filmo gerb\u0117jus \u201eLEGO\u00ae BrickHeadz\u2122\u201c Mirabel\u0117s Madrigal rinkiniu (40753), skirtu mergait\u0117ms ir berniukams nuo 10 met\u0173. \u201eDisney\u201c filmo Enkanto heroj\u0117s \u012fkv\u0117pta konstruojama kolekcin\u0117 Mirabel\u0117s fig\u016br\u0117l\u0117 vilki balta g\u0117l\u0117ta palaidineir m\u0117lynu sijonu, ji taip pat turi apvalius akinius. Vaikai smagiai sukonstruos \u0161\u012f Enkanto \u017eaisl\u0105, o paskui panaudos j\u012f m\u0117gstamoms filmo scenoms atkurti arba i\u0161did\u017eiai eksponuos j\u012f savo kambaryje.<\/p>\n<ul>\n<li>Heroj\u0117s fig\u016br\u0117l\u0117 \u2013 leiskite ma\u017eiesiems kino gerb\u0117jams sukurti kolekcin\u0119 \u201eDisney\u201c fig\u016br\u0117l\u0119 su \u201eLEGO\u00ae BrickHeadz\u2122\u201c \u01c0 \u201eDisney\u201c Mirabel\u0117s Madrigal Enkanto konstravimo \u017eaislu, skirtu vaikams nuo 10 met\u0173<\/li>\n<li>Akimirksniu atpa\u017e\u012fstama \u2013 konstruojama Mirabel\u0117s fig\u016br\u0117l\u0117 yra su savo i\u0161skirtine balta g\u0117l\u0117ta palaidine, m\u0117lynu sijonu bei \u017eymiaisiais apvaliais akiniais<\/li>\n<li>\u017daiskite ir eksponuokite \u2013 su konstruojama fig\u016br\u0117le Enkanto gerb\u0117jai gali atkurti m\u0117gstamas scenas arba i\u0161did\u017eiai eksponuoti j\u0105 savo kambaryje<\/li>\n<li>Daugiau kolekcini\u0173 rinkini\u0173 \u2013 \u0161i\u0105 \u017eaisti ir eksponuoti skirt\u0105 konstruojam\u0105 fig\u016br\u0117l\u0119 galima derinti su kitais \u201eLEGO\u00ae BrickHeadz\u2122\u201c serijos rinkiniais (parduodamais atskirai), kuriuose yra daugiau \u201eDisney\u201c persona\u017e\u0173<\/li>\n<\/ul>","protected":false},"excerpt":{"rendered":"<p>Su\u017eav\u0117kite vaikus ir filmo gerb\u0117jus \u201eLEGO\u00ae BrickHeadz\u2122\u201c Mirabel\u0117s Madrigal rinkiniu (40753), skirtu mergait\u0117ms ir berniukams nuo 10 met\u0173. \u201eDisney\u201c filmo<\/p>","protected":false},"featured_media":40796,"comment_status":"open","ping_status":"closed","template":"","meta":[],"product_brand":[423],"product_cat":[677,406,432],"product_tag":[],"class_list":{"0":"post-40795","1":"product","2":"type-product","3":"status-publish","4":"has-post-thumbnail","6":"product_brand-lego","7":"product_cat-lego-konstruktoriai","8":"product_cat-lego","9":"product_cat-lego-brickheadz","11":"first","12":"instock","13":"taxable","14":"shipping-taxable","15":"purchasable","16":"product-type-simple"},"yoast_head":"<!-- This site is optimized with the Yoast SEO plugin v25.9 - https:\/\/yoast.com\/wordpress\/plugins\/seo\/ -->\n<title>LEGO\u00ae 40753 Mirabel Madrigal - Collectin.eu<\/title>\n<meta name=\"description\" content=\"Su\u017eav\u0117kite vaikus ir filmo gerb\u0117jus \u201eLEGO\u00ae BrickHeadz\u2122\u201c Mirabel\u0117s Madrigal rinkiniu (40753), skirtu mergait\u0117ms ir berniukams nuo 10 met\u0173.\" \/>\n<meta name=\"robots\" content=\"index, follow, max-snippet:-1, max-image-preview:large, max-video-preview:-1\" \/>\n<link rel=\"canonical\" href=\"https:\/\/collectin.eu\/en\/product\/lego-40753-mirabel-madrigal\/\" \/>\n<meta property=\"og:locale\" content=\"en_US\" \/>\n<meta property=\"og:type\" content=\"article\" \/>\n<meta property=\"og:title\" content=\"LEGO\u00ae 40753 Mirabel Madrigal - Collectin.eu\" \/>\n<meta property=\"og:description\" content=\"Su\u017eav\u0117kite vaikus ir filmo gerb\u0117jus \u201eLEGO\u00ae BrickHeadz\u2122\u201c Mirabel\u0117s Madrigal rinkiniu (40753), skirtu mergait\u0117ms ir berniukams nuo 10 met\u0173.\" \/>\n<meta property=\"og:url\" content=\"https:\/\/collectin.eu\/en\/product\/lego-40753-mirabel-madrigal\/\" \/>\n<meta property=\"og:site_name\" content=\"Collectin.eu\" \/>\n<meta property=\"og:image\" content=\"http:\/\/collectin.eu\/wp-content\/uploads\/2026\/04\/Untitled-design-82.png\" \/>\n\t<meta property=\"og:image:width\" content=\"1080\" \/>\n\t<meta property=\"og:image:height\" content=\"1080\" \/>\n\t<meta property=\"og:image:type\" content=\"image\/png\" \/>\n<meta name=\"twitter:card\" content=\"summary_large_image\" \/>\n<meta name=\"twitter:label1\" content=\"Est. reading time\" \/>\n\t<meta name=\"twitter:data1\" content=\"1 minute\" \/>\n<script type=\"application\/ld+json\" class=\"yoast-schema-graph\">{\"@context\":\"https:\/\/schema.org\",\"@graph\":[{\"@type\":\"WebPage\",\"@id\":\"https:\/\/collectin.eu\/produktas\/lego-40753-mirabel-madrigal\/\",\"url\":\"https:\/\/collectin.eu\/produktas\/lego-40753-mirabel-madrigal\/\",\"name\":\"LEGO\u00ae 40753 Mirabel Madrigal - Collectin.eu\",\"isPartOf\":{\"@id\":\"https:\/\/collectin.eu\/#website\"},\"primaryImageOfPage\":{\"@id\":\"https:\/\/collectin.eu\/produktas\/lego-40753-mirabel-madrigal\/#primaryimage\"},\"image\":{\"@id\":\"https:\/\/collectin.eu\/produktas\/lego-40753-mirabel-madrigal\/#primaryimage\"},\"thumbnailUrl\":\"https:\/\/collectin.eu\/wp-content\/uploads\/2026\/04\/Untitled-design-82.png\",\"datePublished\":\"2026-04-22T12:46:39+00:00\",\"description\":\"Su\u017eav\u0117kite vaikus ir filmo gerb\u0117jus \u201eLEGO\u00ae BrickHeadz\u2122\u201c Mirabel\u0117s Madrigal rinkiniu (40753), skirtu mergait\u0117ms ir berniukams nuo 10 met\u0173.\",\"breadcrumb\":{\"@id\":\"https:\/\/collectin.eu\/produktas\/lego-40753-mirabel-madrigal\/#breadcrumb\"},\"inLanguage\":\"en-US\",\"potentialAction\":[{\"@type\":\"ReadAction\",\"target\":[\"https:\/\/collectin.eu\/produktas\/lego-40753-mirabel-madrigal\/\"]}]},{\"@type\":\"ImageObject\",\"inLanguage\":\"en-US\",\"@id\":\"https:\/\/collectin.eu\/produktas\/lego-40753-mirabel-madrigal\/#primaryimage\",\"url\":\"https:\/\/collectin.eu\/wp-content\/uploads\/2026\/04\/Untitled-design-82.png\",\"contentUrl\":\"https:\/\/collectin.eu\/wp-content\/uploads\/2026\/04\/Untitled-design-82.png\",\"width\":1080,\"height\":1080},{\"@type\":\"BreadcrumbList\",\"@id\":\"https:\/\/collectin.eu\/produktas\/lego-40753-mirabel-madrigal\/#breadcrumb\",\"itemListElement\":[{\"@type\":\"ListItem\",\"position\":1,\"name\":\"Home\",\"item\":\"https:\/\/collectin.eu\/\"},{\"@type\":\"ListItem\",\"position\":2,\"name\":\"Parduotuv\u0117\",\"item\":\"https:\/\/collectin.eu\/parduotuve\/\"},{\"@type\":\"ListItem\",\"position\":3,\"name\":\"LEGO\u00ae 40753 Mirabel Madrigal\"}]},{\"@type\":\"WebSite\",\"@id\":\"https:\/\/collectin.eu\/#website\",\"url\":\"https:\/\/collectin.eu\/\",\"name\":\"Collectin.eu\",\"description\":\"\",\"potentialAction\":[{\"@type\":\"SearchAction\",\"target\":{\"@type\":\"EntryPoint\",\"urlTemplate\":\"https:\/\/collectin.eu\/?s={search_term_string}\"},\"query-input\":{\"@type\":\"PropertyValueSpecification\",\"valueRequired\":true,\"valueName\":\"search_term_string\"}}],\"inLanguage\":\"en-US\"}]}<\/script>\n<!-- \/ Yoast SEO plugin. -->","yoast_head_json":{"title":"LEGO\u00ae 40753 Mirabel Madrigal - Collectin.eu","description":"Su\u017eav\u0117kite vaikus ir filmo gerb\u0117jus \u201eLEGO\u00ae BrickHeadz\u2122\u201c Mirabel\u0117s Madrigal rinkiniu (40753), skirtu mergait\u0117ms ir berniukams nuo 10 met\u0173.","robots":{"index":"index","follow":"follow","max-snippet":"max-snippet:-1","max-image-preview":"max-image-preview:large","max-video-preview":"max-video-preview:-1"},"canonical":"https:\/\/collectin.eu\/en\/product\/lego-40753-mirabel-madrigal\/","og_locale":"en_US","og_type":"article","og_title":"LEGO\u00ae 40753 Mirabel Madrigal - Collectin.eu","og_description":"Su\u017eav\u0117kite vaikus ir filmo gerb\u0117jus \u201eLEGO\u00ae BrickHeadz\u2122\u201c Mirabel\u0117s Madrigal rinkiniu (40753), skirtu mergait\u0117ms ir berniukams nuo 10 met\u0173.","og_url":"https:\/\/collectin.eu\/en\/product\/lego-40753-mirabel-madrigal\/","og_site_name":"Collectin.eu","og_image":[{"width":1080,"height":1080,"url":"http:\/\/collectin.eu\/wp-content\/uploads\/2026\/04\/Untitled-design-82.png","type":"image\/png"}],"twitter_card":"summary_large_image","twitter_misc":{"Est. reading time":"1 minute"},"schema":{"@context":"https:\/\/schema.org","@graph":[{"@type":"WebPage","@id":"https:\/\/collectin.eu\/produktas\/lego-40753-mirabel-madrigal\/","url":"https:\/\/collectin.eu\/produktas\/lego-40753-mirabel-madrigal\/","name":"LEGO\u00ae 40753 Mirabel Madrigal - Collectin.eu","isPartOf":{"@id":"https:\/\/collectin.eu\/#website"},"primaryImageOfPage":{"@id":"https:\/\/collectin.eu\/produktas\/lego-40753-mirabel-madrigal\/#primaryimage"},"image":{"@id":"https:\/\/collectin.eu\/produktas\/lego-40753-mirabel-madrigal\/#primaryimage"},"thumbnailUrl":"https:\/\/collectin.eu\/wp-content\/uploads\/2026\/04\/Untitled-design-82.png","datePublished":"2026-04-22T12:46:39+00:00","description":"Su\u017eav\u0117kite vaikus ir filmo gerb\u0117jus \u201eLEGO\u00ae BrickHeadz\u2122\u201c Mirabel\u0117s Madrigal rinkiniu (40753), skirtu mergait\u0117ms ir berniukams nuo 10 met\u0173.","breadcrumb":{"@id":"https:\/\/collectin.eu\/produktas\/lego-40753-mirabel-madrigal\/#breadcrumb"},"inLanguage":"en-US","potentialAction":[{"@type":"ReadAction","target":["https:\/\/collectin.eu\/produktas\/lego-40753-mirabel-madrigal\/"]}]},{"@type":"ImageObject","inLanguage":"en-US","@id":"https:\/\/collectin.eu\/produktas\/lego-40753-mirabel-madrigal\/#primaryimage","url":"https:\/\/collectin.eu\/wp-content\/uploads\/2026\/04\/Untitled-design-82.png","contentUrl":"https:\/\/collectin.eu\/wp-content\/uploads\/2026\/04\/Untitled-design-82.png","width":1080,"height":1080},{"@type":"BreadcrumbList","@id":"https:\/\/collectin.eu\/produktas\/lego-40753-mirabel-madrigal\/#breadcrumb","itemListElement":[{"@type":"ListItem","position":1,"name":"Home","item":"https:\/\/collectin.eu\/"},{"@type":"ListItem","position":2,"name":"Parduotuv\u0117","item":"https:\/\/collectin.eu\/parduotuve\/"},{"@type":"ListItem","position":3,"name":"LEGO\u00ae 40753 Mirabel Madrigal"}]},{"@type":"WebSite","@id":"https:\/\/collectin.eu\/#website","url":"https:\/\/collectin.eu\/","name":"Collectin.eu","description":"","potentialAction":[{"@type":"SearchAction","target":{"@type":"EntryPoint","urlTemplate":"https:\/\/collectin.eu\/?s={search_term_string}"},"query-input":{"@type":"PropertyValueSpecification","valueRequired":true,"valueName":"search_term_string"}}],"inLanguage":"en-US"}]}},"jetpack_sharing_enabled":true,"_links":{"self":[{"href":"https:\/\/collectin.eu\/en\/wp-json\/wp\/v2\/product\/40795","targetHints":{"allow":["GET"]}}],"collection":[{"href":"https:\/\/collectin.eu\/en\/wp-json\/wp\/v2\/product"}],"about":[{"href":"https:\/\/collectin.eu\/en\/wp-json\/wp\/v2\/types\/product"}],"replies":[{"embeddable":true,"href":"https:\/\/collectin.eu\/en\/wp-json\/wp\/v2\/comments?post=40795"}],"version-history":[{"count":1,"href":"https:\/\/collectin.eu\/en\/wp-json\/wp\/v2\/product\/40795\/revisions"}],"predecessor-version":[{"id":40799,"href":"https:\/\/collectin.eu\/en\/wp-json\/wp\/v2\/product\/40795\/revisions\/40799"}],"wp:featuredmedia":[{"embeddable":true,"href":"https:\/\/collectin.eu\/en\/wp-json\/wp\/v2\/media\/40796"}],"wp:attachment":[{"href":"https:\/\/collectin.eu\/en\/wp-json\/wp\/v2\/media?parent=40795"}],"wp:term":[{"taxonomy":"product_brand","embeddable":true,"href":"https:\/\/collectin.eu\/en\/wp-json\/wp\/v2\/product_brand?post=40795"},{"taxonomy":"product_cat","embeddable":true,"href":"https:\/\/collectin.eu\/en\/wp-json\/wp\/v2\/product_cat?post=40795"},{"taxonomy":"product_tag","embeddable":true,"href":"https:\/\/collectin.eu\/en\/wp-json\/wp\/v2\/product_tag?post=40795"}],"curies":[{"name":"wp","href":"https:\/\/api.w.org\/{rel}","templated":true}]}}