{"id":40800,"date":"2026-04-22T12:52:43","date_gmt":"2026-04-22T12:52:43","guid":{"rendered":"https:\/\/collectin.eu\/?post_type=product&#038;p=40800"},"modified":"2026-04-22T12:52:43","modified_gmt":"2026-04-22T12:52:43","slug":"lego-40613-mini-disney-palace-of-agrabah","status":"publish","type":"product","link":"https:\/\/collectin.eu\/en\/product\/lego-40613-mini-disney-palace-of-agrabah\/","title":{"rendered":"LEGO\u00ae 40613 Mini Disney Palace of Agrabah"},"content":{"rendered":"<p>Prisiminkite vien\u0105 populiariausi\u0173 pasaulyje muzikini\u0173 fantastini\u0173 animacini\u0173 film\u0173 su LEGO\u00ae \u01c0 \u201eDisney\u201c ma\u017e\u0173j\u0173 Agrabos r\u016bm\u0173 (40613) konstravimo rinkiniu. Be miniati\u016brinio konstruojamo ir eksponuojamo modelio, perteikian\u010dio mil\u017eini\u0161k\u0173 r\u016bm\u0173 su baltais bok\u0161tais ir auksiniais kupolais i\u0161vaizd\u0105, rinkinyje taip pat yra konstruojamas skraidantis kilimas ir d\u017eino lempa. Padovanokite mylimam \u201eDisney\u201c gerb\u0117jui \u0161i\u0105 dovan\u0105, suteiksian\u010di\u0105 magi\u0161k\u0105 akcent\u0105 bet kuriam kambariui.<\/p>\n<ul>\n<li>Miniati\u016brinis konstruojamas ir eksponuojamas modelis \u2013 suteikite magi\u0161ko \u201eDisney\u201c \u017eavesio bet kuriam kambariui su \u0161iuo LEGO\u00ae \u01c0 \u201eDisney\u201c ma\u017e\u0173j\u0173 Agrabos r\u016bm\u0173 (40613) konstravimo rinkiniu<\/li>\n<li>Smagi dovana \u2013 padovanokite \u0161\u012f rinkin\u012f gimtadienio, \u0161vent\u0117s ar kita proga bet kokio am\u017eiaus \u201eDisney\u201c gerb\u0117jams<\/li>\n<li>Matmenys \u2013 per 15 cm auk\u0161\u010dio, 14 cm plo\u010dio ir 16 cm gylio<\/li>\n<\/ul>","protected":false},"excerpt":{"rendered":"<p>Prisiminkite vien\u0105 populiariausi\u0173 pasaulyje muzikini\u0173 fantastini\u0173 animacini\u0173 film\u0173 su LEGO\u00ae \u01c0 \u201eDisney\u201c ma\u017e\u0173j\u0173 Agrabos r\u016bm\u0173 (40613) konstravimo rinkiniu. Be miniati\u016brinio<\/p>","protected":false},"featured_media":40801,"comment_status":"open","ping_status":"closed","template":"","meta":[],"product_brand":[423],"product_cat":[677,406,494],"product_tag":[],"class_list":{"0":"post-40800","1":"product","2":"type-product","3":"status-publish","4":"has-post-thumbnail","6":"product_brand-lego","7":"product_cat-lego-konstruktoriai","8":"product_cat-lego","9":"product_cat-lego-disney","11":"first","12":"instock","13":"taxable","14":"shipping-taxable","15":"purchasable","16":"product-type-simple"},"yoast_head":"<!-- This site is optimized with the Yoast SEO plugin v25.9 - https:\/\/yoast.com\/wordpress\/plugins\/seo\/ -->\n<title>LEGO\u00ae 40613 Mini Disney Palace of Agrabah - Collectin.eu<\/title>\n<meta name=\"description\" content=\"Prisiminkite vien\u0105 populiariausi\u0173 pasaulyje muzikini\u0173 fantastini\u0173 animacini\u0173 film\u0173 su LEGO\u00ae \u01c0 \u201eDisney\u201c ma\u017e\u0173j\u0173 Agrabos r\u016bm\u0173 (40613) konstravimo rinkiniu.\" \/>\n<meta name=\"robots\" content=\"index, follow, max-snippet:-1, max-image-preview:large, max-video-preview:-1\" \/>\n<link rel=\"canonical\" href=\"https:\/\/collectin.eu\/en\/product\/lego-40613-mini-disney-palace-of-agrabah\/\" \/>\n<meta property=\"og:locale\" content=\"en_US\" \/>\n<meta property=\"og:type\" content=\"article\" \/>\n<meta property=\"og:title\" content=\"LEGO\u00ae 40613 Mini Disney Palace of Agrabah - Collectin.eu\" \/>\n<meta property=\"og:description\" content=\"Prisiminkite vien\u0105 populiariausi\u0173 pasaulyje muzikini\u0173 fantastini\u0173 animacini\u0173 film\u0173 su LEGO\u00ae \u01c0 \u201eDisney\u201c ma\u017e\u0173j\u0173 Agrabos r\u016bm\u0173 (40613) konstravimo rinkiniu.\" \/>\n<meta property=\"og:url\" content=\"https:\/\/collectin.eu\/en\/product\/lego-40613-mini-disney-palace-of-agrabah\/\" \/>\n<meta property=\"og:site_name\" content=\"Collectin.eu\" \/>\n<meta property=\"og:image\" content=\"http:\/\/collectin.eu\/wp-content\/uploads\/2026\/04\/Untitled-design-85.png\" \/>\n\t<meta property=\"og:image:width\" content=\"1080\" \/>\n\t<meta property=\"og:image:height\" content=\"1080\" \/>\n\t<meta property=\"og:image:type\" content=\"image\/png\" \/>\n<meta name=\"twitter:card\" content=\"summary_large_image\" \/>\n<meta name=\"twitter:label1\" content=\"Est. reading time\" \/>\n\t<meta name=\"twitter:data1\" content=\"1 minute\" \/>\n<script type=\"application\/ld+json\" class=\"yoast-schema-graph\">{\"@context\":\"https:\/\/schema.org\",\"@graph\":[{\"@type\":\"WebPage\",\"@id\":\"https:\/\/collectin.eu\/produktas\/lego-40613-mini-disney-palace-of-agrabah\/\",\"url\":\"https:\/\/collectin.eu\/produktas\/lego-40613-mini-disney-palace-of-agrabah\/\",\"name\":\"LEGO\u00ae 40613 Mini Disney Palace of Agrabah - Collectin.eu\",\"isPartOf\":{\"@id\":\"https:\/\/collectin.eu\/#website\"},\"primaryImageOfPage\":{\"@id\":\"https:\/\/collectin.eu\/produktas\/lego-40613-mini-disney-palace-of-agrabah\/#primaryimage\"},\"image\":{\"@id\":\"https:\/\/collectin.eu\/produktas\/lego-40613-mini-disney-palace-of-agrabah\/#primaryimage\"},\"thumbnailUrl\":\"https:\/\/collectin.eu\/wp-content\/uploads\/2026\/04\/Untitled-design-85.png\",\"datePublished\":\"2026-04-22T12:52:43+00:00\",\"description\":\"Prisiminkite vien\u0105 populiariausi\u0173 pasaulyje muzikini\u0173 fantastini\u0173 animacini\u0173 film\u0173 su LEGO\u00ae \u01c0 \u201eDisney\u201c ma\u017e\u0173j\u0173 Agrabos r\u016bm\u0173 (40613) konstravimo rinkiniu.\",\"breadcrumb\":{\"@id\":\"https:\/\/collectin.eu\/produktas\/lego-40613-mini-disney-palace-of-agrabah\/#breadcrumb\"},\"inLanguage\":\"en-US\",\"potentialAction\":[{\"@type\":\"ReadAction\",\"target\":[\"https:\/\/collectin.eu\/produktas\/lego-40613-mini-disney-palace-of-agrabah\/\"]}]},{\"@type\":\"ImageObject\",\"inLanguage\":\"en-US\",\"@id\":\"https:\/\/collectin.eu\/produktas\/lego-40613-mini-disney-palace-of-agrabah\/#primaryimage\",\"url\":\"https:\/\/collectin.eu\/wp-content\/uploads\/2026\/04\/Untitled-design-85.png\",\"contentUrl\":\"https:\/\/collectin.eu\/wp-content\/uploads\/2026\/04\/Untitled-design-85.png\",\"width\":1080,\"height\":1080},{\"@type\":\"BreadcrumbList\",\"@id\":\"https:\/\/collectin.eu\/produktas\/lego-40613-mini-disney-palace-of-agrabah\/#breadcrumb\",\"itemListElement\":[{\"@type\":\"ListItem\",\"position\":1,\"name\":\"Home\",\"item\":\"https:\/\/collectin.eu\/\"},{\"@type\":\"ListItem\",\"position\":2,\"name\":\"Parduotuv\u0117\",\"item\":\"https:\/\/collectin.eu\/parduotuve\/\"},{\"@type\":\"ListItem\",\"position\":3,\"name\":\"LEGO\u00ae 40613 Mini Disney Palace of Agrabah\"}]},{\"@type\":\"WebSite\",\"@id\":\"https:\/\/collectin.eu\/#website\",\"url\":\"https:\/\/collectin.eu\/\",\"name\":\"Collectin.eu\",\"description\":\"\",\"potentialAction\":[{\"@type\":\"SearchAction\",\"target\":{\"@type\":\"EntryPoint\",\"urlTemplate\":\"https:\/\/collectin.eu\/?s={search_term_string}\"},\"query-input\":{\"@type\":\"PropertyValueSpecification\",\"valueRequired\":true,\"valueName\":\"search_term_string\"}}],\"inLanguage\":\"en-US\"}]}<\/script>\n<!-- \/ Yoast SEO plugin. -->","yoast_head_json":{"title":"LEGO\u00ae 40613 Mini Disney Palace of Agrabah - Collectin.eu","description":"Prisiminkite vien\u0105 populiariausi\u0173 pasaulyje muzikini\u0173 fantastini\u0173 animacini\u0173 film\u0173 su LEGO\u00ae \u01c0 \u201eDisney\u201c ma\u017e\u0173j\u0173 Agrabos r\u016bm\u0173 (40613) konstravimo rinkiniu.","robots":{"index":"index","follow":"follow","max-snippet":"max-snippet:-1","max-image-preview":"max-image-preview:large","max-video-preview":"max-video-preview:-1"},"canonical":"https:\/\/collectin.eu\/en\/product\/lego-40613-mini-disney-palace-of-agrabah\/","og_locale":"en_US","og_type":"article","og_title":"LEGO\u00ae 40613 Mini Disney Palace of Agrabah - Collectin.eu","og_description":"Prisiminkite vien\u0105 populiariausi\u0173 pasaulyje muzikini\u0173 fantastini\u0173 animacini\u0173 film\u0173 su LEGO\u00ae \u01c0 \u201eDisney\u201c ma\u017e\u0173j\u0173 Agrabos r\u016bm\u0173 (40613) konstravimo rinkiniu.","og_url":"https:\/\/collectin.eu\/en\/product\/lego-40613-mini-disney-palace-of-agrabah\/","og_site_name":"Collectin.eu","og_image":[{"width":1080,"height":1080,"url":"http:\/\/collectin.eu\/wp-content\/uploads\/2026\/04\/Untitled-design-85.png","type":"image\/png"}],"twitter_card":"summary_large_image","twitter_misc":{"Est. reading time":"1 minute"},"schema":{"@context":"https:\/\/schema.org","@graph":[{"@type":"WebPage","@id":"https:\/\/collectin.eu\/produktas\/lego-40613-mini-disney-palace-of-agrabah\/","url":"https:\/\/collectin.eu\/produktas\/lego-40613-mini-disney-palace-of-agrabah\/","name":"LEGO\u00ae 40613 Mini Disney Palace of Agrabah - Collectin.eu","isPartOf":{"@id":"https:\/\/collectin.eu\/#website"},"primaryImageOfPage":{"@id":"https:\/\/collectin.eu\/produktas\/lego-40613-mini-disney-palace-of-agrabah\/#primaryimage"},"image":{"@id":"https:\/\/collectin.eu\/produktas\/lego-40613-mini-disney-palace-of-agrabah\/#primaryimage"},"thumbnailUrl":"https:\/\/collectin.eu\/wp-content\/uploads\/2026\/04\/Untitled-design-85.png","datePublished":"2026-04-22T12:52:43+00:00","description":"Prisiminkite vien\u0105 populiariausi\u0173 pasaulyje muzikini\u0173 fantastini\u0173 animacini\u0173 film\u0173 su LEGO\u00ae \u01c0 \u201eDisney\u201c ma\u017e\u0173j\u0173 Agrabos r\u016bm\u0173 (40613) konstravimo rinkiniu.","breadcrumb":{"@id":"https:\/\/collectin.eu\/produktas\/lego-40613-mini-disney-palace-of-agrabah\/#breadcrumb"},"inLanguage":"en-US","potentialAction":[{"@type":"ReadAction","target":["https:\/\/collectin.eu\/produktas\/lego-40613-mini-disney-palace-of-agrabah\/"]}]},{"@type":"ImageObject","inLanguage":"en-US","@id":"https:\/\/collectin.eu\/produktas\/lego-40613-mini-disney-palace-of-agrabah\/#primaryimage","url":"https:\/\/collectin.eu\/wp-content\/uploads\/2026\/04\/Untitled-design-85.png","contentUrl":"https:\/\/collectin.eu\/wp-content\/uploads\/2026\/04\/Untitled-design-85.png","width":1080,"height":1080},{"@type":"BreadcrumbList","@id":"https:\/\/collectin.eu\/produktas\/lego-40613-mini-disney-palace-of-agrabah\/#breadcrumb","itemListElement":[{"@type":"ListItem","position":1,"name":"Home","item":"https:\/\/collectin.eu\/"},{"@type":"ListItem","position":2,"name":"Parduotuv\u0117","item":"https:\/\/collectin.eu\/parduotuve\/"},{"@type":"ListItem","position":3,"name":"LEGO\u00ae 40613 Mini Disney Palace of Agrabah"}]},{"@type":"WebSite","@id":"https:\/\/collectin.eu\/#website","url":"https:\/\/collectin.eu\/","name":"Collectin.eu","description":"","potentialAction":[{"@type":"SearchAction","target":{"@type":"EntryPoint","urlTemplate":"https:\/\/collectin.eu\/?s={search_term_string}"},"query-input":{"@type":"PropertyValueSpecification","valueRequired":true,"valueName":"search_term_string"}}],"inLanguage":"en-US"}]}},"jetpack_sharing_enabled":true,"_links":{"self":[{"href":"https:\/\/collectin.eu\/en\/wp-json\/wp\/v2\/product\/40800","targetHints":{"allow":["GET"]}}],"collection":[{"href":"https:\/\/collectin.eu\/en\/wp-json\/wp\/v2\/product"}],"about":[{"href":"https:\/\/collectin.eu\/en\/wp-json\/wp\/v2\/types\/product"}],"replies":[{"embeddable":true,"href":"https:\/\/collectin.eu\/en\/wp-json\/wp\/v2\/comments?post=40800"}],"version-history":[{"count":1,"href":"https:\/\/collectin.eu\/en\/wp-json\/wp\/v2\/product\/40800\/revisions"}],"predecessor-version":[{"id":40804,"href":"https:\/\/collectin.eu\/en\/wp-json\/wp\/v2\/product\/40800\/revisions\/40804"}],"wp:featuredmedia":[{"embeddable":true,"href":"https:\/\/collectin.eu\/en\/wp-json\/wp\/v2\/media\/40801"}],"wp:attachment":[{"href":"https:\/\/collectin.eu\/en\/wp-json\/wp\/v2\/media?parent=40800"}],"wp:term":[{"taxonomy":"product_brand","embeddable":true,"href":"https:\/\/collectin.eu\/en\/wp-json\/wp\/v2\/product_brand?post=40800"},{"taxonomy":"product_cat","embeddable":true,"href":"https:\/\/collectin.eu\/en\/wp-json\/wp\/v2\/product_cat?post=40800"},{"taxonomy":"product_tag","embeddable":true,"href":"https:\/\/collectin.eu\/en\/wp-json\/wp\/v2\/product_tag?post=40800"}],"curies":[{"name":"wp","href":"https:\/\/api.w.org\/{rel}","templated":true}]}}