{"id":40806,"date":"2026-04-22T12:59:01","date_gmt":"2026-04-22T12:59:01","guid":{"rendered":"https:\/\/collectin.eu\/?post_type=product&#038;p=40806"},"modified":"2026-04-22T12:59:01","modified_gmt":"2026-04-22T12:59:01","slug":"lego-40552-buzz-lightyear","status":"publish","type":"product","link":"https:\/\/collectin.eu\/en\/product\/lego-40552-buzz-lightyear\/","title":{"rendered":"LEGO\u00ae 40552 Buzz Lightyear"},"content":{"rendered":"<p>\u012ek\u016bnykite fantasti\u0161k\u0105 persona\u017e\u0105 su \u0161ia LEGO \u00ae BrickHeadz\u2122 stiliaus konstruojama \u201eDisney\u201c ir \u201ePixar\u201c Bazo \u0160viesme\u010dio (40552) fig\u016br\u0117le. Tai \u2013 superdovana vaikams ir gerb\u0117jams nuo 10 met\u0173 am\u017eiaus, kuriems patiks autenti\u0161kos detal\u0117s, pvz., i\u0161skleid\u017eiami sparnai ir marginta valdymo skydelio plytel\u0117. Su eksponavimo pagrindu \u0161is spalvingas konstruojamas \u017eaislas taps ak\u012f traukian\u010diu priedu kiekvieno \u201eDisney\u201c ir \u201ePixar\u201c filmuko \u201e\u017daisl\u0173 istorija\u201c gerb\u0117jo kolekcijai.<\/p>\n<ul>\n<li>Legendiniai \u201eDisney\u201c ir \u201ePixar\u201c filmuko \u201e\u017daisl\u0173 istorija\u201c persona\u017eai \u2013 konstruojama LEGO\u00ae BrickHeadz\u2122 \u201eDisney\u201c ir \u201ePixar\u201c Bazo \u0160viesme\u010dio (40552) fig\u016br\u0117l\u0117 su marginta valdymo skydelio plytele ir i\u0161skleid\u017eiamais sparnais<\/li>\n<li>Spalvingas eksponatas. \u0160is 114 dali\u0173 LEGO\u00ae LEGO\u00ae \u01c0 Disney ir Pixar konstravimo \u017eaislas vaikams nuo de\u0161imt met\u0173 pateikiamas su nuosekliomis konstravimo instrukcijomis ir jame yra pagrindo plok\u0161t\u0117<\/li>\n<li>Dovanos id\u0117ja \u2013 \u0160i konstruojama LEGO\u00ae fig\u016br\u0117l\u0117 yra 8 cm auk\u0161\u010dio, 9 cm plo\u010dio ir 4 cm gylio. Padovanokite j\u0105 \u201e\u017daisl\u0173 istorijos\u201c arba LEGO gerb\u0117jui kaip staigmen\u0105 arba gimtadienio dovan\u0105<\/li>\n<\/ul>","protected":false},"excerpt":{"rendered":"<p>\u012ek\u016bnykite fantasti\u0161k\u0105 persona\u017e\u0105 su \u0161ia LEGO \u00ae BrickHeadz\u2122 stiliaus konstruojama \u201eDisney\u201c ir \u201ePixar\u201c Bazo \u0160viesme\u010dio (40552) fig\u016br\u0117le. Tai \u2013 superdovana<\/p>","protected":false},"featured_media":40807,"comment_status":"open","ping_status":"closed","template":"","meta":[],"product_brand":[423],"product_cat":[677,406,432],"product_tag":[],"class_list":{"0":"post-40806","1":"product","2":"type-product","3":"status-publish","4":"has-post-thumbnail","6":"product_brand-lego","7":"product_cat-lego-konstruktoriai","8":"product_cat-lego","9":"product_cat-lego-brickheadz","11":"first","12":"instock","13":"taxable","14":"shipping-taxable","15":"purchasable","16":"product-type-simple"},"yoast_head":"<!-- This site is optimized with the Yoast SEO plugin v25.9 - https:\/\/yoast.com\/wordpress\/plugins\/seo\/ -->\n<title>LEGO\u00ae 40552 Buzz Lightyear - Collectin.eu<\/title>\n<meta name=\"description\" content=\"\u012ek\u016bnykite fantasti\u0161k\u0105 persona\u017e\u0105 su \u0161ia LEGO \u00ae BrickHeadz\u2122 stiliaus konstruojama \u201eDisney\u201c ir \u201ePixar\u201c Bazo \u0160viesme\u010dio (40552) fig\u016br\u0117le.\" \/>\n<meta name=\"robots\" content=\"index, follow, max-snippet:-1, max-image-preview:large, max-video-preview:-1\" \/>\n<link rel=\"canonical\" href=\"https:\/\/collectin.eu\/en\/product\/lego-40552-buzz-lightyear\/\" \/>\n<meta property=\"og:locale\" content=\"en_US\" \/>\n<meta property=\"og:type\" content=\"article\" \/>\n<meta property=\"og:title\" content=\"LEGO\u00ae 40552 Buzz Lightyear - Collectin.eu\" \/>\n<meta property=\"og:description\" content=\"\u012ek\u016bnykite fantasti\u0161k\u0105 persona\u017e\u0105 su \u0161ia LEGO \u00ae BrickHeadz\u2122 stiliaus konstruojama \u201eDisney\u201c ir \u201ePixar\u201c Bazo \u0160viesme\u010dio (40552) fig\u016br\u0117le.\" \/>\n<meta property=\"og:url\" content=\"https:\/\/collectin.eu\/en\/product\/lego-40552-buzz-lightyear\/\" \/>\n<meta property=\"og:site_name\" content=\"Collectin.eu\" \/>\n<meta property=\"og:image\" content=\"http:\/\/collectin.eu\/wp-content\/uploads\/2026\/04\/Untitled-design-88.png\" \/>\n\t<meta property=\"og:image:width\" content=\"1080\" \/>\n\t<meta property=\"og:image:height\" content=\"1080\" \/>\n\t<meta property=\"og:image:type\" content=\"image\/png\" \/>\n<meta name=\"twitter:card\" content=\"summary_large_image\" \/>\n<meta name=\"twitter:label1\" content=\"Est. reading time\" \/>\n\t<meta name=\"twitter:data1\" content=\"1 minute\" \/>\n<script type=\"application\/ld+json\" class=\"yoast-schema-graph\">{\"@context\":\"https:\/\/schema.org\",\"@graph\":[{\"@type\":\"WebPage\",\"@id\":\"https:\/\/collectin.eu\/produktas\/lego-40552-buzz-lightyear\/\",\"url\":\"https:\/\/collectin.eu\/produktas\/lego-40552-buzz-lightyear\/\",\"name\":\"LEGO\u00ae 40552 Buzz Lightyear - Collectin.eu\",\"isPartOf\":{\"@id\":\"https:\/\/collectin.eu\/#website\"},\"primaryImageOfPage\":{\"@id\":\"https:\/\/collectin.eu\/produktas\/lego-40552-buzz-lightyear\/#primaryimage\"},\"image\":{\"@id\":\"https:\/\/collectin.eu\/produktas\/lego-40552-buzz-lightyear\/#primaryimage\"},\"thumbnailUrl\":\"https:\/\/collectin.eu\/wp-content\/uploads\/2026\/04\/Untitled-design-88.png\",\"datePublished\":\"2026-04-22T12:59:01+00:00\",\"description\":\"\u012ek\u016bnykite fantasti\u0161k\u0105 persona\u017e\u0105 su \u0161ia LEGO \u00ae BrickHeadz\u2122 stiliaus konstruojama \u201eDisney\u201c ir \u201ePixar\u201c Bazo \u0160viesme\u010dio (40552) fig\u016br\u0117le.\",\"breadcrumb\":{\"@id\":\"https:\/\/collectin.eu\/produktas\/lego-40552-buzz-lightyear\/#breadcrumb\"},\"inLanguage\":\"en-US\",\"potentialAction\":[{\"@type\":\"ReadAction\",\"target\":[\"https:\/\/collectin.eu\/produktas\/lego-40552-buzz-lightyear\/\"]}]},{\"@type\":\"ImageObject\",\"inLanguage\":\"en-US\",\"@id\":\"https:\/\/collectin.eu\/produktas\/lego-40552-buzz-lightyear\/#primaryimage\",\"url\":\"https:\/\/collectin.eu\/wp-content\/uploads\/2026\/04\/Untitled-design-88.png\",\"contentUrl\":\"https:\/\/collectin.eu\/wp-content\/uploads\/2026\/04\/Untitled-design-88.png\",\"width\":1080,\"height\":1080},{\"@type\":\"BreadcrumbList\",\"@id\":\"https:\/\/collectin.eu\/produktas\/lego-40552-buzz-lightyear\/#breadcrumb\",\"itemListElement\":[{\"@type\":\"ListItem\",\"position\":1,\"name\":\"Home\",\"item\":\"https:\/\/collectin.eu\/\"},{\"@type\":\"ListItem\",\"position\":2,\"name\":\"Parduotuv\u0117\",\"item\":\"https:\/\/collectin.eu\/parduotuve\/\"},{\"@type\":\"ListItem\",\"position\":3,\"name\":\"LEGO\u00ae 40552 Buzz Lightyear\"}]},{\"@type\":\"WebSite\",\"@id\":\"https:\/\/collectin.eu\/#website\",\"url\":\"https:\/\/collectin.eu\/\",\"name\":\"Collectin.eu\",\"description\":\"\",\"potentialAction\":[{\"@type\":\"SearchAction\",\"target\":{\"@type\":\"EntryPoint\",\"urlTemplate\":\"https:\/\/collectin.eu\/?s={search_term_string}\"},\"query-input\":{\"@type\":\"PropertyValueSpecification\",\"valueRequired\":true,\"valueName\":\"search_term_string\"}}],\"inLanguage\":\"en-US\"}]}<\/script>\n<!-- \/ Yoast SEO plugin. -->","yoast_head_json":{"title":"LEGO\u00ae 40552 Buzz Lightyear - Collectin.eu","description":"\u012ek\u016bnykite fantasti\u0161k\u0105 persona\u017e\u0105 su \u0161ia LEGO \u00ae BrickHeadz\u2122 stiliaus konstruojama \u201eDisney\u201c ir \u201ePixar\u201c Bazo \u0160viesme\u010dio (40552) fig\u016br\u0117le.","robots":{"index":"index","follow":"follow","max-snippet":"max-snippet:-1","max-image-preview":"max-image-preview:large","max-video-preview":"max-video-preview:-1"},"canonical":"https:\/\/collectin.eu\/en\/product\/lego-40552-buzz-lightyear\/","og_locale":"en_US","og_type":"article","og_title":"LEGO\u00ae 40552 Buzz Lightyear - Collectin.eu","og_description":"\u012ek\u016bnykite fantasti\u0161k\u0105 persona\u017e\u0105 su \u0161ia LEGO \u00ae BrickHeadz\u2122 stiliaus konstruojama \u201eDisney\u201c ir \u201ePixar\u201c Bazo \u0160viesme\u010dio (40552) fig\u016br\u0117le.","og_url":"https:\/\/collectin.eu\/en\/product\/lego-40552-buzz-lightyear\/","og_site_name":"Collectin.eu","og_image":[{"width":1080,"height":1080,"url":"http:\/\/collectin.eu\/wp-content\/uploads\/2026\/04\/Untitled-design-88.png","type":"image\/png"}],"twitter_card":"summary_large_image","twitter_misc":{"Est. reading time":"1 minute"},"schema":{"@context":"https:\/\/schema.org","@graph":[{"@type":"WebPage","@id":"https:\/\/collectin.eu\/produktas\/lego-40552-buzz-lightyear\/","url":"https:\/\/collectin.eu\/produktas\/lego-40552-buzz-lightyear\/","name":"LEGO\u00ae 40552 Buzz Lightyear - Collectin.eu","isPartOf":{"@id":"https:\/\/collectin.eu\/#website"},"primaryImageOfPage":{"@id":"https:\/\/collectin.eu\/produktas\/lego-40552-buzz-lightyear\/#primaryimage"},"image":{"@id":"https:\/\/collectin.eu\/produktas\/lego-40552-buzz-lightyear\/#primaryimage"},"thumbnailUrl":"https:\/\/collectin.eu\/wp-content\/uploads\/2026\/04\/Untitled-design-88.png","datePublished":"2026-04-22T12:59:01+00:00","description":"\u012ek\u016bnykite fantasti\u0161k\u0105 persona\u017e\u0105 su \u0161ia LEGO \u00ae BrickHeadz\u2122 stiliaus konstruojama \u201eDisney\u201c ir \u201ePixar\u201c Bazo \u0160viesme\u010dio (40552) fig\u016br\u0117le.","breadcrumb":{"@id":"https:\/\/collectin.eu\/produktas\/lego-40552-buzz-lightyear\/#breadcrumb"},"inLanguage":"en-US","potentialAction":[{"@type":"ReadAction","target":["https:\/\/collectin.eu\/produktas\/lego-40552-buzz-lightyear\/"]}]},{"@type":"ImageObject","inLanguage":"en-US","@id":"https:\/\/collectin.eu\/produktas\/lego-40552-buzz-lightyear\/#primaryimage","url":"https:\/\/collectin.eu\/wp-content\/uploads\/2026\/04\/Untitled-design-88.png","contentUrl":"https:\/\/collectin.eu\/wp-content\/uploads\/2026\/04\/Untitled-design-88.png","width":1080,"height":1080},{"@type":"BreadcrumbList","@id":"https:\/\/collectin.eu\/produktas\/lego-40552-buzz-lightyear\/#breadcrumb","itemListElement":[{"@type":"ListItem","position":1,"name":"Home","item":"https:\/\/collectin.eu\/"},{"@type":"ListItem","position":2,"name":"Parduotuv\u0117","item":"https:\/\/collectin.eu\/parduotuve\/"},{"@type":"ListItem","position":3,"name":"LEGO\u00ae 40552 Buzz Lightyear"}]},{"@type":"WebSite","@id":"https:\/\/collectin.eu\/#website","url":"https:\/\/collectin.eu\/","name":"Collectin.eu","description":"","potentialAction":[{"@type":"SearchAction","target":{"@type":"EntryPoint","urlTemplate":"https:\/\/collectin.eu\/?s={search_term_string}"},"query-input":{"@type":"PropertyValueSpecification","valueRequired":true,"valueName":"search_term_string"}}],"inLanguage":"en-US"}]}},"jetpack_sharing_enabled":true,"_links":{"self":[{"href":"https:\/\/collectin.eu\/en\/wp-json\/wp\/v2\/product\/40806","targetHints":{"allow":["GET"]}}],"collection":[{"href":"https:\/\/collectin.eu\/en\/wp-json\/wp\/v2\/product"}],"about":[{"href":"https:\/\/collectin.eu\/en\/wp-json\/wp\/v2\/types\/product"}],"replies":[{"embeddable":true,"href":"https:\/\/collectin.eu\/en\/wp-json\/wp\/v2\/comments?post=40806"}],"version-history":[{"count":2,"href":"https:\/\/collectin.eu\/en\/wp-json\/wp\/v2\/product\/40806\/revisions"}],"predecessor-version":[{"id":40811,"href":"https:\/\/collectin.eu\/en\/wp-json\/wp\/v2\/product\/40806\/revisions\/40811"}],"wp:featuredmedia":[{"embeddable":true,"href":"https:\/\/collectin.eu\/en\/wp-json\/wp\/v2\/media\/40807"}],"wp:attachment":[{"href":"https:\/\/collectin.eu\/en\/wp-json\/wp\/v2\/media?parent=40806"}],"wp:term":[{"taxonomy":"product_brand","embeddable":true,"href":"https:\/\/collectin.eu\/en\/wp-json\/wp\/v2\/product_brand?post=40806"},{"taxonomy":"product_cat","embeddable":true,"href":"https:\/\/collectin.eu\/en\/wp-json\/wp\/v2\/product_cat?post=40806"},{"taxonomy":"product_tag","embeddable":true,"href":"https:\/\/collectin.eu\/en\/wp-json\/wp\/v2\/product_tag?post=40806"}],"curies":[{"name":"wp","href":"https:\/\/api.w.org\/{rel}","templated":true}]}}