{"id":40813,"date":"2026-04-22T13:06:01","date_gmt":"2026-04-22T13:06:01","guid":{"rendered":"https:\/\/collectin.eu\/?post_type=product&#038;p=40813"},"modified":"2026-04-22T13:06:02","modified_gmt":"2026-04-22T13:06:02","slug":"lego-60236-straight-and-t-junction","status":"publish","type":"product","link":"https:\/\/collectin.eu\/en\/product\/lego-60236-straight-and-t-junction\/","title":{"rendered":"LEGO\u00ae 60236 Straight and T-junction"},"content":{"rendered":"<p>Tiesk kelius su LEGO\u00ae City 60236 tiesios atkarpos ir T formos sankry\u017eos plok\u0161t\u0117mis, kad krovinius arba keleivius ve\u017eti b\u016bt\u0173 dar smagiau. \u0160is k\u016brybinis \u017eaidimo rinkinys su 1 T formos sankry\u017eos plok\u0161te ir 1 tiesios atkarpos plok\u0161te gali b\u016bti derinamas su tavo turimais LEGO City rinkiniais.<\/p>\n<ul>\n<li>Rinkinyje yra 1 T formos sankry\u017eos plok\u0161t\u0117 ir 1 tiesios atkarpos plok\u0161t\u0117.<\/li>\n<li>Prijunk kelio pagrindo plok\u0161tes prie turim\u0173 LEGO\u00ae City rinkini\u0173, kad \u017eaisti b\u016bt\u0173 dar smagiau.<\/li>\n<li>Tiesios atkarpos pagrindo plok\u0161t\u0117 ir T formos sankry\u017eos pagrindo plok\u0161t\u0117 atskirai yra 25 cm (9 col.) kvadratu.<\/li>\n<\/ul>","protected":false},"excerpt":{"rendered":"<p>Tiesk kelius su LEGO\u00ae City 60236 tiesios atkarpos ir T formos sankry\u017eos plok\u0161t\u0117mis, kad krovinius arba keleivius ve\u017eti b\u016bt\u0173 dar<\/p>","protected":false},"featured_media":40814,"comment_status":"open","ping_status":"closed","template":"","meta":[],"product_brand":[423],"product_cat":[677,406,658],"product_tag":[],"class_list":{"0":"post-40813","1":"product","2":"type-product","3":"status-publish","4":"has-post-thumbnail","6":"product_brand-lego","7":"product_cat-lego-konstruktoriai","8":"product_cat-lego","9":"product_cat-lego-city","11":"first","12":"instock","13":"taxable","14":"shipping-taxable","15":"purchasable","16":"product-type-simple"},"yoast_head":"<!-- This site is optimized with the Yoast SEO plugin v25.9 - https:\/\/yoast.com\/wordpress\/plugins\/seo\/ -->\n<title>LEGO\u00ae 60236 Straight and T-junction - Collectin.eu<\/title>\n<meta name=\"description\" content=\"Tiesk kelius su LEGO\u00ae City 60236 tiesios atkarpos ir T formos sankry\u017eos plok\u0161t\u0117mis, kad krovinius arba keleivius ve\u017eti b\u016bt\u0173 dar smagiau.\" \/>\n<meta name=\"robots\" content=\"index, follow, max-snippet:-1, max-image-preview:large, max-video-preview:-1\" \/>\n<link rel=\"canonical\" href=\"https:\/\/collectin.eu\/en\/product\/lego-60236-straight-and-t-junction\/\" \/>\n<meta property=\"og:locale\" content=\"en_US\" \/>\n<meta property=\"og:type\" content=\"article\" \/>\n<meta property=\"og:title\" content=\"LEGO\u00ae 60236 Straight and T-junction - Collectin.eu\" \/>\n<meta property=\"og:description\" content=\"Tiesk kelius su LEGO\u00ae City 60236 tiesios atkarpos ir T formos sankry\u017eos plok\u0161t\u0117mis, kad krovinius arba keleivius ve\u017eti b\u016bt\u0173 dar smagiau.\" \/>\n<meta property=\"og:url\" content=\"https:\/\/collectin.eu\/en\/product\/lego-60236-straight-and-t-junction\/\" \/>\n<meta property=\"og:site_name\" content=\"Collectin.eu\" \/>\n<meta property=\"article:modified_time\" content=\"2026-04-22T13:06:02+00:00\" \/>\n<meta property=\"og:image\" content=\"http:\/\/collectin.eu\/wp-content\/uploads\/2026\/04\/Untitled-design-91.png\" \/>\n\t<meta property=\"og:image:width\" content=\"1080\" \/>\n\t<meta property=\"og:image:height\" content=\"1080\" \/>\n\t<meta property=\"og:image:type\" content=\"image\/png\" \/>\n<meta name=\"twitter:card\" content=\"summary_large_image\" \/>\n<meta name=\"twitter:label1\" content=\"Est. reading time\" \/>\n\t<meta name=\"twitter:data1\" content=\"1 minute\" \/>\n<script type=\"application\/ld+json\" class=\"yoast-schema-graph\">{\"@context\":\"https:\/\/schema.org\",\"@graph\":[{\"@type\":\"WebPage\",\"@id\":\"https:\/\/collectin.eu\/produktas\/lego-60236-straight-and-t-junction\/\",\"url\":\"https:\/\/collectin.eu\/produktas\/lego-60236-straight-and-t-junction\/\",\"name\":\"LEGO\u00ae 60236 Straight and T-junction - Collectin.eu\",\"isPartOf\":{\"@id\":\"https:\/\/collectin.eu\/#website\"},\"primaryImageOfPage\":{\"@id\":\"https:\/\/collectin.eu\/produktas\/lego-60236-straight-and-t-junction\/#primaryimage\"},\"image\":{\"@id\":\"https:\/\/collectin.eu\/produktas\/lego-60236-straight-and-t-junction\/#primaryimage\"},\"thumbnailUrl\":\"https:\/\/collectin.eu\/wp-content\/uploads\/2026\/04\/Untitled-design-91.png\",\"datePublished\":\"2026-04-22T13:06:01+00:00\",\"dateModified\":\"2026-04-22T13:06:02+00:00\",\"description\":\"Tiesk kelius su LEGO\u00ae City 60236 tiesios atkarpos ir T formos sankry\u017eos plok\u0161t\u0117mis, kad krovinius arba keleivius ve\u017eti b\u016bt\u0173 dar smagiau.\",\"breadcrumb\":{\"@id\":\"https:\/\/collectin.eu\/produktas\/lego-60236-straight-and-t-junction\/#breadcrumb\"},\"inLanguage\":\"en-US\",\"potentialAction\":[{\"@type\":\"ReadAction\",\"target\":[\"https:\/\/collectin.eu\/produktas\/lego-60236-straight-and-t-junction\/\"]}]},{\"@type\":\"ImageObject\",\"inLanguage\":\"en-US\",\"@id\":\"https:\/\/collectin.eu\/produktas\/lego-60236-straight-and-t-junction\/#primaryimage\",\"url\":\"https:\/\/collectin.eu\/wp-content\/uploads\/2026\/04\/Untitled-design-91.png\",\"contentUrl\":\"https:\/\/collectin.eu\/wp-content\/uploads\/2026\/04\/Untitled-design-91.png\",\"width\":1080,\"height\":1080},{\"@type\":\"BreadcrumbList\",\"@id\":\"https:\/\/collectin.eu\/produktas\/lego-60236-straight-and-t-junction\/#breadcrumb\",\"itemListElement\":[{\"@type\":\"ListItem\",\"position\":1,\"name\":\"Home\",\"item\":\"https:\/\/collectin.eu\/\"},{\"@type\":\"ListItem\",\"position\":2,\"name\":\"Parduotuv\u0117\",\"item\":\"https:\/\/collectin.eu\/parduotuve\/\"},{\"@type\":\"ListItem\",\"position\":3,\"name\":\"LEGO\u00ae 60236 Straight and T-junction\"}]},{\"@type\":\"WebSite\",\"@id\":\"https:\/\/collectin.eu\/#website\",\"url\":\"https:\/\/collectin.eu\/\",\"name\":\"Collectin.eu\",\"description\":\"\",\"potentialAction\":[{\"@type\":\"SearchAction\",\"target\":{\"@type\":\"EntryPoint\",\"urlTemplate\":\"https:\/\/collectin.eu\/?s={search_term_string}\"},\"query-input\":{\"@type\":\"PropertyValueSpecification\",\"valueRequired\":true,\"valueName\":\"search_term_string\"}}],\"inLanguage\":\"en-US\"}]}<\/script>\n<!-- \/ Yoast SEO plugin. -->","yoast_head_json":{"title":"LEGO\u00ae 60236 Straight and T-junction - Collectin.eu","description":"Tiesk kelius su LEGO\u00ae City 60236 tiesios atkarpos ir T formos sankry\u017eos plok\u0161t\u0117mis, kad krovinius arba keleivius ve\u017eti b\u016bt\u0173 dar smagiau.","robots":{"index":"index","follow":"follow","max-snippet":"max-snippet:-1","max-image-preview":"max-image-preview:large","max-video-preview":"max-video-preview:-1"},"canonical":"https:\/\/collectin.eu\/en\/product\/lego-60236-straight-and-t-junction\/","og_locale":"en_US","og_type":"article","og_title":"LEGO\u00ae 60236 Straight and T-junction - Collectin.eu","og_description":"Tiesk kelius su LEGO\u00ae City 60236 tiesios atkarpos ir T formos sankry\u017eos plok\u0161t\u0117mis, kad krovinius arba keleivius ve\u017eti b\u016bt\u0173 dar smagiau.","og_url":"https:\/\/collectin.eu\/en\/product\/lego-60236-straight-and-t-junction\/","og_site_name":"Collectin.eu","article_modified_time":"2026-04-22T13:06:02+00:00","og_image":[{"width":1080,"height":1080,"url":"http:\/\/collectin.eu\/wp-content\/uploads\/2026\/04\/Untitled-design-91.png","type":"image\/png"}],"twitter_card":"summary_large_image","twitter_misc":{"Est. reading time":"1 minute"},"schema":{"@context":"https:\/\/schema.org","@graph":[{"@type":"WebPage","@id":"https:\/\/collectin.eu\/produktas\/lego-60236-straight-and-t-junction\/","url":"https:\/\/collectin.eu\/produktas\/lego-60236-straight-and-t-junction\/","name":"LEGO\u00ae 60236 Straight and T-junction - Collectin.eu","isPartOf":{"@id":"https:\/\/collectin.eu\/#website"},"primaryImageOfPage":{"@id":"https:\/\/collectin.eu\/produktas\/lego-60236-straight-and-t-junction\/#primaryimage"},"image":{"@id":"https:\/\/collectin.eu\/produktas\/lego-60236-straight-and-t-junction\/#primaryimage"},"thumbnailUrl":"https:\/\/collectin.eu\/wp-content\/uploads\/2026\/04\/Untitled-design-91.png","datePublished":"2026-04-22T13:06:01+00:00","dateModified":"2026-04-22T13:06:02+00:00","description":"Tiesk kelius su LEGO\u00ae City 60236 tiesios atkarpos ir T formos sankry\u017eos plok\u0161t\u0117mis, kad krovinius arba keleivius ve\u017eti b\u016bt\u0173 dar smagiau.","breadcrumb":{"@id":"https:\/\/collectin.eu\/produktas\/lego-60236-straight-and-t-junction\/#breadcrumb"},"inLanguage":"en-US","potentialAction":[{"@type":"ReadAction","target":["https:\/\/collectin.eu\/produktas\/lego-60236-straight-and-t-junction\/"]}]},{"@type":"ImageObject","inLanguage":"en-US","@id":"https:\/\/collectin.eu\/produktas\/lego-60236-straight-and-t-junction\/#primaryimage","url":"https:\/\/collectin.eu\/wp-content\/uploads\/2026\/04\/Untitled-design-91.png","contentUrl":"https:\/\/collectin.eu\/wp-content\/uploads\/2026\/04\/Untitled-design-91.png","width":1080,"height":1080},{"@type":"BreadcrumbList","@id":"https:\/\/collectin.eu\/produktas\/lego-60236-straight-and-t-junction\/#breadcrumb","itemListElement":[{"@type":"ListItem","position":1,"name":"Home","item":"https:\/\/collectin.eu\/"},{"@type":"ListItem","position":2,"name":"Parduotuv\u0117","item":"https:\/\/collectin.eu\/parduotuve\/"},{"@type":"ListItem","position":3,"name":"LEGO\u00ae 60236 Straight and T-junction"}]},{"@type":"WebSite","@id":"https:\/\/collectin.eu\/#website","url":"https:\/\/collectin.eu\/","name":"Collectin.eu","description":"","potentialAction":[{"@type":"SearchAction","target":{"@type":"EntryPoint","urlTemplate":"https:\/\/collectin.eu\/?s={search_term_string}"},"query-input":{"@type":"PropertyValueSpecification","valueRequired":true,"valueName":"search_term_string"}}],"inLanguage":"en-US"}]}},"jetpack_sharing_enabled":true,"_links":{"self":[{"href":"https:\/\/collectin.eu\/en\/wp-json\/wp\/v2\/product\/40813","targetHints":{"allow":["GET"]}}],"collection":[{"href":"https:\/\/collectin.eu\/en\/wp-json\/wp\/v2\/product"}],"about":[{"href":"https:\/\/collectin.eu\/en\/wp-json\/wp\/v2\/types\/product"}],"replies":[{"embeddable":true,"href":"https:\/\/collectin.eu\/en\/wp-json\/wp\/v2\/comments?post=40813"}],"version-history":[{"count":2,"href":"https:\/\/collectin.eu\/en\/wp-json\/wp\/v2\/product\/40813\/revisions"}],"predecessor-version":[{"id":40818,"href":"https:\/\/collectin.eu\/en\/wp-json\/wp\/v2\/product\/40813\/revisions\/40818"}],"wp:featuredmedia":[{"embeddable":true,"href":"https:\/\/collectin.eu\/en\/wp-json\/wp\/v2\/media\/40814"}],"wp:attachment":[{"href":"https:\/\/collectin.eu\/en\/wp-json\/wp\/v2\/media?parent=40813"}],"wp:term":[{"taxonomy":"product_brand","embeddable":true,"href":"https:\/\/collectin.eu\/en\/wp-json\/wp\/v2\/product_brand?post=40813"},{"taxonomy":"product_cat","embeddable":true,"href":"https:\/\/collectin.eu\/en\/wp-json\/wp\/v2\/product_cat?post=40813"},{"taxonomy":"product_tag","embeddable":true,"href":"https:\/\/collectin.eu\/en\/wp-json\/wp\/v2\/product_tag?post=40813"}],"curies":[{"name":"wp","href":"https:\/\/api.w.org\/{rel}","templated":true}]}}